{"id":91654,"date":"2024-10-24T09:27:22","date_gmt":"2024-10-24T07:27:22","guid":{"rendered":"https:\/\/www.innovae.com\/industria-4-0\/"},"modified":"2025-09-02T12:35:23","modified_gmt":"2025-09-02T10:35:23","slug":"industria-4-0","status":"publish","type":"page","link":"https:\/\/www.innovae.com\/pt-pt\/industria-4-0\/","title":{"rendered":"Ind\u00fastria 4.0"},"content":{"rendered":"<div class=\"wpb-content-wrapper\"><p>[vc_row full_width=&#8221;stretch_row&#8221; type=&#8221;container&#8221; padding_top=&#8221;&#8221; padding_bottom=&#8221;&#8221; css=&#8221;.vc_custom_1734000080709{margin-top: 0px !important;padding-top: 100px !important;padding-bottom: 100px !important;background-image: url(https:\/\/www.innovae.com\/wp-content\/uploads\/2024\/10\/Industria40.jpg?id=91107) !important;background-position: center !important;background-repeat: no-repeat !important;background-size: cover !important;}&#8221;][vc_column][vc_custom_heading text=&#8221;Ind\u00fastria 4.0&#8243; font_container=&#8221;tag:h1|font_size:60px|text_align:center|color:%23ffffff|line_height:60px&#8221; google_fonts=&#8221;font_family:Lato%3A100%2C100italic%2C300%2C300italic%2Cregular%2Citalic%2C700%2C700italic%2C900%2C900italic|font_style:700%20bold%20regular%3A700%3Anormal&#8221; css_animation=&#8221;fadeInDown&#8221; css=&#8221;&#8221;][vc_empty_space][vc_custom_heading text=&#8221;Realidade Aumentada e Realidade Virtual para a Ind\u00fastria 4.0&#8243; font_container=&#8221;tag:p|font_size:26px|text_align:center|color:%23ffffff&#8221; google_fonts=&#8221;font_family:Lato%3A100%2C100italic%2C300%2C300italic%2Cregular%2Citalic%2C700%2C700italic%2C900%2C900italic|font_style:400%20regular%3A400%3Anormal&#8221; css_animation=&#8221;fadeInUp&#8221; css=&#8221;&#8221;][\/vc_column][\/vc_row][vc_row type=&#8221;container&#8221; padding_top=&#8221;&#8221; padding_bottom=&#8221;&#8221; css=&#8221;.vc_custom_1646835649493{padding-top: 20px !important;}&#8221;][vc_column][vc_column_text css=&#8221;.vc_custom_1756809315157{margin-top: 20px !important;}&#8221;]<\/p>\n<p style=\"text-align: center; font-size: 28px; line-height: 36px;\"><span style=\"color: #403c5f;\">A Ind\u00fastria 4.0 tem vindo a aumentar nos \u00faltimos anos e \u00e9 um dos principais sectores em que as tecnologias de Realidade Aumentada e Realidade Virtual est\u00e3o a ser adoptadas.<\/span><\/p>\n<p>[\/vc_column_text][vc_separator color=&#8221;#d1005c&#8221; border_width=&#8221;2&#8243; type=&#8221;small&#8221; position=&#8221;center&#8221; thickness=&#8221;3&#8243; up=&#8221;&#8221; down=&#8221;&#8221;][vc_column_text css=&#8221;.vc_custom_1745397695762{padding-top: 50px !important;padding-bottom: 50px !important;}&#8221;]<\/p>\n<p style=\"color: #7a7a7a; font-size: 20px; line-height: 26px; text-align: center;\"><span style=\"color: #403c5f;\">No contexto da<\/span> <a href=\"https:\/\/www.innovae.com\/pt-pt\/\">Ind\u00fastria 4.0, a Innovae<\/a> <span style=\"color: #403c5f;\">trabalha com <strong>Realidade Aumentada<\/strong> e <strong>Realidade Virtual<\/strong> <strong>para capacitar a for\u00e7a de trabalho<\/strong> e formar operadores para serem mais eficientes em processos de produ\u00e7\u00e3o cada vez mais complexos.<\/span><\/p>\n<p style=\"color: #7a7a7a; font-size: 20px; line-height: 26px; text-align: center;\"><span style=\"color: #403c5f;\">Em \u00faltima an\u00e1lise, estas tecnologias permitem que os operadores adquiram conhecimentos cr\u00edticos de forma f\u00e1cil e visual, permitindo-lhes executar tarefas de forma mais eficiente.<\/span><\/p>\n<p>[\/vc_column_text][\/vc_column][\/vc_row][vc_row full_width=&#8221;stretch_row&#8221; type=&#8221;container&#8221; padding_top=&#8221;&#8221; padding_bottom=&#8221;&#8221; css=&#8221;.vc_custom_1745397545413{padding-top: 40px !important;padding-bottom: 50px !important;background-color: #f7f7f7 !important;}&#8221;][vc_column width=&#8221;1\/2&#8243;][vc_custom_heading text=&#8221;Realidade Aumentada na Ind\u00fastria 4.0&#8243; font_container=&#8221;tag:h2|font_size:50px|text_align:left|color:%23403c5f|line_height:50px&#8221; google_fonts=&#8221;font_family:Lato%3A100%2C100italic%2C300%2C300italic%2Cregular%2Citalic%2C700%2C700italic%2C900%2C900italic|font_style:900%20bold%20regular%3A900%3Anormal&#8221; css_animation=&#8221;fadeInRight&#8221; css=&#8221;&#8221;][vc_column_text]<\/p>\n<p style=\"color: #7a7a7a; font-size: 20px; line-height: 26px; text-align: left;\"><span style=\"color: #403c5f;\">As aplica\u00e7\u00f5es de Realidade Aumentada na Ind\u00fastria 4.0 s\u00e3o variadas e t\u00eam como objetivo <strong>apoiar os t\u00e9cnicos <\/strong>no seu ambiente de trabalho real.<\/span><\/p>\n<p style=\"color: #7a7a7a; font-size: 20px; line-height: 26px; text-align: left;\"><span style=\"color: #403c5f;\">Atrav\u00e9s da<\/span> <a href=\"https:\/\/www.innovae.com\/pt-pt\/realidade-aumentada\/\">Realidade Aumentada,<\/a> <span style=\"color: #403c5f;\">o utilizador pode visualizar procedimentos guiados passo a passo da tarefa a realizar ou mesmo obter instru\u00e7\u00f5es visuais em <strong>tempo real<\/strong> de especialistas com <strong>sistemas de telecuidados<\/strong>.<\/span><\/p>\n<p style=\"color: #7a7a7a; font-size: 20px; line-height: 26px; text-align: left;\"><span style=\"color: #403c5f;\">Hoje em dia, a presen\u00e7a da Realidade Aumentada em \u00e1reas como a manuten\u00e7\u00e3o, os processos de montagem ou o controlo de qualidade j\u00e1 \u00e9 comum e empresas l\u00edderes em v\u00e1rios sectores est\u00e3o a implementar sistemas baseados em <strong>Realidade Aumentada<\/strong> para revolucionar os seus processos industriais.<\/span><\/p>\n<p>[\/vc_column_text][\/vc_column][vc_column width=&#8221;1\/2&#8243;][vc_single_image image=&#8221;76841&#8243; img_size=&#8221;full&#8221; css_animation=&#8221;fadeIn&#8221;][\/vc_column][\/vc_row][vc_row full_width=&#8221;stretch_row&#8221; type=&#8221;container&#8221; padding_top=&#8221;&#8221; padding_bottom=&#8221;&#8221; css=&#8221;.vc_custom_1698936663682{padding-top: 40px !important;}&#8221;][vc_column width=&#8221;1\/2&#8243;][\/vc_column][vc_column width=&#8221;1\/2&#8243;][vc_custom_heading text=&#8221;Realidade Virtual na Ind\u00fastria 4.0&#8243; font_container=&#8221;tag:h2|font_size:50px|text_align:left|color:%23403c5f|line_height:50px&#8221; google_fonts=&#8221;font_family:Lato%3A100%2C100italic%2C300%2C300italic%2Cregular%2Citalic%2C700%2C700italic%2C900%2C900italic|font_style:900%20bold%20regular%3A900%3Anormal&#8221; css_animation=&#8221;fadeInLeft&#8221; css=&#8221;&#8221;][\/vc_column][\/vc_row][vc_row full_width=&#8221;stretch_row&#8221; type=&#8221;container&#8221; padding_top=&#8221;&#8221; padding_bottom=&#8221;&#8221; css=&#8221;.vc_custom_1698936671391{padding-top: 0px !important;padding-bottom: 20px !important;}&#8221;][vc_column width=&#8221;1\/2&#8243;][vc_single_image image=&#8221;76849&#8243; img_size=&#8221;512&#215;380&#8243; alignment=&#8221;center&#8221; css_animation=&#8221;none&#8221; css=&#8221;&#8221;][\/vc_column][vc_column width=&#8221;1\/2&#8243;][vc_column_text]<\/p>\n<p style=\"color: #7a7a7a; font-size: 20px; line-height: 26px; text-align: left;\"><span style=\"color: #403c5f;\">A aplica\u00e7\u00e3o da <strong>Realidade Virtual <\/strong>na <strong>Ind\u00fastria 4.0<\/strong> tem uma orienta\u00e7\u00e3o diferente devido ao n\u00edvel de imers\u00e3o que proporciona ao utilizador.<\/span><\/p>\n<p style=\"color: #7a7a7a; font-size: 20px; line-height: 26px; text-align: left;\"><span style=\"color: #403c5f;\">Atrav\u00e9s da<\/span> <a href=\"https:\/\/www.innovae.com\/pt-pt\/a-tecnologia-da-realidade-virtual\/\">Realidade Virtual, <\/a><span style=\"color: #403c5f;\">podem ser constru\u00eddas simula\u00e7\u00f5es exactas de produtos, processos ou instala\u00e7\u00f5es de produ\u00e7\u00e3o para ver na primeira pessoa e de forma imersiva como funcionam.<\/span><\/p>\n<p style=\"color: #7a7a7a; font-size: 20px; line-height: 26px; text-align: left;\"><span style=\"color: #403c5f;\">A Realidade Virtual \u00e9, por conseguinte, utilizada, por exemplo, <strong>na fase de conce\u00e7\u00e3o de produtos<\/strong> ou <strong>processos e na valida\u00e7\u00e3o de prot\u00f3tipos<\/strong>, uma vez que os engenheiros podem verificar os progressos realizados de uma forma mais visual e interactiva atrav\u00e9s de uma simula\u00e7\u00e3o virtual. Desta forma, os erros podem ser reduzidos nesta fase e a produtividade pode ser aumentada. <\/span><\/p>\n<p>[\/vc_column_text][\/vc_column][\/vc_row][vc_row type=&#8221;container&#8221; padding_top=&#8221;&#8221; padding_bottom=&#8221;&#8221; css=&#8221;.vc_custom_1646836077186{margin-bottom: 40px !important;}&#8221;][vc_column][vc_custom_heading text=&#8221;Atualmente, a \u00e1rea onde a Realidade Virtual \u00e9 mais utilizada no contexto da Ind\u00fastria 4.0 \u00e9 na forma\u00e7\u00e3o de profissionais.&#8221; font_container=&#8221;tag:p|font_size:28px|text_align:left|color:%23403c5f|line_height:32px&#8221; google_fonts=&#8221;font_family:Lato%3A100%2C100italic%2C300%2C300italic%2Cregular%2Citalic%2C700%2C700italic%2C900%2C900italic|font_style:700%20bold%20regular%3A700%3Anormal&#8221; css_animation=&#8221;none&#8221; css=&#8221;&#8221;][vc_column_text]<\/p>\n<p style=\"color: #7a7a7a; font-size: 20px; line-height: 26px; text-align: left;\"><span style=\"color: #403c5f;\">A<\/span> <a href=\"https:\/\/www.innovae.com\/pt-pt\/a-tecnologia-da-realidade-virtual\/\">Realidade Virtual<\/a> <span style=\"color: #403c5f;\">permite a forma\u00e7\u00e3o em tarefas complexas ou perigosas antes de as executar em situa\u00e7\u00e3o real, evitando quaisquer riscos associados e obtendo poupan\u00e7as de custos para as empresas.<\/span><\/p>\n<p style=\"color: #7a7a7a; font-size: 20px; line-height: 26px; text-align: left;\"><span style=\"color: #403c5f;\">Al\u00e9m disso, devido ao n\u00edvel de imers\u00e3o que oferece, a Realidade Virtual maximiza a assimila\u00e7\u00e3o de conhecimentos, optimiza o processo de aprendizagem e proporciona uma forma\u00e7\u00e3o personalizada e aut\u00f3noma para cada utilizador.<\/span><\/p>\n<p>[\/vc_column_text][\/vc_column][\/vc_row][vc_row full_width=&#8221;stretch_row&#8221; type=&#8221;container&#8221; padding_top=&#8221;&#8221; padding_bottom=&#8221;&#8221; css=&#8221;.vc_custom_1595330201032{margin-bottom: 30px !important;padding-top: 50px !important;padding-bottom: 50px !important;background-color: #c20056 !important;}&#8221;][vc_column][vc_custom_heading text=&#8221;Interessado em saber mais sobre a aplica\u00e7\u00e3o da tecnologia \u00e0 ind\u00fastria?&#8221; font_container=&#8221;tag:h2|font_size:30px|text_align:center|color:%23ffffff&#8221; google_fonts=&#8221;font_family:Lato%3A100%2C100italic%2C300%2C300italic%2Cregular%2Citalic%2C700%2C700italic%2C900%2C900italic|font_style:700%20bold%20regular%3A700%3Anormal&#8221;][vc_column_text css=&#8221;&#8221;]<\/p>\n<p style=\"text-align: center;\"><span style=\"color: #ffffff;\">Se quiser saber mais sobre como a Realidade Aumentada e a Realidade Virtual podem ser aplicadas \u00e0 Ind\u00fastria 4.0, a nossa equipa ter\u00e1 todo o prazer em ajud\u00e1-lo.<\/span><\/p>\n<p>[\/vc_column_text][vc_btn title=&#8221;CONTACTE-NOS&#8221; style=&#8221;gradient-custom&#8221; gradient_custom_color_1=&#8221;rgba(255,255,255,0.17)&#8221; gradient_custom_color_2=&#8221;rgba(255,255,255,0.38)&#8221; shape=&#8221;round&#8221; size=&#8221;lg&#8221; align=&#8221;center&#8221; css_animation=&#8221;bounceIn&#8221; css=&#8221;&#8221; link=&#8221;url:https%3A%2F%2Fwww.innovae.com%2Fpt-pt%2Fcontacto%2F|target:%20_blank|&#8221;][\/vc_column][\/vc_row][vc_section full_width=&#8221;stretch_row_content&#8221; css=&#8221;.vc_custom_1745392257166{margin-top: -40px !important;padding-top: 80px !important;padding-bottom: 80px !important;background-color: #20132C !important;}&#8221;][vc_row type=&#8221;container&#8221; padding_top=&#8221;&#8221; padding_bottom=&#8221;&#8221; css=&#8221;.vc_custom_1745397004491{margin-bottom: 50px !important;}&#8221;][vc_column][vc_custom_heading text=&#8221;INNOVAE E IND\u00daSTRIA 4.0&#8243; font_container=&#8221;tag:h2|font_size:18px|text_align:center|color:%23D50057&#8243; google_fonts=&#8221;font_family:Montserrat%3Aregular%2C700|font_style:700%20bold%20regular%3A700%3Anormal&#8221; css=&#8221;&#8221;][\/vc_column][\/vc_row][vc_row css_animation=&#8221;fadeInUp&#8221; type=&#8221;container&#8221; padding_top=&#8221;&#8221; padding_bottom=&#8221;&#8221; css=&#8221;.vc_custom_1745397601754{margin-bottom: 100px !important;}&#8221; el_id=&#8221;manuten\u00e7\u00e3o&#8221;][vc_column width=&#8221;1\/2&#8243;][vc_single_image image=&#8221;94006&#8243; img_size=&#8221;512&#215;512&#8243; alignment=&#8221;center&#8221; style=&#8221;vc_box_rounded&#8221; css=&#8221;&#8221;][\/vc_column][vc_column width=&#8221;1\/2&#8243;][vc_custom_heading text=&#8221;Digitaliza\u00e7\u00e3o das opera\u00e7\u00f5es&#8221; font_container=&#8221;tag:h3|font_size:60px|text_align:left|color:%23FFFFFF|line_height:70px&#8221; google_fonts=&#8221;font_family:Lato%3A100%2C100italic%2C300%2C300italic%2Cregular%2Citalic%2C700%2C700italic%2C900%2C900italic|font_style:900%20bold%20regular%3A900%3Anormal&#8221; css=&#8221;&#8221;][vc_column_text css=&#8221;&#8221;]<\/p>\n<p style=\"text-align: left;\"><span style=\"color: #ffffff; font-size: 16px; line-height: 22px;\">As nossas solu\u00e7\u00f5es para a digitaliza\u00e7\u00e3o das opera\u00e7\u00f5es foram concebidas <strong>para capacitar os<\/strong> <strong>t\u00e9cnicos no terreno<\/strong>, resolvendo as inefici\u00eancias devidas \u00e0 falta de conhecimentos cr\u00edticos sobre a opera\u00e7\u00e3o.<\/span><\/p>\n<p style=\"color: #ffffff; font-size: 16px; line-height: 22px; text-align: left;\"><span style=\"color: #ffffff;\">Dispomos de dois produtos que facilitam a <strong>digitaliza\u00e7\u00e3o da informa\u00e7\u00e3o<\/strong> e a <strong>visualiza\u00e7\u00e3o dos processos guiados<\/strong> (<strong><a style=\"color: #ffffff;\" href=\"https:\/\/www.innovae.com\/pt-pt\/saam-digitalizacao\/\">SAAM<\/a><\/strong>) e dos cuidados <strong>telecomunicacionais <\/strong>(<strong><a style=\"color: #ffffff;\" href=\"https:\/\/www.innovae.com\/pt-pt\/atr-assistencia-remota\/\">ATR<\/a><\/strong>).<\/span><\/p>\n<p style=\"color: #ffffff; font-size: 16px; line-height: 22px; text-align: left;\"><span style=\"color: #ffffff;\">Estas solu\u00e7\u00f5es melhoram a gest\u00e3o do conhecimento, minimizam o tempo de resolu\u00e7\u00e3o de incidentes e evitam a desloca\u00e7\u00e3o de especialistas.<\/span><\/p>\n<p style=\"color: #ffffff; font-size: 16px; line-height: 22px; text-align: left;\"><span style=\"color: #ffffff;\">Baseiam-se em tecnologias de ponta, como a realidade aumentada, a computa\u00e7\u00e3o em nuvem e a intelig\u00eancia artificial.<\/span><\/p>\n<p>[\/vc_column_text][\/vc_column][\/vc_row][vc_row css_animation=&#8221;fadeInUp&#8221; type=&#8221;container&#8221; padding_top=&#8221;&#8221; padding_bottom=&#8221;&#8221; css=&#8221;.vc_custom_1745397614452{margin-bottom: 100px !important;}&#8221;][vc_column width=&#8221;1\/2&#8243;][vc_custom_heading text=&#8221;Forma\u00e7\u00e3o&#8221; font_container=&#8221;tag:h3|font_size:60px|text_align:left|color:%23FFFFFF&#8221; google_fonts=&#8221;font_family:Lato%3A100%2C100italic%2C300%2C300italic%2Cregular%2Citalic%2C700%2C700italic%2C900%2C900italic|font_style:900%20bold%20regular%3A900%3Anormal&#8221; css=&#8221;&#8221;][vc_custom_heading text=&#8221;Virtual&#8221; font_container=&#8221;tag:h3|font_size:60px|text_align:left|color:%23FFFFFF&#8221; google_fonts=&#8221;font_family:Lato%3A100%2C100italic%2C300%2C300italic%2Cregular%2Citalic%2C700%2C700italic%2C900%2C900italic|font_style:900%20bold%20regular%3A900%3Anormal&#8221; css=&#8221;.vc_custom_1752483424614{margin-top: -10px !important;}&#8221;][vc_column_text css=&#8221;&#8221;]<\/p>\n<p style=\"color: #ffffff; font-size: 16px; line-height: 22px; text-align: left;\">A forma\u00e7\u00e3o baseada na Realidade Virtual \u00e9 uma ferramenta com grande potencial em ambientes industriais. Permite testar procedimentos t\u00e9cnicos complexos ou situa\u00e7\u00f5es de risco num ambiente altamente realista. A intera\u00e7\u00e3o em ambientes virtuais gera uma aprendizagem semelhante \u00e0 experi\u00eancia real no local de trabalho, o que resulta numa elevada efici\u00eancia na forma\u00e7\u00e3o do pessoal.<\/p>\n<p style=\"color: #ffffff; font-size: 16px; line-height: 22px; text-align: left;\">Dispomos de uma plataforma normalizada,<strong> <a style=\"color: #ffffff;\" href=\"https:\/\/www.innovae.com\/pt-pt\/savi-formacao\/\">SAVI<\/a><\/strong>, que permite a gest\u00e3o integral dos processos de forma\u00e7\u00e3o atrav\u00e9s de experi\u00eancias imersivas, facilitando o acompanhamento da evolu\u00e7\u00e3o dos utilizadores e a calibra\u00e7\u00e3o dos objectivos e n\u00edveis de dificuldade.<\/p>\n<p style=\"color: #ffffff; font-size: 16px; line-height: 22px; text-align: left;\">Gra\u00e7as \u00e0 nossa experi\u00eancia no sector, desenvolvemos um cat\u00e1logo de experi\u00eancias de forma\u00e7\u00e3o padronizadas para facilitar a incorpora\u00e7\u00e3o deste tipo de sistema em qualquer empresa.<\/p>\n<p>[\/vc_column_text][\/vc_column][vc_column width=&#8221;1\/2&#8243;][vc_single_image image=&#8221;94012&#8243; img_size=&#8221;512&#215;512&#8243; alignment=&#8221;center&#8221; css=&#8221;&#8221;][\/vc_column][\/vc_row][vc_row css_animation=&#8221;fadeInUp&#8221; type=&#8221;container&#8221; padding_top=&#8221;&#8221; padding_bottom=&#8221;&#8221; css=&#8221;.vc_custom_1745397624236{margin-bottom: 100px !important;}&#8221;][vc_column width=&#8221;1\/2&#8243;][vc_single_image image=&#8221;94018&#8243; img_size=&#8221;512&#215;512&#8243; alignment=&#8221;center&#8221; style=&#8221;vc_box_rounded&#8221; css=&#8221;&#8221;][\/vc_column][vc_column width=&#8221;1\/2&#8243;][vc_custom_heading text=&#8221;Digital&#8221; font_container=&#8221;tag:h3|font_size:60px|text_align:left|color:%23FFFFFF&#8221; google_fonts=&#8221;font_family:Lato%3A100%2C100italic%2C300%2C300italic%2Cregular%2Citalic%2C700%2C700italic%2C900%2C900italic|font_style:900%20bold%20regular%3A900%3Anormal&#8221; css=&#8221;&#8221;][vc_custom_heading text=&#8221;Twin&#8221; font_container=&#8221;tag:h3|font_size:60px|text_align:left|color:%23FFFFFF&#8221; google_fonts=&#8221;font_family:Lato%3A100%2C100italic%2C300%2C300italic%2Cregular%2Citalic%2C700%2C700italic%2C900%2C900italic|font_style:900%20bold%20regular%3A900%3Anormal&#8221; css=&#8221;.vc_custom_1752483434805{margin-top: -10px !important;}&#8221;][vc_column_text css=&#8221;&#8221;]<\/p>\n<p style=\"color: #ffffff; font-size: 16px; line-height: 22px; text-align: left;\"><span style=\"color: #ffffff;\">A liga\u00e7\u00e3o aos dados de uma instala\u00e7\u00e3o ou de uma m\u00e1quina em tempo real permite a implementa\u00e7\u00e3o de solu\u00e7\u00f5es avan\u00e7adas de tratamento da informa\u00e7\u00e3o e de g\u00e9meos digitais.<\/span><\/p>\n<p style=\"color: #ffffff; font-size: 16px; line-height: 22px; text-align: left;\"><span style=\"color: #ffffff;\">Estes sistemas s\u00e3o uma representa\u00e7\u00e3o virtual do real, permitindo compreender, prever e otimizar a atividade de produ\u00e7\u00e3o para obter uma vantagem competitiva.<\/span><\/p>\n<p style=\"color: #ffffff; font-size: 16px; line-height: 22px; text-align: left;\"><span style=\"color: #ffffff;\">As principais fun\u00e7\u00f5es que implementamos com base nestas tecnologias s\u00e3o a monitoriza\u00e7\u00e3o e opera\u00e7\u00e3o de instala\u00e7\u00f5es em mobilidade ou <strong><a style=\"color: #ffffff;\" href=\"https:\/\/www.innovae.com\/pt-pt\/realidade-aumentada\/\">Realidade Aumentada<\/a><\/strong>, a previs\u00e3o de situa\u00e7\u00f5es an\u00f3malas e a otimiza\u00e7\u00e3o dos par\u00e2metros de funcionamento de um processo, ou a simula\u00e7\u00e3o de diferentes cen\u00e1rios sem interferir no ambiente real, melhorando a tomada de decis\u00f5es, a fiabilidade e a produtividade.<\/span><\/p>\n<p>[\/vc_column_text][\/vc_column][\/vc_row][vc_row css_animation=&#8221;fadeInUp&#8221; type=&#8221;container&#8221; padding_top=&#8221;&#8221; padding_bottom=&#8221;&#8221; css=&#8221;.vc_custom_1745397632922{margin-bottom: 100px !important;border-radius: 20px !important;}&#8221; el_id=&#8221;montagem&#8221;][vc_column width=&#8221;1\/2&#8243;][vc_custom_heading text=&#8221;Solu\u00e7\u00f5es para montagem e controlo de qualidade&#8221; font_container=&#8221;tag:h3|font_size:60px|text_align:left|color:%23FFFFFF|line_height:70px&#8221; google_fonts=&#8221;font_family:Lato%3A100%2C100italic%2C300%2C300italic%2Cregular%2Citalic%2C700%2C700italic%2C900%2C900italic|font_style:900%20bold%20regular%3A900%3Anormal&#8221; css=&#8221;&#8221;][vc_column_text css=&#8221;&#8221;]<\/p>\n<p style=\"color: #ffffff; font-size: 16px; line-height: 22px; text-align: left;\">Implementamos sistemas de apoio para ajudar os operadores nas tarefas de montagem e controlo de processos em instala\u00e7\u00f5es de produ\u00e7\u00e3o.<\/p>\n<p style=\"color: #ffffff; font-size: 16px; line-height: 22px; text-align: left;\">Com base na Realidade Mista, as nossas solu\u00e7\u00f5es reduzem a taxa de erro para zero, apresentando instru\u00e7\u00f5es passo a passo na m\u00e1quina real.<\/p>\n<p style=\"color: #ffffff; font-size: 16px; line-height: 22px; text-align: left;\">Reduzem os tempos de controlo de qualidade com ferramentas de verifica\u00e7\u00e3o avan\u00e7adas e minimizam o per\u00edodo de adapta\u00e7\u00e3o dos novos operadores com assist\u00eancia em tempo real.<\/p>\n<p>[\/vc_column_text][\/vc_column][vc_column width=&#8221;1\/2&#8243;][vc_single_image image=&#8221;94000&#8243; img_size=&#8221;512&#215;512&#8243; style=&#8221;vc_box_rounded&#8221; css=&#8221;&#8221;][\/vc_column][\/vc_row][\/vc_section][vc_row full_width=&#8221;stretch_row&#8221; type=&#8221;container&#8221; padding_top=&#8221;&#8221; padding_bottom=&#8221;&#8221; css=&#8221;.vc_custom_1595331386359{margin-bottom: -40px !important;padding-top: 50px !important;padding-bottom: 50px !important;background-color: #c20056 !important;}&#8221;][vc_column][vc_custom_heading text=&#8221;Interessado em saber mais sobre a Innovae e a Ind\u00fastria 4.0?&#8221; font_container=&#8221;tag:h2|font_size:30px|text_align:center|color:%23ffffff&#8221; google_fonts=&#8221;font_family:Lato%3A100%2C100italic%2C300%2C300italic%2Cregular%2Citalic%2C700%2C700italic%2C900%2C900italic|font_style:700%20bold%20regular%3A700%3Anormal&#8221;][vc_column_text css=&#8221;&#8221;]<\/p>\n<p style=\"text-align: center;\"><span style=\"color: #ffffff;\">Se quiser saber mais sobre n\u00f3s e sobre a forma como aplicamos a Realidade Aumentada e Virtual \u00e0 ind\u00fastria, a nossa equipa ter\u00e1 todo o prazer em ajud\u00e1-lo.<\/span><\/p>\n<p>[\/vc_column_text][vc_btn title=&#8221;CONTACTE-NOS&#8221; style=&#8221;gradient-custom&#8221; gradient_custom_color_1=&#8221;rgba(255,255,255,0.17)&#8221; gradient_custom_color_2=&#8221;rgba(255,255,255,0.38)&#8221; shape=&#8221;round&#8221; size=&#8221;lg&#8221; align=&#8221;center&#8221; css_animation=&#8221;none&#8221; css=&#8221;&#8221; link=&#8221;url:https%3A%2F%2Fwww.innovae.com%2Fpt-pt%2Fcontacto%2F|&#8221;][\/vc_column][\/vc_row]<\/p>\n<\/div>","protected":false},"excerpt":{"rendered":"<p>[vc_row full_width=&#8221;stretch_row&#8221; type=&#8221;container&#8221; padding_top=&#8221;&#8221; padding_bottom=&#8221;&#8221; css=&#8221;.vc_custom_1734000080709{margin-top: 0px !important;padding-top: 100px !important;padding-bottom: 100px !important;background-image: url(https:\/\/www.innovae.com\/wp-content\/uploads\/2024\/10\/Industria40.jpg?id=91107) !important;background-position: center !important;background-repeat: no-repeat !important;background-size: cover !important;}&#8221;][vc_column][vc_custom_heading text=&#8221;Ind\u00fastria 4.0&#8243; font_container=&#8221;tag:h1|font_size:60px|text_align:center|color:%23ffffff|line_height:60px&#8221; google_fonts=&#8221;font_family:Lato%3A100%2C100italic%2C300%2C300italic%2Cregular%2Citalic%2C700%2C700italic%2C900%2C900italic|font_style:700%20bold%20regular%3A700%3Anormal&#8221; css_animation=&#8221;fadeInDown&#8221; css=&#8221;&#8221;][vc_empty_space][vc_custom_heading text=&#8221;Realidade Aumentada e Realidade Virtual para a Ind\u00fastria 4.0&#8243; font_container=&#8221;tag:p|font_size:26px|text_align:center|color:%23ffffff&#8221; google_fonts=&#8221;font_family:Lato%3A100%2C100italic%2C300%2C300italic%2Cregular%2Citalic%2C700%2C700italic%2C900%2C900italic|font_style:400%20regular%3A400%3Anormal&#8221; css_animation=&#8221;fadeInUp&#8221; css=&#8221;&#8221;][\/vc_column][\/vc_row][vc_row type=&#8221;container&#8221; padding_top=&#8221;&#8221; padding_bottom=&#8221;&#8221; css=&#8221;.vc_custom_1646835649493{padding-top: 20px !important;}&#8221;][vc_column][vc_column_text css=&#8221;.vc_custom_1756809315157{margin-top: 20px !important;}&#8221;] A Ind\u00fastria 4.0 tem vindo a aumentar [&hellip;]<\/p>\n","protected":false},"author":2,"featured_media":91112,"parent":0,"menu_order":2,"comment_status":"closed","ping_status":"closed","template":"page-full-width.php","meta":{"content-type":"","_FSMCFIC_featured_image_caption":"","_FSMCFIC_featured_image_nocaption":"","_FSMCFIC_featured_image_hide":"","footnotes":""},"class_list":["post-91654","page","type-page","status-publish","has-post-thumbnail","hentry"],"acf":[],"_links":{"self":[{"href":"https:\/\/www.innovae.com\/pt-pt\/wp-json\/wp\/v2\/pages\/91654","targetHints":{"allow":["GET"]}}],"collection":[{"href":"https:\/\/www.innovae.com\/pt-pt\/wp-json\/wp\/v2\/pages"}],"about":[{"href":"https:\/\/www.innovae.com\/pt-pt\/wp-json\/wp\/v2\/types\/page"}],"author":[{"embeddable":true,"href":"https:\/\/www.innovae.com\/pt-pt\/wp-json\/wp\/v2\/users\/2"}],"replies":[{"embeddable":true,"href":"https:\/\/www.innovae.com\/pt-pt\/wp-json\/wp\/v2\/comments?post=91654"}],"version-history":[{"count":15,"href":"https:\/\/www.innovae.com\/pt-pt\/wp-json\/wp\/v2\/pages\/91654\/revisions"}],"predecessor-version":[{"id":95912,"href":"https:\/\/www.innovae.com\/pt-pt\/wp-json\/wp\/v2\/pages\/91654\/revisions\/95912"}],"wp:featuredmedia":[{"embeddable":true,"href":"https:\/\/www.innovae.com\/pt-pt\/wp-json\/wp\/v2\/media\/91112"}],"wp:attachment":[{"href":"https:\/\/www.innovae.com\/pt-pt\/wp-json\/wp\/v2\/media?parent=91654"}],"curies":[{"name":"wp","href":"https:\/\/api.w.org\/{rel}","templated":true}]}}