{"id":91039,"date":"2024-10-11T09:30:01","date_gmt":"2024-10-11T07:30:01","guid":{"rendered":"https:\/\/www.innovae.com\/politica-de-privacidade\/"},"modified":"2025-11-11T10:20:04","modified_gmt":"2025-11-11T08:20:04","slug":"politica-de-privacidade","status":"publish","type":"page","link":"https:\/\/www.innovae.com\/pt-pt\/politica-de-privacidade\/","title":{"rendered":"Pol\u00edtica de Privacidade"},"content":{"rendered":"<div class=\"wpb-content-wrapper\"><p>[vc_row type=&#8221;container&#8221; padding_top=&#8221;&#8221; padding_bottom=&#8221;&#8221;][vc_column][vc_empty_space][\/vc_column][\/vc_row][vc_row type=&#8221;container&#8221; padding_top=&#8221;&#8221; padding_bottom=&#8221;&#8221;][vc_column][vc_column_text css=&#8221;&#8221;]<b>INNOVAE GROUP, S.L.<\/b><\/p>\n<p><b>B95745592<\/b><\/p>\n<p><b>C\/ Fco. Grandmontagne n\u00ba 1 2\u00ba Oficina \u2013 Planta 2, Oficina 2 &#8211; 20018, San Sebastian (Gipuzkoa)<\/b><\/p>\n<p><b>943205861 &#8211; <\/b><a href=\"mailto:legal@innovae.com\"><b>legal@innovae.com<\/b><\/a><b> &#8211; <\/b><a href=\"https:\/\/www.innovae.com\/\"><b>www.innovae.com<\/b><\/a><\/p>\n<p>&nbsp;<\/p>\n<p><b>Prote\u00e7\u00e3o de Dados Pessoais<\/b><\/p>\n<p>Neste site, propriedade da INNOVAE GROUP, S.L., garantimos a total prote\u00e7\u00e3o dos dados pessoais fornecidos pelos nossos utilizadores.<\/p>\n<p>Nesta sec\u00e7\u00e3o, disponibilizamos ao interessado as informa\u00e7\u00f5es legais ou a pol\u00edtica de privacidade correspondente aos diferentes tratamentos de dados realizados pela nossa empresa.<\/p>\n<p>Dependendo da sua rela\u00e7\u00e3o com a nossa empresa, ser\u00e1 aplic\u00e1vel a pol\u00edtica de privacidade correspondente:<\/p>\n<p>&nbsp;<\/p>\n<table>\n<tbody>\n<tr>\n<td width=\"566\"><strong>CONTACTOS<\/strong><\/td>\n<\/tr>\n<\/tbody>\n<\/table>\n<p><strong>\u00a0<\/strong><b>Quem \u00e9 o respons\u00e1vel pelos seus dados?<\/b><\/p>\n<p>De acordo com o estabelecido pela Lei Org\u00e2nica 3\/2018, de 5 de dezembro, de Prote\u00e7\u00e3o de Dados Pessoais e garantia dos direitos digitais (LOPD) e pelo Regulamento Geral de Prote\u00e7\u00e3o de Dados (RGPD) de 27 de abril de 2016, informamos que os dados pessoais fornecidos ser\u00e3o tratados pela INNOVAE GROUP, S.L. com CIF B95745592 e endere\u00e7o em C\/ Fco. Grandmontagne n\u00ba 1 2\u00ba Oficina \u2013 Planta 2, Oficina 2 &#8211; 20018, San Sebastian (Gipuzkoa).<\/p>\n<p><b>Com que finalidade tratamos os seus dados pessoais?<\/b><\/p>\n<p>Os dados fornecidos por si s\u00e3o necess\u00e1rios para lhe prestarmos com todas as garantias o servi\u00e7o solicitado e ser\u00e3o tratados com as seguintes finalidades: Gest\u00e3o dos dados de contacto para comunica\u00e7\u00e3o.<\/p>\n<p><b>Durante quanto tempo conservaremos os seus dados?<\/b><\/p>\n<p>Os dados pessoais fornecidos ser\u00e3o conservados enquanto se previr que possam ser necess\u00e1rios para contactar o interessado.<\/p>\n<p><b>Qual \u00e9 a legitimidade para o tratamento dos seus dados?<\/b><\/p>\n<p>A base legal para o tratamento dos seus dados \u00e9 o consentimento do interessado ao fornecer os seus dados de contacto.<\/p>\n<p><b>A que destinat\u00e1rios ser\u00e3o comunicados os seus dados?<\/b><\/p>\n<p>Os seus dados n\u00e3o ser\u00e3o cedidos a terceiros, salvo obriga\u00e7\u00e3o legal.<\/p>\n<p><b>Quais s\u00e3o os seus direitos quando nos fornece os seus dados?<\/b><\/p>\n<p>Qualquer pessoa tem o direito de solicitar o acesso, retifica\u00e7\u00e3o, supress\u00e3o, limita\u00e7\u00e3o do tratamento, oposi\u00e7\u00e3o ou direito \u00e0 portabilidade dos seus dados pessoais, escrevendo-nos para a morada dos nossos escrit\u00f3rios ou enviando um e-mail para legal@innovae.com, indicando o direito que deseja exercer.<\/p>\n<p>Ter\u00e1 igualmente o direito de retirar o consentimento prestado a qualquer momento. A retirada do consentimento n\u00e3o afetar\u00e1 a legalidade do tratamento efetuado antes da retirada do referido consentimento.<\/p>\n<p>Tem o direito de apresentar uma reclama\u00e7\u00e3o \u00e0 autoridade de controlo se considerar que os seus direitos em mat\u00e9ria de prote\u00e7\u00e3o dos seus dados pessoais podem ter sido violados.<\/p>\n<p><strong>\u00a0<\/strong><\/p>\n<table>\n<tbody>\n<tr>\n<td width=\"566\"><strong>CURR\u00cdCULOS<\/strong><\/td>\n<\/tr>\n<\/tbody>\n<\/table>\n<p><strong>\u00a0<\/strong><b>Quem \u00e9 o respons\u00e1vel pelos seus dados?<\/b><\/p>\n<p>De acordo com o estabelecido pela Lei Org\u00e2nica 3\/2018, de 5 de dezembro, de Prote\u00e7\u00e3o de Dados Pessoais e garantia dos direitos digitais (LOPD) e pelo Regulamento Geral de Prote\u00e7\u00e3o de Dados (RGPD) de 27 de abril de 2016, informamos que os dados pessoais fornecidos ser\u00e3o tratados pela INNOVAE GROUP, S.L. com CIF B95745592 e endere\u00e7o em C\/ Fco. Grandmontagne n\u00ba 1 2\u00ba Oficina \u2013 Planta 2, Oficina 2 &#8211; 20018, San Sebastian (Gipuzkoa).<\/p>\n<p><b>Com que finalidade tratamos os seus dados pessoais?<\/b><\/p>\n<p>Os dados fornecidos por si s\u00e3o necess\u00e1rios para lhe prestarmos com todas as garantias o servi\u00e7o solicitado e ser\u00e3o tratados com as seguintes finalidades: Tratamento de curr\u00edculos recebidos na empresa com o objetivo de participar nos processos de sele\u00e7\u00e3o de pessoal.<\/p>\n<p><b>Durante quanto tempo conservaremos os seus dados?<\/b><\/p>\n<p>Os dados pessoais fornecidos ser\u00e3o conservados enquanto se previr que possam ser necess\u00e1rios para contactar o interessado, com o limite de um ano.<\/p>\n<p><b>Qual \u00e9 a legitimidade para o tratamento dos seus dados?<\/b><\/p>\n<p>A base legal para o tratamento dos seus dados \u00e9 o consentimento do interessado ao fornecer o seu CV.<\/p>\n<p><b>A que destinat\u00e1rios ser\u00e3o comunicados os seus dados?<\/b><\/p>\n<p>Os seus dados n\u00e3o ser\u00e3o cedidos a terceiros, salvo obriga\u00e7\u00e3o legal.<\/p>\n<p><b>Quais s\u00e3o os seus direitos quando nos fornece os seus dados?<\/b><\/p>\n<p>Qualquer pessoa tem o direito de solicitar o acesso, retifica\u00e7\u00e3o, supress\u00e3o, limita\u00e7\u00e3o do tratamento, oposi\u00e7\u00e3o ou direito \u00e0 portabilidade dos seus dados pessoais, escrevendo-nos para a morada dos nossos escrit\u00f3rios ou enviando um e-mail para legal@innovae.com, indicando o direito que deseja exercer.<\/p>\n<p>Ter\u00e1 igualmente o direito de retirar o consentimento prestado a qualquer momento. A retirada do consentimento n\u00e3o afetar\u00e1 a legalidade do tratamento efetuado antes da retirada do referido consentimento.<\/p>\n<p>Tem o direito de apresentar uma reclama\u00e7\u00e3o \u00e0 autoridade de controlo se considerar que os seus direitos em mat\u00e9ria de prote\u00e7\u00e3o dos seus dados pessoais podem ter sido violados.[\/vc_column_text][\/vc_column][\/vc_row]<\/p>\n<\/div>","protected":false},"excerpt":{"rendered":"<p>[vc_row type=&#8221;container&#8221; padding_top=&#8221;&#8221; padding_bottom=&#8221;&#8221;][vc_column][vc_empty_space][\/vc_column][\/vc_row][vc_row type=&#8221;container&#8221; padding_top=&#8221;&#8221; padding_bottom=&#8221;&#8221;][vc_column][vc_column_text css=&#8221;&#8221;]INNOVAE GROUP, S.L. B95745592 C\/ Fco. Grandmontagne n\u00ba 1 2\u00ba Oficina \u2013 Planta 2, Oficina 2 &#8211; 20018, San Sebastian (Gipuzkoa) 943205861 &#8211; legal@innovae.com &#8211; www.innovae.com &nbsp; Prote\u00e7\u00e3o de Dados Pessoais Neste site, propriedade da INNOVAE GROUP, S.L., garantimos a total prote\u00e7\u00e3o dos dados pessoais fornecidos pelos nossos [&hellip;]<\/p>\n","protected":false},"author":2,"featured_media":0,"parent":0,"menu_order":0,"comment_status":"closed","ping_status":"closed","template":"page-full-width.php","meta":{"content-type":"","_FSMCFIC_featured_image_caption":"","_FSMCFIC_featured_image_nocaption":"","_FSMCFIC_featured_image_hide":"","footnotes":""},"class_list":["post-91039","page","type-page","status-publish","hentry"],"acf":[],"_links":{"self":[{"href":"https:\/\/www.innovae.com\/pt-pt\/wp-json\/wp\/v2\/pages\/91039","targetHints":{"allow":["GET"]}}],"collection":[{"href":"https:\/\/www.innovae.com\/pt-pt\/wp-json\/wp\/v2\/pages"}],"about":[{"href":"https:\/\/www.innovae.com\/pt-pt\/wp-json\/wp\/v2\/types\/page"}],"author":[{"embeddable":true,"href":"https:\/\/www.innovae.com\/pt-pt\/wp-json\/wp\/v2\/users\/2"}],"replies":[{"embeddable":true,"href":"https:\/\/www.innovae.com\/pt-pt\/wp-json\/wp\/v2\/comments?post=91039"}],"version-history":[{"count":4,"href":"https:\/\/www.innovae.com\/pt-pt\/wp-json\/wp\/v2\/pages\/91039\/revisions"}],"predecessor-version":[{"id":101296,"href":"https:\/\/www.innovae.com\/pt-pt\/wp-json\/wp\/v2\/pages\/91039\/revisions\/101296"}],"wp:attachment":[{"href":"https:\/\/www.innovae.com\/pt-pt\/wp-json\/wp\/v2\/media?parent=91039"}],"curies":[{"name":"wp","href":"https:\/\/api.w.org\/{rel}","templated":true}]}}