{"id":91038,"date":"2024-10-11T09:18:17","date_gmt":"2024-10-11T07:18:17","guid":{"rendered":"https:\/\/www.innovae.com\/politica-de-cookies-2\/"},"modified":"2024-10-11T09:18:17","modified_gmt":"2024-10-11T07:18:17","slug":"politica-de-cookies-2","status":"publish","type":"page","link":"https:\/\/www.innovae.com\/pt-pt\/politica-de-cookies-2\/","title":{"rendered":"Pol\u00edtica de Cookies"},"content":{"rendered":"<p>Bem-vindo \u00e0 <strong>POL\u00cdTICA DE COOKIES<\/strong> do site da INNOVAE GROUP S.L., com o n\u00famero de identifica\u00e7\u00e3o fiscal B95745592, onde explicaremos em linguagem clara e simples todas as quest\u00f5es necess\u00e1rias para que possa ter controlo sobre elas com base nas suas decis\u00f5es pessoais.<\/p>\n<h2><strong>O que s\u00e3o cookies e para que \u00e9 que os utilizamos?<\/strong><\/h2>\n<p>Um cookie \u00e9 um pequeno ficheiro de informa\u00e7\u00e3o que \u00e9 armazenado no seu computador, smartphone ou tablet sempre que visita o nosso s\u00edtio Web. Em princ\u00edpio, um cookie \u00e9 inofensivo: n\u00e3o cont\u00e9m v\u00edrus, cavalos de Troia, worms, etc. que possam danificar o seu terminal, mas tem um certo impacto no seu direito \u00e0 prote\u00e7\u00e3o dos seus dados pessoais, uma vez que recolhe certas informa\u00e7\u00f5es que lhe dizem respeito (h\u00e1bitos de navega\u00e7\u00e3o, identidade, prefer\u00eancias, etc.). \u00c9 por isso que, com base nas disposi\u00e7\u00f5es da regulamenta\u00e7\u00e3o aplic\u00e1vel (LSSI e regulamenta\u00e7\u00e3o em vigor em mat\u00e9ria de prote\u00e7\u00e3o de dados pessoais), a ativa\u00e7\u00e3o de certos tipos de cookies requer a sua autoriza\u00e7\u00e3o pr\u00e9via. Antes de o fazer, fornecer-lhe-emos algumas informa\u00e7\u00f5es adicionais que o ajudar\u00e3o a tomar melhores decis\u00f5es a este respeito:<\/p>\n<ol>\n<li>Os cookies podem ser de v\u00e1rios tipos, consoante a sua finalidade:<\/li>\n<\/ol>\n<ul>\n<li>Os cookies t\u00e9cnicos s\u00e3o necess\u00e1rios para o funcionamento do nosso s\u00edtio Web, n\u00e3o requerem a sua autoriza\u00e7\u00e3o e s\u00e3o os \u00fanicos que temos activados por defeito.<\/li>\n<li>Os outros cookies s\u00e3o utilizados para melhorar o nosso s\u00edtio Web, para o personalizar com base nas suas prefer\u00eancias ou para lhe poder mostrar publicidade adaptada \u00e0s suas pesquisas, gostos e interesses pessoais. Pode aceitar todos estes cookies clicando no bot\u00e3o <strong>ACEITAR<\/strong>, rejeit\u00e1-los clicando no bot\u00e3o <strong>REJEITAR<\/strong> ou configur\u00e1-los clicando na sec\u00e7\u00e3o <strong>CONFIGURA\u00c7\u00c3O DE COOKIES<\/strong>. <\/li>\n<\/ul>\n<ol start=\"2\">\n<li>Alguns cookies s\u00e3o nossos (design\u00e1-los-emos por <strong>cookies propias<\/strong>) e outros pertencem a empresas externas que prestam servi\u00e7os ao nosso s\u00edtio Web (design\u00e1-los-emos por <strong>cookies de terceros<\/strong>: um exemplo podem ser os cookies de fornecedores externos como o Google). A este respeito, \u00e9 importante que saiba que alguns destes fornecedores externos podem estar localizados fora de Espanha. <\/li>\n<\/ol>\n<p>A n\u00edvel mundial, nem todos os pa\u00edses t\u00eam o mesmo n\u00edvel de prote\u00e7\u00e3o de dados, sendo alguns mais seguros do que outros (por exemplo, a Uni\u00e3o Europeia \u00e9 um ambiente seguro para os seus dados). A nossa pol\u00edtica consiste em utilizar fornecedores fi\u00e1veis que, independentemente de estarem ou n\u00e3o localizados na Uni\u00e3o Europeia, tenham adotado medidas de seguran\u00e7a adequadas para a prote\u00e7\u00e3o das suas informa\u00e7\u00f5es pessoais. No entanto, na sec\u00e7\u00e3o intitulada <strong>QUAIS OS TIPOS DE COOKIES ATUALMENTE UTILIZADOS NO NOSSO WEBSITE?<\/strong>, pode consultar as diferentes pol\u00edticas de privacidade e prote\u00e7\u00e3o de dados de cada um dos fornecedores externos acima mencionados, a fim de tomar uma decis\u00e3o informada sobre a ativa\u00e7\u00e3o ou n\u00e3o dos <strong>cookies de terceiros<\/strong> utilizados pelo nosso website.  <\/p>\n<ol start=\"3\">\n<li>Por \u00faltimo, gostar\u00edamos de salientar que, consoante o per\u00edodo de tempo em que permanecem activos, os cookies podem ser de dois tipos:<\/li>\n<\/ol>\n<ul>\n<li><strong>Cookies de sess\u00e3o:<\/strong> expiram automaticamente quando o utilizador termina a sess\u00e3o no seu computador, smartphone ou tablet. S\u00e3o normalmente utilizados para reter as informa\u00e7\u00f5es necess\u00e1rias enquanto um servi\u00e7o \u00e9 prestado ao utilizador numa \u00fanica ocasi\u00e3o. <\/li>\n<li><strong>Cookies persistentes: <\/strong>permanecem armazenados no seu computador, smartphone ou tablet durante um determinado per\u00edodo de tempo, que pode variar entre alguns minutos e v\u00e1rios anos.<\/li>\n<\/ul>\n<h2><strong>Que tipo de cookies podemos utilizar no nosso s\u00edtio Web?<\/strong><\/h2>\n<ul>\n<li><strong>Cookies T\u00e9cnicos: <\/strong><\/li>\n<\/ul>\n<p>Os cookies t\u00e9cnicos s\u00e3o estritamente necess\u00e1rios para que o nosso s\u00edtio Web funcione e para que o utilizador possa navegar nele. Este tipo de cookies s\u00e3o aqueles que, por exemplo, nos permitem identific\u00e1-lo, dar-lhe acesso a certas partes restritas da p\u00e1gina, se necess\u00e1rio, ou recordar diferentes op\u00e7\u00f5es ou servi\u00e7os j\u00e1 selecionados por si, como as suas prefer\u00eancias de privacidade. Por este motivo, <strong>s\u00e3o activados por defeito, n\u00e3o sendo necess\u00e1ria a sua autoriza\u00e7\u00e3o<\/strong>. Atrav\u00e9s das defini\u00e7\u00f5es do seu browser, pode bloquear ou alert\u00e1-lo para a presen\u00e7a deste tipo de cookies, embora esse bloqueio afecte o bom funcionamento das v\u00e1rias funcionalidades do nosso site.  <\/p>\n<ul>\n<li><strong>Cookies Anal\u00edticos<\/strong><\/li>\n<\/ul>\n<p>Os cookies de an\u00e1lise permitem-nos estudar a forma como os utilizadores navegam no nosso s\u00edtio Web em geral (por exemplo, que sec\u00e7\u00f5es do s\u00edtio Web s\u00e3o mais visitadas, que servi\u00e7os s\u00e3o mais utilizados e se funcionam corretamente, etc.). Com base em informa\u00e7\u00f5es estat\u00edsticas sobre a navega\u00e7\u00e3o no nosso s\u00edtio Web, podemos melhorar tanto o funcionamento do pr\u00f3prio s\u00edtio Web como os diferentes servi\u00e7os que oferece. Por conseguinte, estes cookies <strong>n\u00e3o t\u00eam uma finalidade publicit\u00e1ria<\/strong>, mas apenas servem para melhorar o funcionamento do nosso s\u00edtio Web, adaptando-o aos nossos utilizadores em geral. Ao activ\u00e1-los, estar\u00e1 a contribuir para esta melhoria cont\u00ednua. <strong>Pode ativar ou desativar estes cookies marcando a caixa correspondente<\/strong>, estando desactivadas por defecto.<\/p>\n<ul>\n<li><strong>Cookies de Funcionalidade e Personaliza\u00e7\u00e3o:<\/strong><\/li>\n<\/ul>\n<p>estando desactivados por defeito.Os cookies de funcionalidade permitem-nos recordar as suas prefer\u00eancias para personalizar determinadas funcionalidades e op\u00e7\u00f5es gerais do nosso s\u00edtio Web sempre que acede ao mesmo (por exemplo, a l\u00edngua em que as informa\u00e7\u00f5es lhe s\u00e3o apresentadas, as sec\u00e7\u00f5es marcadas como favoritas, o seu tipo de navegador, etc.). Por conseguinte, este tipo de cookies <strong>n\u00e3o tem uma finalidade publicit\u00e1ria<\/strong>, mas ao activ\u00e1-los estar\u00e1 a melhorar a funcionalidade do s\u00edtio Web (por exemplo, adaptando-se ao seu tipo de navegador) e a personaliz\u00e1-lo com base nas suas prefer\u00eancias (por exemplo, apresentando as informa\u00e7\u00f5es na l\u00edngua que escolheu em ocasi\u00f5es anteriores), o que contribuir\u00e1 para a facilidade, usabilidade e conforto do nosso s\u00edtio Web durante a sua navega\u00e7\u00e3o. <strong>Pode ativar ou desativar estes cookies marcando a caixa apropriada<\/strong>, estando desactivadas por defecto.<\/p>\n<ul>\n<li><strong>Cookies de Publicidade:<\/strong><\/li>\n<\/ul>\n<p>Os cookies de publicidade permitem-nos gerir os espa\u00e7os publicit\u00e1rios inclu\u00eddos no nosso s\u00edtio Web com base em crit\u00e9rios como o conte\u00fado apresentado ou a frequ\u00eancia com que os an\u00fancios s\u00e3o apresentados. Por exemplo, se o mesmo an\u00fancio lhe tiver sido mostrado v\u00e1rias vezes no nosso s\u00edtio Web e n\u00e3o tiver demonstrado interesse pessoal ao clicar no mesmo, este n\u00e3o voltar\u00e1 a aparecer. Em suma, ao ativar estes cookies, a publicidade apresentada no nosso s\u00edtio Web ser\u00e1 mais \u00fatil e diversificada, e menos repetitiva. <strong>Pode ativar ou desativar estes cookies marcando a caixa correspondente<\/strong>, uma vez que est\u00e3o desactivados por defeito.<\/p>\n<ul>\n<li><strong>Cookies de Publicidade Comportamental: <\/strong><\/li>\n<\/ul>\n<p>Os cookies de publicidade comportamental permitem-nos obter informa\u00e7\u00f5es com base na observa\u00e7\u00e3o dos seus h\u00e1bitos de navega\u00e7\u00e3o e do seu comportamento no s\u00edtio Web, de modo a podermos mostrar-lhe conte\u00fados publicit\u00e1rios mais adequados aos seus gostos e interesses pessoais. Para facilitar a sua compreens\u00e3o, damos-lhe um exemplo fict\u00edcio: se as suas \u00faltimas pesquisas na Internet estivessem relacionadas com literatura de suspense, mostrar-lhe-\u00edamos publicidade sobre livros de suspense. Portanto, ao ativar este tipo de cookies, a publicidade que lhe mostramos no nosso s\u00edtio Web n\u00e3o ser\u00e1 gen\u00e9rica, mas sim orientada para as suas pesquisas, gostos e interesses, ajustando-se assim exclusivamente a si. <strong>Pode ativar ou desativar estes cookies marcando a caixa correspondente<\/strong>, uma vez que est\u00e3o desactivados por defeito.<\/p>\n<h2><\/h2>\n<h2 style=\"text-align: justify;\"><strong> Que tipo de cookies \u00e9 que o nosso s\u00edtio Web armazena?<\/strong><\/h2>\n<p style=\"text-align: justify;\">A seguir, informamos sobre todos os tipos de cookies atualmente utilizados no nosso s\u00edtio Web e a finalidade de cada um deles:<\/p>\n<table style=\"height: 292px;\" width=\"911\">\n<tbody>\n<tr>\n<td style=\"text-align: center;\" width=\"135\"><strong>Tipo de cookie<\/strong><\/td>\n<td style=\"text-align: center;\" width=\"136\"><strong>Nome<\/strong><\/td>\n<td style=\"text-align: center;\" width=\"135\"><strong>Objetivo<\/strong><\/td>\n<td style=\"text-align: center;\" width=\"135\"><strong>Entidade respons\u00e1vel e liga\u00e7\u00e3o \u00e0 sua pol\u00edtica de privacidade e prote\u00e7\u00e3o de dados<\/strong><\/td>\n<td style=\"text-align: center;\" width=\"135\"><strong>Per\u00edodo de tempo<\/strong><\/td>\n<\/tr>\n<tr>\n<td style=\"text-align: center;\" width=\"135\">Estat\u00edsticas<\/td>\n<td style=\"text-align: center;\" width=\"136\">_cltk<\/td>\n<td style=\"text-align: center;\" width=\"135\">Armazenar e acompanhar a intera\u00e7\u00e3o<\/td>\n<td style=\"text-align: center;\" width=\"135\">Microsoft Clarity<\/td>\n<td style=\"text-align: center;\" width=\"135\">Pelo menos uma sess\u00e3o<\/td>\n<\/tr>\n<tr>\n<td style=\"text-align: center;\" width=\"135\">Estat\u00edsticas<\/td>\n<td style=\"text-align: center;\" width=\"136\">_clsk<\/td>\n<td style=\"text-align: center;\" width=\"135\">Armazenar e combinar as visualiza\u00e7\u00f5es de p\u00e1gina de um utilizador num \u00fanico registo de sess\u00e3o<\/td>\n<td style=\"text-align: center;\" width=\"135\">Microsoft Clarity<\/td>\n<td style=\"text-align: center;\" width=\"135\">1 dia<\/td>\n<\/tr>\n<tr>\n<td style=\"text-align: center;\" width=\"135\">Marketing<\/td>\n<td style=\"text-align: center;\" width=\"136\">_clck<\/td>\n<td style=\"text-align: center;\" width=\"135\">Armazenar um ID de utilizador \u00fanico<\/td>\n<td style=\"text-align: center;\" width=\"135\">Microsoft Clarity<\/td>\n<td style=\"text-align: center;\" width=\"135\">1 ano<\/td>\n<\/tr>\n<tr>\n<td style=\"text-align: center;\" width=\"135\">Marketing<\/td>\n<td style=\"text-align: center;\" width=\"136\">ANONCHK<\/td>\n<td style=\"text-align: center;\" width=\"135\">Indica se o MUID \u00e9 transferido para o ANID, um cookie utilizado para fins publicit\u00e1rios. A Clarity n\u00e3o utiliza o ANID, pelo que est\u00e1 sempre definido para 0. <\/td>\n<td style=\"text-align: center;\" width=\"135\">Microsoft Clarity<\/td>\n<td style=\"text-align: center;\" width=\"135\">Sess\u00e3o<\/td>\n<\/tr>\n<tr>\n<td style=\"text-align: center;\" width=\"135\">Marketing<\/td>\n<td style=\"text-align: center;\" width=\"136\">MUID<\/td>\n<td style=\"text-align: center;\" width=\"135\">Armazenar e acompanhar visitas em v\u00e1rios s\u00edtios web<\/td>\n<td style=\"text-align: center;\" width=\"135\">Microsoft Clarity<\/td>\n<td style=\"text-align: center;\" width=\"135\">1 ano<\/td>\n<\/tr>\n<tr>\n<td style=\"text-align: center;\" width=\"135\">Marketing<\/td>\n<td style=\"text-align: center;\" width=\"136\">hubspotutk<\/td>\n<td style=\"text-align: center;\" width=\"135\">Armazenar e rastrear a identidade de um visitante<\/td>\n<td style=\"text-align: center;\" width=\"135\">Hubspot<\/td>\n<td style=\"text-align: center;\" width=\"135\">13 meses<\/td>\n<\/tr>\n<tr>\n<td style=\"text-align: center;\" width=\"135\">Marketing<\/td>\n<td style=\"text-align: center;\" width=\"136\">__hstc<\/td>\n<td style=\"text-align: center;\" width=\"135\">Poupar tempo de visita<\/td>\n<td style=\"text-align: center;\" width=\"135\">Hubspot<\/td>\n<td style=\"text-align: center;\" width=\"135\">13 meses<\/td>\n<\/tr>\n<tr>\n<td style=\"text-align: center;\" width=\"135\">Estat\u00edsticas<\/td>\n<td style=\"text-align: center;\" width=\"136\">__hssrc<\/td>\n<td style=\"text-align: center;\" width=\"135\">Armazena uma ID de sess\u00e3o \u00fanica<\/td>\n<td style=\"text-align: center;\" width=\"135\">Hubspot<\/td>\n<td style=\"text-align: center;\" width=\"135\">Sess\u00e3o<\/td>\n<\/tr>\n<tr>\n<td style=\"text-align: center;\" width=\"135\">Funcional<\/td>\n<td style=\"text-align: center;\" width=\"136\">__hssc<\/td>\n<td style=\"text-align: center;\" width=\"135\">Armazenar estat\u00edsticas an\u00f3nimas<\/td>\n<td style=\"text-align: center;\" width=\"135\">Hubspot<\/td>\n<td style=\"text-align: center;\" width=\"135\">30 minutos<\/td>\n<\/tr>\n<tr>\n<td style=\"text-align: center;\" width=\"135\">Funcional<\/td>\n<td style=\"text-align: center;\" width=\"136\">__hs_cookie_cat_pref<\/td>\n<td style=\"text-align: center;\" width=\"135\">Guardar as prefer\u00eancias de consentimento de cookies<\/td>\n<td style=\"text-align: center;\" width=\"135\">Hubspot<\/td>\n<td style=\"text-align: center;\" width=\"135\">6 meses<\/td>\n<\/tr>\n<tr>\n<td style=\"text-align: center;\" width=\"135\">Funcional<\/td>\n<td style=\"text-align: center;\" width=\"136\">*_key<\/td>\n<td style=\"text-align: center;\" width=\"135\">Manter os utilizadores logeados<\/td>\n<td style=\"text-align: center;\" width=\"135\">Hubspot<\/td>\n<td style=\"text-align: center;\" width=\"135\">2 semanas<\/td>\n<\/tr>\n<tr>\n<td style=\"text-align: center;\" width=\"135\">Funcional<\/td>\n<td style=\"text-align: center;\" width=\"136\">hs_ab_test<\/td>\n<td style=\"text-align: center;\" width=\"135\">Armazenar IDs de experi\u00eancias e sess\u00f5es para testes A\/B<\/td>\n<td style=\"text-align: center;\" width=\"135\">Hubspot<\/td>\n<td style=\"text-align: center;\" width=\"135\">sess\u00e3o<\/td>\n<\/tr>\n<tr>\n<td style=\"text-align: center;\" width=\"135\">Funcional<\/td>\n<td style=\"text-align: center;\" width=\"136\">__hs_do_not_track<\/td>\n<td style=\"text-align: center;\" width=\"135\">Armazenar sinais &#8216;do_not_track&#8217;<\/td>\n<td style=\"text-align: center;\" width=\"135\">Hubspot<\/td>\n<td style=\"text-align: center;\" width=\"135\">6 meses<\/td>\n<\/tr>\n<tr>\n<td style=\"text-align: center;\" width=\"135\">Prefer\u00eancias<\/td>\n<td style=\"text-align: center;\" width=\"136\">messagesUtk<\/td>\n<td style=\"text-align: center;\" width=\"135\">Guardar detalhes do browser<\/td>\n<td style=\"text-align: center;\" width=\"135\">Hubspot<\/td>\n<td style=\"text-align: center;\" width=\"135\">13 meses<\/td>\n<\/tr>\n<tr>\n<td style=\"text-align: center;\" width=\"135\">Prefer\u00eancias<\/td>\n<td style=\"text-align: center;\" width=\"136\">__hsmem<\/td>\n<td style=\"text-align: center;\" width=\"135\">Manter os utilizadores logeados<\/td>\n<td style=\"text-align: center;\" width=\"135\">Hubspot<\/td>\n<td style=\"text-align: center;\" width=\"135\">1 semana<\/td>\n<\/tr>\n<tr>\n<td style=\"text-align: center;\" width=\"135\">Prefer\u00eancias<\/td>\n<td style=\"text-align: center;\" width=\"136\">hs-messages-is-open<\/td>\n<td style=\"text-align: center;\" width=\"135\">Guardar se uma mensagem foi encontrada<\/td>\n<td style=\"text-align: center;\" width=\"135\">Hubspot<\/td>\n<td style=\"text-align: center;\" width=\"135\">30 minutos<\/td>\n<\/tr>\n<tr>\n<td style=\"text-align: center;\" width=\"135\">Estat\u00edsticas<\/td>\n<td style=\"text-align: center;\" width=\"136\">_ga_*<\/td>\n<td style=\"text-align: center;\" width=\"135\">Contagem e acompanhamento de visualiza\u00e7\u00f5es de p\u00e1ginas<\/td>\n<td style=\"text-align: center;\" width=\"135\">Google Analytics<\/td>\n<td style=\"text-align: center;\" width=\"135\">1 ano<\/td>\n<\/tr>\n<tr>\n<td style=\"text-align: center;\" width=\"135\">Estat\u00edsticas<\/td>\n<td style=\"text-align: center;\" width=\"136\">_ga<\/td>\n<td style=\"text-align: center;\" width=\"135\">Contagem e acompanhamento de visualiza\u00e7\u00f5es de p\u00e1ginas<\/td>\n<td style=\"text-align: center;\" width=\"135\">Google Analytics<\/td>\n<td style=\"text-align: center;\" width=\"135\">2 ano<\/td>\n<\/tr>\n<tr>\n<td style=\"text-align: center;\" width=\"135\">Funcional<\/td>\n<td style=\"text-align: center;\" width=\"136\">viewed_cookie_policy<\/td>\n<td style=\"text-align: center;\" width=\"135\">Guardar se foi apresentada uma mensagem<\/td>\n<td style=\"text-align: center;\" width=\"135\">GDPR Cookie Consent<\/td>\n<td style=\"text-align: center;\" width=\"135\">Persistente<\/td>\n<\/tr>\n<tr>\n<td style=\"text-align: center;\" width=\"135\">Marketing<\/td>\n<td style=\"text-align: center;\" width=\"136\">_gcl_au<\/td>\n<td style=\"text-align: center;\" width=\"135\">Armazenar e acompanhar conversas<\/td>\n<td style=\"text-align: center;\" width=\"135\">Google Adsense<\/td>\n<td style=\"text-align: center;\" width=\"135\">Persistente<\/td>\n<\/tr>\n<tr>\n<td style=\"text-align: center;\" width=\"135\">Marketing<\/td>\n<td style=\"text-align: center;\" width=\"136\">google_adsense_settings<\/td>\n<td style=\"text-align: center;\" width=\"135\">Ativar o servi\u00e7o de an\u00fancios ou o redireccionamento<\/td>\n<td style=\"text-align: center;\" width=\"135\">Google Adsense<\/td>\n<td style=\"text-align: center;\" width=\"135\">Persistente<\/td>\n<\/tr>\n<tr>\n<td style=\"text-align: center;\" width=\"135\">Marketing<\/td>\n<td style=\"text-align: center;\" width=\"136\">_gcl_aw<\/td>\n<td style=\"text-align: center;\" width=\"135\">Ativar o servi\u00e7o de an\u00fancios ou o redireccionamento<\/td>\n<td style=\"text-align: center;\" width=\"135\">Google Ads<\/td>\n<td style=\"text-align: center;\" width=\"135\">90 dias<\/td>\n<\/tr>\n<tr>\n<td style=\"text-align: center;\" width=\"135\">Marketing<\/td>\n<td style=\"text-align: center;\" width=\"136\">ads\/ga-audiences<\/td>\n<td style=\"text-align: center;\" width=\"135\">Armazenamento de informa\u00e7\u00f5es para fins de remarketing<\/td>\n<td style=\"text-align: center;\" width=\"135\">Google Ads<\/td>\n<td style=\"text-align: center;\" width=\"135\">Imediatamente<\/td>\n<\/tr>\n<tr>\n<td style=\"text-align: center;\" width=\"135\">Funcional<\/td>\n<td style=\"text-align: center;\" width=\"136\">wp-wpml_current_language<\/td>\n<td style=\"text-align: center;\" width=\"135\">Guardar defini\u00e7\u00f5es de idioma<\/td>\n<td style=\"text-align: center;\" width=\"135\">WPML<\/td>\n<td style=\"text-align: center;\" width=\"135\">1 dia<\/td>\n<\/tr>\n<tr>\n<td style=\"text-align: center;\" width=\"135\">Marketing<\/td>\n<td style=\"text-align: center;\" width=\"136\">Google Maps API<\/td>\n<td style=\"text-align: center;\" width=\"135\">Pedir o endere\u00e7o IP do utilizador<\/td>\n<td style=\"text-align: center;\" width=\"135\">Google Maps<\/td>\n<td style=\"text-align: center;\" width=\"135\">Imediatamente<\/td>\n<\/tr>\n<\/tbody>\n<\/table>\n<h2><\/h2>\n<h2><strong>O que posso fazer com os biscoitos?<\/strong><\/h2>\n<p>Cuando accedes por primera vez a nuestra p\u00e1gina web, se te muestra una ventana en la que te informamos que las cookies pueden ser de varios tipos:<\/p>\n<ul>\n<li>Os cookies t\u00e9cnicos s\u00e3o necess\u00e1rios para o funcionamento do nosso s\u00edtio Web, n\u00e3o requerem a sua autoriza\u00e7\u00e3o e s\u00e3o os \u00fanicos que temos activados por defeito.<\/li>\n<li>Os outros cookies s\u00e3o utilizados para melhorar o nosso s\u00edtio Web, para o personalizar com base nas suas prefer\u00eancias ou para lhe poder mostrar publicidade adaptada \u00e0s suas pesquisas, gostos e interesses pessoais. Pode aceitar todos estes cookies clicando no bot\u00e3o <strong>ACEITAR<\/strong>, rejeit\u00e1-los clicando no bot\u00e3o <strong>REJEITAR<\/strong> ou configur\u00e1-los clicando na sec\u00e7\u00e3o <strong>CONFIGURA\u00c7\u00c3O DE COOKIE<\/strong> <\/li>\n<\/ul>\n<p>Gostar\u00edamos tamb\u00e9m de informar que, uma vez ativado qualquer tipo de cookies, pode desactiv\u00e1-los sempre que desejar, bastando para isso desmarcar a caixa correspondente na sec\u00e7\u00e3o <strong>CONFIGURA\u00c7\u00c3O DE COOKIES <\/strong>do nosso s\u00edtio Web. Ser\u00e1 sempre t\u00e3o f\u00e1cil para si ativar os nossos pr\u00f3prios cookies como desactiv\u00e1-los. Recordamos tamb\u00e9m que, atrav\u00e9s da configura\u00e7\u00e3o do seu navegador, pode bloquear ou alertar para a presen\u00e7a de cookies, embora este bloqueio possa afetar o correto funcionamento das diferentes funcionalidades do nosso s\u00edtio Web no caso dos cookies t\u00e9cnicos necess\u00e1rios. Por \u00faltimo, se ativar <strong>cookies de terceiros<\/strong> (empresas externas que prestam servi\u00e7os ao nosso s\u00edtio Web) e, posteriormente, pretender desactiv\u00e1-los, pode faz\u00ea-lo de duas formas: utilizando as ferramentas de desativa\u00e7\u00e3o de cookies do seu navegador ou atrav\u00e9s dos sistemas criados por estes fornecedores externos. Para facilitar a sua vida, apresentamos abaixo uma s\u00e9rie de liga\u00e7\u00f5es para as diretrizes de desativa\u00e7\u00e3o de cookies nos navegadores mais utilizados: <\/p>\n<ul>\n<li data-stringify-indent=\"0\" data-stringify-border=\"0\"><a class=\"c-link\" href=\"https:\/\/support.google.com\/accounts\/answer\/61416\" target=\"_blank\" rel=\"noopener noreferrer\" data-stringify-link=\"https:\/\/support.google.com\/accounts\/answer\/61416\" data-sk=\"tooltip_parent\">Google Chrome<\/a><\/li>\n<li data-stringify-indent=\"0\" data-stringify-border=\"0\"><a class=\"c-link\" href=\"https:\/\/support.mozilla.org\/es\/kb\/Borrar%20cookies\" target=\"_blank\" rel=\"noopener noreferrer\" data-stringify-link=\"https:\/\/support.mozilla.org\/es\/kb\/Borrar%20cookies\" data-sk=\"tooltip_parent\">Mozilla Firefox<\/a><\/li>\n<li data-stringify-indent=\"0\" data-stringify-border=\"0\"><a class=\"c-link\" href=\"https:\/\/support.apple.com\/es-es\/guide\/safari\/sfri11471\/mac\" target=\"_blank\" rel=\"noopener noreferrer\" data-stringify-link=\"https:\/\/support.apple.com\/es-es\/guide\/safari\/sfri11471\/mac\" data-sk=\"tooltip_parent\">Safari<\/a><\/li>\n<li data-stringify-indent=\"0\" data-stringify-border=\"0\"><a class=\"c-link\" href=\"https:\/\/support.apple.com\/es-es\/HT201265\" target=\"_blank\" rel=\"noopener noreferrer\" data-stringify-link=\"https:\/\/support.apple.com\/es-es\/HT201265\" data-sk=\"tooltip_parent\">Safari para IOS (iPhone e iPad)<\/a><\/li>\n<li><a href=\"https:\/\/support.microsoft.com\/es-es\/microsoft-edge\/eliminar-las-cookies-en-microsoft-edge-63947406-40ac-c3b8-57b9-2a946a29ae09\" target=\"_blank\" rel=\"noopener\">Edge<\/a><\/li>\n<\/ul>\n<p>Do mesmo modo, indicamos as liga\u00e7\u00f5es para os sistemas activados por cada um dos fornecedores externos acima mencionados para a desativa\u00e7\u00e3o dos seus cookies:<\/p>\n<p><a href=\"http:\/\/www.google.com\/intl\/es\/policies\/privacy\/\" target=\"_blank\" rel=\"noopener\">http:\/\/www.google.com\/intl\/es\/policies\/privacy\/<\/a><\/p>\n","protected":false},"excerpt":{"rendered":"<p>Bem-vindo \u00e0 POL\u00cdTICA DE COOKIES do site da INNOVAE GROUP S.L., com o n\u00famero de identifica\u00e7\u00e3o fiscal B95745592, onde explicaremos em linguagem clara e simples todas as quest\u00f5es necess\u00e1rias para que possa ter controlo sobre elas com base nas suas decis\u00f5es pessoais. O que s\u00e3o cookies e para que \u00e9 que os utilizamos? Um cookie [&hellip;]<\/p>\n","protected":false},"author":2,"featured_media":0,"parent":0,"menu_order":0,"comment_status":"closed","ping_status":"closed","template":"page-full-width.php","meta":{"content-type":"","_FSMCFIC_featured_image_caption":"","_FSMCFIC_featured_image_nocaption":"","_FSMCFIC_featured_image_hide":"","footnotes":""},"class_list":["post-91038","page","type-page","status-publish","hentry"],"acf":[],"_links":{"self":[{"href":"https:\/\/www.innovae.com\/pt-pt\/wp-json\/wp\/v2\/pages\/91038","targetHints":{"allow":["GET"]}}],"collection":[{"href":"https:\/\/www.innovae.com\/pt-pt\/wp-json\/wp\/v2\/pages"}],"about":[{"href":"https:\/\/www.innovae.com\/pt-pt\/wp-json\/wp\/v2\/types\/page"}],"author":[{"embeddable":true,"href":"https:\/\/www.innovae.com\/pt-pt\/wp-json\/wp\/v2\/users\/2"}],"replies":[{"embeddable":true,"href":"https:\/\/www.innovae.com\/pt-pt\/wp-json\/wp\/v2\/comments?post=91038"}],"version-history":[{"count":0,"href":"https:\/\/www.innovae.com\/pt-pt\/wp-json\/wp\/v2\/pages\/91038\/revisions"}],"wp:attachment":[{"href":"https:\/\/www.innovae.com\/pt-pt\/wp-json\/wp\/v2\/media?parent=91038"}],"curies":[{"name":"wp","href":"https:\/\/api.w.org\/{rel}","templated":true}]}}