{"id":91035,"date":"2024-10-11T08:39:53","date_gmt":"2024-10-11T06:39:53","guid":{"rendered":"https:\/\/www.innovae.com\/compromisso-de-protecao-dos-dados-pessoais\/"},"modified":"2025-07-03T14:13:26","modified_gmt":"2025-07-03T12:13:26","slug":"compromisso-de-protecao-dos-dados-pessoais","status":"publish","type":"page","link":"https:\/\/www.innovae.com\/pt-pt\/compromisso-de-protecao-dos-dados-pessoais\/","title":{"rendered":"Compromisso de prote\u00e7\u00e3o dos dados pessoais"},"content":{"rendered":"<div class=\"wpb-content-wrapper\"><p>[vc_row type=&#8221;container&#8221; padding_top=&#8221;&#8221; padding_bottom=&#8221;&#8221; css=&#8221;.vc_custom_1701084495641{padding-top: 50px !important;}&#8221;][vc_column][vc_custom_heading text=&#8221;O nosso compromisso em mat\u00e9ria de prote\u00e7\u00e3o de dados pessoais: \u201cPessoas informadas e dados protegidos\u201d.&#8221; font_container=&#8221;tag:h2|font_size:32px|text_align:center|color:%23d50057|line_height:36px&#8221; google_fonts=&#8221;font_family:Lato%3A100%2C100italic%2C300%2C300italic%2Cregular%2Citalic%2C700%2C700italic%2C900%2C900italic|font_style:700%20bold%20regular%3A700%3Anormal&#8221;][vc_column_text css=&#8221;.vc_custom_1701093711160{margin-top: 50px !important;}&#8221;]<\/p>\n<p style=\"text-align: justify;\"><span style=\"color: #403c5f;\">A Dire\u00e7\u00e3o \/ \u00d3rg\u00e3o Diretivo da<strong> INNOVAE GROUP S.L. <\/strong>(doravante, o Controlador de Dados), assume a m\u00e1xima responsabilidade e compromisso com o estabelecimento, implementa\u00e7\u00e3o e manuten\u00e7\u00e3o desta Pol\u00edtica de Prote\u00e7\u00e3o de Dados, garantindo a melhoria cont\u00ednua do Controlador de Dados com o objetivo de alcan\u00e7ar a excel\u00eancia em rela\u00e7\u00e3o ao cumprimento do Regulamento (UE) 2016\/679 do Parlamento Europeu e do Conselho de 27 de abril de 2016, relativo \u00e0 prote\u00e7\u00e3o das pessoas singulares no que diz respeito ao tratamento de dados pessoais e \u00e0 livre circula\u00e7\u00e3o desses dados e que revoga a Diretiva 95\/46\/CE (Regulamento Geral sobre a Prote\u00e7\u00e3o de Dados) (JOUE L 119\/1, 04-05-2016), e a regulamenta\u00e7\u00e3o espanhola em mat\u00e9ria de prote\u00e7\u00e3o de dados pessoais (Lei Org\u00e2nica, legisla\u00e7\u00e3o setorial espec\u00edfica e respectivas normas de execu\u00e7\u00e3o). <\/span><\/p>\n<p style=\"text-align: justify;\"><span style=\"color: #403c5f;\">A Pol\u00edtica de Prote\u00e7\u00e3o de Dados da <strong>INNOVAE GROUP S.L.<\/strong> baseia-se no <span style=\"text-decoration: underline;\">princ\u00edpio da responsabilidade pr\u00f3-ativa<\/span>, segundo o qual o respons\u00e1vel pelo tratamento de dados \u00e9 respons\u00e1vel pelo cumprimento do quadro regulamentar e jurisprudencial que rege a referida Pol\u00edtica, sendo capaz de o demonstrar \u00e0s autoridades de controlo competentes.<\/span><\/p>\n<p style=\"text-align: justify;\"><span style=\"color: #403c5f;\">A este respeito, o respons\u00e1vel pelo tratamento rege-se pelos seguintes princ\u00edpios, que devem servir de guia e de quadro de refer\u00eancia para todo o seu pessoal no tratamento de dados pessoais:<\/span><\/p>\n<p>[\/vc_column_text][vc_column_text]<\/p>\n<ol>\n<li><span style=\"color: #403c5f;\"><span style=\"text-decoration: underline;\">Prote\u00e7\u00e3o de dados desde a conce\u00e7\u00e3o<\/span>: o respons\u00e1vel pelo tratamento deve aplicar, tanto no momento da determina\u00e7\u00e3o dos meios de tratamento como no momento do pr\u00f3prio tratamento, medidas t\u00e9cnicas e organizativas adequadas, como a pseudonimiza\u00e7\u00e3o, destinadas a aplicar eficazmente os princ\u00edpios da prote\u00e7\u00e3o de dados, como a minimiza\u00e7\u00e3o dos dados, e a integrar as garantias necess\u00e1rias no tratamento.<\/span><\/li>\n<li><span style=\"color: #403c5f;\"><span style=\"text-decoration: underline;\">Prote\u00e7\u00e3o de dados por defeito<\/span>: o respons\u00e1vel pelo tratamento aplica medidas t\u00e9cnicas e organizativas adequadas para assegurar que, por defeito, s\u00f3 sejam tratados os dados pessoais necess\u00e1rios para cada uma das finalidades espec\u00edficas do tratamento.<\/span><\/li>\n<li><span style=\"color: #403c5f;\"><span style=\"text-decoration: underline;\">Prote\u00e7\u00e3o dos dados no ciclo de vida da informa\u00e7\u00e3o<\/span>: as medidas que asseguram a prote\u00e7\u00e3o dos dados pessoais s\u00e3o aplic\u00e1veis ao longo de todo o ciclo de vida da informa\u00e7\u00e3o.<\/span><\/li>\n<li><span style=\"color: #403c5f;\"><span style=\"text-decoration: underline;\">Legalidade, equidade e transpar\u00eancia<\/span>: os dados pessoais devem ser tratados de forma legal, equitativa e transparente em rela\u00e7\u00e3o \u00e0 pessoa em causa.<\/span><\/li>\n<li><span style=\"color: #403c5f;\"><span style=\"text-decoration: underline;\">Limita\u00e7\u00e3o da finalidade<\/span>: os dados pessoais ser\u00e3o recolhidos para fins espec\u00edficos, expl\u00edcitos e leg\u00edtimos e n\u00e3o ser\u00e3o posteriormente tratados de forma incompat\u00edvel com esses fins.<\/span><\/li>\n<li><span style=\"color: #403c5f;\"><span style=\"text-decoration: underline;\">Minimiza\u00e7\u00e3o dos dados<\/span>: os dados pessoais devem ser adequados, pertinentes e limitados ao que \u00e9 necess\u00e1rio para os fins para que s\u00e3o tratados.<\/span><\/li>\n<li><span style=\"color: #403c5f;\"><span style=\"text-decoration: underline;\">Exatid\u00e3o<\/span>: os dados pessoais devem ser exactos e, se necess\u00e1rio, actualizados; devem ser tomadas todas as medidas razo\u00e1veis para assegurar que os dados pessoais inexactos relativamente \u00e0s finalidades para que s\u00e3o tratados sejam apagados ou rectificados sem demora.<\/span><\/li>\n<li><span style=\"color: #403c5f;\"><span style=\"text-decoration: underline;\">Limita\u00e7\u00e3o do per\u00edodo de conserva\u00e7\u00e3o<\/span>: os dados pessoais s\u00e3o conservados de forma a permitir a identifica\u00e7\u00e3o das pessoas em causa apenas durante o per\u00edodo necess\u00e1rio para a prossecu\u00e7\u00e3o das finalidades para que s\u00e3o tratados.<\/span><\/li>\n<li><span style=\"color: #403c5f;\"><span style=\"text-decoration: underline;\">Integridade e confidencialidade<\/span>: os dados pessoais s\u00e3o tratados de forma a garantir a sua seguran\u00e7a adequada, incluindo a prote\u00e7\u00e3o contra o seu tratamento n\u00e3o autorizado ou il\u00edcito e contra a sua perda, destrui\u00e7\u00e3o ou danifica\u00e7\u00e3o acidental, atrav\u00e9s da aplica\u00e7\u00e3o de medidas t\u00e9cnicas ou organizativas adequadas.<\/span><\/li>\n<li><span style=\"color: #403c5f;\"><span style=\"text-decoration: underline;\">Informa\u00e7\u00e3o e forma\u00e7\u00e3o<\/span>: uma das chaves para garantir a prote\u00e7\u00e3o dos dados pessoais \u00e9 a forma\u00e7\u00e3o e a informa\u00e7\u00e3o prestada ao pessoal envolvido no tratamento de dados pessoais. Durante o ciclo de vida da informa\u00e7\u00e3o, todo o pessoal com acesso aos dados deve ser devidamente formado e informado sobre as suas obriga\u00e7\u00f5es em mat\u00e9ria de cumprimento da regulamenta\u00e7\u00e3o relativa \u00e0 prote\u00e7\u00e3o de dados. <\/span><\/li>\n<\/ol>\n<p>[\/vc_column_text][vc_column_text]<\/p>\n<p style=\"text-align: justify;\"><span style=\"color: #403c5f;\">A pol\u00edtica de prote\u00e7\u00e3o de dados da <strong>INNOVAE GROUP S.L.<\/strong> \u00e9 comunicada a todo o pessoal do respons\u00e1vel pelo tratamento de dados e disponibilizada a todas as partes interessadas.<\/span><\/p>\n<p style=\"text-align: justify;\"><span style=\"color: #403c5f;\">En su consecuencia, la presente Pol\u00edtica de Protecci\u00f3n de Datos involucra a todo el personal del responsable del tratamiento, que debe conocerla y asumirla, consider\u00e1ndola como propia, siendo cada miembro responsable de aplicarla y de verificar las normas de protecci\u00f3n de datos aplicables a su actividad, as\u00ed como identificar y aportar las oportunidades de mejora que considere oportunas con el objetivo de alcanzar la excelencia en relaci\u00f3n con su cumplimiento. <\/span><\/p>\n<p style=\"text-align: justify;\"><span style=\"color: #403c5f;\">A presente Pol\u00edtica ser\u00e1 revista pela Dire\u00e7\u00e3o \/ \u00d3rg\u00e3o Diretivo da <strong>INNOVAE GROUP S.L.<\/strong>, tantas vezes quantas as necess\u00e1rias, a fim de se adaptar, em qualquer momento, \u00e0s disposi\u00e7\u00f5es em vigor em mat\u00e9ria de prote\u00e7\u00e3o de dados pessoais.<\/span><\/p>\n<p>[\/vc_column_text][\/vc_column][\/vc_row]<\/p>\n<\/div>","protected":false},"excerpt":{"rendered":"<p>[vc_row type=&#8221;container&#8221; padding_top=&#8221;&#8221; padding_bottom=&#8221;&#8221; css=&#8221;.vc_custom_1701084495641{padding-top: 50px !important;}&#8221;][vc_column][vc_custom_heading text=&#8221;O nosso compromisso em mat\u00e9ria de prote\u00e7\u00e3o de dados pessoais: \u201cPessoas informadas e dados protegidos\u201d.&#8221; font_container=&#8221;tag:h2|font_size:32px|text_align:center|color:%23d50057|line_height:36px&#8221; google_fonts=&#8221;font_family:Lato%3A100%2C100italic%2C300%2C300italic%2Cregular%2Citalic%2C700%2C700italic%2C900%2C900italic|font_style:700%20bold%20regular%3A700%3Anormal&#8221;][vc_column_text css=&#8221;.vc_custom_1701093711160{margin-top: 50px !important;}&#8221;] A Dire\u00e7\u00e3o \/ \u00d3rg\u00e3o Diretivo da INNOVAE GROUP S.L. (doravante, o Controlador de Dados), assume a m\u00e1xima responsabilidade e compromisso com o estabelecimento, implementa\u00e7\u00e3o e manuten\u00e7\u00e3o desta Pol\u00edtica [&hellip;]<\/p>\n","protected":false},"author":2,"featured_media":0,"parent":0,"menu_order":0,"comment_status":"closed","ping_status":"closed","template":"page-full-width.php","meta":{"content-type":"","_FSMCFIC_featured_image_caption":"","_FSMCFIC_featured_image_nocaption":"","_FSMCFIC_featured_image_hide":"","footnotes":""},"class_list":["post-91035","page","type-page","status-publish","hentry"],"acf":[],"_links":{"self":[{"href":"https:\/\/www.innovae.com\/pt-pt\/wp-json\/wp\/v2\/pages\/91035","targetHints":{"allow":["GET"]}}],"collection":[{"href":"https:\/\/www.innovae.com\/pt-pt\/wp-json\/wp\/v2\/pages"}],"about":[{"href":"https:\/\/www.innovae.com\/pt-pt\/wp-json\/wp\/v2\/types\/page"}],"author":[{"embeddable":true,"href":"https:\/\/www.innovae.com\/pt-pt\/wp-json\/wp\/v2\/users\/2"}],"replies":[{"embeddable":true,"href":"https:\/\/www.innovae.com\/pt-pt\/wp-json\/wp\/v2\/comments?post=91035"}],"version-history":[{"count":4,"href":"https:\/\/www.innovae.com\/pt-pt\/wp-json\/wp\/v2\/pages\/91035\/revisions"}],"predecessor-version":[{"id":95045,"href":"https:\/\/www.innovae.com\/pt-pt\/wp-json\/wp\/v2\/pages\/91035\/revisions\/95045"}],"wp:attachment":[{"href":"https:\/\/www.innovae.com\/pt-pt\/wp-json\/wp\/v2\/media?parent=91035"}],"curies":[{"name":"wp","href":"https:\/\/api.w.org\/{rel}","templated":true}]}}