{"id":90896,"date":"2022-11-28T13:49:28","date_gmt":"2022-11-28T11:49:28","guid":{"rendered":"https:\/\/www.innovae.com\/educacao\/"},"modified":"2025-09-02T12:26:40","modified_gmt":"2025-09-02T10:26:40","slug":"instituicoes-de-ensino","status":"publish","type":"page","link":"https:\/\/www.innovae.com\/pt-pt\/instituicoes-de-ensino\/","title":{"rendered":"Educa\u00e7\u00e3o"},"content":{"rendered":"<div class=\"wpb-content-wrapper\"><p>[vc_row full_width=&#8221;stretch_row&#8221; type=&#8221;container&#8221; padding_top=&#8221;&#8221; padding_bottom=&#8221;&#8221; css=&#8221;.vc_custom_1734333190598{margin-top: 0px !important;padding-top: 100px !important;padding-bottom: 100px !important;background-image: url(https:\/\/www.innovae.com\/wp-content\/uploads\/2023\/05\/Cabecera-educacions.jpg?id=89992) !important;background-position: center !important;background-repeat: no-repeat !important;background-size: cover !important;}&#8221;][vc_column][vc_custom_heading text=&#8221;Centros de Ensino&#8221; font_container=&#8221;tag:h1|font_size:60px|text_align:center|color:%23ffffff|line_height:60px&#8221; google_fonts=&#8221;font_family:Lato%3A100%2C100italic%2C300%2C300italic%2Cregular%2Citalic%2C700%2C700italic%2C900%2C900italic|font_style:700%20bold%20regular%3A700%3Anormal&#8221; css_animation=&#8221;fadeInDown&#8221; css=&#8221;&#8221;][vc_empty_space][vc_custom_heading text=&#8221;Tecnologias que permitem implementar novas formas de aprendizagem&#8221; font_container=&#8221;tag:p|font_size:26px|text_align:center|color:%23ffffff&#8221; google_fonts=&#8221;font_family:Lato%3A100%2C100italic%2C300%2C300italic%2Cregular%2Citalic%2C700%2C700italic%2C900%2C900italic|font_style:400%20regular%3A400%3Anormal&#8221; css_animation=&#8221;fadeInUp&#8221; css=&#8221;&#8221;][\/vc_column][\/vc_row][vc_row type=&#8221;container&#8221; padding_top=&#8221;&#8221; padding_bottom=&#8221;&#8221; css=&#8221;.vc_custom_1646835649493{padding-top: 20px !important;}&#8221;][vc_column][vc_column_text css=&#8221;.vc_custom_1756808793854{margin-top: 20px !important;}&#8221;]<\/p>\n<p style=\"color: #403c5f; text-align: center; font-size: 28px; line-height: 36px;\">Aplicamos a Realidade Aumentada e a Realidade Virtual para melhorar a forma\u00e7\u00e3o e aumentar a motiva\u00e7\u00e3o dos alunos.<\/p>\n<p>[\/vc_column_text][vc_separator color=&#8221;#d1005c&#8221; border_width=&#8221;2&#8243; type=&#8221;small&#8221; position=&#8221;center&#8221; thickness=&#8221;3&#8243; up=&#8221;&#8221; down=&#8221;&#8221;][vc_column_text css=&#8221;.vc_custom_1745833754235{padding-top: 50px !important;padding-bottom: 50px !important;}&#8221;]<\/p>\n<p style=\"color: #403c5f; font-size: 20px; line-height: 26px; text-align: center;\">A Realidade Virtual e a Realidade Aumentada (Realidade Alargada) est\u00e3o a ter uma grande difus\u00e3o no sector educativo, gra\u00e7as aos excelentes resultados e ao valor que estas tecnologias trazem aos processos educativos.<\/p>\n<p style=\"color: #403c5f; font-size: 20px; line-height: 26px; text-align: center;\">A simula\u00e7\u00e3o virtual de todo o tipo de pr\u00e1ticas e conte\u00fados permite aprender de uma forma divertida e eficaz.<\/p>\n<p>[\/vc_column_text][\/vc_column][\/vc_row][vc_row full_width=&#8221;stretch_row&#8221; type=&#8221;container&#8221; padding_top=&#8221;&#8221; padding_bottom=&#8221;&#8221; css=&#8221;.vc_custom_1745833653698{padding-top: 40px !important;padding-bottom: 100px !important;}&#8221;][vc_column width=&#8221;1\/2&#8243;][vc_single_image image=&#8221;84916&#8243; img_size=&#8221;full&#8221; css_animation=&#8221;fadeIn&#8221;][\/vc_column][vc_column width=&#8221;1\/2&#8243;][vc_custom_heading text=&#8221;Vantagens da Realidade Virtual e Aumentada na educa\u00e7\u00e3o&#8221; font_container=&#8221;tag:h2|font_size:46px|text_align:left|color:%23403c5f|line_height:46px&#8221; google_fonts=&#8221;font_family:Lato%3A100%2C100italic%2C300%2C300italic%2Cregular%2Citalic%2C700%2C700italic%2C900%2C900italic|font_style:900%20bold%20regular%3A900%3Anormal&#8221; css_animation=&#8221;fadeInRight&#8221; css=&#8221;.vc_custom_1752482619181{margin-bottom: 20px !important;}&#8221;][mvc_infobox info_style=&#8221;mega_info_box_2&#8243; info_opt=&#8221;show_icon&#8221; icon_size=&#8221;30&#8243; icon_height=&#8221;30&#8243; line_height=&#8221;0&#8243; title_color=&#8221;&#8221; font_icon=&#8221;fas fa-check-circle&#8221; icon_color=&#8221;#d50057&#8243; title_size=&#8221;0&#8243; css=&#8221;.vc_custom_1734341163559{margin-bottom: -40px !important;}&#8221;]<\/p>\n<p style=\"color: #403c5f; font-size: 20px; line-height: 26px; text-align: left;\">Permiten un aprendizaje mucho <strong>m\u00e1s r\u00e1pido y m\u00e1s profundo<\/strong> que los sistemas tradicionales ya que el grado de motivaci\u00f3n y aceptaci\u00f3n es mucho mayor.<\/p>\n<p>[\/mvc_infobox][mvc_infobox info_style=&#8221;mega_info_box_2&#8243; info_opt=&#8221;show_icon&#8221; icon_size=&#8221;30&#8243; icon_height=&#8221;30&#8243; line_height=&#8221;0&#8243; title_color=&#8221;#000000&#8243; font_icon=&#8221;fas fa-check-circle&#8221; icon_color=&#8221;#d50057&#8243; title_size=&#8221;0&#8243; css=&#8221;.vc_custom_1734340440998{margin-bottom: -40px !important;}&#8221;]<\/p>\n<p style=\"color: #403c5f; font-size: 20px; line-height: 26px; text-align: left;\">Incorporar unidades did\u00e1cticas de Realidad Virtual permiten <strong>aprendizaje activo y colaborativo<\/strong>. Learning by doing.<\/p>\n<p>[\/mvc_infobox][mvc_infobox info_style=&#8221;mega_info_box_2&#8243; info_opt=&#8221;show_icon&#8221; icon_size=&#8221;30&#8243; icon_height=&#8221;30&#8243; line_height=&#8221;0&#8243; title_color=&#8221;#000000&#8243; font_icon=&#8221;fas fa-check-circle&#8221; icon_color=&#8221;#d50057&#8243; title_size=&#8221;0&#8243; css=&#8221;.vc_custom_1734340450335{margin-bottom: -40px !important;}&#8221;]<\/p>\n<p style=\"color: #403c5f; font-size: 20px; line-height: 26px; text-align: left;\">Son perfectas para implementar <strong>unidades did\u00e1cticas de procedimientos complejos o peligrosos<\/strong> que los alumnos podr\u00e1n realizar sin peligro.<\/p>\n<p>[\/mvc_infobox][mvc_infobox info_style=&#8221;mega_info_box_2&#8243; info_opt=&#8221;show_icon&#8221; icon_size=&#8221;30&#8243; icon_height=&#8221;30&#8243; line_height=&#8221;0&#8243; title_color=&#8221;#000000&#8243; font_icon=&#8221;fas fa-check-circle&#8221; icon_color=&#8221;#d50057&#8243; title_size=&#8221;0&#8243; css=&#8221;.vc_custom_1734340458520{margin-bottom: -40px !important;}&#8221;]<\/p>\n<p style=\"color: #403c5f; font-size: 20px; line-height: 26px; text-align: left;\">Tambi\u00e9n se han mostrado muy eficaces en el <strong>desarrollo de soft skills<\/strong> como la orientaci\u00f3n laboral, gesti\u00f3n y liderazgo, atenci\u00f3n al cliente, etc.<\/p>\n<p>[\/mvc_infobox][\/vc_column][\/vc_row][vc_section full_width=&#8221;stretch_row&#8221; css_animation=&#8221;none&#8221; css=&#8221;.vc_custom_1745843163652{padding-top: 100px !important;padding-bottom: 100px !important;background-color: #20132C !important;}&#8221;][vc_row css_animation=&#8221;none&#8221; type=&#8221;container&#8221; padding_top=&#8221;&#8221; padding_bottom=&#8221;&#8221;][vc_column css_animation=&#8221;fadeInUp&#8221;][vc_single_image image=&#8221;88024&#8243; img_size=&#8221;medium&#8221; alignment=&#8221;center&#8221; onclick=&#8221;custom_link&#8221; img_link_target=&#8221;_blank&#8221; css_animation=&#8221;none&#8221; css=&#8221;.vc_custom_1745841781659{margin-bottom: 50px !important;}&#8221; link=&#8221;https:\/\/vrfp.es\/&#8221;][vc_custom_heading text=&#8221;Atrav\u00e9s da VRFP, a empresa l\u00edder no desenvolvimento de simuladores de Realidade Virtual para centros de Forma\u00e7\u00e3o Profissional, dispomos de um cat\u00e1logo de mais de 60 simuladores concebidos para uma grande variedade de temas:&#8221; font_container=&#8221;tag:p|font_size:22px|text_align:center|color:%23ffffff|line_height:28px&#8221; google_fonts=&#8221;font_family:Montserrat%3Aregular%2C700|font_style:400%20regular%3A400%3Anormal&#8221; css_animation=&#8221;none&#8221; css=&#8221;.vc_custom_1752482625486{margin-bottom: 0px !important;}&#8221;][vc_custom_heading text=&#8221;Ind\u00fastria, energia, qu\u00edmica, tecnologia e compet\u00eancias t\u00e9cnicas, servi\u00e7os p\u00fablicos e com\u00e9rcio retalhista, sa\u00fade e servi\u00e7os sociais, seguran\u00e7a e orienta\u00e7\u00e3o profissional.&#8221; font_container=&#8221;tag:p|font_size:18px|text_align:center|color:%23d50057|line_height:26px&#8221; google_fonts=&#8221;font_family:Montserrat%3Aregular%2C700|font_style:700%20bold%20regular%3A700%3Anormal&#8221; css_animation=&#8221;none&#8221; css=&#8221;&#8221;][\/vc_column][\/vc_row][vc_row css_animation=&#8221;none&#8221; type=&#8221;container&#8221; padding_top=&#8221;&#8221; padding_bottom=&#8221;&#8221; css=&#8221;.vc_custom_1745843386363{margin-top: 50px !important;}&#8221;][vc_column width=&#8221;1\/6&#8243;][\/vc_column][vc_column css_animation=&#8221;fadeInUp&#8221; width=&#8221;2\/3&#8243;][vc_video link=&#8221;https:\/\/youtu.be\/KIUUY65RIYQ&#8221; align=&#8221;center&#8221; css=&#8221;&#8221;][vc_custom_heading text=&#8221;Descubra os nossos simuladores de forma\u00e7\u00e3o em Realidade Virtual&#8221; font_container=&#8221;tag:p|font_size:28px|text_align:center|color:%23ffffff|line_height:34px&#8221; google_fonts=&#8221;font_family:Lato%3A100%2C100italic%2C300%2C300italic%2Cregular%2Citalic%2C700%2C700italic%2C900%2C900italic|font_style:400%20regular%3A400%3Anormal&#8221; css_animation=&#8221;none&#8221; css=&#8221;&#8221;][vc_btn title=&#8221;Ver Simuladores&#8221; style=&#8221;custom&#8221; custom_background=&#8221;#D50057&#8243; custom_text=&#8221;#FFFFFF&#8221; shape=&#8221;round&#8221; size=&#8221;lg&#8221; align=&#8221;center&#8221; i_align=&#8221;right&#8221; i_type=&#8221;material&#8221; i_icon_material=&#8221;vc-material vc-material-arrow_forward&#8221; css_animation=&#8221;none&#8221; css=&#8221;.vc_custom_1745835593008{margin-top: 40px !important;}&#8221; add_icon=&#8221;true&#8221; link=&#8221;url:https%3A%2F%2Fvrfp.es%2F|target:_blank|&#8221;][\/vc_column][vc_column width=&#8221;1\/6&#8243;][\/vc_column][\/vc_row][\/vc_section][vc_section full_width=&#8221;stretch_row&#8221; css=&#8221;.vc_custom_1745832781623{padding-top: 100px !important;padding-bottom: 100px !important;background-color: #f7f7f7 !important;}&#8221;][vc_row full_width=&#8221;stretch_row&#8221; css_animation=&#8221;none&#8221; type=&#8221;container&#8221; padding_top=&#8221;&#8221; padding_bottom=&#8221;&#8221; css=&#8221;.vc_custom_1745843314088{padding-top: 50px !important;}&#8221;][vc_column css_animation=&#8221;fadeInLeft&#8221; width=&#8221;1\/2&#8243;][vc_custom_heading text=&#8221;Realidade virtual na educa\u00e7\u00e3o&#8221; font_container=&#8221;tag:h2|font_size:60px|text_align:left|color:%23403c5f|line_height:60px&#8221; google_fonts=&#8221;font_family:Lato%3A100%2C100italic%2C300%2C300italic%2Cregular%2Citalic%2C700%2C700italic%2C900%2C900italic|font_style:900%20bold%20regular%3A900%3Anormal&#8221; css_animation=&#8221;none&#8221; css=&#8221;&#8221;][vc_column_text css=&#8221;&#8221;]<\/p>\n<p style=\"color: #403c5f; font-size: 18px; line-height: 24px; text-align: left;\">A Realidade Virtual consiste na imers\u00e3o total do aluno num mundo virtual. S\u00e3o necess\u00e1rios \u00f3culos especiais para desfrutar da experi\u00eancia. Esta tecnologia permite uma aprendizagem r\u00e1pida dos mais diversos procedimentos num ambiente totalmente seguro e imersivo.<\/p>\n<p style=\"color: #403c5f; font-size: 18px; line-height: 24px; text-align: left;\">O professor poder\u00e1 incorporar os simuladores de Realidade Virtual tanto no modo de aprendizagem como no modo de avalia\u00e7\u00e3o, criando assim o m\u00f3dulo de forma\u00e7\u00e3o completo.<\/p>\n<p style=\"color: #403c5f; font-size: 18px; line-height: 24px; text-align: left;\">Dispomos atualmente do maior cat\u00e1logo de simuladores de forma\u00e7\u00e3o em Espanha.<\/p>\n<p style=\"color: #403c5f; font-size: 18px; line-height: 24px; text-align: left;\">Os nossos sistemas de Realidade Virtual <a href=\"https:\/\/www.innovae.com\/pt-pt\/savi-formacao\/\">SAVI<\/a> et <a href=\"https:\/\/www.innovae.com\/pt-pt\/eravis-ambientes-virtuais-multi-utilizador\/\">ERAVIS<\/a> oferecem uma grande autonomia aos professores de uma forma f\u00e1cil e intuitiva.<\/p>\n<p>[\/vc_column_text][vc_custom_heading text=&#8221;Salas imersivas&#8221; font_container=&#8221;tag:h3|font_size:28px|text_align:left|color:%23d50057&#8243; google_fonts=&#8221;font_family:Lato%3A100%2C100italic%2C300%2C300italic%2Cregular%2Citalic%2C700%2C700italic%2C900%2C900italic|font_style:700%20bold%20regular%3A700%3Anormal&#8221; css_animation=&#8221;none&#8221; css=&#8221;&#8221;][vc_column_text css=&#8221;&#8221;]<\/p>\n<p style=\"color: #403c5f; font-size: 18px; line-height: 24px; text-align: left;\">A forma\u00e7\u00e3o em Realidade Virtual pode ser complementada pela implementa\u00e7\u00e3o de <a href=\"https:\/\/www.innovae.com\/pt-pt\/salas-imersivas\/\">salas imersivas<\/a>, onde os alunos podem realizar sess\u00f5es de forma\u00e7\u00e3o conjuntas em que podem colaborar uns com os outros.<\/p>\n<p>[\/vc_column_text][\/vc_column][vc_column css_animation=&#8221;fadeInRight&#8221; width=&#8221;1\/2&#8243;][vc_single_image image=&#8221;94359&#8243; img_size=&#8221;full&#8221; alignment=&#8221;center&#8221; style=&#8221;vc_box_rounded&#8221; css_animation=&#8221;none&#8221; css=&#8221;&#8221;][\/vc_column][\/vc_row][\/vc_section][vc_section full_width=&#8221;stretch_row&#8221; css=&#8221;.vc_custom_1745833299043{padding-top: 100px !important;padding-bottom: 100px !important;}&#8221;][vc_row css_animation=&#8221;fadeInUp&#8221; type=&#8221;container&#8221; padding_top=&#8221;&#8221; padding_bottom=&#8221;&#8221;][vc_column css_animation=&#8221;fadeInLeft&#8221; width=&#8221;1\/2&#8243;][vc_single_image image=&#8221;94365&#8243; img_size=&#8221;full&#8221; alignment=&#8221;center&#8221; css_animation=&#8221;none&#8221; css=&#8221;&#8221;][\/vc_column][vc_column css_animation=&#8221;fadeInRight&#8221; width=&#8221;1\/2&#8243;][vc_custom_heading text=&#8221;Realidade Aumentada no sector da educa\u00e7\u00e3o&#8221; font_container=&#8221;tag:h2|font_size:60px|text_align:left|color:%23403c5f|line_height:60px&#8221; google_fonts=&#8221;font_family:Lato%3A100%2C100italic%2C300%2C300italic%2Cregular%2Citalic%2C700%2C700italic%2C900%2C900italic|font_style:900%20bold%20regular%3A900%3Anormal&#8221; css_animation=&#8221;none&#8221; css=&#8221;&#8221;][vc_column_text css=&#8221;&#8221;]<\/p>\n<p style=\"color: #403c5f; font-size: 18px; line-height: 24px; text-align: left;\">A Realidade Aumentada \u00e9 a integra\u00e7\u00e3o de elementos gr\u00e1ficos no mundo real. Desta forma, o aluno pode ver, atrav\u00e9s de \u00f3culos, de um dispositivo m\u00f3vel ou de um tablet, instru\u00e7\u00f5es ou informa\u00e7\u00f5es relacionadas com processos complexos.<\/p>\n<p style=\"color: #403c5f; font-size: 18px; line-height: 24px; text-align: left;\">Gra\u00e7as aos nossos produtos de Realidade Aumentada, estes processos podem ser guardados e aperfei\u00e7oados, criando manuais virtuais interactivos aut\u00f3nomos de grande valor pedag\u00f3gico que o aluno pode seguir \u00e0 medida que avan\u00e7a nos processos.<\/p>\n<p>[\/vc_column_text][vc_custom_heading text=&#8221;Realidade Mista&#8221; font_container=&#8221;tag:h3|font_size:28px|text_align:left|color:%23d50057&#8243; google_fonts=&#8221;font_family:Lato%3A100%2C100italic%2C300%2C300italic%2Cregular%2Citalic%2C700%2C700italic%2C900%2C900italic|font_style:700%20bold%20regular%3A700%3Anormal&#8221; css_animation=&#8221;none&#8221; css=&#8221;&#8221;][vc_column_text css=&#8221;&#8221;]<\/p>\n<p style=\"color: #403c5f; font-size: 18px; line-height: 22px; text-align: left;\">A Realidade Mista integra elementos virtuais com o mundo real, mas tamb\u00e9m tem a capacidade de reconhecer o espa\u00e7o circundante e sobrepor elementos 3D ou multim\u00e9dia.<\/p>\n<p style=\"color: #403c5f; font-size: 18px; line-height: 22px; text-align: left;\">Com o nosso sistema de Realidade Mista <a href=\"https:\/\/www.innovae.com\/pt-pt\/saam-digitalizacao\/\"><strong>SAAM,<\/strong><\/a> o aluno poder\u00e1 seguir as instru\u00e7\u00f5es das etapas a seguir integradas no ambiente f\u00edsico.<\/p>\n<p>[\/vc_column_text][\/vc_column][\/vc_row][\/vc_section][vc_row full_width=&#8221;stretch_row&#8221; type=&#8221;container&#8221; padding_top=&#8221;&#8221; padding_bottom=&#8221;&#8221; css=&#8221;.vc_custom_1669643127142{margin-bottom: -50px !important;padding-top: 50px !important;padding-bottom: 50px !important;background-color: #c20056 !important;}&#8221;][vc_column][vc_custom_heading text=&#8221;Interessado em saber mais sobre a aplica\u00e7\u00e3o da tecnologia ao seu centro de forma\u00e7\u00e3o?&#8221; font_container=&#8221;tag:h2|font_size:30px|text_align:center|color:%23ffffff&#8221; google_fonts=&#8221;font_family:Lato%3A100%2C100italic%2C300%2C300italic%2Cregular%2Citalic%2C700%2C700italic%2C900%2C900italic|font_style:700%20bold%20regular%3A700%3Anormal&#8221;][vc_column_text]<\/p>\n<p style=\"text-align: center;\"><span style=\"color: #ffffff;\">Se quiser saber mais sobre a forma como a Realidade Aumentada e a Realidade Virtual podem ser aplicadas \u00e0 educa\u00e7\u00e3o, teremos todo o gosto em ajud\u00e1-lo.<\/span><\/p>\n<p>[\/vc_column_text][vc_btn title=&#8221;CONTACTE-NOS&#8221; style=&#8221;gradient-custom&#8221; gradient_custom_color_1=&#8221;rgba(255,255,255,0.17)&#8221; gradient_custom_color_2=&#8221;rgba(255,255,255,0.38)&#8221; shape=&#8221;round&#8221; size=&#8221;lg&#8221; align=&#8221;center&#8221; css_animation=&#8221;none&#8221; css=&#8221;&#8221; link=&#8221;url:https%3A%2F%2Fwww.innovae.com%2Fpt-pt%2Fcontacto%2F|target:%20_blank|&#8221;][\/vc_column][\/vc_row]<\/p>\n<\/div>","protected":false},"excerpt":{"rendered":"<p>[vc_row full_width=&#8221;stretch_row&#8221; type=&#8221;container&#8221; padding_top=&#8221;&#8221; padding_bottom=&#8221;&#8221; css=&#8221;.vc_custom_1734333190598{margin-top: 0px !important;padding-top: 100px !important;padding-bottom: 100px !important;background-image: url(https:\/\/www.innovae.com\/wp-content\/uploads\/2023\/05\/Cabecera-educacions.jpg?id=89992) !important;background-position: center !important;background-repeat: no-repeat !important;background-size: cover !important;}&#8221;][vc_column][vc_custom_heading text=&#8221;Centros de Ensino&#8221; font_container=&#8221;tag:h1|font_size:60px|text_align:center|color:%23ffffff|line_height:60px&#8221; google_fonts=&#8221;font_family:Lato%3A100%2C100italic%2C300%2C300italic%2Cregular%2Citalic%2C700%2C700italic%2C900%2C900italic|font_style:700%20bold%20regular%3A700%3Anormal&#8221; css_animation=&#8221;fadeInDown&#8221; css=&#8221;&#8221;][vc_empty_space][vc_custom_heading text=&#8221;Tecnologias que permitem implementar novas formas de aprendizagem&#8221; font_container=&#8221;tag:p|font_size:26px|text_align:center|color:%23ffffff&#8221; google_fonts=&#8221;font_family:Lato%3A100%2C100italic%2C300%2C300italic%2Cregular%2Citalic%2C700%2C700italic%2C900%2C900italic|font_style:400%20regular%3A400%3Anormal&#8221; css_animation=&#8221;fadeInUp&#8221; css=&#8221;&#8221;][\/vc_column][\/vc_row][vc_row type=&#8221;container&#8221; padding_top=&#8221;&#8221; padding_bottom=&#8221;&#8221; css=&#8221;.vc_custom_1646835649493{padding-top: 20px !important;}&#8221;][vc_column][vc_column_text css=&#8221;.vc_custom_1756808793854{margin-top: 20px !important;}&#8221;] Aplicamos a Realidade Aumentada e a Realidade [&hellip;]<\/p>\n","protected":false},"author":510616,"featured_media":89997,"parent":0,"menu_order":2,"comment_status":"closed","ping_status":"closed","template":"page-full-width.php","meta":{"content-type":"","_FSMCFIC_featured_image_caption":"","_FSMCFIC_featured_image_nocaption":"","_FSMCFIC_featured_image_hide":"","footnotes":""},"class_list":["post-90896","page","type-page","status-publish","has-post-thumbnail","hentry"],"acf":[],"_links":{"self":[{"href":"https:\/\/www.innovae.com\/pt-pt\/wp-json\/wp\/v2\/pages\/90896","targetHints":{"allow":["GET"]}}],"collection":[{"href":"https:\/\/www.innovae.com\/pt-pt\/wp-json\/wp\/v2\/pages"}],"about":[{"href":"https:\/\/www.innovae.com\/pt-pt\/wp-json\/wp\/v2\/types\/page"}],"author":[{"embeddable":true,"href":"https:\/\/www.innovae.com\/pt-pt\/wp-json\/wp\/v2\/users\/510616"}],"replies":[{"embeddable":true,"href":"https:\/\/www.innovae.com\/pt-pt\/wp-json\/wp\/v2\/comments?post=90896"}],"version-history":[{"count":20,"href":"https:\/\/www.innovae.com\/pt-pt\/wp-json\/wp\/v2\/pages\/90896\/revisions"}],"predecessor-version":[{"id":95904,"href":"https:\/\/www.innovae.com\/pt-pt\/wp-json\/wp\/v2\/pages\/90896\/revisions\/95904"}],"wp:featuredmedia":[{"embeddable":true,"href":"https:\/\/www.innovae.com\/pt-pt\/wp-json\/wp\/v2\/media\/89997"}],"wp:attachment":[{"href":"https:\/\/www.innovae.com\/pt-pt\/wp-json\/wp\/v2\/media?parent=90896"}],"curies":[{"name":"wp","href":"https:\/\/api.w.org\/{rel}","templated":true}]}}