{"id":90865,"date":"2024-10-09T14:49:52","date_gmt":"2024-10-09T12:49:52","guid":{"rendered":"https:\/\/www.innovae.com\/trabalhar-connosco\/"},"modified":"2025-07-04T12:22:25","modified_gmt":"2025-07-04T10:22:25","slug":"trabalhar-connosco","status":"publish","type":"page","link":"https:\/\/www.innovae.com\/pt-pt\/trabalhar-connosco\/","title":{"rendered":"Trabalhe conosco"},"content":{"rendered":"<div class=\"wpb-content-wrapper\"><p>[vc_row full_width=&#8221;stretch_row_content_no_spaces&#8221; type=&#8221;container&#8221; padding_top=&#8221;&#8221; padding_bottom=&#8221;&#8221; css=&#8221;.vc_custom_1746007631806{padding-top: 160px !important;padding-bottom: 160px !important;background: #0f0f19 url(https:\/\/www.innovae.com\/wp-content\/uploads\/2025\/04\/Cabecera-trabaja-con-nosotros.jpg?id=94405) !important;background-position: center !important;background-repeat: no-repeat !important;background-size: cover !important;}&#8221;][vc_column][vc_custom_heading text=&#8221;Trabalhe conosco&#8221; font_container=&#8221;tag:h2|font_size:50px|text_align:center|color:%23ffffff&#8221; google_fonts=&#8221;font_family:Lato%3A100%2C100italic%2C300%2C300italic%2Cregular%2Citalic%2C700%2C700italic%2C900%2C900italic|font_style:700%20bold%20regular%3A700%3Anormal&#8221; css_animation=&#8221;fadeInUp&#8221; css=&#8221;&#8221;][\/vc_column][\/vc_row][vc_section css=&#8221;.vc_custom_1585901388699{padding-top: 20px !important;padding-bottom: 20px !important;}&#8221;][vc_row type=&#8221;container&#8221; padding_top=&#8221;&#8221; padding_bottom=&#8221;&#8221;][vc_column][vc_column_text css=&#8221;&#8221;]<\/p>\n<h1 style=\"text-align: center; font-size: 28px; line-height: 32px;\">Somos uma empresa em pleno crescimento, especializada nas tecnologias mais avan\u00e7adas e com uma clara voca\u00e7\u00e3o para a inova\u00e7\u00e3o e a melhoria cont\u00ednua<\/h1>\n<p>[\/vc_column_text][vc_separator color=&#8221;#d1005c&#8221; border_width=&#8221;2&#8243; type=&#8221;small&#8221; position=&#8221;center&#8221; thickness=&#8221;3&#8243; up=&#8221;&#8221; down=&#8221;&#8221;][\/vc_column][\/vc_row][vc_row type=&#8221;container&#8221; padding_top=&#8221;&#8221; padding_bottom=&#8221;&#8221; css=&#8221;.vc_custom_1585901780062{margin-top: 50px !important;}&#8221;][vc_column][vc_column_text css=&#8221;&#8221;]<\/p>\n<h1 style=\"text-align: center; font-size: 22px; line-height: 30px;\">Estamos sempre \u00e0 procura de pessoas talentosas para se juntarem \u00e0 nossa equipa e aos nossos projetos. Na Innovae, encontrar\u00e1 um ambiente descontra\u00eddo e de trabalho em equipa, construindo o futuro com base nos valores do respeito, diversidade e excel\u00eancia.<\/h1>\n<p>[\/vc_column_text][\/vc_column][\/vc_row][vc_row type=&#8221;container&#8221; padding_top=&#8221;&#8221; padding_bottom=&#8221;&#8221; css=&#8221;.vc_custom_1585902281232{margin-top: 50px !important;}&#8221;][vc_column width=&#8221;1\/2&#8243;][mvc_infobox info_opt=&#8221;show_icon&#8221; icon_size=&#8221;50&#8243; icon_height=&#8221;100&#8243; icon_radius=&#8221;50%&#8221; border_width=&#8221;2&#8243; title_color=&#8221;#000000&#8243; font_icon=&#8221;fas fa-graduation-cap&#8221; icon_color=&#8221;#d1005c&#8221; hoverclr=&#8221;#ffffff&#8221; hoverbg=&#8221;#d1005c&#8221; border_clr=&#8221;#d1005c&#8221; title_size=&#8221;0&#8243;]<\/p>\n<p style=\"color: #d1005c; font-size: 30px; line-height: 26px; text-align: center;\"><strong>Pr\u00e1ticas<\/strong><\/p>\n<p style=\"color: #403c5f; font-size: 18px; line-height: 26px; text-align: center;\">Aprenda e trabalhe em projetos inovadores ao lado dos profissionais da Innovae. Uma oportunidade \u00fanica para integrar uma empresa com grande proje\u00e7\u00e3o internacional, conhecendo de perto as \u00faltimas tend\u00eancias em tecnologias da informa\u00e7\u00e3o.<\/p>\n<p>[\/mvc_infobox][\/vc_column][vc_column width=&#8221;1\/2&#8243;][mvc_infobox info_opt=&#8221;show_icon&#8221; icon_size=&#8221;50&#8243; icon_height=&#8221;100&#8243; icon_radius=&#8221;50%&#8221; border_width=&#8221;2&#8243; title_color=&#8221;#000000&#8243; font_icon=&#8221;fas fa-briefcase&#8221; icon_color=&#8221;#d1005c&#8221; hoverclr=&#8221;#ffffff&#8221; hoverbg=&#8221;#d1005c&#8221; border_clr=&#8221;#d1005c&#8221; title_size=&#8221;0&#8243;]<\/p>\n<p style=\"color: #d1005c; font-size: 30px; line-height: 26px; text-align: center;\"><strong>Primeiro trabalho<\/strong><\/p>\n<p style=\"color: #403c5f; font-size: 18px; line-height: 26px; text-align: center;\">Se est\u00e1 \u00e0 procura do seu primeiro emprego, oferecemos-lhe a oportunidade de orientar a sua carreira profissional para \u00e1reas de grande valor presente e futuro, de acordo com os seus interesses e motiva\u00e7\u00f5es pessoais. N\u00e3o colocamos limites ao desenvolvimento profissional que poder\u00e1 alcan\u00e7ar na Innovae, pois incentivamos o esp\u00edrito empreendedor e as iniciativas pessoais.<\/p>\n<p>[\/mvc_infobox][\/vc_column][\/vc_row][vc_row type=&#8221;container&#8221; padding_top=&#8221;&#8221; padding_bottom=&#8221;&#8221; css=&#8221;.vc_custom_1585902275228{margin-top: 50px !important;}&#8221;][vc_column][mvc_infobox info_opt=&#8221;show_icon&#8221; icon_size=&#8221;50&#8243; icon_height=&#8221;100&#8243; icon_radius=&#8221;50%&#8221; border_width=&#8221;2&#8243; title_color=&#8221;#000000&#8243; font_icon=&#8221;fas fa-medal&#8221; icon_color=&#8221;#d1005c&#8221; hoverclr=&#8221;#ffffff&#8221; hoverbg=&#8221;#d1005c&#8221; border_clr=&#8221;#d1005c&#8221; title_size=&#8221;0&#8243;]<\/p>\n<p style=\"color: #d1005c; font-size: 30px; line-height: 26px; text-align: center;\"><strong>Profissionais<\/strong><\/p>\n<p style=\"color: #403c5f; font-size: 18px; line-height: 26px; text-align: center;\">Tem experi\u00eancia em tecnologias de realidade aumentada?<\/p>\n<p style=\"color: #403c5f; font-size: 18px; line-height: 26px; text-align: center;\">Acha que os produtos baseados em realidade aumentada podem ter sucesso entre os seus contactos?<\/p>\n<p style=\"color: #403c5f; font-size: 18px; line-height: 26px; text-align: center;\">\u00c9 um empreendedor com uma ideia para levar adiante?<\/p>\n<p style=\"color: #403c5f; font-size: 18px; line-height: 26px; text-align: center;\">Entre em contacto connosco se quiser dar uma reviravolta na sua carreira profissional. Procuramos profissionais que nos ajudem a melhorar o nosso neg\u00f3cio. Participe em projetos internacionais e entre em contacto com as tecnologias mais avan\u00e7adas.<\/p>\n<p style=\"color: #403c5f; font-size: 18px; line-height: 26px; text-align: center;\">Estamos interessados em profissionais de modelagem e anima\u00e7\u00e3o, programadores Unity 3D e C# com experi\u00eancia em c\u00e2maras 3D, realidade aumentada e realidade virtual, prescritores e consultores de neg\u00f3cios.<\/p>\n<p>[\/mvc_infobox][\/vc_column][\/vc_row][\/vc_section][vc_section full_width=&#8221;stretch_row_content&#8221; css=&#8221;.vc_custom_1585903859243{margin-top: 50px !important;margin-bottom: -50px !important;padding-top: 50px !important;padding-bottom: 50px !important;background-color: #d1005c !important;}&#8221;][vc_row type=&#8221;container&#8221; padding_top=&#8221;&#8221; padding_bottom=&#8221;&#8221;][vc_column][vc_custom_heading text=&#8221;N\u00e3o pense duas vezes e envie-nos o seu Curriculum Vitae.&#8221; font_container=&#8221;tag:h2|font_size:28px|text_align:center|color:%23ffffff&#8221; google_fonts=&#8221;font_family:Montserrat%3Aregular%2C700|font_style:400%20regular%3A400%3Anormal&#8221;][vc_btn title=&#8221;ENVIAR CURR\u00cdCULO VITAE&#8221; style=&#8221;gradient-custom&#8221; gradient_custom_color_1=&#8221;rgba(255,255,255,0.17)&#8221; gradient_custom_color_2=&#8221;rgba(255,255,255,0.38)&#8221; shape=&#8221;round&#8221; size=&#8221;lg&#8221; align=&#8221;center&#8221; i_align=&#8221;right&#8221; i_icon_fontawesome=&#8221;fas fa-location-arrow&#8221; css_animation=&#8221;bounceIn&#8221; css=&#8221;.vc_custom_1707311020846{margin-top: 50px !important;}&#8221; add_icon=&#8221;true&#8221; link=&#8221;url:mailto%3Arrhh%40innovae.com|&#8221;][\/vc_column][\/vc_row][\/vc_section]<\/p>\n<\/div>","protected":false},"excerpt":{"rendered":"<p>[vc_row full_width=&#8221;stretch_row_content_no_spaces&#8221; type=&#8221;container&#8221; padding_top=&#8221;&#8221; padding_bottom=&#8221;&#8221; css=&#8221;.vc_custom_1746007631806{padding-top: 160px !important;padding-bottom: 160px !important;background: #0f0f19 url(https:\/\/www.innovae.com\/wp-content\/uploads\/2025\/04\/Cabecera-trabaja-con-nosotros.jpg?id=94405) !important;background-position: center !important;background-repeat: no-repeat !important;background-size: cover !important;}&#8221;][vc_column][vc_custom_heading text=&#8221;Trabalhe conosco&#8221; font_container=&#8221;tag:h2|font_size:50px|text_align:center|color:%23ffffff&#8221; google_fonts=&#8221;font_family:Lato%3A100%2C100italic%2C300%2C300italic%2Cregular%2Citalic%2C700%2C700italic%2C900%2C900italic|font_style:700%20bold%20regular%3A700%3Anormal&#8221; css_animation=&#8221;fadeInUp&#8221; css=&#8221;&#8221;][\/vc_column][\/vc_row][vc_section css=&#8221;.vc_custom_1585901388699{padding-top: 20px !important;padding-bottom: 20px !important;}&#8221;][vc_row type=&#8221;container&#8221; padding_top=&#8221;&#8221; padding_bottom=&#8221;&#8221;][vc_column][vc_column_text css=&#8221;&#8221;] Somos uma empresa em pleno crescimento, especializada nas tecnologias mais avan\u00e7adas e com uma clara voca\u00e7\u00e3o para a inova\u00e7\u00e3o e a [&hellip;]<\/p>\n","protected":false},"author":2,"featured_media":0,"parent":0,"menu_order":5,"comment_status":"closed","ping_status":"closed","template":"page-full-width.php","meta":{"content-type":"","_FSMCFIC_featured_image_caption":"","_FSMCFIC_featured_image_nocaption":"","_FSMCFIC_featured_image_hide":"","footnotes":""},"class_list":["post-90865","page","type-page","status-publish","hentry"],"acf":[],"_links":{"self":[{"href":"https:\/\/www.innovae.com\/pt-pt\/wp-json\/wp\/v2\/pages\/90865","targetHints":{"allow":["GET"]}}],"collection":[{"href":"https:\/\/www.innovae.com\/pt-pt\/wp-json\/wp\/v2\/pages"}],"about":[{"href":"https:\/\/www.innovae.com\/pt-pt\/wp-json\/wp\/v2\/types\/page"}],"author":[{"embeddable":true,"href":"https:\/\/www.innovae.com\/pt-pt\/wp-json\/wp\/v2\/users\/2"}],"replies":[{"embeddable":true,"href":"https:\/\/www.innovae.com\/pt-pt\/wp-json\/wp\/v2\/comments?post=90865"}],"version-history":[{"count":7,"href":"https:\/\/www.innovae.com\/pt-pt\/wp-json\/wp\/v2\/pages\/90865\/revisions"}],"predecessor-version":[{"id":95217,"href":"https:\/\/www.innovae.com\/pt-pt\/wp-json\/wp\/v2\/pages\/90865\/revisions\/95217"}],"wp:attachment":[{"href":"https:\/\/www.innovae.com\/pt-pt\/wp-json\/wp\/v2\/media?parent=90865"}],"curies":[{"name":"wp","href":"https:\/\/api.w.org\/{rel}","templated":true}]}}