{"id":90860,"date":"2024-10-09T14:36:49","date_gmt":"2024-10-09T12:36:49","guid":{"rendered":"https:\/\/www.innovae.com\/sobre-a-innovae\/"},"modified":"2025-09-11T10:47:50","modified_gmt":"2025-09-11T08:47:50","slug":"sobre-a-innovae","status":"publish","type":"page","link":"https:\/\/www.innovae.com\/pt-pt\/sobre-a-innovae\/","title":{"rendered":"Sobre a Innovae"},"content":{"rendered":"<div class=\"wpb-content-wrapper\"><p>[vc_row full_width=&#8221;stretch_row_content_no_spaces&#8221; type=&#8221;container&#8221; padding_top=&#8221;&#8221; padding_bottom=&#8221;&#8221; css=&#8221;.vc_custom_1746537451067{padding-top: 160px !important;padding-bottom: 160px !important;background-image: url(https:\/\/www.innovae.com\/wp-content\/uploads\/2023\/05\/sobre-nosotros.jpg?id=87760) !important;background-position: center !important;background-repeat: no-repeat !important;background-size: cover !important;}&#8221;][vc_column][vc_custom_heading text=&#8221;Sobre a Innovae&#8221; font_container=&#8221;tag:h1|font_size:50px|text_align:center|color:%23ffffff&#8221; google_fonts=&#8221;font_family:Lato%3A100%2C100italic%2C300%2C300italic%2Cregular%2Citalic%2C700%2C700italic%2C900%2C900italic|font_style:700%20bold%20regular%3A700%3Anormal&#8221; css_animation=&#8221;fadeInUp&#8221; css=&#8221;&#8221;][\/vc_column][\/vc_row][vc_section css=&#8221;.vc_custom_1585740292732{padding-top: 20px !important;padding-bottom: 20px !important;}&#8221;][vc_row type=&#8221;container&#8221; padding_top=&#8221;&#8221; padding_bottom=&#8221;&#8221;][vc_column][vc_column_text css=&#8221;.vc_custom_1756806318702{margin-top: 20px !important;}&#8221;]<\/p>\n<p style=\"text-align: center; color: #403c5f; font-size: 28px; line-height: 40px;\">Somos a Innovae, um grupo empresarial l\u00edder na aplica\u00e7\u00e3o de tecnologias de Realidade Aumentada e Realidade Virtual.<\/p>\n<p>[\/vc_column_text][vc_separator color=&#8221;#d1005c&#8221; border_width=&#8221;2&#8243; type=&#8221;small&#8221; position=&#8221;center&#8221; thickness=&#8221;3&#8243; up=&#8221;&#8221; down=&#8221;&#8221;][\/vc_column][\/vc_row][vc_row content_placement=&#8221;middle&#8221; type=&#8221;container&#8221; padding_top=&#8221;&#8221; padding_bottom=&#8221;&#8221; css=&#8221;.vc_custom_1745923452628{margin-top: 60px !important;padding-bottom: 40px !important;}&#8221;][vc_column][vc_column_text css=&#8221;&#8221;]<\/p>\n<p style=\"color: #403c5f; font-size: 22px; line-height: 30px; text-align: center;\">Na Innovae, temos mais de 20 anos de experi\u00eancia na oferta de solu\u00e7\u00f5es que contribuem para melhorar o desempenho dos trabalhadores do sector industrial, para melhorar os processos de forma\u00e7\u00e3o no dom\u00ednio da educa\u00e7\u00e3o e para dar criatividade tecnol\u00f3gica \u00e0s ac\u00e7\u00f5es de marketing e vendas.<\/p>\n<p style=\"color: #403c5f; font-size: 22px; line-height: 30px; text-align: center;\">Realiz\u00e1mos com \u00eaxito mais de 400 projectos numa vasta gama de sectores e \u00e1reas.<\/p>\n<p>[\/vc_column_text][\/vc_column][\/vc_row][\/vc_section][vc_section full_width=&#8221;stretch_row&#8221; css=&#8221;.vc_custom_1730986642367{padding-top: 40px !important;padding-bottom: 40px !important;background-color: #f7f7f7 !important;}&#8221;][vc_row content_placement=&#8221;middle&#8221; type=&#8221;container&#8221; padding_top=&#8221;&#8221; padding_bottom=&#8221;&#8221; css=&#8221;.vc_custom_1730814008024{margin-top: 40px !important;}&#8221;][vc_column width=&#8221;1\/4&#8243;][vc_single_image image=&#8221;92383&#8243; img_size=&#8221;150&#215;150&#8243; alignment=&#8221;center&#8221;][\/vc_column][vc_column width=&#8221;3\/4&#8243;][vc_column_text]<\/p>\n<p style=\"color: #403c5f; font-size: 18px; line-height: 26px; text-align: left;\">Atrav\u00e9s da <a href=\"https:\/\/vrfp.es\/\" target=\"_blank\" rel=\"noopener\"><strong>VRFP<\/strong><\/a>, uma empresa do grupo especializada no <strong>desenvolvimento de simuladores para a Forma\u00e7\u00e3o Profissional<\/strong>, colaboramos h\u00e1 mais de<strong> dez anos<\/strong> com numerosos agentes do mundo educativo.<\/p>\n<p style=\"color: #403c5f; font-size: 18px; line-height: 26px; text-align: left;\">Este facto, juntamente com o facto de j\u00e1<strong> trabalharmos com mais de 200 escolas<\/strong> de ensino profissional, confirma a nossa capacidade de compreender as necessidades do sector e de conceber solu\u00e7\u00f5es f\u00e1ceis de adotar e com elevado valor pedag\u00f3gico.<\/p>\n<p>[\/vc_column_text][\/vc_column][\/vc_row][\/vc_section][vc_section full_width=&#8221;stretch_row&#8221; css=&#8221;.vc_custom_1585559324351{padding-bottom: 40px !important;background-color: #d1005c !important;}&#8221;][vc_row type=&#8221;container&#8221; padding_top=&#8221;&#8221; padding_bottom=&#8221;&#8221;][vc_column css=&#8221;.vc_custom_1730813393223{margin-bottom: 0px !important;}&#8221;][vc_custom_heading text=&#8221;Os nossos clientes procuram melhorar a sua forma\u00e7\u00e3o e os seus processos empresariais atrav\u00e9s de solu\u00e7\u00f5es de ponta.&#8221; font_container=&#8221;tag:p|font_size:30px|text_align:center|color:%23ffffff|line_height:40px&#8221; google_fonts=&#8221;font_family:Lato%3A100%2C100italic%2C300%2C300italic%2Cregular%2Citalic%2C700%2C700italic%2C900%2C900italic|font_style:400%20regular%3A400%3Anormal&#8221; css_animation=&#8221;none&#8221; css=&#8221;&#8221;][\/vc_column][\/vc_row][\/vc_section][vc_section css=&#8221;.vc_custom_1745923502070{padding-bottom: 80px !important;}&#8221;][vc_row type=&#8221;container&#8221; padding_top=&#8221;&#8221; padding_bottom=&#8221;&#8221;][vc_column][vc_custom_heading text=&#8221;Os nossos valores&#8221; font_container=&#8221;tag:h2|font_size:38px|text_align:center|color:%23403c5f|line_height:46px&#8221; google_fonts=&#8221;font_family:Montserrat%3Aregular%2C700|font_style:400%20regular%3A400%3Anormal&#8221; css_animation=&#8221;none&#8221; css=&#8221;&#8221;][vc_separator color=&#8221;#d1005c&#8221; border_width=&#8221;2&#8243; type=&#8221;small&#8221; position=&#8221;center&#8221; thickness=&#8221;3&#8243; up=&#8221;&#8221; down=&#8221;&#8221;][\/vc_column][\/vc_row][vc_row type=&#8221;container&#8221; padding_top=&#8221;&#8221; padding_bottom=&#8221;&#8221; css=&#8221;.vc_custom_1585558671103{margin-top: 70px !important;}&#8221;][vc_column css_animation=&#8221;none&#8221; width=&#8221;1\/4&#8243;][mvc_infobox info_opt=&#8221;show_icon&#8221; icon_size=&#8221;50&#8243; icon_height=&#8221;100&#8243; icon_radius=&#8221;50%&#8221; border_width=&#8221;2&#8243; title_color=&#8221;#d50057&#8243; font_icon=&#8221;far fa-lightbulb&#8221; icon_color=&#8221;#d1005c&#8221; hoverclr=&#8221;#ffffff&#8221; hoverbg=&#8221;#d1005c&#8221; border_clr=&#8221;#d1005c&#8221; title_size=&#8221;0&#8243;]<\/p>\n<p style=\"color: #d1005c; font-size: 24px; line-height: 30px; text-align: center;\"><strong>Inova\u00e7\u00e3o Tecnol\u00f3gica e Criatividade<\/strong><\/p>\n<p style=\"color: #403c5f; font-size: 18px; line-height: 26px; text-align: center;\">A evolu\u00e7\u00e3o tecnol\u00f3gica e a originalidade dos nossos produtos e servi\u00e7os s\u00e3o as carater\u00edsticas essenciais da Innovae.<\/p>\n<p>[\/mvc_infobox][\/vc_column][vc_column css_animation=&#8221;none&#8221; width=&#8221;1\/4&#8243;][mvc_infobox info_opt=&#8221;show_icon&#8221; icon_size=&#8221;50&#8243; icon_height=&#8221;100&#8243; icon_radius=&#8221;50%&#8221; border_width=&#8221;2&#8243; title_color=&#8221;#000000&#8243; font_icon=&#8221;fas fa-star&#8221; icon_color=&#8221;#d1005c&#8221; hoverclr=&#8221;#ffffff&#8221; hoverbg=&#8221;#d1005c&#8221; border_clr=&#8221;#d1005c&#8221; title_size=&#8221;0&#8243;]<\/p>\n<p style=\"color: #d1005c; font-size: 24px; line-height: 30px; text-align: center; padding-top: 27px;\"><strong>Excel\u00eancia<\/strong><\/p>\n<p style=\"color: #403c5f; font-size: 18px; line-height: 26px; text-align: center; padding-top: 25px;\">Esfor\u00e7amo-nos por obter a mais alta qualidade no que fazemos para alcan\u00e7ar excelentes resultados que satisfa\u00e7am as necessidades e expectativas dos nossos clientes.<\/p>\n<p>[\/mvc_infobox][\/vc_column][vc_column css_animation=&#8221;none&#8221; width=&#8221;1\/4&#8243;][mvc_infobox info_opt=&#8221;show_icon&#8221; icon_size=&#8221;50&#8243; icon_height=&#8221;100&#8243; icon_radius=&#8221;50%&#8221; border_width=&#8221;2&#8243; title_color=&#8221;#000000&#8243; font_icon=&#8221;fas fa-users&#8221; icon_color=&#8221;#d1005c&#8221; hoverclr=&#8221;#ffffff&#8221; hoverbg=&#8221;#d1005c&#8221; border_clr=&#8221;#d1005c&#8221; title_size=&#8221;0&#8243;]<\/p>\n<p style=\"color: #d1005c; font-size: 24px; line-height: 30px; text-align: center;\"><strong>Colabora\u00e7\u00e3o e Trabalho de equipa<\/strong><\/p>\n<p style=\"color: #403c5f; font-size: 18px; line-height: 26px; text-align: center;\">Valorizamos o trabalho em equipa, motivando o esfor\u00e7o coletivo para atingir os objectivos de cada projeto. Integramo-nos com as equipas dos nossos clientes para melhorar dia a dia e satisfazer as suas necessidades.<\/p>\n<p>[\/mvc_infobox][\/vc_column][vc_column css_animation=&#8221;none&#8221; width=&#8221;1\/4&#8243;][mvc_infobox info_opt=&#8221;show_icon&#8221; icon_size=&#8221;50&#8243; icon_height=&#8221;100&#8243; icon_radius=&#8221;50%&#8221; border_width=&#8221;2&#8243; title_color=&#8221;#000000&#8243; font_icon=&#8221;fas fa-handshake&#8221; icon_color=&#8221;#d1005c&#8221; hoverclr=&#8221;#ffffff&#8221; hoverbg=&#8221;#d1005c&#8221; border_clr=&#8221;#d1005c&#8221; title_size=&#8221;0&#8243;]<\/p>\n<p style=\"color: #d1005c; font-size: 24px; line-height: 30px; text-align: center; padding-top: 27px;\"><strong>Compromisso<\/strong><\/p>\n<p style=\"color: #403c5f; font-size: 18px; line-height: 26px; text-align: center; padding-top: 25px;\">Compreendemos as necessidades e os desafios dos nossos clientes e estamos empenhados no resultado e nos seus objectivos.<\/p>\n<p>[\/mvc_infobox][\/vc_column][\/vc_row][\/vc_section]<\/p>\n<\/div>","protected":false},"excerpt":{"rendered":"<p>[vc_row full_width=&#8221;stretch_row_content_no_spaces&#8221; type=&#8221;container&#8221; padding_top=&#8221;&#8221; padding_bottom=&#8221;&#8221; css=&#8221;.vc_custom_1746537451067{padding-top: 160px !important;padding-bottom: 160px !important;background-image: url(https:\/\/www.innovae.com\/wp-content\/uploads\/2023\/05\/sobre-nosotros.jpg?id=87760) !important;background-position: center !important;background-repeat: no-repeat !important;background-size: cover !important;}&#8221;][vc_column][vc_custom_heading text=&#8221;Sobre a Innovae&#8221; font_container=&#8221;tag:h1|font_size:50px|text_align:center|color:%23ffffff&#8221; google_fonts=&#8221;font_family:Lato%3A100%2C100italic%2C300%2C300italic%2Cregular%2Citalic%2C700%2C700italic%2C900%2C900italic|font_style:700%20bold%20regular%3A700%3Anormal&#8221; css_animation=&#8221;fadeInUp&#8221; css=&#8221;&#8221;][\/vc_column][\/vc_row][vc_section css=&#8221;.vc_custom_1585740292732{padding-top: 20px !important;padding-bottom: 20px !important;}&#8221;][vc_row type=&#8221;container&#8221; padding_top=&#8221;&#8221; padding_bottom=&#8221;&#8221;][vc_column][vc_column_text css=&#8221;.vc_custom_1756806318702{margin-top: 20px !important;}&#8221;] Somos a Innovae, um grupo empresarial l\u00edder na aplica\u00e7\u00e3o de tecnologias de Realidade Aumentada e Realidade Virtual. [\/vc_column_text][vc_separator color=&#8221;#d1005c&#8221; [&hellip;]<\/p>\n","protected":false},"author":2,"featured_media":94521,"parent":0,"menu_order":1,"comment_status":"closed","ping_status":"closed","template":"page-full-width.php","meta":{"content-type":"","_FSMCFIC_featured_image_caption":"","_FSMCFIC_featured_image_nocaption":"","_FSMCFIC_featured_image_hide":"","footnotes":""},"class_list":["post-90860","page","type-page","status-publish","has-post-thumbnail","hentry"],"acf":[],"_links":{"self":[{"href":"https:\/\/www.innovae.com\/pt-pt\/wp-json\/wp\/v2\/pages\/90860","targetHints":{"allow":["GET"]}}],"collection":[{"href":"https:\/\/www.innovae.com\/pt-pt\/wp-json\/wp\/v2\/pages"}],"about":[{"href":"https:\/\/www.innovae.com\/pt-pt\/wp-json\/wp\/v2\/types\/page"}],"author":[{"embeddable":true,"href":"https:\/\/www.innovae.com\/pt-pt\/wp-json\/wp\/v2\/users\/2"}],"replies":[{"embeddable":true,"href":"https:\/\/www.innovae.com\/pt-pt\/wp-json\/wp\/v2\/comments?post=90860"}],"version-history":[{"count":12,"href":"https:\/\/www.innovae.com\/pt-pt\/wp-json\/wp\/v2\/pages\/90860\/revisions"}],"predecessor-version":[{"id":95877,"href":"https:\/\/www.innovae.com\/pt-pt\/wp-json\/wp\/v2\/pages\/90860\/revisions\/95877"}],"wp:featuredmedia":[{"embeddable":true,"href":"https:\/\/www.innovae.com\/pt-pt\/wp-json\/wp\/v2\/media\/94521"}],"wp:attachment":[{"href":"https:\/\/www.innovae.com\/pt-pt\/wp-json\/wp\/v2\/media?parent=90860"}],"curies":[{"name":"wp","href":"https:\/\/api.w.org\/{rel}","templated":true}]}}