{"id":91905,"date":"2024-10-24T14:15:48","date_gmt":"2024-10-24T12:15:48","guid":{"rendered":"https:\/\/www.innovae.com\/marketing-e-vendite\/"},"modified":"2025-07-14T11:52:25","modified_gmt":"2025-07-14T09:52:25","slug":"marketing-e-vendite","status":"publish","type":"page","link":"https:\/\/www.innovae.com\/it\/marketing-e-vendite\/","title":{"rendered":"Marketing e Vendite"},"content":{"rendered":"<div class=\"wpb-content-wrapper\"><p>[vc_row full_width=&#8221;stretch_row&#8221; type=&#8221;container&#8221; padding_top=&#8221;&#8221; padding_bottom=&#8221;&#8221; css=&#8221;.vc_custom_1734344734681{margin-top: 0px !important;padding-top: 100px !important;padding-bottom: 100px !important;background-image: url(https:\/\/www.innovae.com\/wp-content\/uploads\/2024\/10\/MarketingyVentas.jpg?id=91117) !important;background-position: center !important;background-repeat: no-repeat !important;background-size: cover !important;}&#8221;][vc_column][vc_custom_heading text=&#8221;Marketing e Vendite&#8221; font_container=&#8221;tag:h1|font_size:60px|text_align:center|color:%23ffffff|line_height:60px&#8221; google_fonts=&#8221;font_family:Lato%3A100%2C100italic%2C300%2C300italic%2Cregular%2Citalic%2C700%2C700italic%2C900%2C900italic|font_style:700%20bold%20regular%3A700%3Anormal&#8221; css_animation=&#8221;fadeInDown&#8221; css=&#8221;&#8221;][vc_empty_space][vc_custom_heading text=&#8221;Prodotti che prendono vita&#8221; font_container=&#8221;tag:p|font_size:26px|text_align:center|color:%23ffffff&#8221; google_fonts=&#8221;font_family:Lato%3A100%2C100italic%2C300%2C300italic%2Cregular%2Citalic%2C700%2C700italic%2C900%2C900italic|font_style:400%20regular%3A400%3Anormal&#8221; css_animation=&#8221;fadeInUp&#8221; css=&#8221;&#8221;][\/vc_column][\/vc_row][vc_row type=&#8221;container&#8221; padding_top=&#8221;&#8221; padding_bottom=&#8221;&#8221; css=&#8221;.vc_custom_1595504952566{padding-top: 40px !important;}&#8221;][vc_column css=&#8221;.vc_custom_1444994947036{margin-bottom: 35px !important;}&#8221;][vc_column_text css=&#8221;&#8221;]<\/p>\n<p style=\"color: #403c5f; text-align: center; font-size: 28px; line-height: 38px;\">Innovae apporta creativit\u00e0 tecnologica alle vostre idee sviluppando applicazioni per l&#8217;area marketing e vendite.<\/p>\n<p>[\/vc_column_text][vc_separator color=&#8221;#d1005c&#8221; border_width=&#8221;2&#8243; type=&#8221;small&#8221; position=&#8221;center&#8221; thickness=&#8221;3&#8243; up=&#8221;&#8221; down=&#8221;&#8221;][\/vc_column][\/vc_row][vc_row full_width=&#8221;stretch_row&#8221; type=&#8221;container&#8221; padding_top=&#8221;&#8221; padding_bottom=&#8221;&#8221; css=&#8221;.vc_custom_1620113241140{padding-top: 40px !important;}&#8221;][vc_column width=&#8221;1\/2&#8243; css=&#8221;.vc_custom_1444994947036{margin-bottom: 35px !important;}&#8221;][vc_single_image image=&#8221;79836&#8243; img_size=&#8221;full&#8221; css_animation=&#8221;fadeIn&#8221;][\/vc_column][vc_column width=&#8221;1\/2&#8243;][vc_custom_heading text=&#8221;La Realt\u00e0 Aumentata nel marketing e nelle vendite&#8221; font_container=&#8221;tag:h2|font_size:38px|text_align:left|color:%23403c5f|line_height:44px&#8221; google_fonts=&#8221;font_family:Lato%3A100%2C100italic%2C300%2C300italic%2Cregular%2Citalic%2C700%2C700italic%2C900%2C900italic|font_style:700%20bold%20regular%3A700%3Anormal&#8221; css_animation=&#8221;fadeInRight&#8221; css=&#8221;&#8221;][vc_column_text]<\/p>\n<p style=\"color: #403c5f; font-size: 20px; line-height: 26px; text-align: left;\">La <a href=\"https:\/\/www.innovae.com\/it\/realta-aumentata\/\" target=\"_blank\" rel=\"noopener\">Realt\u00e0 Aumentata<\/a> permette di sovrapporre elementi digitali al mondo reale e quindi la sua applicazione nel Marketing e nelle Vendite \u00e8 finalizzata ad arricchire l&#8217;ambiente fisico e a valorizzare i prodotti da promuovere.<\/p>\n<p style=\"color: #403c5f; font-size: 20px; line-height: 26px; text-align: left;\">La Realt\u00e0 Aumentata viene oggi utilizzata per sovrapporre informazioni aggiuntive sui prodotti in fiere ed eventi, per creare cataloghi aumentati che aggiungono valore al supporto fisico o per creare configuratori interattivi di prodotti. In breve, la Realt\u00e0 Aumentata contribuisce ad arricchire il discorso commerciale, catturando l&#8217;attenzione dei potenziali clienti e creando azioni di marketing interattive e visivamente potenti.<\/p>\n<p>[\/vc_column_text][\/vc_column][\/vc_row][vc_row full_width=&#8221;stretch_row&#8221; type=&#8221;container&#8221; padding_top=&#8221;&#8221; padding_bottom=&#8221;&#8221; css=&#8221;.vc_custom_1620113245524{padding-top: 40px !important;background-color: #f7f7f7 !important;}&#8221;][vc_column width=&#8221;1\/2&#8243; css=&#8221;.vc_custom_1444994947036{margin-bottom: 35px !important;}&#8221;][vc_custom_heading text=&#8221;La realt\u00e0 virtuale nel marketing e nelle vendite&#8221; font_container=&#8221;tag:h2|font_size:38px|text_align:left|color:%23403c5f|line_height:44px&#8221; google_fonts=&#8221;font_family:Lato%3A100%2C100italic%2C300%2C300italic%2Cregular%2Citalic%2C700%2C700italic%2C900%2C900italic|font_style:700%20bold%20regular%3A700%3Anormal&#8221; css_animation=&#8221;fadeInRight&#8221; css=&#8221;&#8221;][vc_column_text]<\/p>\n<p style=\"color: #403c5f; font-size: 20px; line-height: 26px; text-align: left;\">Le applicazioni di <a href=\"https:\/\/www.innovae.com\/it\/realta-virtuale\/\" target=\"_blank\" rel=\"noopener\">Realt\u00e0 Virtuale<\/a> nell&#8217;area del Marketing e delle Vendite hanno lo scopo di mostrare prodotti o progetti ai potenziali clienti in modo coinvolgente, innovativo e attraente.<\/p>\n<p style=\"color: #403c5f; font-size: 20px; line-height: 26px; text-align: left;\">La Realt\u00e0 Virtuale permette all&#8217;utente di essere trasportato in un ambiente totalmente virtuale dove pu\u00f2 interagire con il prodotto, conoscerne le funzionalit\u00e0, configurarne le caratteristiche e persino vederlo in funzione da remoto. In breve, la Realt\u00e0 Virtuale \u00e8 uno strumento molto potente per creare <a href=\"https:\/\/www.innovae.com\/it\/eravis-ambienti-virtuali-multiutente\/\" target=\"_blank\" rel=\"noopener\">showroom virtuali<\/a> di strutture, progetti o prodotti, per catturare l&#8217;attenzione dei potenziali clienti e aumentare il loro livello di comprensione del prodotto.<\/p>\n<p>[\/vc_column_text][\/vc_column][vc_column width=&#8221;1\/2&#8243;][vc_single_image image=&#8221;79840&#8243; img_size=&#8221;full&#8221; css_animation=&#8221;fadeIn&#8221;][\/vc_column][\/vc_row][vc_row full_width=&#8221;stretch_row&#8221; type=&#8221;container&#8221; padding_top=&#8221;&#8221; padding_bottom=&#8221;&#8221; css=&#8221;.vc_custom_1595505323886{margin-bottom: -40px !important;padding-top: 50px !important;padding-bottom: 50px !important;background-color: #c20056 !important;}&#8221;][vc_column][vc_custom_heading text=&#8221;Siete interessati a saperne di pi\u00f9 sull&#8217;applicazione della tecnologia al marketing e alle vendite?&#8221; font_container=&#8221;tag:h2|font_size:30px|text_align:center|color:%23ffffff&#8221; google_fonts=&#8221;font_family:Lato%3A100%2C100italic%2C300%2C300italic%2Cregular%2Citalic%2C700%2C700italic%2C900%2C900italic|font_style:700%20bold%20regular%3A700%3Anormal&#8221; css=&#8221;&#8221;][vc_column_text]<\/p>\n<p style=\"text-align: center;\"><span style=\"color: #ffffff;\">Se desiderate saperne di pi\u00f9 su come la Realt\u00e0 Aumentata e la Realt\u00e0 Virtuale possono essere applicate al Marketing e alle Vendite, saremo lieti di aiutarvi.<\/span><\/p>\n<p>[\/vc_column_text][vc_btn title=&#8221;SAPERNE DI PI\u00d9&#8221; style=&#8221;gradient-custom&#8221; gradient_custom_color_1=&#8221;rgba(255,255,255,0.17)&#8221; gradient_custom_color_2=&#8221;rgba(255,255,255,0.38)&#8221; shape=&#8221;round&#8221; size=&#8221;lg&#8221; align=&#8221;center&#8221; css_animation=&#8221;none&#8221; link=&#8221;url:https%3A%2F%2Fwww.innovae.com%2Fit%2Fcontatto%2F|&#8221;][\/vc_column][\/vc_row]<\/p>\n<\/div>","protected":false},"excerpt":{"rendered":"<p>[vc_row full_width=&#8221;stretch_row&#8221; type=&#8221;container&#8221; padding_top=&#8221;&#8221; padding_bottom=&#8221;&#8221; css=&#8221;.vc_custom_1734344734681{margin-top: 0px !important;padding-top: 100px !important;padding-bottom: 100px !important;background-image: url(https:\/\/www.innovae.com\/wp-content\/uploads\/2024\/10\/MarketingyVentas.jpg?id=91117) !important;background-position: center !important;background-repeat: no-repeat !important;background-size: cover !important;}&#8221;][vc_column][vc_custom_heading text=&#8221;Marketing e Vendite&#8221; font_container=&#8221;tag:h1|font_size:60px|text_align:center|color:%23ffffff|line_height:60px&#8221; google_fonts=&#8221;font_family:Lato%3A100%2C100italic%2C300%2C300italic%2Cregular%2Citalic%2C700%2C700italic%2C900%2C900italic|font_style:700%20bold%20regular%3A700%3Anormal&#8221; css_animation=&#8221;fadeInDown&#8221; css=&#8221;&#8221;][vc_empty_space][vc_custom_heading text=&#8221;Prodotti che prendono vita&#8221; font_container=&#8221;tag:p|font_size:26px|text_align:center|color:%23ffffff&#8221; google_fonts=&#8221;font_family:Lato%3A100%2C100italic%2C300%2C300italic%2Cregular%2Citalic%2C700%2C700italic%2C900%2C900italic|font_style:400%20regular%3A400%3Anormal&#8221; css_animation=&#8221;fadeInUp&#8221; css=&#8221;&#8221;][\/vc_column][\/vc_row][vc_row type=&#8221;container&#8221; padding_top=&#8221;&#8221; padding_bottom=&#8221;&#8221; css=&#8221;.vc_custom_1595504952566{padding-top: 40px !important;}&#8221;][vc_column css=&#8221;.vc_custom_1444994947036{margin-bottom: 35px !important;}&#8221;][vc_column_text css=&#8221;&#8221;] Innovae apporta creativit\u00e0 tecnologica alle vostre idee sviluppando applicazioni per [&hellip;]<\/p>\n","protected":false},"author":2,"featured_media":91123,"parent":0,"menu_order":4,"comment_status":"closed","ping_status":"closed","template":"page-full-width.php","meta":{"content-type":"","_FSMCFIC_featured_image_caption":"","_FSMCFIC_featured_image_nocaption":"","_FSMCFIC_featured_image_hide":"","footnotes":""},"class_list":["post-91905","page","type-page","status-publish","has-post-thumbnail","hentry"],"acf":[],"_links":{"self":[{"href":"https:\/\/www.innovae.com\/it\/wp-json\/wp\/v2\/pages\/91905","targetHints":{"allow":["GET"]}}],"collection":[{"href":"https:\/\/www.innovae.com\/it\/wp-json\/wp\/v2\/pages"}],"about":[{"href":"https:\/\/www.innovae.com\/it\/wp-json\/wp\/v2\/types\/page"}],"author":[{"embeddable":true,"href":"https:\/\/www.innovae.com\/it\/wp-json\/wp\/v2\/users\/2"}],"replies":[{"embeddable":true,"href":"https:\/\/www.innovae.com\/it\/wp-json\/wp\/v2\/comments?post=91905"}],"version-history":[{"count":6,"href":"https:\/\/www.innovae.com\/it\/wp-json\/wp\/v2\/pages\/91905\/revisions"}],"predecessor-version":[{"id":95542,"href":"https:\/\/www.innovae.com\/it\/wp-json\/wp\/v2\/pages\/91905\/revisions\/95542"}],"wp:featuredmedia":[{"embeddable":true,"href":"https:\/\/www.innovae.com\/it\/wp-json\/wp\/v2\/media\/91123"}],"wp:attachment":[{"href":"https:\/\/www.innovae.com\/it\/wp-json\/wp\/v2\/media?parent=91905"}],"curies":[{"name":"wp","href":"https:\/\/api.w.org\/{rel}","templated":true}]}}