{"id":91879,"date":"2024-10-24T14:11:50","date_gmt":"2024-10-24T12:11:50","guid":{"rendered":"https:\/\/www.innovae.com\/industria-4-0\/"},"modified":"2026-03-24T11:00:30","modified_gmt":"2026-03-24T09:00:30","slug":"industria-4-0","status":"publish","type":"page","link":"https:\/\/www.innovae.com\/it\/industria-4-0\/","title":{"rendered":"Industria 4.0"},"content":{"rendered":"<div class=\"wpb-content-wrapper\"><p>[vc_row full_width=&#8221;stretch_row&#8221; type=&#8221;container&#8221; padding_top=&#8221;&#8221; padding_bottom=&#8221;&#8221; css=&#8221;.vc_custom_1734000080709{margin-top: 0px !important;padding-top: 100px !important;padding-bottom: 100px !important;background-image: url(https:\/\/www.innovae.com\/wp-content\/uploads\/2024\/10\/Industria40.jpg?id=91107) !important;background-position: center !important;background-repeat: no-repeat !important;background-size: cover !important;}&#8221;][vc_column][vc_custom_heading text=&#8221;Industria 4.0&#8243; font_container=&#8221;tag:h1|font_size:60px|text_align:center|color:%23ffffff|line_height:60px&#8221; google_fonts=&#8221;font_family:Lato%3A100%2C100italic%2C300%2C300italic%2Cregular%2Citalic%2C700%2C700italic%2C900%2C900italic|font_style:700%20bold%20regular%3A700%3Anormal&#8221; css_animation=&#8221;fadeInDown&#8221; css=&#8221;&#8221;][vc_empty_space][vc_custom_heading text=&#8221;Realt\u00e0 Aumentata e Realt\u00e0 Virtuale per l&#8217;Industria 4.0&#8243; font_container=&#8221;tag:p|font_size:26px|text_align:center|color:%23ffffff&#8221; google_fonts=&#8221;font_family:Lato%3A100%2C100italic%2C300%2C300italic%2Cregular%2Citalic%2C700%2C700italic%2C900%2C900italic|font_style:400%20regular%3A400%3Anormal&#8221; css_animation=&#8221;fadeInUp&#8221; css=&#8221;&#8221;][\/vc_column][\/vc_row][vc_row type=&#8221;container&#8221; padding_top=&#8221;&#8221; padding_bottom=&#8221;&#8221; css=&#8221;.vc_custom_1646835649493{padding-top: 20px !important;}&#8221;][vc_column][vc_column_text css=&#8221;.vc_custom_1756809264663{margin-top: 20px !important;}&#8221;]<\/p>\n<p style=\"text-align: center; font-size: 28px; line-height: 36px;\"><span style=\"color: #403c5f;\">L&#8217;Industria 4.0 sta crescendo negli ultimi anni ed \u00e8 uno dei principali settori in cui vengono adottate le tecnologie di Realt\u00e0 Aumentata e Realt\u00e0 Virtuale.<\/span><\/p>\n<p>[\/vc_column_text][vc_separator color=&#8221;#d1005c&#8221; border_width=&#8221;2&#8243; type=&#8221;small&#8221; position=&#8221;center&#8221; thickness=&#8221;3&#8243; up=&#8221;&#8221; down=&#8221;&#8221;][vc_column_text css=&#8221;.vc_custom_1745397695762{padding-top: 50px !important;padding-bottom: 50px !important;}&#8221;]<\/p>\n<p style=\"color: #7a7a7a; font-size: 20px; line-height: 26px; text-align: center;\"><span style=\"color: #403c5f;\">Nel contesto<\/span> <a href=\"https:\/\/www.innovae.com\/it\/\">dell&#8217;Industria 4.0, Innovae<\/a> <span style=\"color: #403c5f;\">lavora con la <strong>Realt\u00e0 Aumentata<\/strong> e la <strong>Realt\u00e0 Virtuale <\/strong>per <strong>potenziare la forza lavoro<\/strong> e formare gli operatori ad essere pi\u00f9 efficienti in processi produttivi sempre pi\u00f9 complessi.<\/span><\/p>\n<p style=\"color: #7a7a7a; font-size: 20px; line-height: 26px; text-align: center;\"><span style=\"color: #403c5f;\">In definitiva, queste tecnologie consentono agli operatori di acquisire conoscenze critiche in modo semplice e visivo, permettendo loro di svolgere le attivit\u00e0 in modo pi\u00f9 efficiente.<\/span><\/p>\n<p>[\/vc_column_text][\/vc_column][\/vc_row][vc_row full_width=&#8221;stretch_row&#8221; type=&#8221;container&#8221; padding_top=&#8221;&#8221; padding_bottom=&#8221;&#8221; css=&#8221;.vc_custom_1745397545413{padding-top: 40px !important;padding-bottom: 50px !important;background-color: #f7f7f7 !important;}&#8221;][vc_column width=&#8221;1\/2&#8243;][vc_custom_heading text=&#8221;La Realt\u00e0 Aumentata nell&#8217;Industria 4.0&#8243; font_container=&#8221;tag:h2|font_size:50px|text_align:left|color:%23403c5f|line_height:50px&#8221; google_fonts=&#8221;font_family:Lato%3A100%2C100italic%2C300%2C300italic%2Cregular%2Citalic%2C700%2C700italic%2C900%2C900italic|font_style:900%20bold%20regular%3A900%3Anormal&#8221; css_animation=&#8221;fadeInRight&#8221; css=&#8221;&#8221;][vc_column_text]<\/p>\n<p style=\"color: #7a7a7a; font-size: 20px; line-height: 26px; text-align: left;\"><span style=\"color: #403c5f;\">Le applicazioni di Realt\u00e0 Aumentata nell&#8217;Industria 4.0 sono varie e mirano <strong>a supportare i tecnici<\/strong> nel loro ambiente di lavoro reale.<\/span><\/p>\n<p style=\"color: #7a7a7a; font-size: 20px; line-height: 26px; text-align: left;\"><span style=\"color: #403c5f;\">Attraverso<\/span> <a href=\"https:\/\/www.innovae.com\/it\/realta-aumentata\/\">la Realt\u00e0 Aumentata<\/a>,<span style=\"color: #403c5f;\"> l&#8217;utente pu\u00f2 visualizzare le procedure guidate passo-passo del compito da svolgere o addirittura ricevere istruzioni visive in<strong> tempo reale<\/strong> da esperti con <strong>sistemi di teleassistenza<\/strong>.<\/span><\/p>\n<p style=\"color: #7a7a7a; font-size: 20px; line-height: 26px; text-align: left;\"><span style=\"color: #403c5f;\">Oggi la presenza della Realt\u00e0 Aumentata in aree come la manutenzione, i processi di assemblaggio o il controllo qualit\u00e0 \u00e8 gi\u00e0 comune e le aziende leader in vari settori stanno implementando sistemi basati sulla <strong>Realt\u00e0 Aumentata <\/strong>per rivoluzionare i loro processi industriali.<\/span><\/p>\n<p>[\/vc_column_text][\/vc_column][vc_column width=&#8221;1\/2&#8243;][vc_single_image image=&#8221;98706&#8243; img_size=&#8221;full&#8221; css_animation=&#8221;fadeIn&#8221;][\/vc_column][\/vc_row][vc_row full_width=&#8221;stretch_row&#8221; type=&#8221;container&#8221; padding_top=&#8221;&#8221; padding_bottom=&#8221;&#8221; css=&#8221;.vc_custom_1698936663682{padding-top: 40px !important;}&#8221;][vc_column width=&#8221;1\/2&#8243;][\/vc_column][vc_column width=&#8221;1\/2&#8243;][vc_custom_heading text=&#8221;La Realt\u00e0 Virtuale nell&#8217;Industria 4.0&#8243; font_container=&#8221;tag:h2|font_size:50px|text_align:left|color:%23403c5f|line_height:50px&#8221; google_fonts=&#8221;font_family:Lato%3A100%2C100italic%2C300%2C300italic%2Cregular%2Citalic%2C700%2C700italic%2C900%2C900italic|font_style:900%20bold%20regular%3A900%3Anormal&#8221; css_animation=&#8221;fadeInLeft&#8221; css=&#8221;&#8221;][\/vc_column][\/vc_row][vc_row full_width=&#8221;stretch_row&#8221; type=&#8221;container&#8221; padding_top=&#8221;&#8221; padding_bottom=&#8221;&#8221; css=&#8221;.vc_custom_1698936671391{padding-top: 0px !important;padding-bottom: 20px !important;}&#8221;][vc_column width=&#8221;1\/2&#8243;][vc_single_image image=&#8221;98708&#8243; img_size=&#8221;512&#215;380&#8243; alignment=&#8221;center&#8221; css_animation=&#8221;none&#8221; css=&#8221;&#8221;][\/vc_column][vc_column width=&#8221;1\/2&#8243;][vc_column_text]<\/p>\n<p style=\"color: #7a7a7a; font-size: 20px; line-height: 26px; text-align: left;\"><span style=\"color: #403c5f;\">L&#8217;applicazione della <strong>Realt\u00e0 Virtuale<\/strong> nell&#8217;<strong>Industria 4.0<\/strong> ha un orientamento diverso a causa del livello di immersione che offre all&#8217;utente.<\/span><\/p>\n<p style=\"color: #7a7a7a; font-size: 20px; line-height: 26px; text-align: left;\"><span style=\"color: #403c5f;\">Attraverso<\/span> <a href=\"https:\/\/www.innovae.com\/it\/realta-virtuale\/\">la Realt\u00e0 Virtuale<\/a> <span style=\"color: #403c5f;\">si possono costruire simulazioni esatte di prodotti, processi o impianti di produzione per vedere in prima persona e in modo immersivo come funzionano.<\/span><\/p>\n<p style=\"color: #7a7a7a; font-size: 20px; line-height: 26px; text-align: left;\"><span style=\"color: #403c5f;\">La Realt\u00e0 Virtuale viene quindi utilizzata, ad esempio, per la <strong>fase di progettazione del prodotto<\/strong> o del <strong>processo e per la convalida del prototipo<\/strong>, in quanto gli ingegneri possono verificare i progressi compiuti in modo pi\u00f9 visivo e interattivo grazie a una simulazione virtuale. In questo modo, \u00e8 possibile ridurre gli errori in questa fase e aumentare la produttivit\u00e0. <\/span><\/p>\n<p>[\/vc_column_text][\/vc_column][\/vc_row][vc_row type=&#8221;container&#8221; padding_top=&#8221;&#8221; padding_bottom=&#8221;&#8221; css=&#8221;.vc_custom_1646836077186{margin-bottom: 40px !important;}&#8221;][vc_column][vc_custom_heading text=&#8221;Attualmente, l&#8217;area in cui la Realt\u00e0 Virtuale \u00e8 pi\u00f9 utilizzata nel contesto dell&#8217;Industria 4.0 \u00e8 la formazione dei professionisti.&#8221; font_container=&#8221;tag:p|font_size:28px|text_align:left|color:%23403c5f|line_height:32px&#8221; google_fonts=&#8221;font_family:Lato%3A100%2C100italic%2C300%2C300italic%2Cregular%2Citalic%2C700%2C700italic%2C900%2C900italic|font_style:700%20bold%20regular%3A700%3Anormal&#8221; css_animation=&#8221;none&#8221; css=&#8221;&#8221;][vc_column_text]<\/p>\n<p style=\"color: #7a7a7a; font-size: 20px; line-height: 26px; text-align: left;\"><span style=\"color: #403c5f;\">La<\/span> <a href=\"https:\/\/www.innovae.com\/it\/realta-virtuale\/\">Realt\u00e0 Virtuale<\/a> <span style=\"color: #403c5f;\">permette di addestrare a compiti complessi o pericolosi prima di doverli eseguire nella situazione reale, evitando i rischi associati e ottenendo risparmi per le aziende.<\/span><\/p>\n<p style=\"color: #7a7a7a; font-size: 20px; line-height: 26px; text-align: left;\"><span style=\"color: #403c5f;\">Inoltre, grazie al livello di immersione che offre, la Realt\u00e0 Virtuale massimizza l&#8217;assimilazione delle conoscenze, ottimizza il processo di apprendimento e fornisce una formazione personalizzata e autonoma per ogni utente.<\/span><\/p>\n<p>[\/vc_column_text][\/vc_column][\/vc_row][vc_row full_width=&#8221;stretch_row&#8221; type=&#8221;container&#8221; padding_top=&#8221;&#8221; padding_bottom=&#8221;&#8221; css=&#8221;.vc_custom_1595330201032{margin-bottom: 30px !important;padding-top: 50px !important;padding-bottom: 50px !important;background-color: #c20056 !important;}&#8221;][vc_column][vc_custom_heading text=&#8221;Siete interessati a saperne di pi\u00f9 sull&#8217;applicazione della tecnologia all&#8217;industria?&#8221; font_container=&#8221;tag:h2|font_size:30px|text_align:center|color:%23ffffff&#8221; google_fonts=&#8221;font_family:Lato%3A100%2C100italic%2C300%2C300italic%2Cregular%2Citalic%2C700%2C700italic%2C900%2C900italic|font_style:700%20bold%20regular%3A700%3Anormal&#8221;][vc_column_text css=&#8221;&#8221;]<\/p>\n<p style=\"text-align: center;\"><span style=\"color: #ffffff;\">Se desideri saperne di pi\u00f9 su come la Realt\u00e0 Aumentata e la Realt\u00e0 Virtuale vengono applicate all&#8217;Industria 4.0, il nostro team sar\u00e0 lieto di aiutarti.<\/span><\/p>\n<p>[\/vc_column_text][vc_btn title=&#8221;CONTATTACI&#8221; style=&#8221;gradient-custom&#8221; gradient_custom_color_1=&#8221;rgba(255,255,255,0.17)&#8221; gradient_custom_color_2=&#8221;rgba(255,255,255,0.38)&#8221; shape=&#8221;round&#8221; size=&#8221;lg&#8221; align=&#8221;center&#8221; css_animation=&#8221;bounceIn&#8221; css=&#8221;&#8221; link=&#8221;url:https%3A%2F%2Fwww.innovae.com%2Fit%2Fcontatto%2F|target:%20_blank|&#8221;][\/vc_column][\/vc_row][vc_section full_width=&#8221;stretch_row_content&#8221; css=&#8221;.vc_custom_1745392257166{margin-top: -40px !important;padding-top: 80px !important;padding-bottom: 80px !important;background-color: #20132C !important;}&#8221;][vc_row type=&#8221;container&#8221; padding_top=&#8221;&#8221; padding_bottom=&#8221;&#8221; css=&#8221;.vc_custom_1745397004491{margin-bottom: 50px !important;}&#8221;][vc_column][vc_custom_heading text=&#8221;INNOVAE E L&#8217;INDUSTRIA 4.0&#8243; font_container=&#8221;tag:h2|font_size:18px|text_align:center|color:%23D50057&#8243; google_fonts=&#8221;font_family:Montserrat%3Aregular%2C700|font_style:700%20bold%20regular%3A700%3Anormal&#8221; css=&#8221;&#8221;][\/vc_column][\/vc_row][vc_row css_animation=&#8221;fadeInUp&#8221; type=&#8221;container&#8221; padding_top=&#8221;&#8221; padding_bottom=&#8221;&#8221; css=&#8221;.vc_custom_1745397601754{margin-bottom: 100px !important;}&#8221; el_id=&#8221;manutenzione&#8221;][vc_column width=&#8221;1\/2&#8243;][vc_single_image image=&#8221;94010&#8243; img_size=&#8221;512&#215;512&#8243; alignment=&#8221;center&#8221; style=&#8221;vc_box_rounded&#8221; css=&#8221;&#8221;][\/vc_column][vc_column width=&#8221;1\/2&#8243;][vc_custom_heading text=&#8221;Digitalizaci\u00f3n de operaciones&#8221; font_container=&#8221;tag:h3|font_size:60px|text_align:left|color:%23FFFFFF|line_height:70px&#8221; google_fonts=&#8221;font_family:Lato%3A100%2C100italic%2C300%2C300italic%2Cregular%2Citalic%2C700%2C700italic%2C900%2C900italic|font_style:900%20bold%20regular%3A900%3Anormal&#8221; css=&#8221;&#8221;][vc_column_text css=&#8221;&#8221;]<\/p>\n<p style=\"text-align: left;\"><span style=\"color: #ffffff; font-size: 16px; line-height: 22px;\">Le nostre soluzioni per la digitalizzazione delle operazioni sono progettate per <strong>responsabilizzare<\/strong> i <strong>tecnici sul campo<\/strong>, risolvendo le inefficienze dovute alla mancanza di conoscenze critiche sulle operazioni.<\/span><\/p>\n<p style=\"color: #ffffff; font-size: 16px; line-height: 22px; text-align: left;\"><span style=\"color: #ffffff;\">Abbiamo due prodotti che semplificano <strong>digitalizzazione delle informazioni<\/strong> e la<strong> visualizzazione dei processi guidati<\/strong><strong> (<a style=\"color: #ffffff;\" href=\"https:\/\/www.innovae.com\/it\/saam-digitalizzazione\/\">SAAM<\/a>)<\/strong> e la <strong>teleassistenza <\/strong><strong>(<a style=\"color: #ffffff;\" href=\"https:\/\/www.innovae.com\/it\/atr-assistenza-remota\/\">ATR<\/a>)<\/strong>.<\/span><\/p>\n<p style=\"color: #ffffff; font-size: 16px; line-height: 22px; text-align: left;\"><span style=\"color: #ffffff;\">Queste soluzioni migliorano la gestione delle conoscenze, riducono al minimo i tempi di risoluzione degli incidenti ed evitano il trasferimento degli esperti.<\/span><\/p>\n<p style=\"color: #ffffff; font-size: 16px; line-height: 22px; text-align: left;\"><span style=\"color: #ffffff;\">Si basano su tecnologie all&#8217;avanguardia come la realt\u00e0 aumentata, il cloud computing e l&#8217;intelligenza artificiale.<\/span><\/p>\n<p>[\/vc_column_text][\/vc_column][\/vc_row][vc_row css_animation=&#8221;fadeInUp&#8221; type=&#8221;container&#8221; padding_top=&#8221;&#8221; padding_bottom=&#8221;&#8221; css=&#8221;.vc_custom_1745397614452{margin-bottom: 100px !important;}&#8221;][vc_column width=&#8221;1\/2&#8243;][vc_custom_heading text=&#8221;Formazione&#8221; font_container=&#8221;tag:h3|font_size:60px|text_align:left|color:%23FFFFFF&#8221; google_fonts=&#8221;font_family:Lato%3A100%2C100italic%2C300%2C300italic%2Cregular%2Citalic%2C700%2C700italic%2C900%2C900italic|font_style:900%20bold%20regular%3A900%3Anormal&#8221; css=&#8221;&#8221;][vc_custom_heading text=&#8221;Virtuale&#8221; font_container=&#8221;tag:h3|font_size:60px|text_align:left|color:%23FFFFFF&#8221; google_fonts=&#8221;font_family:Lato%3A100%2C100italic%2C300%2C300italic%2Cregular%2Citalic%2C700%2C700italic%2C900%2C900italic|font_style:900%20bold%20regular%3A900%3Anormal&#8221; css=&#8221;.vc_custom_1752483303452{margin-top: -10px !important;}&#8221;][vc_column_text css=&#8221;&#8221;]<\/p>\n<p style=\"color: #ffffff; font-size: 16px; line-height: 22px; text-align: left;\">La formazione basata sulla realt\u00e0 virtuale \u00e8 uno strumento con un grande potenziale negli ambienti industriali. Permette di testare procedure tecniche complesse o situazioni di rischio in un ambiente altamente realistico. L&#8217;interazione in ambienti virtuali genera un apprendimento simile all&#8217;esperienza reale sul posto di lavoro, con conseguente elevata efficienza nella formazione del personale.<\/p>\n<p style=\"color: #ffffff; font-size: 16px; line-height: 22px; text-align: left;\">Disponiamo di una piattaforma standardizzata,<strong> <a style=\"color: #ffffff;\" href=\"https:\/\/www.innovae.com\/it\/savi-formazione\/\">SAVI<\/a><\/strong>, che consente una gestione integrata dei processi formativi attraverso esperienze immersive, facilitando il monitoraggio dei progressi degli utenti e la calibrazione degli obiettivi e dei livelli di difficolt\u00e0.<\/p>\n<p style=\"color: #ffffff; font-size: 16px; line-height: 22px; text-align: left;\">Grazie alla nostra esperienza nel settore, abbiamo sviluppato un catalogo di esperienze formative standardizzate per facilitare l&#8217;inserimento di questo tipo di sistema in qualsiasi azienda.<\/p>\n<p>[\/vc_column_text][\/vc_column][vc_column width=&#8221;1\/2&#8243;][vc_single_image image=&#8221;94016&#8243; img_size=&#8221;512&#215;512&#8243; alignment=&#8221;center&#8221; css=&#8221;&#8221;][\/vc_column][\/vc_row][vc_row css_animation=&#8221;fadeInUp&#8221; type=&#8221;container&#8221; padding_top=&#8221;&#8221; padding_bottom=&#8221;&#8221; css=&#8221;.vc_custom_1745397624236{margin-bottom: 100px !important;}&#8221;][vc_column width=&#8221;1\/2&#8243;][vc_single_image image=&#8221;94022&#8243; img_size=&#8221;512&#215;512&#8243; alignment=&#8221;center&#8221; style=&#8221;vc_box_rounded&#8221; css=&#8221;&#8221;][\/vc_column][vc_column width=&#8221;1\/2&#8243;][vc_custom_heading text=&#8221;Digitale&#8221; font_container=&#8221;tag:h3|font_size:60px|text_align:left|color:%23FFFFFF&#8221; google_fonts=&#8221;font_family:Lato%3A100%2C100italic%2C300%2C300italic%2Cregular%2Citalic%2C700%2C700italic%2C900%2C900italic|font_style:900%20bold%20regular%3A900%3Anormal&#8221; css=&#8221;&#8221;][vc_custom_heading text=&#8221;Twin&#8221; font_container=&#8221;tag:h3|font_size:60px|text_align:left|color:%23FFFFFF&#8221; google_fonts=&#8221;font_family:Lato%3A100%2C100italic%2C300%2C300italic%2Cregular%2Citalic%2C700%2C700italic%2C900%2C900italic|font_style:900%20bold%20regular%3A900%3Anormal&#8221; css=&#8221;.vc_custom_1752483314414{margin-top: -10px !important;}&#8221;][vc_column_text css=&#8221;&#8221;]<\/p>\n<p style=\"color: #ffffff; font-size: 16px; line-height: 22px; text-align: left;\"><span style=\"color: #ffffff;\">La connessione ai dati di un impianto o di una macchina in tempo reale consente di implementare soluzioni avanzate di elaborazione delle informazioni e di gemellaggio digitale.<\/span><\/p>\n<p style=\"color: #ffffff; font-size: 16px; line-height: 22px; text-align: left;\"><span style=\"color: #ffffff;\">Questi sistemi sono una rappresentazione virtuale della realt\u00e0, che permette di comprendere, prevedere e ottimizzare l&#8217;attivit\u00e0 produttiva per ottenere un vantaggio competitivo.<\/span><\/p>\n<p style=\"color: #ffffff; font-size: 16px; line-height: 22px; text-align: left;\"><span style=\"color: #ffffff;\">Le principali funzioni che implementiamo sulla base di queste tecnologie sono il monitoraggio e il funzionamento degli impianti in mobilit\u00e0 o in<strong> <a style=\"color: #ffffff;\" href=\"https:\/\/www.innovae.com\/it\/realta-aumentata\/\">Realt\u00e0 Aumentata<\/a><\/strong>, la previsione di situazioni anomale e l&#8217;ottimizzazione dei parametri operativi di un processo, o la simulazione di diversi scenari senza interferire nell&#8217;ambiente reale, migliorando il processo decisionale, l&#8217;affidabilit\u00e0 e la produttivit\u00e0.<\/span><\/p>\n<p>[\/vc_column_text][\/vc_column][\/vc_row][vc_row css_animation=&#8221;fadeInUp&#8221; type=&#8221;container&#8221; padding_top=&#8221;&#8221; padding_bottom=&#8221;&#8221; css=&#8221;.vc_custom_1745397632922{margin-bottom: 100px !important;border-radius: 20px !important;}&#8221; el_id=&#8221;assemblea&#8221;][vc_column width=&#8221;1\/2&#8243;][vc_custom_heading text=&#8221;Soluzioni per l&#8217;assemblaggio e il controllo qualit\u00e0&#8221; font_container=&#8221;tag:h3|font_size:60px|text_align:left|color:%23FFFFFF|line_height:70px&#8221; google_fonts=&#8221;font_family:Lato%3A100%2C100italic%2C300%2C300italic%2Cregular%2Citalic%2C700%2C700italic%2C900%2C900italic|font_style:900%20bold%20regular%3A900%3Anormal&#8221; css=&#8221;&#8221;][vc_column_text css=&#8221;&#8221;]<\/p>\n<p style=\"color: #ffffff; font-size: 16px; line-height: 22px; text-align: left;\">Implementiamo sistemi di supporto per assistere gli operatori nelle attivit\u00e0 di assemblaggio e controllo dei processi negli impianti di produzione.<\/p>\n<p style=\"color: #ffffff; font-size: 16px; line-height: 22px; text-align: left;\">Basate sulla Mixed Reality, le nostre soluzioni riducono a zero il tasso di errore visualizzando le istruzioni passo-passo sulla macchina reale.<\/p>\n<p style=\"color: #ffffff; font-size: 16px; line-height: 22px; text-align: left;\">Riducono i tempi di controllo della qualit\u00e0 con strumenti di verifica avanzati e riducono al minimo il periodo di adattamento per i nuovi operatori grazie all&#8217;assistenza in tempo reale.<\/p>\n<p>[\/vc_column_text][\/vc_column][vc_column width=&#8221;1\/2&#8243;][vc_single_image image=&#8221;94004&#8243; img_size=&#8221;512&#215;512&#8243; style=&#8221;vc_box_rounded&#8221; css=&#8221;&#8221;][\/vc_column][\/vc_row][\/vc_section][vc_row full_width=&#8221;stretch_row&#8221; type=&#8221;container&#8221; padding_top=&#8221;&#8221; padding_bottom=&#8221;&#8221; css=&#8221;.vc_custom_1595331386359{margin-bottom: -40px !important;padding-top: 50px !important;padding-bottom: 50px !important;background-color: #c20056 !important;}&#8221;][vc_column][vc_custom_heading text=&#8221;Siete interessati a saperne di pi\u00f9 su Innovae e sull&#8217;Industria 4.0?&#8221; font_container=&#8221;tag:h2|font_size:30px|text_align:center|color:%23ffffff&#8221; google_fonts=&#8221;font_family:Lato%3A100%2C100italic%2C300%2C300italic%2Cregular%2Citalic%2C700%2C700italic%2C900%2C900italic|font_style:700%20bold%20regular%3A700%3Anormal&#8221;][vc_column_text css=&#8221;&#8221;]<\/p>\n<p style=\"text-align: center;\"><span style=\"color: #ffffff;\">Se desiderate approfondire come la Realt\u00e0 Aumentata e la Realt\u00e0 Virtuale vengono applicate all\u2019istruzione, saremo lieti di aiutarvi.<\/span><\/p>\n<p>[\/vc_column_text][vc_btn title=&#8221;CONTATTACI&#8221; style=&#8221;gradient-custom&#8221; gradient_custom_color_1=&#8221;rgba(255,255,255,0.17)&#8221; gradient_custom_color_2=&#8221;rgba(255,255,255,0.38)&#8221; shape=&#8221;round&#8221; size=&#8221;lg&#8221; align=&#8221;center&#8221; css_animation=&#8221;none&#8221; css=&#8221;&#8221; link=&#8221;url:https%3A%2F%2Fwww.innovae.com%2Fit%2Fcontatto%2F|&#8221;][\/vc_column][\/vc_row]<\/p>\n<\/div>","protected":false},"excerpt":{"rendered":"<p>[vc_row full_width=&#8221;stretch_row&#8221; type=&#8221;container&#8221; padding_top=&#8221;&#8221; padding_bottom=&#8221;&#8221; css=&#8221;.vc_custom_1734000080709{margin-top: 0px !important;padding-top: 100px !important;padding-bottom: 100px !important;background-image: url(https:\/\/www.innovae.com\/wp-content\/uploads\/2024\/10\/Industria40.jpg?id=91107) !important;background-position: center !important;background-repeat: no-repeat !important;background-size: cover !important;}&#8221;][vc_column][vc_custom_heading text=&#8221;Industria 4.0&#8243; font_container=&#8221;tag:h1|font_size:60px|text_align:center|color:%23ffffff|line_height:60px&#8221; google_fonts=&#8221;font_family:Lato%3A100%2C100italic%2C300%2C300italic%2Cregular%2Citalic%2C700%2C700italic%2C900%2C900italic|font_style:700%20bold%20regular%3A700%3Anormal&#8221; css_animation=&#8221;fadeInDown&#8221; css=&#8221;&#8221;][vc_empty_space][vc_custom_heading text=&#8221;Realt\u00e0 Aumentata e Realt\u00e0 Virtuale per l&#8217;Industria 4.0&#8243; font_container=&#8221;tag:p|font_size:26px|text_align:center|color:%23ffffff&#8221; google_fonts=&#8221;font_family:Lato%3A100%2C100italic%2C300%2C300italic%2Cregular%2Citalic%2C700%2C700italic%2C900%2C900italic|font_style:400%20regular%3A400%3Anormal&#8221; css_animation=&#8221;fadeInUp&#8221; css=&#8221;&#8221;][\/vc_column][\/vc_row][vc_row type=&#8221;container&#8221; padding_top=&#8221;&#8221; padding_bottom=&#8221;&#8221; css=&#8221;.vc_custom_1646835649493{padding-top: 20px !important;}&#8221;][vc_column][vc_column_text css=&#8221;.vc_custom_1756809264663{margin-top: 20px !important;}&#8221;] L&#8217;Industria 4.0 sta crescendo negli ultimi anni ed [&hellip;]<\/p>\n","protected":false},"author":2,"featured_media":91111,"parent":0,"menu_order":2,"comment_status":"closed","ping_status":"closed","template":"page-full-width.php","meta":{"content-type":"","_FSMCFIC_featured_image_caption":"","_FSMCFIC_featured_image_nocaption":"","_FSMCFIC_featured_image_hide":"","footnotes":""},"class_list":["post-91879","page","type-page","status-publish","has-post-thumbnail","hentry"],"acf":[],"_links":{"self":[{"href":"https:\/\/www.innovae.com\/it\/wp-json\/wp\/v2\/pages\/91879","targetHints":{"allow":["GET"]}}],"collection":[{"href":"https:\/\/www.innovae.com\/it\/wp-json\/wp\/v2\/pages"}],"about":[{"href":"https:\/\/www.innovae.com\/it\/wp-json\/wp\/v2\/types\/page"}],"author":[{"embeddable":true,"href":"https:\/\/www.innovae.com\/it\/wp-json\/wp\/v2\/users\/2"}],"replies":[{"embeddable":true,"href":"https:\/\/www.innovae.com\/it\/wp-json\/wp\/v2\/comments?post=91879"}],"version-history":[{"count":15,"href":"https:\/\/www.innovae.com\/it\/wp-json\/wp\/v2\/pages\/91879\/revisions"}],"predecessor-version":[{"id":95520,"href":"https:\/\/www.innovae.com\/it\/wp-json\/wp\/v2\/pages\/91879\/revisions\/95520"}],"wp:featuredmedia":[{"embeddable":true,"href":"https:\/\/www.innovae.com\/it\/wp-json\/wp\/v2\/media\/91111"}],"wp:attachment":[{"href":"https:\/\/www.innovae.com\/it\/wp-json\/wp\/v2\/media?parent=91879"}],"curies":[{"name":"wp","href":"https:\/\/api.w.org\/{rel}","templated":true}]}}