{"id":91830,"date":"2024-10-24T13:48:18","date_gmt":"2024-10-24T11:48:18","guid":{"rendered":"https:\/\/www.innovae.com\/educazione\/"},"modified":"2026-03-24T10:59:31","modified_gmt":"2026-03-24T08:59:31","slug":"educazione","status":"publish","type":"page","link":"https:\/\/www.innovae.com\/it\/educazione\/","title":{"rendered":"Educazione"},"content":{"rendered":"<div class=\"wpb-content-wrapper\"><p>[vc_row full_width=&#8221;stretch_row&#8221; type=&#8221;container&#8221; padding_top=&#8221;&#8221; padding_bottom=&#8221;&#8221; css=&#8221;.vc_custom_1734333190598{margin-top: 0px !important;padding-top: 100px !important;padding-bottom: 100px !important;background-image: url(https:\/\/www.innovae.com\/wp-content\/uploads\/2023\/05\/Cabecera-educacions.jpg?id=89992) !important;background-position: center !important;background-repeat: no-repeat !important;background-size: cover !important;}&#8221;][vc_column][vc_custom_heading text=&#8221;Centri Educativi&#8221; font_container=&#8221;tag:h1|font_size:60px|text_align:center|color:%23ffffff|line_height:60px&#8221; google_fonts=&#8221;font_family:Lato%3A100%2C100italic%2C300%2C300italic%2Cregular%2Citalic%2C700%2C700italic%2C900%2C900italic|font_style:700%20bold%20regular%3A700%3Anormal&#8221; css_animation=&#8221;fadeInDown&#8221; css=&#8221;&#8221;][vc_empty_space][vc_custom_heading text=&#8221;Tecnologie che rendono possibile l&#8217;implementazione di nuove forme di apprendimento&#8221; font_container=&#8221;tag:p|font_size:26px|text_align:center|color:%23ffffff&#8221; google_fonts=&#8221;font_family:Lato%3A100%2C100italic%2C300%2C300italic%2Cregular%2Citalic%2C700%2C700italic%2C900%2C900italic|font_style:400%20regular%3A400%3Anormal&#8221; css_animation=&#8221;fadeInUp&#8221; css=&#8221;&#8221;][\/vc_column][\/vc_row][vc_row type=&#8221;container&#8221; padding_top=&#8221;&#8221; padding_bottom=&#8221;&#8221; css=&#8221;.vc_custom_1646835649493{padding-top: 20px !important;}&#8221;][vc_column][vc_column_text css=&#8221;.vc_custom_1756808742653{margin-top: 20px !important;}&#8221;]<\/p>\n<p style=\"color: #403c5f; text-align: center; font-size: 28px; line-height: 36px;\">Applichiamo la Realt\u00e0 Aumentata e la Realt\u00e0 Virtuale per migliorare la formazione e la motivazione degli studenti.<\/p>\n<p>[\/vc_column_text][vc_separator color=&#8221;#d1005c&#8221; border_width=&#8221;2&#8243; type=&#8221;small&#8221; position=&#8221;center&#8221; thickness=&#8221;3&#8243; up=&#8221;&#8221; down=&#8221;&#8221;][vc_column_text css=&#8221;.vc_custom_1745833754235{padding-top: 50px !important;padding-bottom: 50px !important;}&#8221;]<\/p>\n<p style=\"color: #403c5f; font-size: 20px; line-height: 26px; text-align: center;\">La Realt\u00e0 Virtuale e la Realt\u00e0 Aumentata (Extended Reality) stanno avendo una grande diffusione nel settore educativo, grazie agli ottimi risultati e al valore che queste tecnologie apportano ai processi formativi.<\/p>\n<p style=\"color: #403c5f; font-size: 20px; line-height: 26px; text-align: center;\">La simulazione virtuale di tutti i tipi di pratiche e contenuti permette di imparare in modo divertente ed efficace.<\/p>\n<p>[\/vc_column_text][\/vc_column][\/vc_row][vc_row full_width=&#8221;stretch_row&#8221; type=&#8221;container&#8221; padding_top=&#8221;&#8221; padding_bottom=&#8221;&#8221; css=&#8221;.vc_custom_1745833653698{padding-top: 40px !important;padding-bottom: 100px !important;}&#8221;][vc_column width=&#8221;1\/2&#8243;][vc_single_image image=&#8221;91834&#8243; img_size=&#8221;full&#8221; css_animation=&#8221;fadeIn&#8221;][\/vc_column][vc_column width=&#8221;1\/2&#8243;][vc_custom_heading text=&#8221;Vantaggi della realt\u00e0 virtuale e aumentata nell&#8217;istruzione&#8221; font_container=&#8221;tag:h2|font_size:46px|text_align:left|color:%23403c5f|line_height:46px&#8221; google_fonts=&#8221;font_family:Lato%3A100%2C100italic%2C300%2C300italic%2Cregular%2Citalic%2C700%2C700italic%2C900%2C900italic|font_style:900%20bold%20regular%3A900%3Anormal&#8221; css_animation=&#8221;fadeInRight&#8221; css=&#8221;.vc_custom_1752482522440{margin-bottom: 20px !important;}&#8221;][mvc_infobox info_style=&#8221;mega_info_box_2&#8243; info_opt=&#8221;show_icon&#8221; icon_size=&#8221;30&#8243; icon_height=&#8221;30&#8243; line_height=&#8221;0&#8243; title_color=&#8221;&#8221; font_icon=&#8221;fas fa-check-circle&#8221; icon_color=&#8221;#d50057&#8243; title_size=&#8221;0&#8243; css=&#8221;.vc_custom_1734341163559{margin-bottom: -40px !important;}&#8221;]<\/p>\n<p style=\"color: #403c5f; font-size: 20px; line-height: 26px; text-align: left;\">Permiten un aprendizaje mucho <strong>m\u00e1s r\u00e1pido y m\u00e1s profundo<\/strong> que los sistemas tradicionales ya que el grado de motivaci\u00f3n y aceptaci\u00f3n es mucho mayor.<\/p>\n<p>[\/mvc_infobox][mvc_infobox info_style=&#8221;mega_info_box_2&#8243; info_opt=&#8221;show_icon&#8221; icon_size=&#8221;30&#8243; icon_height=&#8221;30&#8243; line_height=&#8221;0&#8243; title_color=&#8221;#000000&#8243; font_icon=&#8221;fas fa-check-circle&#8221; icon_color=&#8221;#d50057&#8243; title_size=&#8221;0&#8243; css=&#8221;.vc_custom_1734340440998{margin-bottom: -40px !important;}&#8221;]<\/p>\n<p style=\"color: #403c5f; font-size: 20px; line-height: 26px; text-align: left;\">Incorporar unidades did\u00e1cticas de Realidad Virtual permiten <strong>aprendizaje activo y colaborativo<\/strong>. Learning by doing.<\/p>\n<p>[\/mvc_infobox][mvc_infobox info_style=&#8221;mega_info_box_2&#8243; info_opt=&#8221;show_icon&#8221; icon_size=&#8221;30&#8243; icon_height=&#8221;30&#8243; line_height=&#8221;0&#8243; title_color=&#8221;#000000&#8243; font_icon=&#8221;fas fa-check-circle&#8221; icon_color=&#8221;#d50057&#8243; title_size=&#8221;0&#8243; css=&#8221;.vc_custom_1734340450335{margin-bottom: -40px !important;}&#8221;]<\/p>\n<p style=\"color: #403c5f; font-size: 20px; line-height: 26px; text-align: left;\">Son perfectas para implementar <strong>unidades did\u00e1cticas de procedimientos complejos o peligrosos<\/strong> que los alumnos podr\u00e1n realizar sin peligro.<\/p>\n<p>[\/mvc_infobox][mvc_infobox info_style=&#8221;mega_info_box_2&#8243; info_opt=&#8221;show_icon&#8221; icon_size=&#8221;30&#8243; icon_height=&#8221;30&#8243; line_height=&#8221;0&#8243; title_color=&#8221;#000000&#8243; font_icon=&#8221;fas fa-check-circle&#8221; icon_color=&#8221;#d50057&#8243; title_size=&#8221;0&#8243; css=&#8221;.vc_custom_1734340458520{margin-bottom: -40px !important;}&#8221;]<\/p>\n<p style=\"color: #403c5f; font-size: 20px; line-height: 26px; text-align: left;\">Tambi\u00e9n se han mostrado muy eficaces en el <strong>desarrollo de soft skills<\/strong> como la orientaci\u00f3n laboral, gesti\u00f3n y liderazgo, atenci\u00f3n al cliente, etc.<\/p>\n<p>[\/mvc_infobox][\/vc_column][\/vc_row][vc_section full_width=&#8221;stretch_row&#8221; css_animation=&#8221;none&#8221; css=&#8221;.vc_custom_1745843163652{padding-top: 100px !important;padding-bottom: 100px !important;background-color: #20132C !important;}&#8221;][vc_row css_animation=&#8221;none&#8221; type=&#8221;container&#8221; padding_top=&#8221;&#8221; padding_bottom=&#8221;&#8221;][vc_column css_animation=&#8221;fadeInUp&#8221;][vc_single_image image=&#8221;95987&#8243; img_size=&#8221;medium&#8221; alignment=&#8221;center&#8221; onclick=&#8221;custom_link&#8221; img_link_target=&#8221;_blank&#8221; css_animation=&#8221;none&#8221; css=&#8221;.vc_custom_1745841781659{margin-bottom: 50px !important;}&#8221; link=&#8221;https:\/\/vrfp.es\/&#8221;][vc_custom_heading text=&#8221;Attraverso VRFP, azienda leader nello sviluppo di simulatori di Realt\u00e0 Virtuale per i centri di formazione professionale, disponiamo di un catalogo di oltre 40 simulatori progettati per un&#8217;ampia variet\u00e0 di argomenti:&#8221; font_container=&#8221;tag:p|font_size:22px|text_align:center|color:%23ffffff|line_height:28px&#8221; google_fonts=&#8221;font_family:Montserrat%3Aregular%2C700|font_style:400%20regular%3A400%3Anormal&#8221; css_animation=&#8221;none&#8221; css=&#8221;.vc_custom_1752482528631{margin-bottom: 0px !important;}&#8221;][vc_custom_heading text=&#8221;Industria, Energia, Chimica, Tecnologia e competenze tecniche, Servizi al pubblico e commercio al dettaglio, Sanit\u00e0 e servizi sociali, Sicurezza e orientamento professionale.&#8221; font_container=&#8221;tag:p|font_size:18px|text_align:center|color:%23d50057|line_height:26px&#8221; google_fonts=&#8221;font_family:Montserrat%3Aregular%2C700|font_style:700%20bold%20regular%3A700%3Anormal&#8221; css_animation=&#8221;none&#8221; css=&#8221;&#8221;][\/vc_column][\/vc_row][vc_row css_animation=&#8221;none&#8221; type=&#8221;container&#8221; padding_top=&#8221;&#8221; padding_bottom=&#8221;&#8221; css=&#8221;.vc_custom_1745843386363{margin-top: 50px !important;}&#8221;][vc_column width=&#8221;1\/6&#8243;][\/vc_column][vc_column css_animation=&#8221;fadeInUp&#8221; width=&#8221;2\/3&#8243;][vc_video link=&#8221;https:\/\/youtu.be\/KIUUY65RIYQ&#8221; align=&#8221;center&#8221; css=&#8221;&#8221;][vc_custom_heading text=&#8221;Scoprite i nostri simulatori di formazione in realt\u00e0 virtuale&#8221; font_container=&#8221;tag:p|font_size:28px|text_align:center|color:%23ffffff|line_height:34px&#8221; google_fonts=&#8221;font_family:Lato%3A100%2C100italic%2C300%2C300italic%2Cregular%2Citalic%2C700%2C700italic%2C900%2C900italic|font_style:400%20regular%3A400%3Anormal&#8221; css_animation=&#8221;none&#8221; css=&#8221;&#8221;][vc_btn title=&#8221;Vedi Simulatori&#8221; style=&#8221;custom&#8221; custom_background=&#8221;#D50057&#8243; custom_text=&#8221;#FFFFFF&#8221; shape=&#8221;round&#8221; size=&#8221;lg&#8221; align=&#8221;center&#8221; i_align=&#8221;right&#8221; i_type=&#8221;material&#8221; i_icon_material=&#8221;vc-material vc-material-arrow_forward&#8221; css_animation=&#8221;none&#8221; css=&#8221;.vc_custom_1745835593008{margin-top: 40px !important;}&#8221; add_icon=&#8221;true&#8221; link=&#8221;url:https%3A%2F%2Fvrfp.es%2F|target:_blank|&#8221;][\/vc_column][vc_column width=&#8221;1\/6&#8243;][\/vc_column][\/vc_row][\/vc_section][vc_section full_width=&#8221;stretch_row&#8221; css=&#8221;.vc_custom_1745832781623{padding-top: 100px !important;padding-bottom: 100px !important;background-color: #f7f7f7 !important;}&#8221;][vc_row full_width=&#8221;stretch_row&#8221; css_animation=&#8221;none&#8221; type=&#8221;container&#8221; padding_top=&#8221;&#8221; padding_bottom=&#8221;&#8221; css=&#8221;.vc_custom_1745843314088{padding-top: 50px !important;}&#8221;][vc_column css_animation=&#8221;fadeInLeft&#8221; width=&#8221;1\/2&#8243;][vc_custom_heading text=&#8221;Realt\u00e0 virtuale nell&#8217;educazione&#8221; font_container=&#8221;tag:h2|font_size:60px|text_align:left|color:%23403c5f|line_height:60px&#8221; google_fonts=&#8221;font_family:Lato%3A100%2C100italic%2C300%2C300italic%2Cregular%2Citalic%2C700%2C700italic%2C900%2C900italic|font_style:900%20bold%20regular%3A900%3Anormal&#8221; css_animation=&#8221;none&#8221; css=&#8221;&#8221;][vc_column_text css=&#8221;&#8221;]<\/p>\n<p style=\"color: #403c5f; font-size: 18px; line-height: 24px; text-align: left;\">La realt\u00e0 virtuale consiste nell&#8217;immersione totale dello studente in un mondo virtuale. Per vivere l&#8217;esperienza sono necessari occhiali speciali. Questa tecnologia consente un rapido apprendimento delle procedure pi\u00f9 diverse in un ambiente totalmente sicuro e immersivo.<\/p>\n<p style=\"color: #403c5f; font-size: 18px; line-height: 24px; text-align: left;\">Il docente potr\u00e0 incorporare i simulatori di Realt\u00e0 Virtuale sia in modalit\u00e0 di apprendimento che di valutazione, creando cos\u00ec un modulo formativo completo.<\/p>\n<p style=\"color: #403c5f; font-size: 18px; line-height: 24px; text-align: left;\">Attualmente disponiamo del pi\u00f9 ampio catalogo di simulatori di formazione in Spagna.<\/p>\n<p style=\"color: #403c5f; font-size: 18px; line-height: 24px; text-align: left;\">I nostri sistemi di Realt\u00e0 Virtuale <a href=\"https:\/\/www.innovae.com\/it\/savi-formazione\/\">SAVI <\/a>ed <a href=\"https:\/\/www.innovae.com\/it\/eravis-ambienti-virtuali-multiutente\/\">ERAVIS <\/a>offrono grande autonomia agli insegnanti in modo facile e intuitivo.<\/p>\n<p>[\/vc_column_text][vc_custom_heading text=&#8221;Sale immersive&#8221; font_container=&#8221;tag:h3|font_size:28px|text_align:left|color:%23d50057&#8243; google_fonts=&#8221;font_family:Lato%3A100%2C100italic%2C300%2C300italic%2Cregular%2Citalic%2C700%2C700italic%2C900%2C900italic|font_style:700%20bold%20regular%3A700%3Anormal&#8221; css_animation=&#8221;none&#8221; css=&#8221;&#8221;][vc_column_text css=&#8221;&#8221;]<\/p>\n<p style=\"color: #403c5f; font-size: 18px; line-height: 24px; text-align: left;\">La formazione in Realt\u00e0 Virtuale pu\u00f2 essere completata dall&#8217;implementazione di <a href=\"https:\/\/www.innovae.com\/it\/stanze-immersive\/\">sale immersive<\/a>, dove gli studenti possono tenere sessioni di formazione congiunte in cui possono collaborare tra loro.<\/p>\n<p>[\/vc_column_text][\/vc_column][vc_column css_animation=&#8221;fadeInRight&#8221; width=&#8221;1\/2&#8243;][vc_single_image image=&#8221;94363&#8243; img_size=&#8221;full&#8221; alignment=&#8221;center&#8221; style=&#8221;vc_box_rounded&#8221; css_animation=&#8221;none&#8221; css=&#8221;&#8221;][\/vc_column][\/vc_row][\/vc_section][vc_section full_width=&#8221;stretch_row&#8221; css=&#8221;.vc_custom_1745833299043{padding-top: 100px !important;padding-bottom: 100px !important;}&#8221;][vc_row css_animation=&#8221;fadeInUp&#8221; type=&#8221;container&#8221; padding_top=&#8221;&#8221; padding_bottom=&#8221;&#8221;][vc_column css_animation=&#8221;fadeInLeft&#8221; width=&#8221;1\/2&#8243;][vc_single_image image=&#8221;94369&#8243; img_size=&#8221;full&#8221; alignment=&#8221;center&#8221; css_animation=&#8221;none&#8221; css=&#8221;&#8221;][\/vc_column][vc_column css_animation=&#8221;fadeInRight&#8221; width=&#8221;1\/2&#8243;][vc_custom_heading text=&#8221;La realt\u00e0 aumentata nel settore dell&#8217;istruzione&#8221; font_container=&#8221;tag:h2|font_size:60px|text_align:left|color:%23403c5f|line_height:60px&#8221; google_fonts=&#8221;font_family:Lato%3A100%2C100italic%2C300%2C300italic%2Cregular%2Citalic%2C700%2C700italic%2C900%2C900italic|font_style:900%20bold%20regular%3A900%3Anormal&#8221; css_animation=&#8221;none&#8221; css=&#8221;&#8221;][vc_column_text css=&#8221;&#8221;]<\/p>\n<p style=\"color: #403c5f; font-size: 18px; line-height: 24px; text-align: left;\">La realt\u00e0 aumentata \u00e8 l&#8217;integrazione di elementi grafici nel mondo reale. In questo modo, lo studente pu\u00f2 vedere, attraverso occhiali, un dispositivo mobile o un tablet, istruzioni o informazioni relative a processi complessi.<\/p>\n<p style=\"color: #403c5f; font-size: 18px; line-height: 24px; text-align: left;\">Grazie ai nostri prodotti di Realt\u00e0 Aumentata, questi processi possono essere salvati e perfezionati, creando manuali virtuali interattivi autonomi di grande valore pedagogico che il discente pu\u00f2 seguire durante i processi.<\/p>\n<p>[\/vc_column_text][vc_custom_heading text=&#8221;Realt\u00e0 mista&#8221; font_container=&#8221;tag:h3|font_size:28px|text_align:left|color:%23d50057&#8243; google_fonts=&#8221;font_family:Lato%3A100%2C100italic%2C300%2C300italic%2Cregular%2Citalic%2C700%2C700italic%2C900%2C900italic|font_style:700%20bold%20regular%3A700%3Anormal&#8221; css_animation=&#8221;none&#8221; css=&#8221;&#8221;][vc_column_text css=&#8221;&#8221;]<\/p>\n<p style=\"color: #403c5f; font-size: 18px; line-height: 22px; text-align: left;\">La Mixed Reality integra elementi virtuali con il mondo reale, ma ha anche la capacit\u00e0 di riconoscere lo spazio circostante e di sovrapporre elementi 3D o multimediali.<\/p>\n<p style=\"color: #403c5f; font-size: 18px; line-height: 22px; text-align: left;\">Con il nostro sistema di Realt\u00e0 Mista <a href=\"https:\/\/www.innovae.com\/it\/saam-digitalizzazione\/\"><strong>SAAM<\/strong><\/a>, lo studente sar\u00e0 in grado di seguire le istruzioni dei passi da seguire integrate nell&#8217;ambiente fisico.<\/p>\n<p>[\/vc_column_text][\/vc_column][\/vc_row][\/vc_section][vc_row full_width=&#8221;stretch_row&#8221; type=&#8221;container&#8221; padding_top=&#8221;&#8221; padding_bottom=&#8221;&#8221; css=&#8221;.vc_custom_1669643127142{margin-bottom: -50px !important;padding-top: 50px !important;padding-bottom: 50px !important;background-color: #c20056 !important;}&#8221;][vc_column][vc_custom_heading text=&#8221;Siete interessati a saperne di pi\u00f9 sull&#8217;applicazione della tecnologia al vostro centro di formazione?&#8221; font_container=&#8221;tag:h2|font_size:30px|text_align:center|color:%23ffffff&#8221; google_fonts=&#8221;font_family:Lato%3A100%2C100italic%2C300%2C300italic%2Cregular%2Citalic%2C700%2C700italic%2C900%2C900italic|font_style:700%20bold%20regular%3A700%3Anormal&#8221;][vc_column_text css=&#8221;&#8221;]<\/p>\n<p style=\"text-align: center;\"><span style=\"color: #ffffff;\">Se desiderate approfondire come la Realt\u00e0 Aumentata e la Realt\u00e0 Virtuale vengono applicate all\u2019istruzione, saremo lieti di aiutarvi.<\/span><\/p>\n<p>[\/vc_column_text][vc_btn title=&#8221;CONTATTACI&#8221; style=&#8221;gradient-custom&#8221; gradient_custom_color_1=&#8221;rgba(255,255,255,0.17)&#8221; gradient_custom_color_2=&#8221;rgba(255,255,255,0.38)&#8221; shape=&#8221;round&#8221; size=&#8221;lg&#8221; align=&#8221;center&#8221; css_animation=&#8221;none&#8221; css=&#8221;&#8221; link=&#8221;url:https%3A%2F%2Fwww.innovae.com%2Fit%2Fcontatto%2F|target:%20_blank|&#8221;][\/vc_column][\/vc_row]<\/p>\n<\/div>","protected":false},"excerpt":{"rendered":"<p>[vc_row full_width=&#8221;stretch_row&#8221; type=&#8221;container&#8221; padding_top=&#8221;&#8221; padding_bottom=&#8221;&#8221; css=&#8221;.vc_custom_1734333190598{margin-top: 0px !important;padding-top: 100px !important;padding-bottom: 100px !important;background-image: url(https:\/\/www.innovae.com\/wp-content\/uploads\/2023\/05\/Cabecera-educacions.jpg?id=89992) !important;background-position: center !important;background-repeat: no-repeat !important;background-size: cover !important;}&#8221;][vc_column][vc_custom_heading text=&#8221;Centri Educativi&#8221; font_container=&#8221;tag:h1|font_size:60px|text_align:center|color:%23ffffff|line_height:60px&#8221; google_fonts=&#8221;font_family:Lato%3A100%2C100italic%2C300%2C300italic%2Cregular%2Citalic%2C700%2C700italic%2C900%2C900italic|font_style:700%20bold%20regular%3A700%3Anormal&#8221; css_animation=&#8221;fadeInDown&#8221; css=&#8221;&#8221;][vc_empty_space][vc_custom_heading text=&#8221;Tecnologie che rendono possibile l&#8217;implementazione di nuove forme di apprendimento&#8221; font_container=&#8221;tag:p|font_size:26px|text_align:center|color:%23ffffff&#8221; google_fonts=&#8221;font_family:Lato%3A100%2C100italic%2C300%2C300italic%2Cregular%2Citalic%2C700%2C700italic%2C900%2C900italic|font_style:400%20regular%3A400%3Anormal&#8221; css_animation=&#8221;fadeInUp&#8221; css=&#8221;&#8221;][\/vc_column][\/vc_row][vc_row type=&#8221;container&#8221; padding_top=&#8221;&#8221; padding_bottom=&#8221;&#8221; css=&#8221;.vc_custom_1646835649493{padding-top: 20px !important;}&#8221;][vc_column][vc_column_text css=&#8221;.vc_custom_1756808742653{margin-top: 20px !important;}&#8221;] Applichiamo la Realt\u00e0 Aumentata e la [&hellip;]<\/p>\n","protected":false},"author":510616,"featured_media":89996,"parent":0,"menu_order":2,"comment_status":"closed","ping_status":"closed","template":"page-full-width.php","meta":{"content-type":"","_FSMCFIC_featured_image_caption":"","_FSMCFIC_featured_image_nocaption":"","_FSMCFIC_featured_image_hide":"","footnotes":""},"class_list":["post-91830","page","type-page","status-publish","has-post-thumbnail","hentry"],"acf":[],"_links":{"self":[{"href":"https:\/\/www.innovae.com\/it\/wp-json\/wp\/v2\/pages\/91830","targetHints":{"allow":["GET"]}}],"collection":[{"href":"https:\/\/www.innovae.com\/it\/wp-json\/wp\/v2\/pages"}],"about":[{"href":"https:\/\/www.innovae.com\/it\/wp-json\/wp\/v2\/types\/page"}],"author":[{"embeddable":true,"href":"https:\/\/www.innovae.com\/it\/wp-json\/wp\/v2\/users\/510616"}],"replies":[{"embeddable":true,"href":"https:\/\/www.innovae.com\/it\/wp-json\/wp\/v2\/comments?post=91830"}],"version-history":[{"count":16,"href":"https:\/\/www.innovae.com\/it\/wp-json\/wp\/v2\/pages\/91830\/revisions"}],"predecessor-version":[{"id":102491,"href":"https:\/\/www.innovae.com\/it\/wp-json\/wp\/v2\/pages\/91830\/revisions\/102491"}],"wp:featuredmedia":[{"embeddable":true,"href":"https:\/\/www.innovae.com\/it\/wp-json\/wp\/v2\/media\/89996"}],"wp:attachment":[{"href":"https:\/\/www.innovae.com\/it\/wp-json\/wp\/v2\/media?parent=91830"}],"curies":[{"name":"wp","href":"https:\/\/api.w.org\/{rel}","templated":true}]}}