{"id":91825,"date":"2024-10-24T13:13:59","date_gmt":"2024-10-24T11:13:59","guid":{"rendered":"https:\/\/www.innovae.com\/informativa-sui-cookie\/"},"modified":"2025-07-04T08:02:03","modified_gmt":"2025-07-04T06:02:03","slug":"informativa-sui-cookie","status":"publish","type":"page","link":"https:\/\/www.innovae.com\/it\/informativa-sui-cookie\/","title":{"rendered":"Informativa sui cookie"},"content":{"rendered":"<p>Benvenuti nella <strong>POLITICA DEI COOKIES<\/strong> del sito web di INNOVAE GROUP S.L., con codice fiscale B95745592, dove vi spiegheremo in un linguaggio chiaro e semplice tutte le questioni necessarie affinch\u00e9 possiate averne il controllo in base alle vostre decisioni personali.<\/p>\n<h2><strong>Cosa sono i cookie e per cosa li utilizziamo?<\/strong><\/h2>\n<p>Un cookie \u00e8 un piccolo file informativo che viene memorizzato sul vostro computer, smartphone o tablet ogni volta che visitate il nostro sito web. In linea di principio, un cookie \u00e8 innocuo: non contiene virus, trojan, worm, ecc. che potrebbero danneggiare il vostro terminale, ma ha un certo impatto sul vostro diritto alla protezione dei dati personali, in quanto raccoglie alcune informazioni che vi riguardano (abitudini di navigazione, identit\u00e0, preferenze, ecc.). Per questo motivo, in base alle disposizioni della normativa applicabile (LSSI e normativa vigente in materia di protezione dei dati personali), l&#8217;attivazione di alcuni tipi di cookie richiede la vostra preventiva autorizzazione. Prima di procedere, vi forniremo alcune informazioni aggiuntive che vi aiuteranno a prendere decisioni migliori al riguardo:<\/p>\n<ol>\n<li>I cookie possono essere di vario tipo, a seconda del loro scopo:<\/li>\n<\/ol>\n<ul>\n<li>I cookie tecnici sono necessari per il funzionamento del nostro sito web, non richiedono il vostro consenso e sono gli unici che abbiamo abilitato per impostazione predefinita.<\/li>\n<li>Gli altri cookie vengono utilizzati per migliorare il nostro sito web, per personalizzarlo in base alle preferenze dell&#8217;utente o per poter mostrare pubblicit\u00e0 in base alle ricerche, ai gusti e agli interessi personali dell&#8217;utente. Potete accettare tutti questi cookie cliccando sul pulsante <strong>ACCETTA<\/strong>, rifiutarli cliccando sul pulsante <strong>RIFIUTA <\/strong>o configurarli cliccando sulla sezione <strong>CONFIGURAZIONE COOKIE<\/strong>.<\/li>\n<\/ul>\n<ol start=\"2\">\n<li>Alcuni cookie sono nostri (li chiameremo<strong> cookie propri<\/strong>) e altri appartengono a societ\u00e0 esterne che forniscono servizi per il nostro sito web (li chiameremo<strong> cookie di terze parti:<\/strong> un esempio potrebbero essere i cookie di fornitori esterni come Google). A questo proposito, \u00e8 importante che sappiate che alcuni di questi fornitori esterni possono trovarsi al di fuori della Spagna.<\/li>\n<\/ol>\n<p>A livello globale, non tutti i Paesi hanno lo stesso livello di protezione dei dati, e alcuni Paesi sono pi\u00f9 sicuri di altri (ad esempio, l&#8217;Unione Europea \u00e8 un ambiente sicuro per i vostri dati). La nostra politica prevede l&#8217;utilizzo di fornitori affidabili che, indipendentemente dal fatto che si trovino o meno nell&#8217;Unione Europea, hanno adottato misure di salvaguardia adeguate per la protezione dei dati personali dell&#8217;utente. Tuttavia, nella sezione intitolata <strong>QUALI TIPI DI COOKIE SONO ATTUALMENTE UTILIZZATI NEL NOSTRO SITO<\/strong>, \u00e8 possibile consultare le diverse politiche sulla privacy e sulla protezione dei dati di ciascuno dei suddetti fornitori esterni, al fine di prendere una decisione informata sull&#8217;attivazione o meno dei <strong>cookie di terze parti<\/strong> utilizzati dal nostro sito web.<\/p>\n<ol start=\"3\">\n<li>Infine, desideriamo sottolineare che, a seconda del tempo in cui rimangono attivi, i cookie possono essere di due tipi:<\/li>\n<\/ol>\n<ul>\n<li><strong>Cookie di sessione<\/strong>: scadono automaticamente al termine della sessione sul computer, smartphone o tablet. Di solito vengono utilizzati per conservare le informazioni necessarie mentre un servizio viene fornito all&#8217;utente in una singola occasione.<\/li>\n<li><strong>Cookie persistenti:<\/strong> rimangono memorizzati sul computer, sullo smartphone o sul tablet dell&#8217;utente per un determinato periodo di tempo, che pu\u00f2 variare da pochi minuti a diversi anni.<\/li>\n<\/ul>\n<h2><strong>Che tipo di cookie possiamo utilizzare sul nostro sito web?<\/strong><\/h2>\n<ul>\n<li><strong>Cookie tecnici: <\/strong><\/li>\n<\/ul>\n<p>I cookie tecnici sono strettamente necessari per il funzionamento del nostro sito web e per consentirvi di navigarlo. Questo tipo di cookie \u00e8 quello che, ad esempio, ci permette di identificarvi, di darvi accesso ad alcune parti riservate della pagina, se necessario, o di ricordare diverse opzioni o servizi gi\u00e0 selezionati da voi, come le vostre preferenze sulla privacy. Per questo motivo, <strong>sono attivati per impostazione predefinita e non \u00e8 necessaria la vostra autorizzazione.<\/strong> Attraverso le impostazioni del browser, \u00e8 possibile bloccare o avvisare della presenza di questo tipo di cookie, anche se tale blocco influir\u00e0 sul corretto funzionamento delle varie funzionalit\u00e0 del nostro sito web.<\/p>\n<ul>\n<li><strong>Cookie analitici<\/strong><\/li>\n<\/ul>\n<p>I cookie di analisi ci permettono di studiare il modo in cui gli utenti navigano sul nostro sito web in generale (ad esempio, quali sezioni del sito web sono pi\u00f9 visitate, quali servizi sono pi\u00f9 utilizzati e se funzionano correttamente, ecc.) Sulla base delle informazioni statistiche relative alla navigazione sul nostro sito web, possiamo migliorare sia il funzionamento del sito stesso che i diversi servizi che offre. Pertanto, questi cookie <strong>non hanno uno scopo pubblicitario<\/strong>, ma servono solo a far funzionare meglio il nostro sito web, adattandolo ai nostri utenti in generale. Attivandoli, contribuirete a questo continuo miglioramento. <strong>\u00c8 possibile attivare o disattivare questi cookie selezionando la casella corrispondente,<\/strong> in quanto sono disattivati per impostazione predefinita.<\/p>\n<ul>\n<li><strong>Cookie di funzionalit\u00e0 e personalizzazione:<\/strong><\/li>\n<\/ul>\n<p>I cookie di funzionalit\u00e0 ci consentono di ricordare le vostre preferenze per personalizzare alcune caratteristiche e opzioni generali del nostro sito web ad ogni accesso (ad esempio, la lingua in cui vi vengono presentate le informazioni, le sezioni contrassegnate come preferite, il vostro tipo di browser, ecc.) Pertanto, questi tipi di cookie <strong>non hanno uno scopo pubblicitario<\/strong>, ma attivandoli migliorerete la funzionalit\u00e0 del sito web (ad esempio, adattandolo al vostro tipo di browser) e la personalizzazione in base alle vostre preferenze (ad esempio, presentando le informazioni nella lingua che avete scelto in occasioni precedenti), il che contribuir\u00e0 alla facilit\u00e0, all&#8217;usabilit\u00e0 e al comfort del nostro sito web durante la vostra navigazione.<strong> \u00c8 possibile attivare o disattivare questi cookie selezionando l&#8217;apposita casella<\/strong>, che \u00e8 disattivata per impostazione predefinita.<\/p>\n<ul>\n<li><strong>Cookie pubblicitari:<\/strong><\/li>\n<\/ul>\n<p>I cookie pubblicitari ci consentono di gestire gli spazi pubblicitari inclusi nel nostro sito web in base a criteri quali il contenuto mostrato o la frequenza con cui gli annunci vengono visualizzati. Ad esempio, se sul nostro sito web vi \u00e8 stata mostrata pi\u00f9 volte la stessa pubblicit\u00e0 e non avete dimostrato un interesse personale cliccando su di essa, questa non comparir\u00e0 pi\u00f9. In breve, attivando questi cookie, la pubblicit\u00e0 visualizzata sul nostro sito web sar\u00e0 pi\u00f9 utile e varia e meno ripetitiva. <strong>\u00c8 possibile attivare o disattivare questi cookie selezionando l&#8217;apposita casella<\/strong>, in quanto sono disattivati per impostazione predefinita.<\/p>\n<ul>\n<li><strong>Cookie di pubblicit\u00e0 comportamentale: <\/strong><\/li>\n<\/ul>\n<p>I cookie pubblicitari comportamentali ci permettono di ottenere informazioni basate sull&#8217;osservazione delle vostre abitudini di navigazione e del vostro comportamento sul sito web, al fine di potervi mostrare contenuti pubblicitari pi\u00f9 adatti ai vostri gusti e interessi personali. Per rendervi pi\u00f9 facile la comprensione, vi faremo un esempio fittizio: se le vostre ultime ricerche sul web riguardassero la letteratura thriller, vi mostreremmo pubblicit\u00e0 sui libri thriller. Pertanto, attivando questo tipo di cookie, la pubblicit\u00e0 che vi mostreremo sul nostro sito non sar\u00e0 generica, ma sar\u00e0 orientata alle vostre ricerche, ai vostri gusti e ai vostri interessi, adattandosi cos\u00ec esclusivamente a voi. <strong>\u00c8 possibile attivare o disattivare questi cookie selezionando la casella corrispondente<\/strong>, in quanto sono disattivati per impostazione predefinita.<\/p>\n<h2><\/h2>\n<h2 style=\"text-align: justify;\"><strong> Che tipo di cookie memorizza il nostro sito web?<\/strong><\/h2>\n<p style=\"text-align: justify;\">Di seguito, vi informiamo su tutti i tipi di cookie attualmente utilizzati sul nostro sito web e sullo scopo di ciascuno di essi:<\/p>\n<table style=\"height: 292px;\" width=\"911\">\n<tbody>\n<tr>\n<td style=\"text-align: center;\" width=\"135\"><strong>Tipo di cookie<\/strong><\/td>\n<td style=\"text-align: center;\" width=\"136\"><strong>Nome<\/strong><\/td>\n<td style=\"text-align: center;\" width=\"135\"><strong>Scopo<\/strong><\/td>\n<td style=\"text-align: center;\" width=\"135\"><strong>Entit\u00e0 responsabile e link alla sua politica sulla privacy e sulla protezione dei dati<\/strong><\/td>\n<td style=\"text-align: center;\" width=\"135\"><strong>Periodo di tempo<\/strong><\/td>\n<\/tr>\n<tr>\n<td style=\"text-align: center;\" width=\"135\">Statistiche<\/td>\n<td style=\"text-align: center;\" width=\"136\">_cltk<\/td>\n<td style=\"text-align: center;\" width=\"135\">Memorizza e traccia le interazioni<\/td>\n<td style=\"text-align: center;\" width=\"135\">Microsoft Clarity<\/td>\n<td style=\"text-align: center;\" width=\"135\">Almeno una sessione<\/td>\n<\/tr>\n<tr>\n<td style=\"text-align: center;\" width=\"135\">Statistiche<\/td>\n<td style=\"text-align: center;\" width=\"136\">_clsk<\/td>\n<td style=\"text-align: center;\" width=\"135\">Memorizza e combina le visualizzazioni di pagina di un utente in un unico registro di sessione.<\/td>\n<td style=\"text-align: center;\" width=\"135\">Microsoft Clarity<\/td>\n<td style=\"text-align: center;\" width=\"135\">1 giorno<\/td>\n<\/tr>\n<tr>\n<td style=\"text-align: center;\" width=\"135\">Marketing<\/td>\n<td style=\"text-align: center;\" width=\"136\">_clck<\/td>\n<td style=\"text-align: center;\" width=\"135\">Memorizzare un ID utente univoco<\/td>\n<td style=\"text-align: center;\" width=\"135\">Microsoft Clarity<\/td>\n<td style=\"text-align: center;\" width=\"135\">1 anno<\/td>\n<\/tr>\n<tr>\n<td style=\"text-align: center;\" width=\"135\">Marketing<\/td>\n<td style=\"text-align: center;\" width=\"136\">ANONCHK<\/td>\n<td style=\"text-align: center;\" width=\"135\">Indica se MUID viene trasferito ad ANID, un cookie utilizzato per scopi pubblicitari. Clarity non utilizza ANID, quindi \u00e8 sempre impostato su 0.<\/td>\n<td style=\"text-align: center;\" width=\"135\">Microsoft Clarity<\/td>\n<td style=\"text-align: center;\" width=\"135\">Sessione<\/td>\n<\/tr>\n<tr>\n<td style=\"text-align: center;\" width=\"135\">Marketing<\/td>\n<td style=\"text-align: center;\" width=\"136\">MUID<\/td>\n<td style=\"text-align: center;\" width=\"135\">Memorizzare e tracciare le visite su pi\u00f9 siti web<\/td>\n<td style=\"text-align: center;\" width=\"135\">Microsoft Clarity<\/td>\n<td style=\"text-align: center;\" width=\"135\">1 anno<\/td>\n<\/tr>\n<tr>\n<td style=\"text-align: center;\" width=\"135\">Marketing<\/td>\n<td style=\"text-align: center;\" width=\"136\">hubspotutk<\/td>\n<td style=\"text-align: center;\" width=\"135\">Memorizzazione e tracciamento dell&#8217;identit\u00e0 del visitatore<\/td>\n<td style=\"text-align: center;\" width=\"135\">Hubspot<\/td>\n<td style=\"text-align: center;\" width=\"135\">13 mesi<\/td>\n<\/tr>\n<tr>\n<td style=\"text-align: center;\" width=\"135\">Marketing<\/td>\n<td style=\"text-align: center;\" width=\"136\">__hstc<\/td>\n<td style=\"text-align: center;\" width=\"135\">Risparmiare gli orari di visita<\/td>\n<td style=\"text-align: center;\" width=\"135\">Hubspot<\/td>\n<td style=\"text-align: center;\" width=\"135\">13 mesi<\/td>\n<\/tr>\n<tr>\n<td style=\"text-align: center;\" width=\"135\">Statistiche<\/td>\n<td style=\"text-align: center;\" width=\"136\">__hssrc<\/td>\n<td style=\"text-align: center;\" width=\"135\">Memorizza un ID di sessione univoco<\/td>\n<td style=\"text-align: center;\" width=\"135\">Hubspot<\/td>\n<td style=\"text-align: center;\" width=\"135\">Sessione<\/td>\n<\/tr>\n<tr>\n<td style=\"text-align: center;\" width=\"135\">Funzionale<\/td>\n<td style=\"text-align: center;\" width=\"136\">__hssc<\/td>\n<td style=\"text-align: center;\" width=\"135\">Memorizzare statistiche anonime<\/td>\n<td style=\"text-align: center;\" width=\"135\">Hubspot<\/td>\n<td style=\"text-align: center;\" width=\"135\">30 minuti<\/td>\n<\/tr>\n<tr>\n<td style=\"text-align: center;\" width=\"135\">Funzionale<\/td>\n<td style=\"text-align: center;\" width=\"136\">__hs_cookie_cat_pref<\/td>\n<td style=\"text-align: center;\" width=\"135\">Salvare le preferenze di consenso dei cookie<\/td>\n<td style=\"text-align: center;\" width=\"135\">Hubspot<\/td>\n<td style=\"text-align: center;\" width=\"135\">6 mesi<\/td>\n<\/tr>\n<tr>\n<td style=\"text-align: center;\" width=\"135\">Funzionale<\/td>\n<td style=\"text-align: center;\" width=\"136\">*_key<\/td>\n<td style=\"text-align: center;\" width=\"135\">Mantenere gli utenti connessi<\/td>\n<td style=\"text-align: center;\" width=\"135\">Hubspot<\/td>\n<td style=\"text-align: center;\" width=\"135\">2 settimane<\/td>\n<\/tr>\n<tr>\n<td style=\"text-align: center;\" width=\"135\">Funzionale<\/td>\n<td style=\"text-align: center;\" width=\"136\">hs_ab_test<\/td>\n<td style=\"text-align: center;\" width=\"135\">Memorizzare gli ID degli esperimenti e delle sessioni per i test A\/B<\/td>\n<td style=\"text-align: center;\" width=\"135\">Hubspot<\/td>\n<td style=\"text-align: center;\" width=\"135\">sessione<\/td>\n<\/tr>\n<tr>\n<td style=\"text-align: center;\" width=\"135\">Funzionale<\/td>\n<td style=\"text-align: center;\" width=\"136\">__hs_do_not_track<\/td>\n<td style=\"text-align: center;\" width=\"135\">Memorizzare i segnali \u201cdo not track<\/td>\n<td style=\"text-align: center;\" width=\"135\">Hubspot<\/td>\n<td style=\"text-align: center;\" width=\"135\">6 mesi<\/td>\n<\/tr>\n<tr>\n<td style=\"text-align: center;\" width=\"135\">Preferenze<\/td>\n<td style=\"text-align: center;\" width=\"136\">messagesUtk<\/td>\n<td style=\"text-align: center;\" width=\"135\">Salva i dettagli del browser<\/td>\n<td style=\"text-align: center;\" width=\"135\">Hubspot<\/td>\n<td style=\"text-align: center;\" width=\"135\">13 mesi<\/td>\n<\/tr>\n<tr>\n<td style=\"text-align: center;\" width=\"135\">Preferenze<\/td>\n<td style=\"text-align: center;\" width=\"136\">__hsmem<\/td>\n<td style=\"text-align: center;\" width=\"135\">Mantenere gli utenti connessi<\/td>\n<td style=\"text-align: center;\" width=\"135\">Hubspot<\/td>\n<td style=\"text-align: center;\" width=\"135\">1 settimana<\/td>\n<\/tr>\n<tr>\n<td style=\"text-align: center;\" width=\"135\">Preferenze<\/td>\n<td style=\"text-align: center;\" width=\"136\">hs-messaggi-\u00e8-aperto<\/td>\n<td style=\"text-align: center;\" width=\"135\">Salva se un messaggio \u00e8 stato trovato<\/td>\n<td style=\"text-align: center;\" width=\"135\">Hubspot<\/td>\n<td style=\"text-align: center;\" width=\"135\">30 minuti<\/td>\n<\/tr>\n<tr>\n<td style=\"text-align: center;\" width=\"135\">Statistiche<\/td>\n<td style=\"text-align: center;\" width=\"136\">_ga_*<\/td>\n<td style=\"text-align: center;\" width=\"135\">Conteggio e monitoraggio delle pagine viste<\/td>\n<td style=\"text-align: center;\" width=\"135\">Google Analytics<\/td>\n<td style=\"text-align: center;\" width=\"135\">1 anno<\/td>\n<\/tr>\n<tr>\n<td style=\"text-align: center;\" width=\"135\">Statistiche<\/td>\n<td style=\"text-align: center;\" width=\"136\">_ga<\/td>\n<td style=\"text-align: center;\" width=\"135\">Conteggio e tracciamento delle pagine viste<\/td>\n<td style=\"text-align: center;\" width=\"135\">Google Analytics<\/td>\n<td style=\"text-align: center;\" width=\"135\">2 anni<\/td>\n<\/tr>\n<tr>\n<td style=\"text-align: center;\" width=\"135\">Funzionale<\/td>\n<td style=\"text-align: center;\" width=\"136\">politica_cookie_vista<\/td>\n<td style=\"text-align: center;\" width=\"135\">Salva se \u00e8 stato visualizzato un messaggio<\/td>\n<td style=\"text-align: center;\" width=\"135\">Consenso ai cookie GDPR<\/td>\n<td style=\"text-align: center;\" width=\"135\">Persistente<\/td>\n<\/tr>\n<tr>\n<td style=\"text-align: center;\" width=\"135\">Marketing<\/td>\n<td style=\"text-align: center;\" width=\"136\">_gcl_au<\/td>\n<td style=\"text-align: center;\" width=\"135\">Memorizzare e tracciare le conversazioni<\/td>\n<td style=\"text-align: center;\" width=\"135\">Google Adsense<\/td>\n<td style=\"text-align: center;\" width=\"135\">Persistente<\/td>\n<\/tr>\n<tr>\n<td style=\"text-align: center;\" width=\"135\">Marketing<\/td>\n<td style=\"text-align: center;\" width=\"136\">impostazioni_adsense_google<\/td>\n<td style=\"text-align: center;\" width=\"135\">Abilita il servizio di annunci o il retargeting<\/td>\n<td style=\"text-align: center;\" width=\"135\">Google Adsense<\/td>\n<td style=\"text-align: center;\" width=\"135\">Persistente<\/td>\n<\/tr>\n<tr>\n<td style=\"text-align: center;\" width=\"135\">Marketing<\/td>\n<td style=\"text-align: center;\" width=\"136\">_gcl_aw<\/td>\n<td style=\"text-align: center;\" width=\"135\">Abilitazione dell&#8217;ad serving o del retargeting<\/td>\n<td style=\"text-align: center;\" width=\"135\">Annunci Google<\/td>\n<td style=\"text-align: center;\" width=\"135\">90 giorni<\/td>\n<\/tr>\n<tr>\n<td style=\"text-align: center;\" width=\"135\">Marketing<\/td>\n<td style=\"text-align: center;\" width=\"136\">ads\/ga-audiences<\/td>\n<td style=\"text-align: center;\" width=\"135\">Memorizza informazioni per scopi di remarketing<\/td>\n<td style=\"text-align: center;\" width=\"135\">Annunci Google<\/td>\n<td style=\"text-align: center;\" width=\"135\">Immediatamente<\/td>\n<\/tr>\n<tr>\n<td style=\"text-align: center;\" width=\"135\">Funzionale<\/td>\n<td style=\"text-align: center;\" width=\"136\">wp-wpml_current_language<\/td>\n<td style=\"text-align: center;\" width=\"135\">Salva le impostazioni della lingua<\/td>\n<td style=\"text-align: center;\" width=\"135\">WPML<\/td>\n<td style=\"text-align: center;\" width=\"135\">1 giorno<\/td>\n<\/tr>\n<tr>\n<td style=\"text-align: center;\" width=\"135\">Marketing<\/td>\n<td style=\"text-align: center;\" width=\"136\">API di Google Maps<\/td>\n<td style=\"text-align: center;\" width=\"135\">Richiesta dell&#8217;indirizzo IP dell&#8217;utente<\/td>\n<td style=\"text-align: center;\" width=\"135\">Google Maps<\/td>\n<td style=\"text-align: center;\" width=\"135\">Immediatamente<\/td>\n<\/tr>\n<\/tbody>\n<\/table>\n<h2><\/h2>\n<h2><strong>Cosa posso fare con i biscotti?<\/strong><\/h2>\n<p>Quando accedete per la prima volta al nostro sito web, vi verr\u00e0 mostrata una finestra in cui vi informiamo che i cookie possono essere di vario tipo:<\/p>\n<ul>\n<li>I cookie tecnici sono necessari per il funzionamento del nostro sito web, non richiedono il vostro consenso e sono gli unici che abbiamo abilitato per impostazione predefinita.<\/li>\n<li>Gli altri cookie vengono utilizzati per migliorare il nostro sito web, per personalizzarlo in base alle preferenze dell&#8217;utente o per poter mostrare pubblicit\u00e0 in base alle ricerche, ai gusti e agli interessi personali dell&#8217;utente. Potete accettare tutti questi cookie cliccando sul pulsante <strong>ACCETTA<\/strong>, rifiutarli cliccando sul pulsante <strong>RIFIUTA <\/strong>o configurarli cliccando sulla sezione <strong>CONFIGURAZIONE COOKIE.<\/strong><\/li>\n<\/ul>\n<p>Desideriamo inoltre informarvi che, una volta attivato un qualsiasi tipo di cookie, potrete disattivarlo in qualsiasi momento semplicemente deselezionando la casella corrispondente nella sezione <strong>CONFIGURAZIONE COOKIE<\/strong> del nostro sito web. Sar\u00e0 sempre facile per voi attivare i nostri cookie e disattivarli. Vi ricordiamo inoltre che, attraverso le impostazioni del vostro browser, potete bloccare o avvisare della presenza dei cookie, anche se tale blocco potrebbe compromettere il corretto funzionamento delle diverse funzionalit\u00e0 del nostro sito web nel caso dei cookie tecnici necessari. Infine, se attivate i <strong>cookie di terzi<\/strong> (societ\u00e0 esterne che forniscono servizi per il nostro sito web) e successivamente desiderate disattivarli, potete farlo in due modi: utilizzando gli strumenti di disattivazione dei cookie del vostro browser o attraverso i sistemi predisposti da questi fornitori esterni. Per facilitarvi il compito, di seguito elenchiamo una serie di link alle linee guida per la disattivazione dei cookie nei browser pi\u00f9 diffusi:<\/p>\n<ul>\n<li data-stringify-indent=\"0\" data-stringify-border=\"0\"><a class=\"c-link\" href=\"https:\/\/support.google.com\/accounts\/answer\/61416\" target=\"_blank\" rel=\"noopener noreferrer\" data-stringify-link=\"https:\/\/support.google.com\/accounts\/answer\/61416\" data-sk=\"tooltip_parent\">Google Chrome<\/a><\/li>\n<li data-stringify-indent=\"0\" data-stringify-border=\"0\"><a class=\"c-link\" href=\"https:\/\/support.mozilla.org\/es\/kb\/Borrar%20cookies\" target=\"_blank\" rel=\"noopener noreferrer\" data-stringify-link=\"https:\/\/support.mozilla.org\/es\/kb\/Borrar%20cookies\" data-sk=\"tooltip_parent\">Mozilla Firefox<\/a><\/li>\n<li data-stringify-indent=\"0\" data-stringify-border=\"0\"><a class=\"c-link\" href=\"https:\/\/support.apple.com\/es-es\/guide\/safari\/sfri11471\/mac\" target=\"_blank\" rel=\"noopener noreferrer\" data-stringify-link=\"https:\/\/support.apple.com\/es-es\/guide\/safari\/sfri11471\/mac\" data-sk=\"tooltip_parent\">Safari<\/a><\/li>\n<li data-stringify-indent=\"0\" data-stringify-border=\"0\"><a class=\"c-link\" href=\"https:\/\/support.apple.com\/es-es\/HT201265\" target=\"_blank\" rel=\"noopener noreferrer\" data-stringify-link=\"https:\/\/support.apple.com\/es-es\/HT201265\" data-sk=\"tooltip_parent\">Safari per IOS (iPhone y iPad)<\/a><\/li>\n<li><a href=\"https:\/\/support.microsoft.com\/es-es\/microsoft-edge\/eliminar-las-cookies-en-microsoft-edge-63947406-40ac-c3b8-57b9-2a946a29ae09\" target=\"_blank\" rel=\"noopener\">Edge<\/a><\/li>\n<\/ul>\n<p>Allo stesso modo, elenchiamo i link ai sistemi abilitati da ciascuno dei suddetti fornitori esterni per la disattivazione dei loro cookie:<\/p>\n<p><a href=\"http:\/\/www.google.com\/intl\/es\/policies\/privacy\/\" target=\"_blank\" rel=\"noopener\">http:\/\/www.google.com\/intl\/es\/policies\/privacy\/<\/a><\/p>\n","protected":false},"excerpt":{"rendered":"<p>Benvenuti nella POLITICA DEI COOKIES del sito web di INNOVAE GROUP S.L., con codice fiscale B95745592, dove vi spiegheremo in un linguaggio chiaro e semplice tutte le questioni necessarie affinch\u00e9 possiate averne il controllo in base alle vostre decisioni personali. Cosa sono i cookie e per cosa li utilizziamo? Un cookie \u00e8 un piccolo file [&hellip;]<\/p>\n","protected":false},"author":2,"featured_media":0,"parent":0,"menu_order":0,"comment_status":"closed","ping_status":"closed","template":"page-full-width.php","meta":{"content-type":"","_FSMCFIC_featured_image_caption":"","_FSMCFIC_featured_image_nocaption":"","_FSMCFIC_featured_image_hide":"","footnotes":""},"class_list":["post-91825","page","type-page","status-publish","hentry"],"acf":[],"_links":{"self":[{"href":"https:\/\/www.innovae.com\/it\/wp-json\/wp\/v2\/pages\/91825","targetHints":{"allow":["GET"]}}],"collection":[{"href":"https:\/\/www.innovae.com\/it\/wp-json\/wp\/v2\/pages"}],"about":[{"href":"https:\/\/www.innovae.com\/it\/wp-json\/wp\/v2\/types\/page"}],"author":[{"embeddable":true,"href":"https:\/\/www.innovae.com\/it\/wp-json\/wp\/v2\/users\/2"}],"replies":[{"embeddable":true,"href":"https:\/\/www.innovae.com\/it\/wp-json\/wp\/v2\/comments?post=91825"}],"version-history":[{"count":1,"href":"https:\/\/www.innovae.com\/it\/wp-json\/wp\/v2\/pages\/91825\/revisions"}],"predecessor-version":[{"id":95111,"href":"https:\/\/www.innovae.com\/it\/wp-json\/wp\/v2\/pages\/91825\/revisions\/95111"}],"wp:attachment":[{"href":"https:\/\/www.innovae.com\/it\/wp-json\/wp\/v2\/media?parent=91825"}],"curies":[{"name":"wp","href":"https:\/\/api.w.org\/{rel}","templated":true}]}}