{"id":91820,"date":"2024-10-24T12:47:17","date_gmt":"2024-10-24T10:47:17","guid":{"rendered":"https:\/\/www.innovae.com\/impegno-per-la-protezione-dei-dati-personali\/"},"modified":"2025-07-03T14:09:04","modified_gmt":"2025-07-03T12:09:04","slug":"impegno-per-la-protezione-dei-dati-personali","status":"publish","type":"page","link":"https:\/\/www.innovae.com\/it\/impegno-per-la-protezione-dei-dati-personali\/","title":{"rendered":"Impegno per la protezione dei dati personali"},"content":{"rendered":"<div class=\"wpb-content-wrapper\"><p>[vc_row type=&#8221;container&#8221; padding_top=&#8221;&#8221; padding_bottom=&#8221;&#8221; css=&#8221;.vc_custom_1701084495641{padding-top: 50px !important;}&#8221;][vc_column][vc_custom_heading text=&#8221;Il nostro impegno per la protezione dei dati personali: \u201cPersone informate e dati protetti\u201d.&#8221; font_container=&#8221;tag:h2|font_size:32px|text_align:center|color:%23d50057|line_height:36px&#8221; google_fonts=&#8221;font_family:Lato%3A100%2C100italic%2C300%2C300italic%2Cregular%2Citalic%2C700%2C700italic%2C900%2C900italic|font_style:700%20bold%20regular%3A700%3Anormal&#8221;][vc_column_text css=&#8221;.vc_custom_1701093711160{margin-top: 50px !important;}&#8221;]<\/p>\n<p style=\"text-align: justify;\"><span style=\"color: #403c5f;\">La Direzione\/Organismo direttivo di <strong>INNOVAE GROUP S.L.<\/strong> (di seguito, il Titolare del Trattamento), si assume la massima responsabilit\u00e0 e impegno per l&#8217;istituzione, l&#8217;attuazione e il mantenimento della presente Politica di Protezione dei Dati, garantendo il miglioramento continuo del Titolare del Trattamento con l&#8217;obiettivo di raggiungere l&#8217;eccellenza in relazione al rispetto del Regolamento (UE) 2016\/679 del Parlamento Europeo e del Consiglio del 27 aprile 2016, relativo alla protezione delle persone fisiche con riguardo al trattamento dei dati personali, nonch\u00e9 alla libera circolazione di tali dati e che abroga la direttiva 95\/46\/CE (regolamento generale sulla protezione dei dati) (GUUE L 119\/1 del 04-05-2016), e le normative spagnole in materia di protezione dei dati personali (Legge Organica, legislazione settoriale specifica e relative norme di attuazione). <\/span><\/p>\n<p style=\"text-align: justify;\"><span style=\"color: #403c5f;\">La Politica di protezione dei dati di <strong>INNOVAE GROUP S.L.<\/strong> si basa sul <span style=\"text-decoration: underline;\">principio della responsabilit\u00e0 proattiva<\/span>, secondo il quale il titolare del trattamento dei dati \u00e8 responsabile del rispetto del quadro normativo e giurisprudenziale che disciplina tale Politica, ed \u00e8 in grado di dimostrarlo alle autorit\u00e0 di controllo competenti.<\/span><\/p>\n<p style=\"text-align: justify;\"><span style=\"color: #403c5f;\">A questo proposito, il responsabile del trattamento si attiene ai seguenti principi che devono servire da guida e da quadro di riferimento per tutto il suo personale nel trattamento dei dati personali:<\/span><\/p>\n<p>[\/vc_column_text][vc_column_text]<\/p>\n<ol>\n<li><span style=\"color: #403c5f;\"><span style=\"text-decoration: underline;\">Protezione dei dati fin dalla progettazione<\/span>: il responsabile del trattamento deve attuare, sia al momento della determinazione dei mezzi di trattamento che al momento del trattamento stesso, misure tecniche e organizzative adeguate, come la pseudonimizzazione, volte ad attuare efficacemente i principi di protezione dei dati, come la minimizzazione dei dati, e a integrare le garanzie necessarie nel trattamento.<\/span><\/li>\n<li><span style=\"color: #403c5f;\"><span style=\"text-decoration: underline;\">Protezione dei dati per impostazione predefinita<\/span>: il responsabile del trattamento deve attuare misure tecniche e organizzative adeguate per garantire che, per impostazione predefinita, vengano trattati solo i dati personali necessari per ciascuna delle finalit\u00e0 specifiche del trattamento.<\/span><\/li>\n<li><span style=\"color: #403c5f;\"><span style=\"text-decoration: underline;\">Protezione dei dati nel ciclo di vita delle informazioni<\/span>: le misure che garantiscono la protezione dei dati personali si applicano all&#8217;intero ciclo di vita delle informazioni.<\/span><\/li>\n<li><span style=\"color: #403c5f;\"><span style=\"text-decoration: underline;\">Liceit\u00e0, correttezza e trasparenza<\/span>: i dati personali saranno trattati in modo lecito, equo e trasparente nei confronti dell&#8217;interessato.<\/span><\/li>\n<li><span style=\"color: #403c5f;\"><span style=\"text-decoration: underline;\">Limitazione delle finalit\u00e0:<\/span> i dati personali saranno raccolti per finalit\u00e0 specifiche, esplicite e legittime e non saranno ulteriormente trattati in modo incompatibile con tali finalit\u00e0.<\/span><\/li>\n<li><span style=\"color: #403c5f;\"><span style=\"text-decoration: underline;\">Minimizzazione dei dati<\/span>: i dati personali devono essere adeguati, pertinenti e limitati a quanto necessario per le finalit\u00e0 per cui sono trattati.<\/span><\/li>\n<li><span style=\"color: #403c5f;\"><span style=\"text-decoration: underline;\">Accuratezza<\/span>: i dati personali devono essere accurati e, se necessario, aggiornati; devono essere adottate tutte le misure ragionevoli per garantire che i dati personali inesatti rispetto alle finalit\u00e0 per cui sono trattati siano cancellati o rettificati senza indugio.<\/span><\/li>\n<li><span style=\"color: #403c5f;\"><span style=\"text-decoration: underline;\">Limitazione del periodo di conservazione<\/span>: i dati personali saranno conservati in una forma che consenta l&#8217;identificazione degli interessati per un periodo di tempo non superiore a quello necessario per le finalit\u00e0 per le quali sono trattati.<\/span><\/li>\n<li><span style=\"color: #403c5f;\"><span style=\"text-decoration: underline;\">Integrit\u00e0 e riservatezza<\/span>: i dati personali saranno trattati in modo da garantire un&#8217;adeguata sicurezza dei dati personali, compresa la protezione da trattamenti non autorizzati o illegali e da perdite, distruzioni o danni accidentali, attuando misure tecniche o organizzative adeguate.<\/span><\/li>\n<li><span style=\"color: #403c5f;\"><span style=\"text-decoration: underline;\">Informazione e formazione<\/span>: una delle chiavi per garantire la protezione dei dati personali \u00e8 la formazione e l&#8217;informazione del personale coinvolto nel trattamento dei dati personali. Durante il ciclo di vita delle informazioni, tutto il personale che ha accesso ai dati deve essere adeguatamente formato e informato sui propri obblighi in relazione al rispetto delle norme sulla protezione dei dati. <\/span><\/li>\n<\/ol>\n<p>[\/vc_column_text][vc_column_text]<\/p>\n<p style=\"text-align: justify;\"><span style=\"color: #403c5f;\">La politica di protezione dei dati di <strong>INNOVAE GROUP S.L.<\/strong> \u00e8 comunicata a tutto il personale del titolare del trattamento e resa disponibile a tutte le parti interessate.<\/span><\/p>\n<p style=\"text-align: justify;\"><span style=\"color: #403c5f;\">Di conseguenza, la presente Politica di protezione dei dati coinvolge tutto il personale del Titolare del trattamento, che deve conoscerla e accettarla, considerandola come propria, essendo ciascun membro responsabile della sua applicazione e della verifica delle norme di protezione dei dati applicabili alla propria attivit\u00e0, nonch\u00e9 dell&#8217;individuazione e delle opportunit\u00e0 di miglioramento che ritiene opportune con l&#8217;obiettivo di raggiungere l&#8217;eccellenza in relazione alla propria conformit\u00e0. <\/span><\/p>\n<p style=\"text-align: justify;\"><span style=\"color: #403c5f;\">La presente Politica sar\u00e0 rivista dalla Direzione\/Organismo direttivo di <strong>INNOVAE GROUP S.L.<\/strong>, tutte le volte che lo riterr\u00e0 necessario, al fine di adeguarsi, in ogni momento, alle disposizioni vigenti in materia di protezione dei dati personali.<\/span><\/p>\n<p>[\/vc_column_text][\/vc_column][\/vc_row]<\/p>\n<\/div>","protected":false},"excerpt":{"rendered":"<p>[vc_row type=&#8221;container&#8221; padding_top=&#8221;&#8221; padding_bottom=&#8221;&#8221; css=&#8221;.vc_custom_1701084495641{padding-top: 50px !important;}&#8221;][vc_column][vc_custom_heading text=&#8221;Il nostro impegno per la protezione dei dati personali: \u201cPersone informate e dati protetti\u201d.&#8221; font_container=&#8221;tag:h2|font_size:32px|text_align:center|color:%23d50057|line_height:36px&#8221; google_fonts=&#8221;font_family:Lato%3A100%2C100italic%2C300%2C300italic%2Cregular%2Citalic%2C700%2C700italic%2C900%2C900italic|font_style:700%20bold%20regular%3A700%3Anormal&#8221;][vc_column_text css=&#8221;.vc_custom_1701093711160{margin-top: 50px !important;}&#8221;] La Direzione\/Organismo direttivo di INNOVAE GROUP S.L. (di seguito, il Titolare del Trattamento), si assume la massima responsabilit\u00e0 e impegno per l&#8217;istituzione, l&#8217;attuazione e il mantenimento della presente Politica [&hellip;]<\/p>\n","protected":false},"author":2,"featured_media":0,"parent":0,"menu_order":0,"comment_status":"closed","ping_status":"closed","template":"page-full-width.php","meta":{"content-type":"","_FSMCFIC_featured_image_caption":"","_FSMCFIC_featured_image_nocaption":"","_FSMCFIC_featured_image_hide":"","footnotes":""},"class_list":["post-91820","page","type-page","status-publish","hentry"],"acf":[],"_links":{"self":[{"href":"https:\/\/www.innovae.com\/it\/wp-json\/wp\/v2\/pages\/91820","targetHints":{"allow":["GET"]}}],"collection":[{"href":"https:\/\/www.innovae.com\/it\/wp-json\/wp\/v2\/pages"}],"about":[{"href":"https:\/\/www.innovae.com\/it\/wp-json\/wp\/v2\/types\/page"}],"author":[{"embeddable":true,"href":"https:\/\/www.innovae.com\/it\/wp-json\/wp\/v2\/users\/2"}],"replies":[{"embeddable":true,"href":"https:\/\/www.innovae.com\/it\/wp-json\/wp\/v2\/comments?post=91820"}],"version-history":[{"count":4,"href":"https:\/\/www.innovae.com\/it\/wp-json\/wp\/v2\/pages\/91820\/revisions"}],"predecessor-version":[{"id":95044,"href":"https:\/\/www.innovae.com\/it\/wp-json\/wp\/v2\/pages\/91820\/revisions\/95044"}],"wp:attachment":[{"href":"https:\/\/www.innovae.com\/it\/wp-json\/wp\/v2\/media?parent=91820"}],"curies":[{"name":"wp","href":"https:\/\/api.w.org\/{rel}","templated":true}]}}