{"id":91810,"date":"2024-10-24T12:38:00","date_gmt":"2024-10-24T10:38:00","guid":{"rendered":"https:\/\/www.innovae.com\/avviso-legale\/"},"modified":"2025-11-11T09:48:34","modified_gmt":"2025-11-11T07:48:34","slug":"avviso-legale","status":"publish","type":"page","link":"https:\/\/www.innovae.com\/it\/avviso-legale\/","title":{"rendered":"Avviso legale"},"content":{"rendered":"<div class=\"wpb-content-wrapper\"><p>[vc_row type=&#8221;container&#8221; padding_top=&#8221;&#8221; padding_bottom=&#8221;&#8221;][vc_column][vc_empty_space][\/vc_column][\/vc_row][vc_row type=&#8221;container&#8221; padding_top=&#8221;&#8221; padding_bottom=&#8221;&#8221;][vc_column][vc_column_text css=&#8221;&#8221;]<b>Oggetto<\/b><\/p>\n<p>Il fornitore, responsabile del sito web, mette a disposizione degli utenti il presente documento con il quale intende adempiere agli obblighi previsti dalla Legge 34\/2002, sui Servizi della Societ\u00e0 dell&#8217;Informazione e del Commercio Elettronico (LSSI-CE), nonch\u00e9 informare tutti gli utenti del sito web in merito alle condizioni di utilizzo del sito stesso.<\/p>\n<p>L&#8217;accesso al sito web implica l&#8217;accettazione senza riserve delle presenti condizioni generali di utilizzo che l&#8217;utente dichiara di comprendere nella loro totalit\u00e0. L&#8217;utente si impegna a non utilizzare il sito web e i servizi in esso offerti per svolgere attivit\u00e0 contrarie alla legge e a rispettare in ogni momento le presenti condizioni generali. Il fornitore potr\u00e0 interrompere in qualsiasi momento l&#8217;accesso al proprio sito web se rileva un uso contrario alla legalit\u00e0, alla buona fede o alle presenti condizioni generali.<\/p>\n<p>Il fornitore si riserva il diritto di modificare qualsiasi tipo di informazione che possa apparire sul sito web, senza alcun obbligo di preavviso o di informare gli utenti di tali obblighi, ritenendo sufficiente la pubblicazione sul sito web del fornitore.<\/p>\n<p><b>Informazioni sul fornitore<\/b><\/p>\n<p>Il fornitore responsabile del sito web fornisce agli utenti i propri dati identificativi al fine di migliorare la fiducia dell&#8217;utente e le relazioni con lo stesso.<\/p>\n<p>Denominazione sociale: INNOVAE GROUP, S.L.<\/p>\n<p>Nome commerciale: INNOVAE<\/p>\n<p>Indirizzo: Parque Empresarial de Zuatzu Edificio Zurriola \u2013 Planta 2, Oficina 2, CP 20018, San Sebasti\u00e1n (Guip\u00fazcoa)<\/p>\n<p>CIf: B95745592<\/p>\n<p>Telefono: 943205861<\/p>\n<p>e-Mail: legal@innovae.com<\/p>\n<p>Nome di dominio: www.innovae.com<\/p>\n<p>Iscritta nel Registro Mercantile di Gipuzkoa Volume: 5419 \/ Libro: 0 \/ Foglio: 90 \/ Pagina: BI-63341 \/ Iscrizione: 1<\/p>\n<p><b>Indirizzi IP<\/b><\/p>\n<p>I server del sito web possono rilevare automaticamente l&#8217;indirizzo IP e il nome di dominio utilizzati dall&#8217;utente. Un indirizzo IP \u00e8 un numero assegnato automaticamente a un computer quando si connette a Internet. Tutte queste informazioni vengono registrate in un file di attivit\u00e0 del server debitamente registrato che consente il successivo trattamento dei dati al fine di ottenere misurazioni esclusivamente statistiche che consentono di conoscere il numero di pagine visualizzate, il numero di visite effettuate ai servizi web, l&#8217;ordine delle visite, il punto di accesso, ecc.<\/p>\n<p><b>Sicurezza<\/b><\/p>\n<p>Il prestatore ha adottato tutte le misure tecniche e organizzative necessarie per garantire la sicurezza e l&#8217;integrit\u00e0 dei dati personali trattati, nonch\u00e9 per evitarne la perdita, l&#8217;alterazione e\/o l&#8217;accesso da parte di terzi non autorizzati. Il sito web utilizza tecniche di sicurezza delle informazioni generalmente accettate nel settore, quali firewall, procedure di controllo degli accessi e meccanismi crittografici, il tutto al fine di impedire l&#8217;accesso non autorizzato ai dati. A tal fine, l&#8217;utente\/cliente accetta che il fornitore ottenga dati ai fini della corrispondente autenticazione dei controlli di accesso.<\/p>\n<p><b>Responsabilit\u00e0<\/b><\/p>\n<p>Il fornitore declina ogni responsabilit\u00e0 derivante dalle informazioni pubblicate sul proprio sito web, a condizione che tali informazioni siano state manipolate o inserite da terzi estranei al sito stesso (ad esempio, in forum, chat, blog, commenti, ecc.). Tuttavia, e in conformit\u00e0 con le disposizioni della LSSI-CE, il fornitore si mette a disposizione di tutti gli utenti, delle autorit\u00e0 e delle forze di sicurezza per rimuovere o, se del caso, bloccare tutti quei contenuti che potrebbero influenzare o violare la legislazione nazionale o internazionale, i diritti di terzi o la morale e l&#8217;ordine pubblico, segnalando i fatti alle autorit\u00e0 competenti, se necessario.<\/p>\n<p>Nel caso in cui l&#8217;utente ritenga che sul sito web sia presente un contenuto che potrebbe essere soggetto a tale classificazione, \u00e8 pregato di segnalarlo immediatamente all&#8217;amministratore del sito web.<\/p>\n<p>Questo sito web \u00e8 stato revisionato e testato per funzionare correttamente. In linea di principio, \u00e8 possibile garantire il corretto funzionamento 365 giorni all&#8217;anno, 24 ore al giorno. Tuttavia, il fornitore non esclude la possibilit\u00e0 che esistano alcuni errori di programmazione o che si verifichino cause di forza maggiore, catastrofi naturali, scioperi o circostanze simili che rendano impossibile l&#8217;accesso al sito web.<\/p>\n<p><b>Propriet\u00e0 intellettuale e industriale<\/b><\/p>\n<p>Il sito web, inclusi, a titolo esemplificativo ma non esaustivo, la sua programmazione, edizione, compilazione e altri elementi necessari al suo funzionamento, i disegni, i loghi, i testi e\/o i grafici sono di propriet\u00e0 del fornitore del servizio o, se del caso, dispone di una licenza o di un&#8217;autorizzazione espressa da parte degli autori. Tutti i contenuti del sito web sono debitamente protetti dalla normativa sulla propriet\u00e0 intellettuale e industriale, nonch\u00e9 iscritti nei registri pubblici corrispondenti. La riproduzione totale o parziale, l&#8217;uso, lo sfruttamento, la distribuzione e la commercializzazione richiedono in ogni caso la previa autorizzazione scritta da parte del fornitore. Qualsiasi uso non preventivamente autorizzato dall&#8217;autore sar\u00e0 considerato una grave violazione dei diritti di propriet\u00e0 intellettuale o industriale dell&#8217;autore.<\/p>\n<p>I disegni, i loghi, i testi e\/o i grafici estranei al prestatore e che potrebbero apparire sul sito web appartengono ai rispettivi proprietari, che sono responsabili di qualsiasi controversia che possa sorgere in merito agli stessi. Il prestatore riconosce ai titolari i corrispondenti diritti di propriet\u00e0 industriale e intellettuale, senza che la loro semplice menzione o apparizione sul sito web implichi l&#8217;esistenza di diritti o responsabilit\u00e0 del prestatore sugli stessi, n\u00e9 il suo sostegno, patrocinio o raccomandazione.<\/p>\n<p><b>Legge applicabile e giurisdizione<\/b><\/p>\n<p>Per la risoluzione di tutte le controversie o questioni relative al presente sito web o alle attivit\u00e0 in esso svolte, si applicher\u00e0 la legislazione spagnola, alla quale le parti si sottopongono espressamente, essendo competenti per la risoluzione di tutti i conflitti derivati o relativi al suo utilizzo i Tribunali di Gipuzkoa.<\/p>\n<p>Nel caso in cui una qualsiasi clausola del presente documento fosse dichiarata nulla, le altre clausole rimarranno in vigore e saranno interpretate tenendo conto della volont\u00e0 delle parti e dello scopo stesso delle presenti condizioni. INNOVAE GROUP, S.L. potr\u00e0 non esercitare alcuni dei diritti e delle facolt\u00e0 conferiti nel presente documento, il che non implicher\u00e0 in alcun caso la rinuncia agli stessi, salvo espressa dichiarazione da parte di INNOVAE GROUP, S.L.[\/vc_column_text][\/vc_column][\/vc_row]<\/p>\n<\/div>","protected":false},"excerpt":{"rendered":"<p>[vc_row type=&#8221;container&#8221; padding_top=&#8221;&#8221; padding_bottom=&#8221;&#8221;][vc_column][vc_empty_space][\/vc_column][\/vc_row][vc_row type=&#8221;container&#8221; padding_top=&#8221;&#8221; padding_bottom=&#8221;&#8221;][vc_column][vc_column_text css=&#8221;&#8221;]Oggetto Il fornitore, responsabile del sito web, mette a disposizione degli utenti il presente documento con il quale intende adempiere agli obblighi previsti dalla Legge 34\/2002, sui Servizi della Societ\u00e0 dell&#8217;Informazione e del Commercio Elettronico (LSSI-CE), nonch\u00e9 informare tutti gli utenti del sito web in merito alle condizioni [&hellip;]<\/p>\n","protected":false},"author":2,"featured_media":0,"parent":0,"menu_order":0,"comment_status":"closed","ping_status":"closed","template":"page-full-width.php","meta":{"content-type":"","_FSMCFIC_featured_image_caption":"","_FSMCFIC_featured_image_nocaption":"","_FSMCFIC_featured_image_hide":"","footnotes":""},"class_list":["post-91810","page","type-page","status-publish","hentry"],"acf":[],"_links":{"self":[{"href":"https:\/\/www.innovae.com\/it\/wp-json\/wp\/v2\/pages\/91810","targetHints":{"allow":["GET"]}}],"collection":[{"href":"https:\/\/www.innovae.com\/it\/wp-json\/wp\/v2\/pages"}],"about":[{"href":"https:\/\/www.innovae.com\/it\/wp-json\/wp\/v2\/types\/page"}],"author":[{"embeddable":true,"href":"https:\/\/www.innovae.com\/it\/wp-json\/wp\/v2\/users\/2"}],"replies":[{"embeddable":true,"href":"https:\/\/www.innovae.com\/it\/wp-json\/wp\/v2\/comments?post=91810"}],"version-history":[{"count":3,"href":"https:\/\/www.innovae.com\/it\/wp-json\/wp\/v2\/pages\/91810\/revisions"}],"predecessor-version":[{"id":101253,"href":"https:\/\/www.innovae.com\/it\/wp-json\/wp\/v2\/pages\/91810\/revisions\/101253"}],"wp:attachment":[{"href":"https:\/\/www.innovae.com\/it\/wp-json\/wp\/v2\/media?parent=91810"}],"curies":[{"name":"wp","href":"https:\/\/api.w.org\/{rel}","templated":true}]}}