{"id":79856,"date":"2021-05-04T08:25:07","date_gmt":"2021-05-04T08:25:07","guid":{"rendered":"https:\/\/www.innovae.com\/?page_id=79856"},"modified":"2025-09-18T14:25:47","modified_gmt":"2025-09-18T12:25:47","slug":"marketing-et-ventes","status":"publish","type":"page","link":"https:\/\/www.innovae.com\/fr\/marketing-et-ventes\/","title":{"rendered":"Marketing et Ventes"},"content":{"rendered":"<div class=\"wpb-content-wrapper\"><p>[vc_row full_width=&#8221;stretch_row&#8221; type=&#8221;container&#8221; padding_top=&#8221;&#8221; padding_bottom=&#8221;&#8221; css=&#8221;.vc_custom_1734343850433{margin-top: 0px !important;padding-top: 100px !important;padding-bottom: 100px !important;background-image: url(https:\/\/www.innovae.com\/wp-content\/uploads\/2024\/10\/MarketingyVentas.jpg?id=91115) !important;background-position: center !important;background-repeat: no-repeat !important;background-size: cover !important;}&#8221;][vc_column][vc_custom_heading text=&#8221;Marketing et Ventes&#8221; font_container=&#8221;tag:h1|font_size:60px|text_align:center|color:%23ffffff|line_height:60px&#8221; google_fonts=&#8221;font_family:Lato%3A100%2C100italic%2C300%2C300italic%2Cregular%2Citalic%2C700%2C700italic%2C900%2C900italic|font_style:700%20bold%20regular%3A700%3Anormal&#8221; css_animation=&#8221;fadeInDown&#8221; css=&#8221;&#8221;][vc_empty_space][vc_custom_heading text=&#8221;Des produits qui prennent vie&#8221; font_container=&#8221;tag:p|font_size:26px|text_align:center|color:%23ffffff&#8221; google_fonts=&#8221;font_family:Lato%3A100%2C100italic%2C300%2C300italic%2Cregular%2Citalic%2C700%2C700italic%2C900%2C900italic|font_style:400%20regular%3A400%3Anormal&#8221; css_animation=&#8221;fadeInUp&#8221; css=&#8221;&#8221;][\/vc_column][\/vc_row][vc_row type=&#8221;container&#8221; padding_top=&#8221;&#8221; padding_bottom=&#8221;&#8221; css=&#8221;.vc_custom_1595504952566{padding-top: 40px !important;}&#8221;][vc_column css=&#8221;.vc_custom_1444994947036{margin-bottom: 35px !important;}&#8221;][vc_column_text css=&#8221;&#8221;]<\/p>\n<p style=\"color: #403c5f; text-align: center; font-size: 28px; line-height: 36px;\">Chez Innovae, nous apportons la cr\u00e9ativit\u00e9 technologique \u00e0 vos id\u00e9es en d\u00e9veloppant des applications pour le domaine du marketing et de la vente<\/p>\n<p>[\/vc_column_text][vc_separator color=&#8221;#d1005c&#8221; border_width=&#8221;2&#8243; type=&#8221;small&#8221; position=&#8221;center&#8221; thickness=&#8221;3&#8243; up=&#8221;&#8221; down=&#8221;&#8221;][\/vc_column][\/vc_row][vc_row full_width=&#8221;stretch_row&#8221; type=&#8221;container&#8221; padding_top=&#8221;&#8221; padding_bottom=&#8221;&#8221; css=&#8221;.vc_custom_1620113241140{padding-top: 40px !important;}&#8221;][vc_column width=&#8221;1\/2&#8243; css=&#8221;.vc_custom_1444994947036{margin-bottom: 35px !important;}&#8221;][vc_single_image image=&#8221;79836&#8243; img_size=&#8221;full&#8221;][\/vc_column][vc_column width=&#8221;1\/2&#8243;][vc_custom_heading text=&#8221;La R\u00e9alit\u00e9 Augment\u00e9e dans le Marketing et les ventes&#8221; font_container=&#8221;tag:h2|font_size:38px|text_align:left|color:%23403c5f|line_height:44px&#8221; google_fonts=&#8221;font_family:Lato%3A100%2C100italic%2C300%2C300italic%2Cregular%2Citalic%2C700%2C700italic%2C900%2C900italic|font_style:700%20bold%20regular%3A700%3Anormal&#8221; css_animation=&#8221;fadeInRight&#8221; css=&#8221;&#8221;][vc_column_text]<\/p>\n<p style=\"color: #403c5f; font-size: 20px; line-height: 26px; text-align: left;\">La <a href=\"https:\/\/www.innovae.com\/fr\/realite-augmentee2\/\">R\u00e9alit\u00e9 Augment\u00e9e<\/a> permet de superposer des \u00e9l\u00e9ments num\u00e9riques dans le monde r\u00e9el. Par cons\u00e9quent, son application dans le domaine du marketing et des ventes vise \u00e0 enrichir l&#8217;environnement physique et \u00e0 augmenter les produits que vous souhaitez promouvoir.<\/p>\n<p style=\"color: #403c5f; font-size: 20px; line-height: 26px; text-align: left;\">La R\u00e9alit\u00e9 Augment\u00e9e est utilis\u00e9e aujourd&#8217;hui pour superposer des informations suppl\u00e9mentaires sur les produits, par exemple lors de foires et d&#8217;\u00e9v\u00e9nements, pour cr\u00e9er des catalogues augment\u00e9s qui apportent une valeur ajout\u00e9e aux ressources physiques ou pour cr\u00e9er des configurateurs de produits interactifs. En bref, la R\u00e9alit\u00e9 Augment\u00e9e permet d&#8217;enrichir le discours commercial, de capter l&#8217;attention des clients potentiels et de cr\u00e9er des actions de marketing interactives et visuellement puissantes.<\/p>\n<p>[\/vc_column_text][\/vc_column][\/vc_row][vc_row full_width=&#8221;stretch_row&#8221; type=&#8221;container&#8221; padding_top=&#8221;&#8221; padding_bottom=&#8221;&#8221; css=&#8221;.vc_custom_1620113245524{padding-top: 40px !important;background-color: #f7f7f7 !important;}&#8221;][vc_column width=&#8221;1\/2&#8243; css=&#8221;.vc_custom_1444994947036{margin-bottom: 35px !important;}&#8221;][vc_custom_heading text=&#8221;La R\u00e9alit\u00e9 Virtuelle dans le Marketing et les Ventes&#8221; font_container=&#8221;tag:h2|font_size:38px|text_align:left|color:%23403c5f|line_height:44px&#8221; google_fonts=&#8221;font_family:Lato%3A100%2C100italic%2C300%2C300italic%2Cregular%2Citalic%2C700%2C700italic%2C900%2C900italic|font_style:700%20bold%20regular%3A700%3Anormal&#8221; css_animation=&#8221;fadeInRight&#8221; css=&#8221;&#8221;][vc_column_text]<\/p>\n<p style=\"color: #403c5f; font-size: 20px; line-height: 26px; text-align: left;\">Les applications de la <a href=\"https:\/\/www.innovae.com\/fr\/realite-virtuelle2\/\">R\u00e9alit\u00e9 Virtuelle<\/a> dans le domaine du marketing et des ventes visent \u00e0 pr\u00e9senter des produits ou des projets \u00e0 des clients potentiels d&#8217;une mani\u00e8re immersive, innovante et attrayante.<\/p>\n<p style=\"color: #403c5f; font-size: 20px; line-height: 26px; text-align: left;\">La R\u00e9alit\u00e9 Virtuelle permet \u00e0 l&#8217;utilisateur de se d\u00e9placer dans un environnement totalement virtuel o\u00f9 il peut interagir avec le produit, d\u00e9couvrir ses caract\u00e9ristiques, les configurer et m\u00eame le voir fonctionner \u00e0 distance. Enfin, la R\u00e9alit\u00e9 Virtuelle est un outil tr\u00e8s puissant pour cr\u00e9er des salles <a href=\"https:\/\/www.innovae.com\/fr\/eravis-metaverses-denterprise\/\">d&#8217;exposition virtuelles<\/a> d&#8217;installations, de projets ou de produits, afin de capter l&#8217;attention des clients potentiels et d&#8217;accro\u00eetre leur niveau de compr\u00e9hension du produit.<\/p>\n<p>[\/vc_column_text][\/vc_column][vc_column width=&#8221;1\/2&#8243;][vc_single_image image=&#8221;79840&#8243; img_size=&#8221;full&#8221;][\/vc_column][\/vc_row][vc_row full_width=&#8221;stretch_row&#8221; type=&#8221;container&#8221; padding_top=&#8221;&#8221; padding_bottom=&#8221;&#8221; css=&#8221;.vc_custom_1595505323886{margin-bottom: -40px !important;padding-top: 50px !important;padding-bottom: 50px !important;background-color: #c20056 !important;}&#8221;][vc_column][vc_custom_heading text=&#8221;Vous souhaitez en savoir plus sur l&#8217;application de cette technologie au Marketing et aux Ventes ?&#8221; font_container=&#8221;tag:h2|font_size:30px|text_align:center|color:%23ffffff&#8221; google_fonts=&#8221;font_family:Lato%3A100%2C100italic%2C300%2C300italic%2Cregular%2Citalic%2C700%2C700italic%2C900%2C900italic|font_style:700%20bold%20regular%3A700%3Anormal&#8221; css=&#8221;&#8221;][vc_column_text]<\/p>\n<p style=\"text-align: center;\"><span style=\"color: #ffffff;\">Si vous souhaitez en savoir plus sur l&#8217;application de la r\u00e9alit\u00e9 augment\u00e9e et de la r\u00e9alit\u00e9 virtuelle au domaine du Marketing et des Ventes, nous serons heureux de vous aider.<\/span><\/p>\n<p>[\/vc_column_text][vc_btn title=&#8221;EN SAVOIR PLUS&#8221; style=&#8221;gradient-custom&#8221; gradient_custom_color_1=&#8221;rgba(255,255,255,0.17)&#8221; gradient_custom_color_2=&#8221;rgba(255,255,255,0.38)&#8221; shape=&#8221;round&#8221; size=&#8221;lg&#8221; align=&#8221;center&#8221; css_animation=&#8221;none&#8221; link=&#8221;url:https%3A%2F%2Fwww.innovae.com%2Fcontacte-avec-nous%2F%3Flang%3Dfr|||&#8221;][\/vc_column][\/vc_row]<\/p>\n<\/div>","protected":false},"excerpt":{"rendered":"<p>[vc_row full_width=&#8221;stretch_row&#8221; type=&#8221;container&#8221; padding_top=&#8221;&#8221; padding_bottom=&#8221;&#8221; css=&#8221;.vc_custom_1734343850433{margin-top: 0px !important;padding-top: 100px !important;padding-bottom: 100px !important;background-image: url(https:\/\/www.innovae.com\/wp-content\/uploads\/2024\/10\/MarketingyVentas.jpg?id=91115) !important;background-position: center !important;background-repeat: no-repeat !important;background-size: cover !important;}&#8221;][vc_column][vc_custom_heading text=&#8221;Marketing et Ventes&#8221; font_container=&#8221;tag:h1|font_size:60px|text_align:center|color:%23ffffff|line_height:60px&#8221; google_fonts=&#8221;font_family:Lato%3A100%2C100italic%2C300%2C300italic%2Cregular%2Citalic%2C700%2C700italic%2C900%2C900italic|font_style:700%20bold%20regular%3A700%3Anormal&#8221; css_animation=&#8221;fadeInDown&#8221; css=&#8221;&#8221;][vc_empty_space][vc_custom_heading text=&#8221;Des produits qui prennent vie&#8221; font_container=&#8221;tag:p|font_size:26px|text_align:center|color:%23ffffff&#8221; google_fonts=&#8221;font_family:Lato%3A100%2C100italic%2C300%2C300italic%2Cregular%2Citalic%2C700%2C700italic%2C900%2C900italic|font_style:400%20regular%3A400%3Anormal&#8221; css_animation=&#8221;fadeInUp&#8221; css=&#8221;&#8221;][\/vc_column][\/vc_row][vc_row type=&#8221;container&#8221; padding_top=&#8221;&#8221; padding_bottom=&#8221;&#8221; css=&#8221;.vc_custom_1595504952566{padding-top: 40px !important;}&#8221;][vc_column css=&#8221;.vc_custom_1444994947036{margin-bottom: 35px !important;}&#8221;][vc_column_text css=&#8221;&#8221;] Chez Innovae, nous apportons la cr\u00e9ativit\u00e9 technologique \u00e0 vos [&hellip;]<\/p>\n","protected":false},"author":510609,"featured_media":91121,"parent":0,"menu_order":4,"comment_status":"closed","ping_status":"closed","template":"page-full-width.php","meta":{"content-type":"","_FSMCFIC_featured_image_caption":"","_FSMCFIC_featured_image_nocaption":"","_FSMCFIC_featured_image_hide":"","footnotes":""},"class_list":["post-79856","page","type-page","status-publish","has-post-thumbnail","hentry"],"acf":[],"_links":{"self":[{"href":"https:\/\/www.innovae.com\/fr\/wp-json\/wp\/v2\/pages\/79856","targetHints":{"allow":["GET"]}}],"collection":[{"href":"https:\/\/www.innovae.com\/fr\/wp-json\/wp\/v2\/pages"}],"about":[{"href":"https:\/\/www.innovae.com\/fr\/wp-json\/wp\/v2\/types\/page"}],"author":[{"embeddable":true,"href":"https:\/\/www.innovae.com\/fr\/wp-json\/wp\/v2\/users\/510609"}],"replies":[{"embeddable":true,"href":"https:\/\/www.innovae.com\/fr\/wp-json\/wp\/v2\/comments?post=79856"}],"version-history":[{"count":5,"href":"https:\/\/www.innovae.com\/fr\/wp-json\/wp\/v2\/pages\/79856\/revisions"}],"predecessor-version":[{"id":95540,"href":"https:\/\/www.innovae.com\/fr\/wp-json\/wp\/v2\/pages\/79856\/revisions\/95540"}],"wp:featuredmedia":[{"embeddable":true,"href":"https:\/\/www.innovae.com\/fr\/wp-json\/wp\/v2\/media\/91121"}],"wp:attachment":[{"href":"https:\/\/www.innovae.com\/fr\/wp-json\/wp\/v2\/media?parent=79856"}],"curies":[{"name":"wp","href":"https:\/\/api.w.org\/{rel}","templated":true}]}}