{"id":79631,"date":"2021-04-19T09:05:57","date_gmt":"2021-04-19T09:05:57","guid":{"rendered":"https:\/\/www.innovae.com\/?page_id=79631"},"modified":"2025-11-11T10:18:17","modified_gmt":"2025-11-11T08:18:17","slug":"politique-de-confidentialite","status":"publish","type":"page","link":"https:\/\/www.innovae.com\/fr\/politique-de-confidentialite\/","title":{"rendered":"Politique de confidentialit\u00e9"},"content":{"rendered":"<div class=\"wpb-content-wrapper\"><p>[vc_row type=&#8221;container&#8221; padding_top=&#8221;&#8221; padding_bottom=&#8221;&#8221;][vc_column][vc_empty_space][\/vc_column][\/vc_row][vc_row type=&#8221;container&#8221; padding_top=&#8221;&#8221; padding_bottom=&#8221;&#8221;][vc_column][vc_column_text css=&#8221;&#8221;]<b>INNOVAE GROUP, S.L.<\/b><\/p>\n<p><b>B95745592<\/b><\/p>\n<p><b>C\/ Fco. Grandmontagne n\u00ba 1 2\u00ba Oficina \u2013 Planta 2, Oficina 2 &#8211; 20018, Saint-S\u00e9bastien (Guip\u00fazcoa)<\/b><\/p>\n<p><b>943205861 &#8211; <\/b><a href=\"mailto:legal@innovae.com\"><b>legal@innovae.com<\/b><\/a><b> &#8211; <\/b><a href=\"https:\/\/www.innovae.com\/\"><b>www.innovae.com<\/b><\/a><\/p>\n<p>&nbsp;<\/p>\n<p><b>Protection des donn\u00e9es personnelles<\/b><\/p>\n<p>Sur ce site web, propri\u00e9t\u00e9 d&#8217;INNOVAE GROUP, S.L., nous garantissons la protection totale des donn\u00e9es \u00e0 caract\u00e8re personnel fournies par nos utilisateurs.<\/p>\n<p>Dans cette section, nous mettons \u00e0 la disposition des personnes concern\u00e9es les informations l\u00e9gales ou la politique de confidentialit\u00e9 correspondant aux diff\u00e9rents traitements de donn\u00e9es effectu\u00e9s par notre entreprise.<\/p>\n<p>En fonction de votre relation avec notre entreprise, la politique de confidentialit\u00e9 correspondante vous sera applicable :<\/p>\n<p><strong>\u00a0<\/strong><\/p>\n<table>\n<tbody>\n<tr>\n<td width=\"566\"><strong>CONTACTS<\/strong><\/td>\n<\/tr>\n<\/tbody>\n<\/table>\n<p><strong>\u00a0<\/strong><b>Qui est responsable de vos donn\u00e9es ?<\/b><\/p>\n<p>Conform\u00e9ment aux dispositions de la loi organique 3\/2018 du 5 d\u00e9cembre sur la protection des donn\u00e9es personnelles et la garantie des droits num\u00e9riques (LOPD) et du r\u00e8glement g\u00e9n\u00e9ral sur la protection des donn\u00e9es (RGPD) du 27 avril 2016, nous vous informons que les donn\u00e9es personnelles fournies seront trait\u00e9es par INNOVAE GROUP, S.L., titulaire du num\u00e9ro d&#8217;identification fiscale B95745592 et dont le si\u00e8ge social est situ\u00e9 C\/ Fco. Grandmontagne n\u00ba 1 2\u00ba Oficina \u2013 Planta 2, Oficina 2 &#8211; 20018, Saint-S\u00e9bastien (Guip\u00fazcoa).<\/p>\n<p><b>Dans quel but traitons-nous vos donn\u00e9es personnelles ?<\/b><\/p>\n<p>Les donn\u00e9es que vous fournissez sont n\u00e9cessaires pour pouvoir vous fournir le service demand\u00e9 avec toutes les garanties, et seront trait\u00e9es aux fins suivantes : Gestion des coordonn\u00e9es pour la communication.<\/p>\n<p><b>Combien de temps conserverons-nous vos donn\u00e9es ?<\/b><\/p>\n<p>Les donn\u00e9es personnelles fournies seront conserv\u00e9es aussi longtemps qu&#8217;elles pourraient \u00eatre n\u00e9cessaires pour contacter la personne concern\u00e9e.<\/p>\n<p><b>Quelle est la l\u00e9gitimit\u00e9 du traitement de vos donn\u00e9es ?<\/b><\/p>\n<p>La base l\u00e9gale du traitement de vos donn\u00e9es est le consentement de la personne concern\u00e9e lors de la fourniture de ses coordonn\u00e9es.<\/p>\n<p><b>\u00c0 quels destinataires vos donn\u00e9es seront-elles communiqu\u00e9es ?<\/b><\/p>\n<p>Vos donn\u00e9es ne seront pas c\u00e9d\u00e9es \u00e0 des tiers, sauf obligation l\u00e9gale.<\/p>\n<p><b>Quels sont vos droits lorsque vous nous fournissez vos donn\u00e9es ?<\/b><\/p>\n<p>Toute personne a le droit de demander l&#8217;acc\u00e8s, la rectification, la suppression, la limitation du traitement, l&#8217;opposition ou le droit \u00e0 la portabilit\u00e9 de ses donn\u00e9es personnelles, en nous \u00e9crivant \u00e0 l&#8217;adresse de nos bureaux ou en envoyant un courrier \u00e9lectronique \u00e0 legal@innovae.com, en indiquant le droit qu&#8217;elle souhaite exercer.<\/p>\n<p>Vous avez \u00e9galement le droit de retirer votre consentement \u00e0 tout moment. Le retrait du consentement n&#8217;affectera pas la lic\u00e9it\u00e9 du traitement effectu\u00e9 avant le retrait dudit consentement.<\/p>\n<p>Vous avez le droit de d\u00e9poser une r\u00e9clamation aupr\u00e8s de l&#8217;autorit\u00e9 de contr\u00f4le si vous estimez que vos droits en mati\u00e8re de protection de vos donn\u00e9es personnelles ont \u00e9t\u00e9 viol\u00e9s.<\/p>\n<p>&nbsp;<\/p>\n<table>\n<tbody>\n<tr>\n<td width=\"566\"><strong>CURRICULUM VITAE<\/strong><\/td>\n<\/tr>\n<\/tbody>\n<\/table>\n<p><strong>\u00a0<\/strong><b>Qui est responsable de vos donn\u00e9es ?<\/b><\/p>\n<p>Conform\u00e9ment aux dispositions de la loi organique 3\/2018 du 5 d\u00e9cembre sur la protection des donn\u00e9es personnelles et la garantie des droits num\u00e9riques (LOPD) et du r\u00e8glement g\u00e9n\u00e9ral sur la protection des donn\u00e9es (RGPD) du 27 avril 2016, nous vous informons que les donn\u00e9es personnelles fournies seront trait\u00e9es par INNOVAE GROUP, S.L., titulaire du num\u00e9ro d&#8217;identification fiscale B95745592 et dont le si\u00e8ge social est situ\u00e9 C\/ Fco. Grandmontagne n\u00ba 1 2\u00ba Oficina \u2013 Planta 2, Oficina 2 &#8211; 20018, Saint-S\u00e9bastien (Guip\u00fazcoa).<\/p>\n<p><b>Dans quel but traitons-nous vos donn\u00e9es personnelles ?<\/b><\/p>\n<p>Les donn\u00e9es que vous nous fournissez sont n\u00e9cessaires pour pouvoir vous fournir le service demand\u00e9 avec toutes les garanties, et seront trait\u00e9es aux fins suivantes : Traitement des CV re\u00e7us par l&#8217;entreprise afin de participer aux processus de s\u00e9lection du personnel.<\/p>\n<p><b>Combien de temps conserverons-nous vos donn\u00e9es ?<\/b><\/p>\n<p>Les donn\u00e9es personnelles fournies seront conserv\u00e9es aussi longtemps qu&#8217;elles seront susceptibles d&#8217;\u00eatre n\u00e9cessaires pour contacter la personne concern\u00e9e, dans la limite d&#8217;un an.<\/p>\n<p><b>Quelle est la l\u00e9gitimit\u00e9 du traitement de vos donn\u00e9es ?<\/b><\/p>\n<p>La base juridique du traitement de vos donn\u00e9es est le consentement de la personne concern\u00e9e lors de la fourniture de son CV.<\/p>\n<p><b>\u00c0 quels destinataires vos donn\u00e9es seront-elles communiqu\u00e9es ?<\/b><\/p>\n<p>Vos donn\u00e9es ne seront pas c\u00e9d\u00e9es \u00e0 des tiers, sauf obligation l\u00e9gale.<\/p>\n<p><b>Quels sont vos droits lorsque vous nous fournissez vos donn\u00e9es ?<\/b><\/p>\n<p>Toute personne a le droit de demander l&#8217;acc\u00e8s, la rectification, la suppression, la limitation du traitement, l&#8217;opposition ou le droit \u00e0 la portabilit\u00e9 de ses donn\u00e9es personnelles, en nous \u00e9crivant \u00e0 l&#8217;adresse de nos bureaux ou en envoyant un courrier \u00e9lectronique \u00e0 legal@innovae.com, en indiquant le droit qu&#8217;elle souhaite exercer.<\/p>\n<p>Vous avez \u00e9galement le droit de retirer votre consentement \u00e0 tout moment. Le retrait du consentement n&#8217;affectera pas la lic\u00e9it\u00e9 du traitement effectu\u00e9 avant le retrait dudit consentement.<\/p>\n<p>Vous avez le droit de d\u00e9poser une plainte aupr\u00e8s de l&#8217;autorit\u00e9 de contr\u00f4le si vous estimez que vos droits en mati\u00e8re de protection de vos donn\u00e9es personnelles ont \u00e9t\u00e9 viol\u00e9s.[\/vc_column_text][\/vc_column][\/vc_row]<\/p>\n<\/div>","protected":false},"excerpt":{"rendered":"<p>[vc_row type=&#8221;container&#8221; padding_top=&#8221;&#8221; padding_bottom=&#8221;&#8221;][vc_column][vc_empty_space][\/vc_column][\/vc_row][vc_row type=&#8221;container&#8221; padding_top=&#8221;&#8221; padding_bottom=&#8221;&#8221;][vc_column][vc_column_text css=&#8221;&#8221;]INNOVAE GROUP, S.L. B95745592 C\/ Fco. Grandmontagne n\u00ba 1 2\u00ba Oficina \u2013 Planta 2, Oficina 2 &#8211; 20018, Saint-S\u00e9bastien (Guip\u00fazcoa) 943205861 &#8211; legal@innovae.com &#8211; www.innovae.com &nbsp; Protection des donn\u00e9es personnelles Sur ce site web, propri\u00e9t\u00e9 d&#8217;INNOVAE GROUP, S.L., nous garantissons la protection totale des donn\u00e9es \u00e0 caract\u00e8re personnel [&hellip;]<\/p>\n","protected":false},"author":510609,"featured_media":0,"parent":0,"menu_order":0,"comment_status":"closed","ping_status":"closed","template":"page-full-width.php","meta":{"content-type":"","_FSMCFIC_featured_image_caption":"","_FSMCFIC_featured_image_nocaption":"","_FSMCFIC_featured_image_hide":"","footnotes":""},"class_list":["post-79631","page","type-page","status-publish","hentry"],"acf":[],"_links":{"self":[{"href":"https:\/\/www.innovae.com\/fr\/wp-json\/wp\/v2\/pages\/79631","targetHints":{"allow":["GET"]}}],"collection":[{"href":"https:\/\/www.innovae.com\/fr\/wp-json\/wp\/v2\/pages"}],"about":[{"href":"https:\/\/www.innovae.com\/fr\/wp-json\/wp\/v2\/types\/page"}],"author":[{"embeddable":true,"href":"https:\/\/www.innovae.com\/fr\/wp-json\/wp\/v2\/users\/510609"}],"replies":[{"embeddable":true,"href":"https:\/\/www.innovae.com\/fr\/wp-json\/wp\/v2\/comments?post=79631"}],"version-history":[{"count":3,"href":"https:\/\/www.innovae.com\/fr\/wp-json\/wp\/v2\/pages\/79631\/revisions"}],"predecessor-version":[{"id":101288,"href":"https:\/\/www.innovae.com\/fr\/wp-json\/wp\/v2\/pages\/79631\/revisions\/101288"}],"wp:attachment":[{"href":"https:\/\/www.innovae.com\/fr\/wp-json\/wp\/v2\/media?parent=79631"}],"curies":[{"name":"wp","href":"https:\/\/api.w.org\/{rel}","templated":true}]}}