{"id":85024,"date":"2022-12-13T14:31:31","date_gmt":"2022-12-13T12:31:31","guid":{"rendered":"https:\/\/www.innovae.com\/bildungseinrichtungen\/"},"modified":"2025-09-02T12:24:58","modified_gmt":"2025-09-02T10:24:58","slug":"bildungseinrichtungen","status":"publish","type":"page","link":"https:\/\/www.innovae.com\/de\/bildungseinrichtungen\/","title":{"rendered":"Bildung"},"content":{"rendered":"<div class=\"wpb-content-wrapper\"><p>[vc_row full_width=&#8221;stretch_row&#8221; type=&#8221;container&#8221; padding_top=&#8221;&#8221; padding_bottom=&#8221;&#8221; css=&#8221;.vc_custom_1734333190598{margin-top: 0px !important;padding-top: 100px !important;padding-bottom: 100px !important;background-image: url(https:\/\/www.innovae.com\/wp-content\/uploads\/2023\/05\/Cabecera-educacions.jpg?id=89992) !important;background-position: center !important;background-repeat: no-repeat !important;background-size: cover !important;}&#8221;][vc_column][vc_custom_heading text=&#8221;Bildungszentren&#8221; font_container=&#8221;tag:h1|font_size:60px|text_align:center|color:%23ffffff|line_height:60px&#8221; google_fonts=&#8221;font_family:Lato%3A100%2C100italic%2C300%2C300italic%2Cregular%2Citalic%2C700%2C700italic%2C900%2C900italic|font_style:700%20bold%20regular%3A700%3Anormal&#8221; css_animation=&#8221;fadeInDown&#8221; css=&#8221;&#8221;][vc_empty_space][vc_custom_heading text=&#8221;Technologien, welche die Implementierung neuer Formen des Lernens erm\u00f6glichen&#8221; font_container=&#8221;tag:p|font_size:26px|text_align:center|color:%23ffffff&#8221; google_fonts=&#8221;font_family:Lato%3A100%2C100italic%2C300%2C300italic%2Cregular%2Citalic%2C700%2C700italic%2C900%2C900italic|font_style:400%20regular%3A400%3Anormal&#8221; css_animation=&#8221;fadeInUp&#8221; css=&#8221;&#8221;][\/vc_column][\/vc_row][vc_row type=&#8221;container&#8221; padding_top=&#8221;&#8221; padding_bottom=&#8221;&#8221; css=&#8221;.vc_custom_1646835649493{padding-top: 20px !important;}&#8221;][vc_column][vc_column_text css=&#8221;.vc_custom_1756808692822{margin-top: 20px !important;}&#8221;]<\/p>\n<p style=\"color: #403c5f; text-align: center; font-size: 28px; line-height: 36px;\">Wir setzen Augmented Reality und Virtual Reality ein, um die Ausbildung zu verbessern und die Motivation der Studierenden zu steigern.<\/p>\n<p>[\/vc_column_text][vc_separator color=&#8221;#d1005c&#8221; border_width=&#8221;2&#8243; type=&#8221;small&#8221; position=&#8221;center&#8221; thickness=&#8221;3&#8243; up=&#8221;&#8221; down=&#8221;&#8221;][vc_column_text css=&#8221;.vc_custom_1745833754235{padding-top: 50px !important;padding-bottom: 50px !important;}&#8221;]<\/p>\n<p style=\"color: #403c5f; font-size: 20px; line-height: 26px; text-align: center;\">Virtual Reality und Augmented Reality (Extended Reality) finden dank ihrer hervorragenden Ergebnisse und des Mehrwerts, den diese Technologien f\u00fcr Bildungsprozesse bieten, zunehmend Verbreitung im Bildungssektor.<\/p>\n<p style=\"color: #403c5f; font-size: 20px; line-height: 26px; text-align: center;\">Die virtuelle Simulation aller Arten von Praktiken und Inhalten erm\u00f6glicht ein unterhaltsames und effektives Lernen.<\/p>\n<p>[\/vc_column_text][\/vc_column][\/vc_row][vc_row full_width=&#8221;stretch_row&#8221; type=&#8221;container&#8221; padding_top=&#8221;&#8221; padding_bottom=&#8221;&#8221; css=&#8221;.vc_custom_1745833653698{padding-top: 40px !important;padding-bottom: 100px !important;}&#8221;][vc_column width=&#8221;1\/2&#8243;][vc_single_image image=&#8221;84916&#8243; img_size=&#8221;full&#8221; css_animation=&#8221;fadeIn&#8221;][\/vc_column][vc_column width=&#8221;1\/2&#8243;][vc_custom_heading text=&#8221;Vorteile von Virtual Reality und Augmented Reality im Bildungsbereich&#8221; font_container=&#8221;tag:h2|font_size:46px|text_align:left|color:%23403c5f|line_height:46px&#8221; google_fonts=&#8221;font_family:Lato%3A100%2C100italic%2C300%2C300italic%2Cregular%2Citalic%2C700%2C700italic%2C900%2C900italic|font_style:900%20bold%20regular%3A900%3Anormal&#8221; css_animation=&#8221;fadeInRight&#8221; css=&#8221;.vc_custom_1752482417175{margin-bottom: 20px !important;}&#8221;][mvc_infobox info_style=&#8221;mega_info_box_2&#8243; info_opt=&#8221;show_icon&#8221; icon_size=&#8221;30&#8243; icon_height=&#8221;30&#8243; line_height=&#8221;0&#8243; title_color=&#8221;&#8221; font_icon=&#8221;fas fa-check-circle&#8221; icon_color=&#8221;#d50057&#8243; title_size=&#8221;0&#8243; css=&#8221;.vc_custom_1734341163559{margin-bottom: -40px !important;}&#8221;]<\/p>\n<p style=\"color: #403c5f; font-size: 20px; line-height: 26px; text-align: left;\">Permiten un aprendizaje mucho <strong>m\u00e1s r\u00e1pido y m\u00e1s profundo<\/strong> que los sistemas tradicionales ya que el grado de motivaci\u00f3n y aceptaci\u00f3n es mucho mayor.<\/p>\n<p>[\/mvc_infobox][mvc_infobox info_style=&#8221;mega_info_box_2&#8243; info_opt=&#8221;show_icon&#8221; icon_size=&#8221;30&#8243; icon_height=&#8221;30&#8243; line_height=&#8221;0&#8243; title_color=&#8221;#000000&#8243; font_icon=&#8221;fas fa-check-circle&#8221; icon_color=&#8221;#d50057&#8243; title_size=&#8221;0&#8243; css=&#8221;.vc_custom_1734340440998{margin-bottom: -40px !important;}&#8221;]<\/p>\n<p style=\"color: #403c5f; font-size: 20px; line-height: 26px; text-align: left;\">Incorporar unidades did\u00e1cticas de Realidad Virtual permiten <strong>aprendizaje activo y colaborativo<\/strong>. Learning by doing.<\/p>\n<p>[\/mvc_infobox][mvc_infobox info_style=&#8221;mega_info_box_2&#8243; info_opt=&#8221;show_icon&#8221; icon_size=&#8221;30&#8243; icon_height=&#8221;30&#8243; line_height=&#8221;0&#8243; title_color=&#8221;#000000&#8243; font_icon=&#8221;fas fa-check-circle&#8221; icon_color=&#8221;#d50057&#8243; title_size=&#8221;0&#8243; css=&#8221;.vc_custom_1734340450335{margin-bottom: -40px !important;}&#8221;]<\/p>\n<p style=\"color: #403c5f; font-size: 20px; line-height: 26px; text-align: left;\">Son perfectas para implementar <strong>unidades did\u00e1cticas de procedimientos complejos o peligrosos<\/strong> que los alumnos podr\u00e1n realizar sin peligro.<\/p>\n<p>[\/mvc_infobox][mvc_infobox info_style=&#8221;mega_info_box_2&#8243; info_opt=&#8221;show_icon&#8221; icon_size=&#8221;30&#8243; icon_height=&#8221;30&#8243; line_height=&#8221;0&#8243; title_color=&#8221;#000000&#8243; font_icon=&#8221;fas fa-check-circle&#8221; icon_color=&#8221;#d50057&#8243; title_size=&#8221;0&#8243; css=&#8221;.vc_custom_1734340458520{margin-bottom: -40px !important;}&#8221;]<\/p>\n<p style=\"color: #403c5f; font-size: 20px; line-height: 26px; text-align: left;\">Tambi\u00e9n se han mostrado muy eficaces en el <strong>desarrollo de soft skills<\/strong> como la orientaci\u00f3n laboral, gesti\u00f3n y liderazgo, atenci\u00f3n al cliente, etc.<\/p>\n<p>[\/mvc_infobox][\/vc_column][\/vc_row][vc_section full_width=&#8221;stretch_row&#8221; css_animation=&#8221;none&#8221; css=&#8221;.vc_custom_1745843163652{padding-top: 100px !important;padding-bottom: 100px !important;background-color: #20132C !important;}&#8221;][vc_row css_animation=&#8221;none&#8221; type=&#8221;container&#8221; padding_top=&#8221;&#8221; padding_bottom=&#8221;&#8221;][vc_column css_animation=&#8221;fadeInUp&#8221;][vc_single_image image=&#8221;88024&#8243; img_size=&#8221;medium&#8221; alignment=&#8221;center&#8221; onclick=&#8221;custom_link&#8221; img_link_target=&#8221;_blank&#8221; css_animation=&#8221;none&#8221; css=&#8221;.vc_custom_1745841781659{margin-bottom: 50px !important;}&#8221; link=&#8221;https:\/\/vrfp.es\/&#8221;][vc_custom_heading text=&#8221;Durch VRFP, dem f\u00fchrenden Unternehmen in der Entwicklung von Virtual-Reality-Simulatoren f\u00fcr Berufsbildungszentren, verf\u00fcgen wir \u00fcber einen Katalog mit mehr als 60 Simulatoren, die f\u00fcr unterschiedlichste Themenbereiche konzipiert sind:&#8221; font_container=&#8221;tag:p|font_size:22px|text_align:center|color:%23ffffff|line_height:28px&#8221; google_fonts=&#8221;font_family:Montserrat%3Aregular%2C700|font_style:400%20regular%3A400%3Anormal&#8221; css_animation=&#8221;none&#8221; css=&#8221;.vc_custom_1752482428480{margin-bottom: 0px !important;}&#8221;][vc_custom_heading text=&#8221;Industrie, Energie, Chemie, Technik und technische Fertigkeiten, Dienstleistungen f\u00fcr die \u00d6ffentlichkeit und Einzelhandel, Gesundheitswesen und Sozialwesen, Sicherheit und Berufsberatung.&#8221; font_container=&#8221;tag:p|font_size:18px|text_align:center|color:%23d50057|line_height:26px&#8221; google_fonts=&#8221;font_family:Montserrat%3Aregular%2C700|font_style:700%20bold%20regular%3A700%3Anormal&#8221; css_animation=&#8221;none&#8221; css=&#8221;&#8221;][\/vc_column][\/vc_row][vc_row css_animation=&#8221;none&#8221; type=&#8221;container&#8221; padding_top=&#8221;&#8221; padding_bottom=&#8221;&#8221; css=&#8221;.vc_custom_1745843386363{margin-top: 50px !important;}&#8221;][vc_column width=&#8221;1\/6&#8243;][\/vc_column][vc_column css_animation=&#8221;fadeInUp&#8221; width=&#8221;2\/3&#8243;][vc_video link=&#8221;https:\/\/youtu.be\/KIUUY65RIYQ&#8221; align=&#8221;center&#8221; css=&#8221;&#8221;][vc_custom_heading text=&#8221;Entdecken Sie unsere Virtual-Reality-Trainingssimulatoren&#8221; font_container=&#8221;tag:p|font_size:28px|text_align:center|color:%23ffffff|line_height:34px&#8221; google_fonts=&#8221;font_family:Lato%3A100%2C100italic%2C300%2C300italic%2Cregular%2Citalic%2C700%2C700italic%2C900%2C900italic|font_style:400%20regular%3A400%3Anormal&#8221; css_animation=&#8221;none&#8221; css=&#8221;&#8221;][vc_btn title=&#8221;Simulatoren anzeigen&#8221; style=&#8221;custom&#8221; custom_background=&#8221;#D50057&#8243; custom_text=&#8221;#FFFFFF&#8221; shape=&#8221;round&#8221; size=&#8221;lg&#8221; align=&#8221;center&#8221; i_align=&#8221;right&#8221; i_type=&#8221;material&#8221; i_icon_material=&#8221;vc-material vc-material-arrow_forward&#8221; css_animation=&#8221;none&#8221; css=&#8221;.vc_custom_1745835593008{margin-top: 40px !important;}&#8221; add_icon=&#8221;true&#8221; link=&#8221;url:https%3A%2F%2Fvrfp.es%2F|target:_blank|&#8221;][\/vc_column][vc_column width=&#8221;1\/6&#8243;][\/vc_column][\/vc_row][\/vc_section][vc_section full_width=&#8221;stretch_row&#8221; css=&#8221;.vc_custom_1745832781623{padding-top: 100px !important;padding-bottom: 100px !important;background-color: #f7f7f7 !important;}&#8221;][vc_row full_width=&#8221;stretch_row&#8221; css_animation=&#8221;none&#8221; type=&#8221;container&#8221; padding_top=&#8221;&#8221; padding_bottom=&#8221;&#8221; css=&#8221;.vc_custom_1745843314088{padding-top: 50px !important;}&#8221;][vc_column css_animation=&#8221;fadeInLeft&#8221; width=&#8221;1\/2&#8243;][vc_custom_heading text=&#8221;Virtual Reality im Bildungsbereich&#8221; font_container=&#8221;tag:h2|font_size:60px|text_align:left|color:%23403c5f|line_height:60px&#8221; google_fonts=&#8221;font_family:Lato%3A100%2C100italic%2C300%2C300italic%2Cregular%2Citalic%2C700%2C700italic%2C900%2C900italic|font_style:900%20bold%20regular%3A900%3Anormal&#8221; css_animation=&#8221;none&#8221; css=&#8221;&#8221;][vc_column_text css=&#8221;&#8221;]<\/p>\n<p style=\"color: #403c5f; font-size: 18px; line-height: 24px; text-align: left;\">Virtual Reality besteht darin, dass der Sch\u00fcler vollst\u00e4ndig in eine virtuelle Welt eintaucht. Um diese Erfahrung genie\u00dfen zu k\u00f6nnen, ben\u00f6tigt man eine spezielle Brille. Diese Technologie erm\u00f6glicht ein schnelles Erlernen unterschiedlichster Verfahren in einer absolut sicheren und immersiven Umgebung.<\/p>\n<p style=\"color: #403c5f; font-size: 18px; line-height: 24px; text-align: left;\">Der Lehrer kann die Virtual-Reality-Simulatoren sowohl im Lern- als auch im Bewertungsmodus einsetzen und so ein komplettes Schulungsmodul erstellen.<\/p>\n<p style=\"color: #403c5f; font-size: 18px; line-height: 24px; text-align: left;\">Derzeit verf\u00fcgen wir \u00fcber den gr\u00f6\u00dften Katalog an Trainingssimulatoren des Staates.<\/p>\n<p style=\"color: #403c5f; font-size: 18px; line-height: 24px; text-align: left;\">Unsere Virtual-Reality-Systeme <a href=\"https:\/\/www.innovae.com\/de\/savi-losung-des-virtuellen-lernens\/\">SAVI<\/a> und <a href=\"https:\/\/www.innovae.com\/de\/eravis-metaverse-fur-unternehmen\/\">ERAVIS<\/a> bieten Lehrkr\u00e4ften auf einfache und intuitive Weise ein hohes Ma\u00df an Autonomie.<\/p>\n<p>[\/vc_column_text][vc_custom_heading text=&#8221;Immersive R\u00e4ume&#8221; font_container=&#8221;tag:h3|font_size:28px|text_align:left|color:%23d50057&#8243; google_fonts=&#8221;font_family:Lato%3A100%2C100italic%2C300%2C300italic%2Cregular%2Citalic%2C700%2C700italic%2C900%2C900italic|font_style:700%20bold%20regular%3A700%3Anormal&#8221; css_animation=&#8221;none&#8221; css=&#8221;&#8221;][vc_column_text css=&#8221;&#8221;]<\/p>\n<p style=\"color: #403c5f; font-size: 18px; line-height: 24px; text-align: left;\">Die Ausbildung mit Virtual Reality kann durch die Einrichtung von <a href=\"https:\/\/www.innovae.com\/de\/immersive-raume\/\">immersiven R\u00e4umen<\/a> erg\u00e4nzt werden, in denen die Sch\u00fcler gemeinsame Schulungen absolvieren und miteinander zusammenarbeiten k\u00f6nnen.<\/p>\n<p>[\/vc_column_text][\/vc_column][vc_column css_animation=&#8221;fadeInRight&#8221; width=&#8221;1\/2&#8243;][vc_single_image image=&#8221;94359&#8243; img_size=&#8221;full&#8221; alignment=&#8221;center&#8221; style=&#8221;vc_box_rounded&#8221; css_animation=&#8221;none&#8221; css=&#8221;&#8221;][\/vc_column][\/vc_row][\/vc_section][vc_section full_width=&#8221;stretch_row&#8221; css=&#8221;.vc_custom_1745833299043{padding-top: 100px !important;padding-bottom: 100px !important;}&#8221;][vc_row css_animation=&#8221;fadeInUp&#8221; type=&#8221;container&#8221; padding_top=&#8221;&#8221; padding_bottom=&#8221;&#8221;][vc_column css_animation=&#8221;fadeInLeft&#8221; width=&#8221;1\/2&#8243;][vc_single_image image=&#8221;94365&#8243; img_size=&#8221;full&#8221; alignment=&#8221;center&#8221; css_animation=&#8221;none&#8221; css=&#8221;&#8221;][\/vc_column][vc_column css_animation=&#8221;fadeInRight&#8221; width=&#8221;1\/2&#8243;][vc_custom_heading text=&#8221;Augmented Reality im Bildungsbereich&#8221; font_container=&#8221;tag:h2|font_size:60px|text_align:left|color:%23403c5f|line_height:60px&#8221; google_fonts=&#8221;font_family:Lato%3A100%2C100italic%2C300%2C300italic%2Cregular%2Citalic%2C700%2C700italic%2C900%2C900italic|font_style:900%20bold%20regular%3A900%3Anormal&#8221; css_animation=&#8221;none&#8221; css=&#8221;&#8221;][vc_column_text css=&#8221;&#8221;]<\/p>\n<p style=\"color: #403c5f; font-size: 18px; line-height: 24px; text-align: left;\">Augmented Reality ist die Integration grafischer Elemente in die reale Welt. Auf diese Weise kann der Lernende \u00fcber eine Brille, ein mobiles Ger\u00e4t oder ein Tablet Anweisungen oder Informationen zu komplexen Prozessen sehen.<\/p>\n<p style=\"color: #403c5f; font-size: 18px; line-height: 24px; text-align: left;\">Dank unserer Augmented-Reality-Produkte k\u00f6nnen diese Prozesse gespeichert und perfektioniert werden, wodurch interaktive, eigenst\u00e4ndige Handb\u00fccher mit hohem p\u00e4dagogischem Wert entstehen, denen die Sch\u00fcler bei der Durchf\u00fchrung dieser Prozesse folgen k\u00f6nnen.<\/p>\n<p>[\/vc_column_text][vc_custom_heading text=&#8221;Mixed Reality&#8221; font_container=&#8221;tag:h3|font_size:28px|text_align:left|color:%23d50057&#8243; google_fonts=&#8221;font_family:Lato%3A100%2C100italic%2C300%2C300italic%2Cregular%2Citalic%2C700%2C700italic%2C900%2C900italic|font_style:700%20bold%20regular%3A700%3Anormal&#8221; css_animation=&#8221;none&#8221; css=&#8221;&#8221;][vc_column_text css=&#8221;&#8221;]<\/p>\n<p style=\"color: #403c5f; font-size: 18px; line-height: 22px; text-align: left;\">Die gemischte Realit\u00e4t integriert virtuelle Elemente in die reale Welt, ist aber dar\u00fcber hinaus in der Lage, den umgebenden Raum zu erkennen und 3D- oder Multimedia-Elemente dar\u00fcber zu legen.<\/p>\n<p style=\"color: #403c5f; font-size: 18px; line-height: 22px; text-align: left;\">Mit unserem Mixed-Reality-System <a href=\"https:\/\/www.innovae.com\/de\/saam-wartung\/\"><strong>SAAM,<\/strong><\/a> kann der Sch\u00fcler die in die physische Umgebung integrierten Anweisungen befolgen.<\/p>\n<p>[\/vc_column_text][\/vc_column][\/vc_row][\/vc_section][vc_row full_width=&#8221;stretch_row&#8221; type=&#8221;container&#8221; padding_top=&#8221;&#8221; padding_bottom=&#8221;&#8221; css=&#8221;.vc_custom_1669643127142{margin-bottom: -50px !important;padding-top: 50px !important;padding-bottom: 50px !important;background-color: #c20056 !important;}&#8221;][vc_column][vc_custom_heading text=&#8221;M\u00f6chten Sie mehr \u00fcber den Einsatz der Technologie in Ihrer Bildungseinrichtung erfahren?&#8221; font_container=&#8221;tag:h2|font_size:30px|text_align:center|color:%23ffffff&#8221; google_fonts=&#8221;font_family:Lato%3A100%2C100italic%2C300%2C300italic%2Cregular%2Citalic%2C700%2C700italic%2C900%2C900italic|font_style:700%20bold%20regular%3A700%3Anormal&#8221;][vc_column_text]<\/p>\n<p style=\"text-align: center;\"><span style=\"color: #ffffff;\">Wenn Sie mehr dar\u00fcber erfahren m\u00f6chten, wie Augmented Reality und Virtual Reality im Bildungsbereich eingesetzt werden, stehen wir Ihnen gerne zur Verf\u00fcgung.<\/span><\/p>\n<p>[\/vc_column_text][vc_btn title=&#8221;Kontaktieren Sie uns&#8221; style=&#8221;gradient-custom&#8221; gradient_custom_color_1=&#8221;rgba(255,255,255,0.17)&#8221; gradient_custom_color_2=&#8221;rgba(255,255,255,0.38)&#8221; shape=&#8221;round&#8221; size=&#8221;lg&#8221; align=&#8221;center&#8221; css_animation=&#8221;none&#8221; css=&#8221;&#8221; link=&#8221;url:https%3A%2F%2Fwww.innovae.com%2Fde%2Fkontakt%2F|target:%20_blank|&#8221;][\/vc_column][\/vc_row]<\/p>\n<\/div>","protected":false},"excerpt":{"rendered":"<p>[vc_row full_width=&#8221;stretch_row&#8221; type=&#8221;container&#8221; padding_top=&#8221;&#8221; padding_bottom=&#8221;&#8221; css=&#8221;.vc_custom_1734333190598{margin-top: 0px !important;padding-top: 100px !important;padding-bottom: 100px !important;background-image: url(https:\/\/www.innovae.com\/wp-content\/uploads\/2023\/05\/Cabecera-educacions.jpg?id=89992) !important;background-position: center !important;background-repeat: no-repeat !important;background-size: cover !important;}&#8221;][vc_column][vc_custom_heading text=&#8221;Bildungszentren&#8221; font_container=&#8221;tag:h1|font_size:60px|text_align:center|color:%23ffffff|line_height:60px&#8221; google_fonts=&#8221;font_family:Lato%3A100%2C100italic%2C300%2C300italic%2Cregular%2Citalic%2C700%2C700italic%2C900%2C900italic|font_style:700%20bold%20regular%3A700%3Anormal&#8221; css_animation=&#8221;fadeInDown&#8221; css=&#8221;&#8221;][vc_empty_space][vc_custom_heading text=&#8221;Technologien, welche die Implementierung neuer Formen des Lernens erm\u00f6glichen&#8221; font_container=&#8221;tag:p|font_size:26px|text_align:center|color:%23ffffff&#8221; google_fonts=&#8221;font_family:Lato%3A100%2C100italic%2C300%2C300italic%2Cregular%2Citalic%2C700%2C700italic%2C900%2C900italic|font_style:400%20regular%3A400%3Anormal&#8221; css_animation=&#8221;fadeInUp&#8221; css=&#8221;&#8221;][\/vc_column][\/vc_row][vc_row type=&#8221;container&#8221; padding_top=&#8221;&#8221; padding_bottom=&#8221;&#8221; css=&#8221;.vc_custom_1646835649493{padding-top: 20px !important;}&#8221;][vc_column][vc_column_text css=&#8221;.vc_custom_1756808692822{margin-top: 20px !important;}&#8221;] Wir setzen Augmented Reality und Virtual Reality ein, [&hellip;]<\/p>\n","protected":false},"author":510616,"featured_media":89995,"parent":0,"menu_order":2,"comment_status":"closed","ping_status":"closed","template":"page-full-width.php","meta":{"content-type":"","_FSMCFIC_featured_image_caption":"","_FSMCFIC_featured_image_nocaption":"","_FSMCFIC_featured_image_hide":"","footnotes":""},"class_list":["post-85024","page","type-page","status-publish","has-post-thumbnail","hentry"],"acf":[],"_links":{"self":[{"href":"https:\/\/www.innovae.com\/de\/wp-json\/wp\/v2\/pages\/85024","targetHints":{"allow":["GET"]}}],"collection":[{"href":"https:\/\/www.innovae.com\/de\/wp-json\/wp\/v2\/pages"}],"about":[{"href":"https:\/\/www.innovae.com\/de\/wp-json\/wp\/v2\/types\/page"}],"author":[{"embeddable":true,"href":"https:\/\/www.innovae.com\/de\/wp-json\/wp\/v2\/users\/510616"}],"replies":[{"embeddable":true,"href":"https:\/\/www.innovae.com\/de\/wp-json\/wp\/v2\/comments?post=85024"}],"version-history":[{"count":12,"href":"https:\/\/www.innovae.com\/de\/wp-json\/wp\/v2\/pages\/85024\/revisions"}],"predecessor-version":[{"id":95902,"href":"https:\/\/www.innovae.com\/de\/wp-json\/wp\/v2\/pages\/85024\/revisions\/95902"}],"wp:featuredmedia":[{"embeddable":true,"href":"https:\/\/www.innovae.com\/de\/wp-json\/wp\/v2\/media\/89995"}],"wp:attachment":[{"href":"https:\/\/www.innovae.com\/de\/wp-json\/wp\/v2\/media?parent=85024"}],"curies":[{"name":"wp","href":"https:\/\/api.w.org\/{rel}","templated":true}]}}