{"id":73546,"date":"2016-02-29T20:07:48","date_gmt":"2016-02-29T20:07:48","guid":{"rendered":"https:\/\/www.innovae.com\/politica-de-privacidad\/?lang=de"},"modified":"2025-11-11T10:18:57","modified_gmt":"2025-11-11T08:18:57","slug":"datenschutzrichtlinie","status":"publish","type":"page","link":"https:\/\/www.innovae.com\/de\/datenschutzrichtlinie\/","title":{"rendered":"Datenschutzrichtlinie"},"content":{"rendered":"<div class=\"wpb-content-wrapper\"><p>[vc_row type=&#8221;container&#8221; padding_top=&#8221;&#8221; padding_bottom=&#8221;&#8221;][vc_column][vc_empty_space][\/vc_column][\/vc_row][vc_row type=&#8221;container&#8221; padding_top=&#8221;&#8221; padding_bottom=&#8221;&#8221;][vc_column][vc_column_text css=&#8221;&#8221;]<b>INNOVAE GROUP, S.L.<\/b><\/p>\n<p><b>B95745592<\/b><\/p>\n<p><b>C\/ Fco. Grandmontagne n\u00ba 1 2\u00ba Oficina \u2013 Planta 2, Oficina 2 &#8211; 20018, San Sebastian (Gipuzkoa)<\/b><\/p>\n<p><b>943205861 &#8211; <\/b><a href=\"mailto:legal@innovae.com\"><b>legal@innovae.com<\/b><\/a><b> &#8211; <\/b><a href=\"https:\/\/www.innovae.com\/\"><b>www.innovae.com<\/b><\/a><\/p>\n<p>&nbsp;<\/p>\n<p><b>Schutz personenbezogener Daten<\/b><\/p>\n<p>Auf dieser Website, die Eigentum der INNOVAE GROUP, S.L. ist, gew\u00e4hrleisten wir den vollst\u00e4ndigen Schutz der von unseren Nutzern bereitgestellten personenbezogenen Daten.<\/p>\n<p>In diesem Abschnitt stellen wir den Betroffenen die rechtlichen Informationen oder die Datenschutzerkl\u00e4rung zu den verschiedenen Datenverarbeitungen unseres Unternehmens zur Verf\u00fcgung.<\/p>\n<p>Je nach Ihrer Beziehung zu unserem Unternehmen gilt f\u00fcr Sie die entsprechende Datenschutzerkl\u00e4rung<b>:<\/b><\/p>\n<p><strong>\u00a0<\/strong><\/p>\n<table>\n<tbody>\n<tr>\n<td width=\"566\"><strong>KONTAKT<\/strong><\/td>\n<\/tr>\n<\/tbody>\n<\/table>\n<p><strong>\u00a0<\/strong><b>Wer ist f\u00fcr Ihre Daten verantwortlich?<\/b><\/p>\n<p>Gem\u00e4\u00df den Bestimmungen des Organgesetzes 3\/2018 vom 5. Dezember \u00fcber den Schutz personenbezogener Daten und die Gew\u00e4hrleistung digitaler Rechte (LOPD) und der Datenschutz-Grundverordnung (DSGVO) vom 27. April 2016 informieren wir Sie dar\u00fcber, dass die von Ihnen bereitgestellten personenbezogenen Daten von INNOVAE GROUP, S.L. mit der Steuernummer B95745592 und Sitz in C\/ Fco. Grandmontagne n\u00ba 1 2\u00ba Oficina \u2013 Planta 2, Oficina 2 &#8211; 20018, San Sebastian (Gipuzkoa) verarbeitet werden.<\/p>\n<p><b>Zu welchem Zweck verarbeiten wir Ihre personenbezogenen Daten?<\/b><\/p>\n<p>Die von Ihnen bereitgestellten Daten sind erforderlich, um Ihnen den angeforderten Service mit allen Garantien anbieten zu k\u00f6nnen, und werden zu folgenden Zwecken verarbeitet: Verwaltung der Kontaktdaten f\u00fcr die Kommunikation.<\/p>\n<p><b>Wie lange speichern wir Ihre Daten?<\/b><\/p>\n<p>Die bereitgestellten personenbezogenen Daten werden so lange gespeichert, wie sie voraussichtlich f\u00fcr die Kontaktaufnahme mit der betroffenen Person erforderlich sind.<\/p>\n<p><b>Was ist die Rechtfertigung f\u00fcr die Verarbeitung Ihrer Daten?<\/b><\/p>\n<p>Die Rechtsgrundlage f\u00fcr die Verarbeitung Ihrer Daten ist die Einwilligung der betroffenen Person bei der Angabe ihrer Kontaktdaten.<\/p>\n<p><b>An welche Empf\u00e4nger werden Ihre Daten weitergegeben?<\/b><\/p>\n<p>Ihre Daten werden nicht an Dritte weitergegeben, es sei denn, es besteht eine gesetzliche Verpflichtung dazu.<\/p>\n<p><b>Welche Rechte haben Sie, wenn Sie uns Ihre Daten zur Verf\u00fcgung stellen?<\/b><\/p>\n<p>Jede Person hat das Recht, Zugang, Berichtigung, L\u00f6schung, Einschr\u00e4nkung der Verarbeitung, Widerspruch oder das Recht auf \u00dcbertragbarkeit ihrer personenbezogenen Daten zu beantragen, indem sie an die Adresse unserer B\u00fcros schreibt oder eine E-Mail an legal@innovae.com sendet und dabei das Recht angibt, das sie aus\u00fcben m\u00f6chte.<\/p>\n<p>Sie haben ebenfalls das Recht, Ihre Einwilligung jederzeit zu widerrufen. Der Widerruf der Einwilligung hat keinen Einfluss auf die Rechtm\u00e4\u00dfigkeit der Verarbeitung vor dem Widerruf dieser Einwilligung.<\/p>\n<p>Sie haben das Recht, eine Beschwerde bei der Aufsichtsbeh\u00f6rde einzureichen, wenn Sie der Ansicht sind, dass Ihre Rechte in Bezug auf den Schutz Ihrer personenbezogenen Daten verletzt wurden.<\/p>\n<p><strong>\u00a0<\/strong><\/p>\n<table>\n<tbody>\n<tr>\n<td width=\"576\"><strong>LEBENSLAUF<\/strong><\/td>\n<\/tr>\n<\/tbody>\n<\/table>\n<p><strong>\u00a0<\/strong><b>Wer ist f\u00fcr Ihre Daten verantwortlich?<\/b><\/p>\n<p>Gem\u00e4\u00df den Bestimmungen des Organgesetzes 3\/2018 vom 5. Dezember \u00fcber den Schutz personenbezogener Daten und die Gew\u00e4hrleistung digitaler Rechte (LOPD) und der Datenschutz-Grundverordnung (DSGVO) vom 27. April 2016 informieren wir Sie dar\u00fcber, dass die von Ihnen bereitgestellten personenbezogenen Daten von INNOVAE GROUP, S.L. mit der Steuernummer B95745592 und Sitz in C\/ Fco. Grandmontagne n\u00ba 1 2\u00ba Oficina \u2013 Planta 2, Oficina 2 &#8211; 20018, San Sebastian (Gipuzkoa) verarbeitet werden.<\/p>\n<p><b>Zu welchem Zweck verarbeiten wir Ihre personenbezogenen Daten?<\/b><\/p>\n<p>Die von Ihnen bereitgestellten Daten sind erforderlich, um Ihnen den angeforderten Service mit allen Garantien anbieten zu k\u00f6nnen, und werden zu folgenden Zwecken verarbeitet: Bearbeitung der beim Unternehmen eingegangenen Lebensl\u00e4ufe zum Zwecke der Teilnahme an Personalauswahlverfahren.<\/p>\n<p><b>Wie lange speichern wir Ihre Daten?<\/b><\/p>\n<p>Die bereitgestellten personenbezogenen Daten werden so lange gespeichert, wie sie voraussichtlich f\u00fcr die Kontaktaufnahme mit der betroffenen Person erforderlich sind, h\u00f6chstens jedoch ein Jahr.<\/p>\n<p><b>Was ist die Rechtsgrundlage f\u00fcr die Verarbeitung Ihrer Daten?<\/b><\/p>\n<p>Die Rechtsgrundlage f\u00fcr die Verarbeitung Ihrer Daten ist die Einwilligung der betroffenen Person bei der \u00dcbermittlung ihres Lebenslaufs.<\/p>\n<p><b>An welche Empf\u00e4nger werden Ihre Daten weitergegeben?<\/b><\/p>\n<p>Ihre Daten werden nicht an Dritte weitergegeben, es sei denn, es besteht eine gesetzliche Verpflichtung dazu.<\/p>\n<p><b>Welche Rechte haben Sie, wenn Sie uns Ihre Daten zur Verf\u00fcgung stellen?<\/b><\/p>\n<p>Jede Person hat das Recht, Zugang, Berichtigung, L\u00f6schung, Einschr\u00e4nkung der Verarbeitung, Widerspruch oder das Recht auf \u00dcbertragbarkeit ihrer personenbezogenen Daten zu beantragen, indem sie an die Adresse unserer B\u00fcros schreibt oder eine E-Mail an legal@innovae.com sendet und dabei das Recht angibt, das sie aus\u00fcben m\u00f6chte.<\/p>\n<p>Sie haben ebenfalls das Recht, Ihre Einwilligung jederzeit zu widerrufen. Der Widerruf der Einwilligung hat keinen Einfluss auf die Rechtm\u00e4\u00dfigkeit der Verarbeitung vor dem Widerruf dieser Einwilligung.<\/p>\n<p>Sie haben das Recht, eine Beschwerde bei der Aufsichtsbeh\u00f6rde einzureichen, wenn Sie der Ansicht sind, dass Ihre Rechte in Bezug auf den Schutz Ihrer personenbezogenen Daten verletzt worden sind.[\/vc_column_text][\/vc_column][\/vc_row]<\/p>\n<\/div>","protected":false},"excerpt":{"rendered":"<p>[vc_row type=&#8221;container&#8221; padding_top=&#8221;&#8221; padding_bottom=&#8221;&#8221;][vc_column][vc_empty_space][\/vc_column][\/vc_row][vc_row type=&#8221;container&#8221; padding_top=&#8221;&#8221; padding_bottom=&#8221;&#8221;][vc_column][vc_column_text css=&#8221;&#8221;]INNOVAE GROUP, S.L. B95745592 C\/ Fco. Grandmontagne n\u00ba 1 2\u00ba Oficina \u2013 Planta 2, Oficina 2 &#8211; 20018, San Sebastian (Gipuzkoa) 943205861 &#8211; legal@innovae.com &#8211; www.innovae.com &nbsp; Schutz personenbezogener Daten Auf dieser Website, die Eigentum der INNOVAE GROUP, S.L. ist, gew\u00e4hrleisten wir den vollst\u00e4ndigen Schutz der von unseren [&hellip;]<\/p>\n","protected":false},"author":2,"featured_media":0,"parent":0,"menu_order":0,"comment_status":"closed","ping_status":"closed","template":"page-full-width.php","meta":{"content-type":"","_FSMCFIC_featured_image_caption":"","_FSMCFIC_featured_image_nocaption":"","_FSMCFIC_featured_image_hide":"","footnotes":""},"class_list":["post-73546","page","type-page","status-publish","hentry"],"acf":[],"_links":{"self":[{"href":"https:\/\/www.innovae.com\/de\/wp-json\/wp\/v2\/pages\/73546","targetHints":{"allow":["GET"]}}],"collection":[{"href":"https:\/\/www.innovae.com\/de\/wp-json\/wp\/v2\/pages"}],"about":[{"href":"https:\/\/www.innovae.com\/de\/wp-json\/wp\/v2\/types\/page"}],"author":[{"embeddable":true,"href":"https:\/\/www.innovae.com\/de\/wp-json\/wp\/v2\/users\/2"}],"replies":[{"embeddable":true,"href":"https:\/\/www.innovae.com\/de\/wp-json\/wp\/v2\/comments?post=73546"}],"version-history":[{"count":3,"href":"https:\/\/www.innovae.com\/de\/wp-json\/wp\/v2\/pages\/73546\/revisions"}],"predecessor-version":[{"id":101289,"href":"https:\/\/www.innovae.com\/de\/wp-json\/wp\/v2\/pages\/73546\/revisions\/101289"}],"wp:attachment":[{"href":"https:\/\/www.innovae.com\/de\/wp-json\/wp\/v2\/media?parent=73546"}],"curies":[{"name":"wp","href":"https:\/\/api.w.org\/{rel}","templated":true}]}}