{"id":73543,"date":"2016-02-29T20:08:58","date_gmt":"2016-02-29T20:08:58","guid":{"rendered":"https:\/\/www.innovae.com\/politica-de-cookies\/?lang=de"},"modified":"2025-07-04T08:00:43","modified_gmt":"2025-07-04T06:00:43","slug":"cookie-richtlinie","status":"publish","type":"page","link":"https:\/\/www.innovae.com\/de\/cookie-richtlinie\/","title":{"rendered":"Cookie-Richtlinie"},"content":{"rendered":"<h2 style=\"text-align: justify;\"><strong>Was sind Cookies und wozu verwenden wir sie?<\/strong><\/h2>\n<p>Ein Cookie ist eine kleine Informationsdatei, die auf Ihrem Computer, Smartphone oder Tablet gespeichert wird, wenn Sie unsere Website besuchen.<\/p>\n<p>Im Prinzip ist ein Cookie harmlos: Es enth\u00e4lt keine Viren, Trojaner, W\u00fcrmer usw., die Ihr Endger\u00e4t besch\u00e4digen k\u00f6nnten, aber es hat gewisse Auswirkungen auf Ihr Recht auf den Schutz Ihrer pers\u00f6nlichen Daten, da es bestimmte Informationen \u00fcber Sie sammelt (Surfgewohnheiten, Identit\u00e4t, Vorlieben usw.).<\/p>\n<p>Aus diesem Grund ist f\u00fcr die Aktivierung bestimmter Arten von Cookies gem\u00e4\u00df den geltenden Vorschriften (LSSI und geltende Rechtsvorschriften zum Schutz personenbezogener Daten) Ihre vorherige Zustimmung erforderlich.<\/p>\n<p>Zuvor werden wir Ihnen einige zus\u00e4tzliche Informationen geben, die Ihnen helfen werden, eine bessere Entscheidung zu treffen:<\/p>\n<ol>\n<li>Cookies k\u00f6nnen je nach ihrem Zweck verschiedene Arten von Cookies sein:<\/li>\n<\/ol>\n<ul>\n<li>Technische Cookies sind f\u00fcr das Funktionieren unserer Website erforderlich. Sie bed\u00fcrfen nicht Ihrer Zustimmung und sind die einzigen, die wir standardm\u00e4\u00dfig aktiviert haben.<\/li>\n<li>Die anderen Cookies werden verwendet, um unsere Website zu verbessern, um sie auf der Grundlage Ihrer Pr\u00e4ferenzen zu personalisieren oder um Ihnen Werbung zu zeigen, die auf Ihre Suche, Ihren Geschmack und Ihre pers\u00f6nlichen Interessen zugeschnitten ist. Sie k\u00f6nnen alle diese Cookies akzeptieren, indem Sie auf die Schaltfl\u00e4che <strong>AKZEPTIEREN <\/strong>klicken, sie ablehnen, indem Sie auf die Schaltfl\u00e4che <strong>ABLEHNEN <\/strong>klicken, oder sie konfigurieren, indem Sie auf den Abschnitt <strong>COOKIE KONFIGURATION <\/strong><\/li>\n<\/ul>\n<p>2. Einige Cookies geh\u00f6ren uns (wir nennen sie <strong>unsere eigenen Cookies<\/strong>) und andere geh\u00f6ren zu externen Unternehmen, die Dienstleistungen f\u00fcr unsere Website erbringen (wir nennen sie <strong>Drittanbieter-Cookies<\/strong>: ein Beispiel k\u00f6nnten Cookies von externen Anbietern wie Google sein). In diesem Zusammenhang ist es wichtig f\u00fcr Sie zu wissen, dass einige dieser externen Anbieter au\u00dferhalb Spaniens ans\u00e4ssig sein k\u00f6nnen.<\/p>\n<p>Weltweit haben nicht alle L\u00e4nder das gleiche Datenschutzniveau, wobei einige L\u00e4nder sicherer sind als andere (die Europ\u00e4ische Union ist zum Beispiel eine sichere Umgebung f\u00fcr Ihre Daten). Wir arbeiten mit zuverl\u00e4ssigen Anbietern zusammen, die, unabh\u00e4ngig davon, ob sie in der Europ\u00e4ischen Union ans\u00e4ssig sind oder nicht, angemessene Sicherheitsvorkehrungen zum Schutz Ihrer personenbezogenen Daten getroffen haben. Im Abschnitt <strong>WELCHE ART VON COOKIES WIRD AKTUELL AUF UNSERER WEBSITE VERWENDET <\/strong>k\u00f6nnen Sie jedoch die verschiedenen Datenschutzrichtlinien der oben genannten externen Anbieter einsehen, um in Kenntnis der Sachlage entscheiden zu k\u00f6nnen, ob Sie die von unserer Website verwendeten <strong>Drittanbieter-Cookies <\/strong>aktivieren wollen oder nicht.<\/p>\n<p>3. Abschlie\u00dfend m\u00f6chten wir darauf hinweisen, dass es zwei Arten von Cookies gibt, je nachdem, wie lange sie aktiv bleiben:<\/p>\n<ul>\n<li><strong>Sitzungscookies: <\/strong>Sie verfallen automatisch, wenn Sie Ihre Sitzung auf Ihrem Computer, Smartphone oder Tablet beenden. Sie werden in der Regel verwendet, um die notwendigen Informationen aufzubewahren, w\u00e4hrend Ihnen ein Dienst einmalig zur Verf\u00fcgung gestellt wird.<\/li>\n<li><strong>Dauerhafte Cookies: Diese <\/strong>bleiben auf Ihrem Computer, Smartphone oder Tablet f\u00fcr einen bestimmten Zeitraum gespeichert, der von einigen Minuten bis zu mehreren Jahren reichen kann.<\/li>\n<\/ul>\n<h2 style=\"text-align: justify;\"><strong>Welche art von cookies k\u00f6nnen wir auf umserer website verwenden?<\/strong><\/h2>\n<ul>\n<li><strong>Technische Cookies:<\/strong><\/li>\n<\/ul>\n<p>Technische Cookies sind unbedingt erforderlich, damit unsere Website funktioniert und Sie auf ihr surfen k\u00f6nnen. Bei dieser Art von Cookies handelt es sich um solche, die es uns z. B. erm\u00f6glichen, Sie zu identifizieren, Ihnen gegebenenfalls Zugang zu bestimmten eingeschr\u00e4nkten Teilen der Seite zu gew\u00e4hren oder sich an verschiedene von Ihnen bereits ausgew\u00e4hlte Optionen oder Dienste zu erinnern, wie z. B. Ihre Datenschutzeinstellungen. Aus diesem Grund sind <strong>sie standardm\u00e4\u00dfig aktiviert, und Ihre Zustimmung ist nicht erforderlich<\/strong>.<\/p>\n<p>\u00dcber die Einstellungen Ihres Browsers k\u00f6nnen Sie das Vorhandensein dieser Art von Cookies blockieren oder Sie darauf aufmerksam machen, obwohl eine solche Blockierung das korrekte Funktionieren der verschiedenen Funktionen unserer Website beeintr\u00e4chtigen wird.<\/p>\n<ul>\n<li><strong>Analytische Cookies:<\/strong><\/li>\n<\/ul>\n<p>Analytics-Cookies erm\u00f6glichen es uns, das Nutzerverhalten auf unserer Website im Allgemeinen zu untersuchen (z. B. welche Bereiche der Website am h\u00e4ufigsten besucht werden, welche Dienste am meisten genutzt werden und ob sie korrekt funktionieren usw.).<\/p>\n<p>Anhand der statistischen Informationen \u00fcber das Surfen auf unserer Website k\u00f6nnen wir sowohl die Funktionsweise der Website selbst als auch die verschiedenen angebotenen Dienste verbessern. Diese Cookies haben also <strong>keinen Werbezweck<\/strong>, sondern dienen nur dazu, die Funktionsweise unserer Website zu verbessern, indem sie sich an unsere Nutzer im Allgemeinen anpassen. Indem Sie sie aktivieren, tragen Sie zu dieser kontinuierlichen Verbesserung bei.<\/p>\n<p><strong>Sie k\u00f6nnen diese Cookies aktivieren oder deaktivieren, indem Sie das entsprechende K\u00e4stchen anklicken<\/strong>, das standardm\u00e4\u00dfig deaktiviert ist.<\/p>\n<ul>\n<li><strong>Funktionalit\u00e4ts- und Personalisierungs-Cookies:<\/strong><\/li>\n<\/ul>\n<p>Funktions-Cookies erm\u00f6glichen es uns, Ihre Pr\u00e4ferenzen zu speichern und bestimmte Funktionen und allgemeine Optionen unserer Website bei jedem Zugriff anzupassen (z. B. die Sprache, in der Ihnen die Informationen pr\u00e4sentiert werden, die als Favoriten gekennzeichneten Bereiche, Ihr Browsertyp usw.).<\/p>\n<p>Diese Arten von Cookies <strong>haben <\/strong>also <strong>keinen Werbezweck<\/strong>, aber durch ihre Aktivierung verbessern Sie die Funktionalit\u00e4t der Website (z. B. durch Anpassung an Ihren Browsertyp) und die Personalisierung der Website auf der Grundlage Ihrer Pr\u00e4ferenzen (z. B. durch Darstellung der Informationen in der von Ihnen bei fr\u00fcheren Gelegenheiten gew\u00e4hlten Sprache), was zur Erleichterung, Benutzerfreundlichkeit und zum Komfort unserer Website w\u00e4hrend Ihres Besuchs beitr\u00e4gt.<\/p>\n<p><strong>Sie k\u00f6nnen diese Cookies aktivieren oder deaktivieren, indem Sie das entsprechende K\u00e4stchen anklicken<\/strong>, das standardm\u00e4\u00dfig deaktiviert ist.<\/p>\n<ul>\n<li><strong>Werbe-Cookies:<\/strong><\/li>\n<\/ul>\n<p>Werbe-Cookies erm\u00f6glichen es uns, die Werbefl\u00e4chen auf unserer Website nach Kriterien wie dem gezeigten Inhalt oder der H\u00e4ufigkeit der Anzeigen zu verwalten.<\/p>\n<p>Wenn Ihnen beispielsweise dieselbe Werbung mehrmals auf unserer Website angezeigt wurde und Sie kein pers\u00f6nliches Interesse gezeigt haben, indem Sie sie angeklickt haben, wird sie nicht erneut erscheinen. Kurz gesagt, durch die Aktivierung dieser Art von Cookie wird die auf unserer Website angezeigte Werbung n\u00fctzlicher und vielf\u00e4ltiger und weniger repetitiv sein.<\/p>\n<p><strong>Sie k\u00f6nnen diese Cookies aktivieren oder deaktivieren, indem Sie das entsprechende K\u00e4stchen anklicken<\/strong>, das standardm\u00e4\u00dfig deaktiviert ist.<\/p>\n<ul>\n<li><strong>Cookies f\u00fcr verhaltensbasierte Werbung:<\/strong><\/li>\n<\/ul>\n<p>Cookies f\u00fcr verhaltensbasierte Werbung erm\u00f6glichen es uns, Informationen zu erhalten, die auf der Beobachtung Ihrer Surfgewohnheiten und Ihres Verhaltens auf der Website beruhen, um Ihnen Werbeinhalte zu zeigen, die besser auf Ihren pers\u00f6nlichen Geschmack und Ihre Interessen abgestimmt sind.<\/p>\n<p>Zum besseren Verst\u00e4ndnis geben wir Ihnen ein fiktives Beispiel: Wenn Ihre letzten Suchanfragen im Internet mit Thriller-Literatur zu tun hatten, w\u00fcrden wir Ihnen Anzeigen f\u00fcr Thriller-B\u00fccher zeigen.<\/p>\n<p>Wenn Sie diese Art von Cookie aktivieren, wird die Werbung, die wir Ihnen auf unserer Website zeigen, nicht allgemein sein, sondern auf Ihre Suchanfragen, Ihren Geschmack und Ihre Interessen abgestimmt sein und somit ausschlie\u00dflich auf Sie zugeschnitten sein.<\/p>\n<p><strong>Sie k\u00f6nnen diese Cookies aktivieren oder deaktivieren, indem Sie das entsprechende K\u00e4stchen anklicken<\/strong>, das standardm\u00e4\u00dfig deaktiviert ist.<\/p>\n<h2><strong>Welche art von cookies werden derzeit auf unserer website verwendet?<\/strong><\/h2>\n<table style=\"height: 338px;\" width=\"1129\">\n<tbody>\n<tr>\n<td style=\"text-align: center;\" width=\"142\"><strong>Art des Cookies<\/strong><\/td>\n<td style=\"text-align: center;\" width=\"142\"><strong>Name<\/strong><\/td>\n<td style=\"text-align: center;\" width=\"142\"><strong>Zweck<\/strong><\/td>\n<td style=\"text-align: center;\" width=\"142\"><strong>Verantwortliche Stelle und Link zu ihrer Politik zum Schutz der Privatsph\u00e4re und zum Datenschutz <\/strong><\/td>\n<td style=\"text-align: center;\" width=\"142\"><strong>Zeitliche Begrenzung<\/strong><\/td>\n<\/tr>\n<tr>\n<td style=\"text-align: center;\" width=\"142\">Statistik<\/td>\n<td style=\"text-align: center;\" width=\"142\">_cltk<\/td>\n<td style=\"text-align: center;\" width=\"142\">Speicherung und Verfolgung von Interaktionen<\/td>\n<td style=\"text-align: center;\" width=\"142\">Microsoft Klarheit<\/td>\n<td style=\"text-align: center;\" width=\"142\">Mindestens eine Sitzung<\/td>\n<\/tr>\n<tr>\n<td style=\"text-align: center;\" width=\"142\">Statistik<\/td>\n<td style=\"text-align: center;\" width=\"142\">_clsk<\/td>\n<td style=\"text-align: center;\" width=\"142\">Speichern und Kombinieren der Seitenaufrufe eines Benutzers in einem einzigen Sitzungsprotokoll<\/td>\n<td style=\"text-align: center;\" width=\"142\">Microsoft Klarheit<\/td>\n<td style=\"text-align: center;\" width=\"142\">1 Tag<\/td>\n<\/tr>\n<tr>\n<td style=\"text-align: center;\" width=\"142\">Marketing<\/td>\n<td style=\"text-align: center;\" width=\"142\">_clck<\/td>\n<td style=\"text-align: center;\" width=\"142\">Speichern Sie eine eindeutige Benutzer-ID<\/td>\n<td style=\"text-align: center;\" width=\"142\">Microsoft Klarheit<\/td>\n<td style=\"text-align: center;\" width=\"142\">1 Jahr<\/td>\n<\/tr>\n<tr>\n<td style=\"text-align: center;\" width=\"142\">Marketing<\/td>\n<td style=\"text-align: center;\" width=\"142\">ANONCHK<\/td>\n<td style=\"text-align: center;\" width=\"142\">Gibt an, ob MUID an ANID, ein Cookie f\u00fcr Werbezwecke, \u00fcbertragen wird. Clarity verwendet ANID nicht, daher ist dieser Wert immer auf 0 gesetzt.<\/td>\n<td style=\"text-align: center;\" width=\"142\">Microsoft Klarheit<\/td>\n<td style=\"text-align: center;\" width=\"142\">Sitzung<\/td>\n<\/tr>\n<tr>\n<td style=\"text-align: center;\" width=\"142\">Marketing<\/td>\n<td style=\"text-align: center;\" width=\"142\">MUID<\/td>\n<td style=\"text-align: center;\" width=\"142\">Speichern und Verfolgen von Besuchen auf mehreren Websites<\/td>\n<td style=\"text-align: center;\" width=\"142\">Microsoft Klarheit<\/td>\n<td style=\"text-align: center;\" width=\"142\">1 Jahr<\/td>\n<\/tr>\n<tr>\n<td style=\"text-align: center;\" width=\"142\">Marketing<\/td>\n<td style=\"text-align: center;\" width=\"142\">hubspotutk<\/td>\n<td style=\"text-align: center;\" width=\"142\">Speicherung und Verfolgung der Identit\u00e4t eines Besuchers<\/td>\n<td style=\"text-align: center;\" width=\"142\">Hubspot<\/td>\n<td style=\"text-align: center;\" width=\"142\">13 Monate<\/td>\n<\/tr>\n<tr>\n<td style=\"text-align: center;\" width=\"142\">Marketing<\/td>\n<td style=\"text-align: center;\" width=\"142\">__hstc<\/td>\n<td style=\"text-align: center;\" width=\"142\">Besuchszeiten speichern<\/td>\n<td style=\"text-align: center;\" width=\"142\">Hubspot<\/td>\n<td style=\"text-align: center;\" width=\"142\">13 Monate<\/td>\n<\/tr>\n<tr>\n<td style=\"text-align: center;\" width=\"142\">Statistik<\/td>\n<td style=\"text-align: center;\" width=\"142\">__hssrc<\/td>\n<td style=\"text-align: center;\" width=\"142\">Speichert eine eindeutige Sitzungs-ID<\/td>\n<td style=\"text-align: center;\" width=\"142\">Hubspot<\/td>\n<td style=\"text-align: center;\" width=\"142\">Sitzung<\/td>\n<\/tr>\n<tr>\n<td style=\"text-align: center;\" width=\"142\">Funktionell<\/td>\n<td style=\"text-align: center;\" width=\"142\">__hssc<\/td>\n<td style=\"text-align: center;\" width=\"142\">Anonyme Statistiken speichern<\/td>\n<td style=\"text-align: center;\" width=\"142\">Hubspot<\/td>\n<td style=\"text-align: center;\" width=\"142\">30 Minuten<\/td>\n<\/tr>\n<tr>\n<td style=\"text-align: center;\" width=\"142\">Funktionell<\/td>\n<td style=\"text-align: center;\" width=\"142\">__hs_cookie_cat_pref<\/td>\n<td style=\"text-align: center;\" width=\"142\">Cookie-Einstellungen speichern<\/td>\n<td style=\"text-align: center;\" width=\"142\">Hubspot<\/td>\n<td style=\"text-align: center;\" width=\"142\">6 Monate<\/td>\n<\/tr>\n<tr>\n<td style=\"text-align: center;\" width=\"142\">Funktionell<\/td>\n<td style=\"text-align: center;\" width=\"142\">*_Schl\u00fcssel<\/td>\n<td style=\"text-align: center;\" width=\"142\">Benutzer eingeloggt halten<\/td>\n<td style=\"text-align: center;\" width=\"142\">Hubspot<\/td>\n<td style=\"text-align: center;\" width=\"142\">2 Wochen<\/td>\n<\/tr>\n<tr>\n<td style=\"text-align: center;\" width=\"142\">Funktionell<\/td>\n<td style=\"text-align: center;\" width=\"142\">hs_ab_test<\/td>\n<td style=\"text-align: center;\" width=\"142\">Speichern von Experiment- und Sitzungs-IDs f\u00fcr A\/B-Tests<\/td>\n<td style=\"text-align: center;\" width=\"142\">Hubspot<\/td>\n<td style=\"text-align: center;\" width=\"142\">Sitzung<\/td>\n<\/tr>\n<tr>\n<td style=\"text-align: center;\" width=\"142\">Funktionell<\/td>\n<td style=\"text-align: center;\" width=\"142\">__hs_do_not_track<\/td>\n<td style=\"text-align: center;\" width=\"142\">Speichern von &#8220;Do not track&#8221;-Signalen<\/td>\n<td style=\"text-align: center;\" width=\"142\">Hubspot<\/td>\n<td style=\"text-align: center;\" width=\"142\">6 Monate<\/td>\n<\/tr>\n<tr>\n<td style=\"text-align: center;\" width=\"142\">Pr\u00e4ferenzen<\/td>\n<td style=\"text-align: center;\" width=\"142\">MeldungenUtk<\/td>\n<td style=\"text-align: center;\" width=\"142\">Browser-Details speichern<\/td>\n<td style=\"text-align: center;\" width=\"142\">Hubspot<\/td>\n<td style=\"text-align: center;\" width=\"142\">13 Monate<\/td>\n<\/tr>\n<tr>\n<td style=\"text-align: center;\" width=\"142\">Pr\u00e4ferenzen<\/td>\n<td style=\"text-align: center;\" width=\"142\">__hsmem<\/td>\n<td style=\"text-align: center;\" width=\"142\">Benutzer eingeloggt halten<\/td>\n<td style=\"text-align: center;\" width=\"142\">Hubspot<\/td>\n<td style=\"text-align: center;\" width=\"142\">1 Woche<\/td>\n<\/tr>\n<tr>\n<td style=\"text-align: center;\" width=\"142\">Pr\u00e4ferenzen<\/td>\n<td style=\"text-align: center;\" width=\"142\">hs-messages-is-open<\/td>\n<td style=\"text-align: center;\" width=\"142\">Speichern, wenn eine Meldung angezeigt wurde<\/td>\n<td style=\"text-align: center;\" width=\"142\">Hubspot<\/td>\n<td style=\"text-align: center;\" width=\"142\">30 Minuten<\/td>\n<\/tr>\n<tr>\n<td style=\"text-align: center;\" width=\"142\">Statistik<\/td>\n<td style=\"text-align: center;\" width=\"142\">_ga_*<\/td>\n<td style=\"text-align: center;\" width=\"142\">Z\u00e4hlen und Verfolgen von Seitenaufrufen<\/td>\n<td style=\"text-align: center;\" width=\"142\">Google Analytics<\/td>\n<td style=\"text-align: center;\" width=\"142\">1 Jahr<\/td>\n<\/tr>\n<tr>\n<td style=\"text-align: center;\" width=\"142\">Statistik<\/td>\n<td style=\"text-align: center;\" width=\"142\">_ga<\/td>\n<td style=\"text-align: center;\" width=\"142\">Z\u00e4hlen und Verfolgen von Seitenaufrufen<\/td>\n<td style=\"text-align: center;\" width=\"142\">Google Analytics<\/td>\n<td style=\"text-align: center;\" width=\"142\">2 Jahre<\/td>\n<\/tr>\n<tr>\n<td style=\"text-align: center;\" width=\"142\">Funktionell<\/td>\n<td style=\"text-align: center;\" width=\"142\">viewed_cookie_policy<\/td>\n<td style=\"text-align: center;\" width=\"142\">Speichern, wenn eine Meldung angezeigt wurde<\/td>\n<td style=\"text-align: center;\" width=\"142\">GDPR Cookie-Zustimmung<\/td>\n<td style=\"text-align: center;\" width=\"142\">best\u00e4ndig<\/td>\n<\/tr>\n<tr>\n<td style=\"text-align: center;\" width=\"142\">Marketing<\/td>\n<td style=\"text-align: center;\" width=\"142\">_gcl_au<\/td>\n<td style=\"text-align: center;\" width=\"142\">Konversionen speichern und verfolgen<\/td>\n<td style=\"text-align: center;\" width=\"142\">Google Adsense<\/td>\n<td style=\"text-align: center;\" width=\"142\">best\u00e4ndig<\/td>\n<\/tr>\n<tr>\n<td style=\"text-align: center;\" width=\"142\">Marketing<\/td>\n<td style=\"text-align: center;\" width=\"142\">google_adsense_Einstellungen<\/td>\n<td style=\"text-align: center;\" width=\"142\">Aktivieren Sie Adserving oder Retargeting<\/td>\n<td style=\"text-align: center;\" width=\"142\">Google Adsense<\/td>\n<td style=\"text-align: center;\" width=\"142\">best\u00e4ndig<\/td>\n<\/tr>\n<tr>\n<td style=\"text-align: center;\" width=\"142\">Marketing<\/td>\n<td style=\"text-align: center;\" width=\"142\">_gcl_aw<\/td>\n<td style=\"text-align: center;\" width=\"142\">Aktivieren Sie Adserving oder Retargeting<\/td>\n<td style=\"text-align: center;\" width=\"142\">Google-Anzeigen<\/td>\n<td style=\"text-align: center;\" width=\"142\">90 Tage<\/td>\n<\/tr>\n<tr>\n<td style=\"text-align: center;\" width=\"142\">Marketing<\/td>\n<td style=\"text-align: center;\" width=\"142\">ads\/ga-audiences<\/td>\n<td style=\"text-align: center;\" width=\"142\">Speicherung von Informationen f\u00fcr Remarketingzwecke<\/td>\n<td style=\"text-align: center;\" width=\"142\">Google-Anzeigen<\/td>\n<td style=\"text-align: center;\" width=\"142\">Unmittelbar<\/td>\n<\/tr>\n<tr>\n<td style=\"text-align: center;\" width=\"142\">Funktionell<\/td>\n<td style=\"text-align: center;\" width=\"142\">wp-wpml_aktuelle_Sprache<\/td>\n<td style=\"text-align: center;\" width=\"142\">Spracheinstellungen speichern<\/td>\n<td style=\"text-align: center;\" width=\"142\">WPML<\/td>\n<td style=\"text-align: center;\" width=\"142\">1 Tag<\/td>\n<\/tr>\n<tr>\n<td style=\"text-align: center;\" width=\"142\">Marketing<\/td>\n<td style=\"text-align: center;\" width=\"142\">Google Maps API<\/td>\n<td style=\"text-align: center;\" width=\"142\">Abfrage der IP-Adresse des Benutzers<\/td>\n<td style=\"text-align: center;\" width=\"142\">Google Maps<\/td>\n<td style=\"text-align: center;\" width=\"142\">Unmittelbar<\/td>\n<\/tr>\n<\/tbody>\n<\/table>\n<h2 style=\"text-align: left;\"><strong>Was kann man mit keksen machen?<\/strong><\/h2>\n<p>Wenn Sie zum ersten Mal auf unsere Website zugreifen, wird Ihnen ein Fenster angezeigt, in dem wir Sie dar\u00fcber informieren, dass es verschiedene Arten von Cookies geben kann:<\/p>\n<ul>\n<li>Technische Cookies sind f\u00fcr das Funktionieren unserer Website erforderlich. Sie bed\u00fcrfen nicht Ihrer Zustimmung und sind die einzigen, die wir standardm\u00e4\u00dfig aktiviert haben.<\/li>\n<li>Die anderen Cookies werden verwendet, um unsere Website zu verbessern, um sie auf der Grundlage Ihrer Pr\u00e4ferenzen zu personalisieren oder um Ihnen Werbung zu zeigen, die auf Ihre Suche, Ihren Geschmack und Ihre pers\u00f6nlichen Interessen zugeschnitten ist. Sie k\u00f6nnen alle diese Cookies akzeptieren, indem Sie auf die Schaltfl\u00e4che <strong>AKZEPTIEREN <\/strong>klicken, sie ablehnen, indem Sie auf die Schaltfl\u00e4che <strong>ABLEHNEN <\/strong>klicken, oder sie konfigurieren, indem Sie auf den Abschnitt COOKIE<strong> KONFIGURATION <\/strong><\/li>\n<\/ul>\n<p>Wir m\u00f6chten Sie au\u00dferdem darauf hinweisen, dass Sie, sobald Sie eine Art von Cookies aktiviert haben, diese jederzeit deaktivieren k\u00f6nnen, indem Sie einfach das entsprechende K\u00e4stchen im Abschnitt <strong>COOKIE-KONFIGURATION <\/strong>auf unserer Website deaktivieren. Die Aktivierung unserer eigenen Cookies wird f\u00fcr Sie immer genauso einfach sein wie deren Deaktivierung.<\/p>\n<p>Wir m\u00f6chten Sie auch daran erinnern, dass Sie \u00fcber die Einstellungen Ihres Browsers das Vorhandensein von Cookies blockieren oder darauf hinweisen k\u00f6nnen, auch wenn diese Blockierung das korrekte Funktionieren der verschiedenen Funktionalit\u00e4ten unserer Website im Falle der notwendigen technischen Cookies beeintr\u00e4chtigen kann.<\/p>\n<p>Wenn Sie <strong>Cookies von Drittanbietern <\/strong>(externe Unternehmen, die Dienstleistungen f\u00fcr unsere Website erbringen) aktivieren und diese anschlie\u00dfend deaktivieren m\u00f6chten, k\u00f6nnen Sie dies auf zwei Arten tun: \u00fcber die Deaktivierung von Cookies in Ihrem Browser oder \u00fcber die von diesen externen Anbietern eingerichteten Systeme.<\/p>\n<p>Um Ihnen die Arbeit zu erleichtern, finden Sie hier eine Reihe von Links zu den Leitlinien f\u00fcr die Deaktivierung von Cookies in den g\u00e4ngigsten Browsern:<\/p>\n<ul>\n<li data-stringify-indent=\"0\" data-stringify-border=\"0\"><a class=\"c-link\" href=\"https:\/\/support.google.com\/accounts\/answer\/61416\" target=\"_blank\" rel=\"noopener noreferrer\" data-stringify-link=\"https:\/\/support.google.com\/accounts\/answer\/61416\" data-sk=\"tooltip_parent\">Google Chrome<\/a><\/li>\n<li data-stringify-indent=\"0\" data-stringify-border=\"0\"><a class=\"c-link\" href=\"https:\/\/support.mozilla.org\/es\/kb\/Borrar%20cookies\" target=\"_blank\" rel=\"noopener noreferrer\" data-stringify-link=\"https:\/\/support.mozilla.org\/es\/kb\/Borrar%20cookies\" data-sk=\"tooltip_parent\">Mozilla Firefox<\/a><\/li>\n<li data-stringify-indent=\"0\" data-stringify-border=\"0\"><a class=\"c-link\" href=\"https:\/\/support.apple.com\/es-es\/guide\/safari\/sfri11471\/mac\" target=\"_blank\" rel=\"noopener noreferrer\" data-stringify-link=\"https:\/\/support.apple.com\/es-es\/guide\/safari\/sfri11471\/mac\" data-sk=\"tooltip_parent\">Safari<\/a><\/li>\n<li data-stringify-indent=\"0\" data-stringify-border=\"0\"><a class=\"c-link\" href=\"https:\/\/support.apple.com\/es-es\/HT201265\" target=\"_blank\" rel=\"noopener noreferrer\" data-stringify-link=\"https:\/\/support.apple.com\/es-es\/HT201265\" data-sk=\"tooltip_parent\">Safari f\u00fcr IOS (iPhone und iPad)<\/a><\/li>\n<li><a href=\"https:\/\/support.microsoft.com\/es-es\/microsoft-edge\/eliminar-las-cookies-en-microsoft-edge-63947406-40ac-c3b8-57b9-2a946a29ae09\" target=\"_blank\" rel=\"noopener\">Edge<\/a><\/li>\n<\/ul>\n<p>Ebenso f\u00fchren wir die Links zu den Systemen auf, die von jedem der oben genannten externen Anbieter f\u00fcr die Deaktivierung ihrer Cookies eingerichtet wurden:<\/p>\n<p><a href=\"http:\/\/www.google.com\/intl\/es\/policies\/privacy\/\" target=\"_blank\" rel=\"noopener\">http:\/\/www.google.com\/intl\/es\/policies\/privacy\/<\/a><\/p>\n<p><script type=\"text\/javascript\">\/\/ <![CDATA[ end70758_(); \/\/ ]]><\/script><\/p>\n","protected":false},"excerpt":{"rendered":"<p>Was sind Cookies und wozu verwenden wir sie? Ein Cookie ist eine kleine Informationsdatei, die auf Ihrem Computer, Smartphone oder Tablet gespeichert wird, wenn Sie unsere Website besuchen. Im Prinzip ist ein Cookie harmlos: Es enth\u00e4lt keine Viren, Trojaner, W\u00fcrmer usw., die Ihr Endger\u00e4t besch\u00e4digen k\u00f6nnten, aber es hat gewisse Auswirkungen auf Ihr Recht auf [&hellip;]<\/p>\n","protected":false},"author":2,"featured_media":0,"parent":0,"menu_order":0,"comment_status":"closed","ping_status":"closed","template":"page-full-width.php","meta":{"content-type":"","_FSMCFIC_featured_image_caption":"","_FSMCFIC_featured_image_nocaption":"","_FSMCFIC_featured_image_hide":"","footnotes":""},"class_list":["post-73543","page","type-page","status-publish","hentry"],"acf":[],"_links":{"self":[{"href":"https:\/\/www.innovae.com\/de\/wp-json\/wp\/v2\/pages\/73543","targetHints":{"allow":["GET"]}}],"collection":[{"href":"https:\/\/www.innovae.com\/de\/wp-json\/wp\/v2\/pages"}],"about":[{"href":"https:\/\/www.innovae.com\/de\/wp-json\/wp\/v2\/types\/page"}],"author":[{"embeddable":true,"href":"https:\/\/www.innovae.com\/de\/wp-json\/wp\/v2\/users\/2"}],"replies":[{"embeddable":true,"href":"https:\/\/www.innovae.com\/de\/wp-json\/wp\/v2\/comments?post=73543"}],"version-history":[{"count":0,"href":"https:\/\/www.innovae.com\/de\/wp-json\/wp\/v2\/pages\/73543\/revisions"}],"wp:attachment":[{"href":"https:\/\/www.innovae.com\/de\/wp-json\/wp\/v2\/media?parent=73543"}],"curies":[{"name":"wp","href":"https:\/\/api.w.org\/{rel}","templated":true}]}}