{"id":73541,"date":"2018-02-22T18:05:33","date_gmt":"2018-02-22T18:05:33","guid":{"rendered":"https:\/\/www.innovae.com\/?page_id=73541&#038;lang=de"},"modified":"2025-11-11T09:47:23","modified_gmt":"2025-11-11T07:47:23","slug":"rechtshinweis","status":"publish","type":"page","link":"https:\/\/www.innovae.com\/de\/rechtshinweis\/","title":{"rendered":"Rechtshinweis"},"content":{"rendered":"<div class=\"wpb-content-wrapper\"><p>[vc_row type=&#8221;container&#8221; padding_top=&#8221;&#8221; padding_bottom=&#8221;&#8221;][vc_column][vc_empty_space][\/vc_column][\/vc_row][vc_row type=&#8221;container&#8221; padding_top=&#8221;&#8221; padding_bottom=&#8221;&#8221;][vc_column][vc_column_text css=&#8221;&#8221;]<b>Gegenstand<\/b><\/p>\n<p>Der Anbieter, der f\u00fcr die Website verantwortlich ist, stellt den Nutzern dieses Dokument zur Verf\u00fcgung, um die Verpflichtungen aus dem Gesetz 34\/2002 \u00fcber Dienste der Informationsgesellschaft und des elektronischen Handels (LSSI-CE) zu erf\u00fcllen und alle Nutzer der Website \u00fcber die Nutzungsbedingungen der Website zu informieren.<\/p>\n<p>Der Zugriff auf die Website setzt die vorbehaltlose Annahme der vorliegenden allgemeinen Nutzungsbedingungen voraus, die der Nutzer nach eigenen Angaben vollst\u00e4ndig verstanden hat. Der Nutzer verpflichtet sich, die Website und die darauf angebotenen Dienste nicht f\u00fcr rechtswidrige Aktivit\u00e4ten zu nutzen und die vorliegenden allgemeinen Bedingungen jederzeit einzuhalten. Der Anbieter kann den Zugang zu seiner Website jederzeit unterbrechen, wenn er eine Nutzung feststellt, die gegen die Gesetzm\u00e4\u00dfigkeit, den guten Glauben oder die vorliegenden allgemeinen Bedingungen verst\u00f6\u00dft.<\/p>\n<p>Der Anbieter beh\u00e4lt sich das Recht vor, alle Arten von Informationen, die auf der Website erscheinen, zu \u00e4ndern, ohne dass eine Verpflichtung besteht, die Nutzer vorher zu informieren oder ihnen diese Verpflichtungen mitzuteilen, wobei die Ver\u00f6ffentlichung auf der Website des Anbieters als ausreichend angesehen wird.<\/p>\n<p><b>\u00dcber den Anbieter<\/b><\/p>\n<p>Der f\u00fcr die Website verantwortliche Anbieter stellt den Nutzern dieser Website seine Identifikationsdaten zur Verf\u00fcgung, um das Vertrauen der Nutzer und die Beziehungen zu ihnen zu verbessern.<\/p>\n<p>Firmenname: INNOVAE GROUP, S.L.<\/p>\n<p>Handelsname: INNOVAE<\/p>\n<p>Adresse: Parque Empresarial de Zuatzu Edificio Zurriola \u2013 Planta 2, Oficina 2, CP 20018, San Sebasti\u00e1n (Guip\u00fazcoa)<\/p>\n<p>Steuernummer: B95745592<\/p>\n<p>Telefon: 943205861<\/p>\n<p>E-Mail: legal@innovae.com<\/p>\n<p>Domainname: www.innovae.com<\/p>\n<p>Eingetragen im Handelsregister von Gipuzkoa Band: 5419 \/ Buch: 0 \/ Blatt: 90 \/ Seite: BI-63341 \/ Eintragung: 1<\/p>\n<p><b>IP-Adressen<\/b><\/p>\n<p>Die Server der Website k\u00f6nnen automatisch die vom Benutzer verwendete IP-Adresse und den Domainnamen erkennen. Eine IP-Adresse ist eine Nummer, die einem Computer automatisch zugewiesen wird, wenn er sich mit dem Internet verbindet. Alle diese Informationen werden in einer ordnungsgem\u00e4\u00df registrierten Aktivit\u00e4tsdatei des Servers gespeichert, die die sp\u00e4tere Verarbeitung der Daten erm\u00f6glicht, um ausschlie\u00dflich statistische Messungen zu erhalten, die Aufschluss \u00fcber die Anzahl der Seitenaufrufe, die Anzahl der Besuche der Webdienste, die Reihenfolge der Besuche, den Zugangspunkt usw. geben.<\/p>\n<p><b>Sicherheit<\/b><\/p>\n<p>Der Anbieter hat alle notwendigen technischen und organisatorischen Ma\u00dfnahmen getroffen, um die Sicherheit und Integrit\u00e4t der von ihm verarbeiteten personenbezogenen Daten zu gew\u00e4hrleisten und deren Verlust, Ver\u00e4nderung und\/oder Zugriff durch unbefugte Dritte zu verhindern. Die Website verwendet allgemein in der Branche anerkannte Techniken zur Informationssicherheit, wie Firewalls, Zugangskontrollverfahren und Verschl\u00fcsselungsmechanismen, um den unbefugten Zugriff auf Daten zu verhindern. Zu diesem Zweck erkl\u00e4rt sich der Nutzer\/Kunde damit einverstanden, dass der Anbieter Daten zum Zwecke der entsprechenden Authentifizierung der Zugangskontrollen erhebt.<\/p>\n<p><b>Haftung<\/b><\/p>\n<p>Der Anbieter lehnt jede Haftung f\u00fcr die auf seiner Website ver\u00f6ffentlichten Informationen ab, sofern diese Informationen von einem Dritten manipuliert oder eingegeben wurden (z. B. in Foren, Chats, Blogs, Kommentaren usw.). In \u00dcbereinstimmung mit den Bestimmungen des LSSI-CE steht der Anbieter jedoch allen Nutzern, Beh\u00f6rden und Sicherheitskr\u00e4ften zur Verf\u00fcgung, um alle Inhalte zu entfernen oder gegebenenfalls zu sperren, die gegen nationale oder internationale Gesetze, Rechte Dritter oder die Moral und \u00f6ffentliche Ordnung versto\u00dfen k\u00f6nnten, und informiert gegebenenfalls die zust\u00e4ndigen Beh\u00f6rden \u00fcber die Sachverhalte.<\/p>\n<p>Falls der Nutzer der Ansicht ist, dass auf der Website Inhalte vorhanden sind, die unter diese Klassifizierung fallen k\u00f6nnten, wird er gebeten, dies unverz\u00fcglich dem Administrator der Website mitzuteilen.<\/p>\n<p>Diese Website wurde \u00fcberpr\u00fcft und getestet, um sicherzustellen, dass sie ordnungsgem\u00e4\u00df funktioniert. Grunds\u00e4tzlich kann ein ordnungsgem\u00e4\u00dfer Betrieb an 365 Tagen im Jahr, 24 Stunden am Tag, garantiert werden. Der Anbieter schlie\u00dft jedoch nicht aus, dass bestimmte Programmierfehler vorliegen oder dass h\u00f6here Gewalt, Naturkatastrophen, Streiks oder \u00e4hnliche Umst\u00e4nde eintreten, die den Zugriff auf die Website unm\u00f6glich machen.<\/p>\n<p><b>Geistiges und gewerbliches Eigentum<\/b><\/p>\n<p>Die Website, einschlie\u00dflich, aber nicht beschr\u00e4nkt auf ihre Programmierung, Bearbeitung, Zusammenstellung und andere f\u00fcr ihren Betrieb notwendige Elemente, Designs, Logos, Texte und\/oder Grafiken, ist Eigentum des Dienstanbieters oder verf\u00fcgt gegebenenfalls \u00fcber eine Lizenz oder ausdr\u00fcckliche Genehmigung der Autoren. Alle Inhalte der Website sind durch die Vorschriften zum geistigen und gewerblichen Eigentum gesch\u00fctzt und in den entsprechenden \u00f6ffentlichen Registern eingetragen. Die vollst\u00e4ndige oder teilweise Vervielf\u00e4ltigung, Nutzung, Verwertung, Verbreitung und Vermarktung bedarf in jedem Fall der vorherigen schriftlichen Genehmigung durch den Anbieter. Jede zuvor nicht vom Autor genehmigte Nutzung wird als schwerwiegende Verletzung der geistigen oder gewerblichen Eigentumsrechte des Autors angesehen.<\/p>\n<p>Die Designs, Logos, Texte und\/oder Grafiken, die nicht vom Anbieter stammen und auf der Website erscheinen k\u00f6nnen, geh\u00f6ren ihren jeweiligen Eigent\u00fcmern, die selbst f\u00fcr m\u00f6gliche Streitigkeiten verantwortlich sind, die in Bezug auf diese entstehen k\u00f6nnten. Der Anbieter erkennt die entsprechenden gewerblichen und geistigen Eigentumsrechte ihrer Inhaber an, wobei ihre blo\u00dfe Erw\u00e4hnung oder ihr Erscheinen auf der Website weder das Bestehen von Rechten oder Verantwortlichkeiten des Anbieters in Bezug auf diese noch eine Unterst\u00fctzung, F\u00f6rderung oder Empfehlung durch diesen impliziert.<\/p>\n<p><b>Anwendbares Recht und Gerichtsbarkeit<\/b><\/p>\n<p>F\u00fcr die Beilegung aller Streitigkeiten oder Fragen im Zusammenhang mit dieser Website oder den darauf durchgef\u00fchrten Aktivit\u00e4ten gilt spanisches Recht, dem sich die Parteien ausdr\u00fccklich unterwerfen, wobei die Gerichte von Gipuzkoa f\u00fcr die Beilegung aller Konflikte zust\u00e4ndig sind, die sich aus der Nutzung dieser Website ergeben oder damit in Zusammenhang stehen.<\/p>\n<p>Sollte eine Klausel dieses Dokuments f\u00fcr ung\u00fcltig erkl\u00e4rt werden, bleiben die \u00fcbrigen Klauseln in Kraft und werden unter Ber\u00fccksichtigung des Willens der Parteien und des Zwecks dieser Bedingungen ausgelegt. INNOVAE GROUP, S.L. kann von der Aus\u00fcbung einiger der in diesem Dokument gew\u00e4hrten Rechte und Befugnisse absehen, was jedoch in keinem Fall einen Verzicht auf diese Rechte und Befugnisse bedeutet, es sei denn, INNOVAE GROUP, S.L. erkennt dies ausdr\u00fccklich an.[\/vc_column_text][\/vc_column][\/vc_row]<\/p>\n<\/div>","protected":false},"excerpt":{"rendered":"<p>[vc_row type=&#8221;container&#8221; padding_top=&#8221;&#8221; padding_bottom=&#8221;&#8221;][vc_column][vc_empty_space][\/vc_column][\/vc_row][vc_row type=&#8221;container&#8221; padding_top=&#8221;&#8221; padding_bottom=&#8221;&#8221;][vc_column][vc_column_text css=&#8221;&#8221;]Gegenstand Der Anbieter, der f\u00fcr die Website verantwortlich ist, stellt den Nutzern dieses Dokument zur Verf\u00fcgung, um die Verpflichtungen aus dem Gesetz 34\/2002 \u00fcber Dienste der Informationsgesellschaft und des elektronischen Handels (LSSI-CE) zu erf\u00fcllen und alle Nutzer der Website \u00fcber die Nutzungsbedingungen der Website zu informieren. Der Zugriff [&hellip;]<\/p>\n","protected":false},"author":2,"featured_media":0,"parent":0,"menu_order":0,"comment_status":"closed","ping_status":"closed","template":"page-full-width.php","meta":{"content-type":"","_FSMCFIC_featured_image_caption":"","_FSMCFIC_featured_image_nocaption":"","_FSMCFIC_featured_image_hide":"","footnotes":""},"class_list":["post-73541","page","type-page","status-publish","hentry"],"acf":[],"_links":{"self":[{"href":"https:\/\/www.innovae.com\/de\/wp-json\/wp\/v2\/pages\/73541","targetHints":{"allow":["GET"]}}],"collection":[{"href":"https:\/\/www.innovae.com\/de\/wp-json\/wp\/v2\/pages"}],"about":[{"href":"https:\/\/www.innovae.com\/de\/wp-json\/wp\/v2\/types\/page"}],"author":[{"embeddable":true,"href":"https:\/\/www.innovae.com\/de\/wp-json\/wp\/v2\/users\/2"}],"replies":[{"embeddable":true,"href":"https:\/\/www.innovae.com\/de\/wp-json\/wp\/v2\/comments?post=73541"}],"version-history":[{"count":2,"href":"https:\/\/www.innovae.com\/de\/wp-json\/wp\/v2\/pages\/73541\/revisions"}],"predecessor-version":[{"id":101251,"href":"https:\/\/www.innovae.com\/de\/wp-json\/wp\/v2\/pages\/73541\/revisions\/101251"}],"wp:attachment":[{"href":"https:\/\/www.innovae.com\/de\/wp-json\/wp\/v2\/media?parent=73541"}],"curies":[{"name":"wp","href":"https:\/\/api.w.org\/{rel}","templated":true}]}}