{"id":73342,"date":"2018-02-11T18:57:39","date_gmt":"2018-02-11T18:57:39","guid":{"rendered":"https:\/\/www.innovae.com\/?page_id=73342&#038;lang=de"},"modified":"2025-09-11T10:13:21","modified_gmt":"2025-09-11T08:13:21","slug":"kontakt","status":"publish","type":"page","link":"https:\/\/www.innovae.com\/de\/kontakt\/","title":{"rendered":"Kontakt"},"content":{"rendered":"<div class=\"wpb-content-wrapper\"><p>[vc_row full_width=&#8221;stretch_row_content_no_spaces&#8221; type=&#8221;container&#8221; padding_top=&#8221;&#8221; padding_bottom=&#8221;&#8221; css=&#8221;.vc_custom_1745918959652{padding-top: 160px !important;padding-bottom: 160px !important;background: #0f0f19 url(https:\/\/www.innovae.com\/wp-content\/uploads\/2025\/04\/Cabecera-contacto.jpg?id=94442) !important;background-position: center !important;background-repeat: no-repeat !important;background-size: cover !important;}&#8221;][vc_column][vc_custom_heading text=&#8221;Kontaktieren Sie uns&#8221; font_container=&#8221;tag:h1|font_size:50px|text_align:center|color:%23ffffff&#8221; google_fonts=&#8221;font_family:Lato%3A100%2C100italic%2C300%2C300italic%2Cregular%2Citalic%2C700%2C700italic%2C900%2C900italic|font_style:700%20bold%20regular%3A700%3Anormal&#8221; css_animation=&#8221;fadeInUp&#8221; css=&#8221;&#8221;][\/vc_column][\/vc_row][vc_row type=&#8221;container&#8221; padding_top=&#8221;&#8221; padding_bottom=&#8221;&#8221;][vc_column][vc_column_text css=&#8221;.vc_custom_1756804535551{margin-top: 30px !important;}&#8221;]<\/p>\n<p style=\"color: #403c5f; text-align: center; font-size: 28px; line-height: 36px;\">Wenn Sie weitere Informationen w\u00fcnschen oder mehr \u00fcber unsere Produkte und Dienstleistungen erfahren m\u00f6chten, f\u00fcllen Sie bitte das Formular mit Ihren Daten aus und wir werden uns so schnell wie m\u00f6glich mit Ihnen in Verbindung setzen. Wir helfen Ihnen gerne weiter.<\/p>\n<p style=\"color: #403c5f; text-align: center; font-size: 22px; line-height: 32px;\">Wenn Sie m\u00f6chten, k\u00f6nnen Sie uns auch eine E-Mail an <a style=\"color: #bd0054;\" href=\"mailto:info@innovae.com\">info@innovae.com<\/a> senden.<\/p>\n<p>[\/vc_column_text][vc_separator color=&#8221;#d50057&#8243; css=&#8221;.vc_custom_1745918566064{margin-bottom: 50px !important;}&#8221; type=&#8221;small&#8221; position=&#8221;center&#8221; thickness=&#8221;3&#8243; up=&#8221;&#8221; down=&#8221;&#8221;][\/vc_column][\/vc_row][vc_row type=&#8221;container&#8221; padding_top=&#8221;&#8221; padding_bottom=&#8221;&#8221; css=&#8221;.vc_custom_1620117747128{padding-top: 40px !important;padding-bottom: 40px !important;}&#8221;][vc_column width=&#8221;1\/6&#8243;][\/vc_column][vc_column width=&#8221;2\/3&#8243;]\n<div class=\"wpcf7 no-js\" id=\"wpcf7-f73581-o1\" lang=\"es-ES\" dir=\"ltr\" data-wpcf7-id=\"73581\">\n<div class=\"screen-reader-response\"><p role=\"status\" aria-live=\"polite\" aria-atomic=\"true\"><\/p> <ul><\/ul><\/div>\n<form action=\"\/de\/wp-json\/wp\/v2\/pages\/73342#wpcf7-f73581-o1\" method=\"post\" class=\"wpcf7-form init\" id=\"formulario-contacto-es\" aria-label=\"Formulario de contacto\" novalidate=\"novalidate\" data-status=\"init\">\n<fieldset class=\"hidden-fields-container\"><input type=\"hidden\" name=\"_wpcf7\" value=\"73581\" \/><input type=\"hidden\" name=\"_wpcf7_version\" value=\"6.1.5\" \/><input type=\"hidden\" name=\"_wpcf7_locale\" value=\"es_ES\" \/><input type=\"hidden\" name=\"_wpcf7_unit_tag\" value=\"wpcf7-f73581-o1\" \/><input type=\"hidden\" name=\"_wpcf7_container_post\" value=\"0\" \/><input type=\"hidden\" name=\"_wpcf7_posted_data_hash\" value=\"\" \/><input type=\"hidden\" name=\"_wpcf7_recaptcha_response\" value=\"\" \/>\n<\/fieldset>\n<p>Name *\n<\/p>\n<p><span class=\"wpcf7-form-control-wrap\" data-name=\"your-name\"><input size=\"40\" maxlength=\"400\" class=\"wpcf7-form-control wpcf7-text wpcf7-validates-as-required\" aria-required=\"true\" aria-invalid=\"false\" value=\"\" type=\"text\" name=\"your-name\" \/><\/span>\n<\/p>\n<p>E-mail *\n<\/p>\n<p><span class=\"wpcf7-form-control-wrap\" data-name=\"your-email\"><input size=\"40\" maxlength=\"400\" class=\"wpcf7-form-control wpcf7-email wpcf7-validates-as-required wpcf7-text wpcf7-validates-as-email\" aria-required=\"true\" aria-invalid=\"false\" value=\"\" type=\"email\" name=\"your-email\" \/><\/span>\n<\/p>\n<p>Telefonnummer *\n<\/p>\n<p><span class=\"wpcf7-form-control-wrap\" data-name=\"your-tel\"><input size=\"40\" maxlength=\"400\" class=\"wpcf7-form-control wpcf7-tel wpcf7-validates-as-required wpcf7-text wpcf7-validates-as-tel\" aria-required=\"true\" aria-invalid=\"false\" value=\"\" type=\"tel\" name=\"your-tel\" \/><\/span>\n<\/p>\n<p>Unternehmen *\n<\/p>\n<p><span class=\"wpcf7-form-control-wrap\" data-name=\"company\"><input size=\"40\" maxlength=\"400\" class=\"wpcf7-form-control wpcf7-text wpcf7-validates-as-required\" aria-required=\"true\" aria-invalid=\"false\" value=\"\" type=\"text\" name=\"company\" \/><\/span>\n<\/p>\n<p>Berufsbezeichnung *\n<\/p>\n<p><span class=\"wpcf7-form-control-wrap\" data-name=\"jobtitle\"><select class=\"wpcf7-form-control wpcf7-select wpcf7-validates-as-required\" aria-required=\"true\" aria-invalid=\"false\" name=\"jobtitle\"><option value=\"-Bitte w\u00e4hlen Sie eine Option-\">-Bitte w\u00e4hlen Sie eine Option-<\/option><option value=\"Manager\">Manager<\/option><option value=\"Verantwortlich\">Verantwortlich<\/option><option value=\"Techniker\">Techniker<\/option><\/select><\/span>\n<\/p>\n<p>Abteilung *\n<\/p>\n<p><span class=\"wpcf7-form-control-wrap\" data-name=\"department\"><select class=\"wpcf7-form-control wpcf7-select wpcf7-validates-as-required\" aria-required=\"true\" aria-invalid=\"false\" name=\"department\"><option value=\"-Bitte w\u00e4hlen Sie eine Option-\">-Bitte w\u00e4hlen Sie eine Option-<\/option><option value=\"Marketing\">Marketing<\/option><option value=\"Kommerziell\">Kommerziell<\/option><option value=\"Ausbildung\">Ausbildung<\/option><option value=\"Wartung\">Wartung<\/option><option value=\"IT\">IT<\/option><option value=\"SAT\">SAT<\/option><option value=\"Betrieb\">Betrieb<\/option><option value=\"Produktion\">Produktion<\/option><option value=\"Qualit\u00e4t\">Qualit\u00e4t<\/option><\/select><\/span>\n<\/p>\n<p>Thema\n<\/p>\n<p><span class=\"wpcf7-form-control-wrap\" data-name=\"your-subject\"><input size=\"40\" maxlength=\"400\" class=\"wpcf7-form-control wpcf7-text\" aria-invalid=\"false\" value=\"\" type=\"text\" name=\"your-subject\" \/><\/span>\n<\/p>\n<p>Nachricht\n<\/p>\n<p><span class=\"wpcf7-form-control-wrap\" data-name=\"message\"><textarea cols=\"40\" rows=\"10\" maxlength=\"2000\" class=\"wpcf7-form-control wpcf7-textarea\" id=\"foo\" aria-invalid=\"false\" name=\"message\"><\/textarea><\/span>\n<\/p>\n<p><span class=\"wpcf7-form-control-wrap\" data-name=\"privacy-policy-acceptance\"><span class=\"wpcf7-form-control wpcf7-acceptance\"><span class=\"wpcf7-list-item\"><label><input type=\"checkbox\" name=\"privacy-policy-acceptance\" value=\"1\" aria-invalid=\"false\" \/><span class=\"wpcf7-list-item-label\">Ich stimme zu, dass meine Daten f\u00fcr die in der Datenschutzrichtlinie angegebenen Zwecke verwendet werden. *<\/span><\/label><\/span><\/span><\/span>\n<\/p>\n<p><span class=\"wpcf7-form-control-wrap\" data-name=\"marketing_acceptance\"><span class=\"wpcf7-form-control wpcf7-acceptance optional\"><span class=\"wpcf7-list-item\"><label><input type=\"checkbox\" name=\"marketing_acceptance\" value=\"1\" aria-invalid=\"false\" \/><span class=\"wpcf7-list-item-label\">Ich bin mit der Verwendung meiner pers\u00f6nlichen Daten einverstanden, um Werbung von Ihrem Unternehmen zu erhalten.<\/span><\/label><\/span><\/span><\/span>\n<\/p>\n<p><input class=\"wpcf7-form-control wpcf7-submit has-spinner\" type=\"submit\" value=\"Senden\" \/>\n<\/p><div class=\"wpcf7-response-output\" aria-hidden=\"true\"><\/div>\n<\/form>\n<\/div>\n[\/vc_column][vc_column width=&#8221;1\/6&#8243;][\/vc_column][\/vc_row][vc_row full_width=&#8221;stretch_row_content&#8221; type=&#8221;container&#8221; padding_top=&#8221;&#8221; padding_bottom=&#8221;&#8221; css=&#8221;.vc_custom_1745918442938{margin-bottom: 50px !important;padding-right: 50px !important;padding-left: 50px !important;}&#8221;][vc_column][vc_column_text css=&#8221;&#8221;]<\/p>\n<p style=\"text-align: center;\"><span style=\"color: #999999;\">GRUNDLEGENDE INFORMATIONEN ZUM DATENSCHUTZ<\/span><\/p>\n<p style=\"font-size: 14px; line-height: 18px; text-align: center;\"><span style=\"color: #999999;\"><strong>Verantwortlicher f\u00fcr die Datenverarbeitung &#8211; <\/strong>INNOVAE GROUP S.L. \/ <strong>Anschrift des Verantwortlichen &#8211; <\/strong>Parque Empresarial de Zuatzu Edificio Zurriola \u2013 Planta 2, Oficina 2, CP 20018, San Sebasti\u00e1n (Guip\u00fazcoa) \/ <strong>Zweck &#8211; <\/strong>Ihre Daten werden verwendet, um Ihre Anfragen zu bearbeiten und Ihnen unsere Dienstleistungen anzubieten. \/ <strong>Informationen von Interesse &#8211; <\/strong>Wir senden Ihnen nur dann Mitteilungen von Interesse zu, wenn Sie uns zuvor Ihre Zustimmung dazu gegeben haben, die Sie uns \u00fcber das zu diesem Zweck eingerichtete entsprechende K\u00e4stchen erteilen k\u00f6nnen. \/ <strong>Legitimation &#8211; <\/strong>Wir verarbeiten Ihre Daten nur mit Ihrer vorherigen Zustimmung, die Sie uns \u00fcber das zu diesem Zweck eingerichtete entsprechende K\u00e4stchen erteilen k\u00f6nnen. \/ <strong>Empf\u00e4nger &#8211; <\/strong>Im Allgemeinen d\u00fcrfen nur die ordnungsgem\u00e4\u00df befugten Mitarbeiter unseres Unternehmens Kenntnis von den von uns angeforderten Informationen erhalten. \/ <strong>Rechte &#8211; <\/strong>Sie haben das Recht zu erfahren, welche Informationen wir \u00fcber Sie gespeichert haben, und diese zu berichtigen und l\u00f6schen zu lassen, wie in den zus\u00e4tzlichen Informationen auf unserer Website erl\u00e4utert. \/ <strong>Zus\u00e4tzliche Informationen &#8211; <\/strong>Weitere Informationen finden Sie im Abschnitt \u201c<a style=\"color: #999999;\" href=\"https:\/\/www.innovae.com\/de\/datenschutzrichtlinie\/\">DATENSCHUTZRICHTLINIE<\/a>\u201d auf unserer Website. <\/span><\/p>\n<p>[\/vc_column_text][\/vc_column][\/vc_row][vc_section full_width=&#8221;stretch_row&#8221; css=&#8221;.vc_custom_1745918125320{margin-bottom: -40px !important;padding-top: 50px !important;padding-bottom: 100px !important;background-color: #f7f7f7 !important;}&#8221;][vc_row type=&#8221;container&#8221; padding_top=&#8221;&#8221; padding_bottom=&#8221;&#8221; css=&#8221;.vc_custom_1592816931790{margin-bottom: 80px !important;}&#8221;][vc_column][vc_custom_heading text=&#8221;Unsere B\u00fcros&#8221; font_container=&#8221;tag:h2|font_size:38px|text_align:center|color:%23403C5F|line_height:46px&#8221; google_fonts=&#8221;font_family:Montserrat%3Aregular%2C700|font_style:400%20regular%3A400%3Anormal&#8221; css=&#8221;&#8221;][vc_separator color=&#8221;#d1005c&#8221; border_width=&#8221;2&#8243; type=&#8221;small&#8221; position=&#8221;center&#8221; thickness=&#8221;3&#8243; up=&#8221;&#8221; down=&#8221;&#8221;][\/vc_column][\/vc_row][vc_row type=&#8221;container&#8221; padding_top=&#8221;&#8221; padding_bottom=&#8221;&#8221; css=&#8221;.vc_custom_1506340737745{margin-bottom: 5px !important;}&#8221;][vc_column width=&#8221;1\/2&#8243; css=&#8221;.vc_custom_1444954327828{margin-bottom: 35px !important;}&#8221;][vc_gmaps link=&#8221;#E-8_JTNDaWZyYW1lJTIwc3JjJTNEJTIyaHR0cHMlM0ElMkYlMkZ3d3cuZ29vZ2xlLmNvbSUyRm1hcHMlMkZlbWJlZCUzRnBiJTNEJTIxMW0xOCUyMTFtMTIlMjExbTMlMjExZDI5MDMuNzg0NTIyNzM5MDUlMjEyZC0yLjAwODQzMzQ4NDUxMzczNiUyMTNkNDMuMjk3ODMzOTc5MTM1MTIlMjEybTMlMjExZjAlMjEyZjAlMjEzZjAlMjEzbTIlMjExaTEwMjQlMjEyaTc2OCUyMTRmMTMuMSUyMTNtMyUyMTFtMiUyMTFzMHhkNTFhZmRlMjFiMGY3NmYlMjUzQTB4ZDVjNTQxN2QyOGI3MjRkZSUyMTJzSW5ub3ZhZSUyNTIwR3JvdXAlMjE1ZTAlMjEzbTIlMjExc2VzJTIxMnNlcyUyMTR2MTY1NTM2ODc5MDEzNyUyMTVtMiUyMTFzZXMlMjEyc2VzJTIyJTIwd2lkdGglM0QlMjIzNTAlMjIlMjBoZWlnaHQlM0QlMjIyMDAlMjIlMjBzdHlsZSUzRCUyMmJvcmRlciUzQTAlM0IlMjIlMjBhbGxvd2Z1bGxzY3JlZW4lM0QlMjIlMjIlMjBsb2FkaW5nJTNEJTIybGF6eSUyMiUyMHJlZmVycmVycG9saWN5JTNEJTIybm8tcmVmZXJyZXItd2hlbi1kb3duZ3JhZGUlMjIlM0UlM0MlMkZpZnJhbWUlM0U=&#8221; size=&#8221;200&#8243; css=&#8221;.vc_custom_1745918166239{border-radius: 30px !important;}&#8221;][vc_custom_heading text=&#8221;San Sebastian&#8221; font_container=&#8221;tag:h3|font_size:40px|text_align:center|color:%23403C5F&#8221; google_fonts=&#8221;font_family:Lato%3A100%2C100italic%2C300%2C300italic%2Cregular%2Citalic%2C700%2C700italic%2C900%2C900italic|font_style:900%20bold%20regular%3A900%3Anormal&#8221; css=&#8221;.vc_custom_1752219961912{margin-bottom: 10px !important;}&#8221;][vc_column_text css=&#8221;&#8221;]<\/p>\n<p style=\"color: #403c5f; font-size: 16px; line-height: 30px; text-align: center;\"><strong>Zuatzu Business Park<br \/>\n<\/strong>Zurriola-Geb\u00e4ude \u2013Stockwerk 2, B\u00fcro 2<br \/>\n+34 943 205 861<\/p>\n<p>[\/vc_column_text][\/vc_column][vc_column width=&#8221;1\/2&#8243;][vc_gmaps link=&#8221;#E-8_JTNDaWZyYW1lJTIwc3JjJTNEJTIyaHR0cHMlM0ElMkYlMkZ3d3cuZ29vZ2xlLmNvbSUyRm1hcHMlMkZlbWJlZCUzRnBiJTNEJTIxMW0xOCUyMTFtMTIlMjExbTMlMjExZDI5OTUuNzU3ODMzNTk3MTI4NCUyMTJkMi4xMzU3MDEzMTU3MjU4NTElMjEzZDQxLjMzNTg3OTAwNzE0OTElMjEybTMlMjExZjAlMjEyZjAlMjEzZjAlMjEzbTIlMjExaTEwMjQlMjEyaTc2OCUyMTRmMTMuMSUyMTNtMyUyMTFtMiUyMTFzMHgxMmE0OWZhM2U2Mjg5MGE3JTI1M0EweDNiNTg2NjAzYzAyNDcxMTUlMjEyc0RGYWN0b3J5JTI1MjBCYXJjZWxvbmElMjE1ZTAlMjEzbTIlMjExc2VzJTIxMnNlcyUyMTR2MTY0NTQ1NjEzODEwNCUyMTVtMiUyMTFzZXMlMjEyc2VzJTIyJTIwd2lkdGglM0QlMjI2MDAlMjIlMjBoZWlnaHQlM0QlMjI0NTAlMjIlMjBzdHlsZSUzRCUyMmJvcmRlciUzQTAlM0IlMjIlMjBhbGxvd2Z1bGxzY3JlZW4lM0QlMjIlMjIlMjBsb2FkaW5nJTNEJTIybGF6eSUyMiUzRSUzQyUyRmlmcmFtZSUzRQ==&#8221; size=&#8221;200&#8243;][vc_custom_heading text=&#8221;Barcelona&#8221; font_container=&#8221;tag:h3|font_size:40px|text_align:center|color:%23403C5F&#8221; google_fonts=&#8221;font_family:Lato%3A100%2C100italic%2C300%2C300italic%2Cregular%2Citalic%2C700%2C700italic%2C900%2C900italic|font_style:900%20bold%20regular%3A900%3Anormal&#8221; css=&#8221;.vc_custom_1752219967096{margin-bottom: 10px !important;}&#8221;][vc_column_text css=&#8221;&#8221;]<\/p>\n<p style=\"color: #403c5f; font-size: 16px; line-height: 30px; text-align: center;\"><strong>DFactory<\/strong><br \/>\n27-Stra\u00dfe 10-16. Sektor BZ<\/p>\n<p>[\/vc_column_text][\/vc_column][\/vc_row][vc_row content_placement=&#8221;top&#8221; type=&#8221;container&#8221; padding_top=&#8221;&#8221; padding_bottom=&#8221;&#8221;][vc_column width=&#8221;1\/2&#8243;][vc_gmaps link=&#8221;#E-8_JTNDaWZyYW1lJTIwc3JjJTNEJTIyaHR0cHMlM0ElMkYlMkZ3d3cuZ29vZ2xlLmNvbSUyRm1hcHMlMkZlbWJlZCUzRnBiJTNEJTIxMW0xOCUyMTFtMTIlMjExbTMlMjExZDMwMzcuNjEwMjU1ODA1MzA2NyUyMTJkLTMuNjk0MDQwMTIwNjU0Mjg1NCUyMTNkNDAuNDE3NDg0MDc5OTAwMzc2JTIxMm0zJTIxMWYwJTIxMmYwJTIxM2YwJTIxM20yJTIxMWkxMDI0JTIxMmk3NjglMjE0ZjEzLjElMjEzbTMlMjExbTIlMjExczB4ZDQyMjk1MmZmNDllZWZmJTI1M0EweDRjZTBmZDY0OTM2MGMzN2UlMjEyc0lubm92YWUlMjUyMEdyb3VwJTIxNWUwJTIxM20yJTIxMXNlcyUyMTJzZXMlMjE0djE3MDY1OTc4NzMwNDQlMjE1bTIlMjExc2VzJTIxMnNlcyUyMiUyMHdpZHRoJTNEJTIyNjAwJTIyJTIwaGVpZ2h0JTNEJTIyNDUwJTIyJTIwc3R5bGUlM0QlMjJib3JkZXIlM0EwJTNCJTIyJTIwYWxsb3dmdWxsc2NyZWVuJTNEJTIyJTIyJTIwbG9hZGluZyUzRCUyMmxhenklMjIlMjByZWZlcnJlcnBvbGljeSUzRCUyMm5vLXJlZmVycmVyLXdoZW4tZG93bmdyYWRlJTIyJTNFJTNDJTJGaWZyYW1lJTNF&#8221; size=&#8221;200&#8243;][vc_custom_heading text=&#8221;Madrid&#8221; font_container=&#8221;tag:h3|font_size:40px|text_align:center|color:%23403C5F&#8221; google_fonts=&#8221;font_family:Lato%3A100%2C100italic%2C300%2C300italic%2Cregular%2Citalic%2C700%2C700italic%2C900%2C900italic|font_style:900%20bold%20regular%3A900%3Anormal&#8221; css=&#8221;.vc_custom_1752219972480{margin-bottom: 10px !important;}&#8221;][vc_column_text css=&#8221;&#8221;]<\/p>\n<p style=\"color: #403c5f; font-size: 16px; line-height: 30px; text-align: center;\"><strong>B\u00fcro in Madrid<br \/>\n<\/strong>Stra\u00dfe Alcal\u00e1 54, 4 links<br \/>\n+34 917 374 737<\/p>\n<p>[\/vc_column_text][\/vc_column][vc_column width=&#8221;1\/2&#8243;][vc_gmaps link=&#8221;#E-8_JTNDaWZyYW1lJTIwc3JjJTNEJTIyaHR0cHMlM0ElMkYlMkZ3d3cuZ29vZ2xlLmNvbSUyRm1hcHMlMkZlbWJlZCUzRnBiJTNEJTIxMW0xOCUyMTFtMTIlMjExbTMlMjExZDMwNTMuMzcxOTc2NDU5ODA2MyUyMTJkLTIuMTM4Mjg0OTIzNjExMTE0OCUyMTNkNDAuMDY3MTE0MDc2ODQzMzMlMjEybTMlMjExZjAlMjEyZjAlMjEzZjAlMjEzbTIlMjExaTEwMjQlMjEyaTc2OCUyMTRmMTMuMSUyMTNtMyUyMTFtMiUyMTFzMHhkNWQ2N2U4ZjQyOTVkYTUlMjUzQTB4ZDM5ZTY3MWViODU5MzQxNyUyMTJzVlJGUCUyMTVlMCUyMTNtMiUyMTFzZXMlMjEyc2VzJTIxNHYxNzA2NTM0MTc4OTAzJTIxNW0yJTIxMXNlcyUyMTJzZXMlMjIlMjB3aWR0aCUzRCUyMjYwMCUyMiUyMGhlaWdodCUzRCUyMjQ1MCUyMiUyMHN0eWxlJTNEJTIyYm9yZGVyJTNBMCUzQiUyMiUyMGFsbG93ZnVsbHNjcmVlbiUzRCUyMiUyMiUyMGxvYWRpbmclM0QlMjJsYXp5JTIyJTIwcmVmZXJyZXJwb2xpY3klM0QlMjJuby1yZWZlcnJlci13aGVuLWRvd25ncmFkZSUyMiUzRSUzQyUyRmlmcmFtZSUzRQ==&#8221; size=&#8221;200&#8243;][vc_custom_heading text=&#8221;Cuenca&#8221; font_container=&#8221;tag:h3|font_size:40px|text_align:center|color:%23403C5F&#8221; google_fonts=&#8221;font_family:Lato%3A100%2C100italic%2C300%2C300italic%2Cregular%2Citalic%2C700%2C700italic%2C900%2C900italic|font_style:900%20bold%20regular%3A900%3Anormal&#8221; css=&#8221;.vc_custom_1752219978234{margin-bottom: 10px !important;}&#8221;][vc_column_text css=&#8221;&#8221;]<\/p>\n<p style=\"color: #403c5f; font-size: 16px; line-height: 30px; text-align: center;\"><strong>VRFP<\/strong><br \/>\nAjedrea Platz 1<br \/>\n+34 969 695 008<\/p>\n<p>[\/vc_column_text][\/vc_column][\/vc_row][\/vc_section]<\/p>\n<\/div>","protected":false},"excerpt":{"rendered":"<p>[vc_row full_width=&#8221;stretch_row_content_no_spaces&#8221; type=&#8221;container&#8221; padding_top=&#8221;&#8221; padding_bottom=&#8221;&#8221; css=&#8221;.vc_custom_1745918959652{padding-top: 160px !important;padding-bottom: 160px !important;background: #0f0f19 url(https:\/\/www.innovae.com\/wp-content\/uploads\/2025\/04\/Cabecera-contacto.jpg?id=94442) !important;background-position: center !important;background-repeat: no-repeat !important;background-size: cover !important;}&#8221;][vc_column][vc_custom_heading text=&#8221;Kontaktieren Sie uns&#8221; font_container=&#8221;tag:h1|font_size:50px|text_align:center|color:%23ffffff&#8221; google_fonts=&#8221;font_family:Lato%3A100%2C100italic%2C300%2C300italic%2Cregular%2Citalic%2C700%2C700italic%2C900%2C900italic|font_style:700%20bold%20regular%3A700%3Anormal&#8221; css_animation=&#8221;fadeInUp&#8221; css=&#8221;&#8221;][\/vc_column][\/vc_row][vc_row type=&#8221;container&#8221; padding_top=&#8221;&#8221; padding_bottom=&#8221;&#8221;][vc_column][vc_column_text css=&#8221;.vc_custom_1756804535551{margin-top: 30px !important;}&#8221;] Wenn Sie weitere Informationen w\u00fcnschen oder mehr \u00fcber unsere Produkte und Dienstleistungen erfahren m\u00f6chten, f\u00fcllen Sie bitte das Formular mit Ihren Daten aus [&hellip;]<\/p>\n","protected":false},"author":2,"featured_media":94445,"parent":0,"menu_order":0,"comment_status":"closed","ping_status":"closed","template":"page-full-width.php","meta":{"content-type":"","_FSMCFIC_featured_image_caption":"","_FSMCFIC_featured_image_nocaption":"","_FSMCFIC_featured_image_hide":"","footnotes":""},"class_list":["post-73342","page","type-page","status-publish","has-post-thumbnail","hentry"],"acf":[],"_links":{"self":[{"href":"https:\/\/www.innovae.com\/de\/wp-json\/wp\/v2\/pages\/73342","targetHints":{"allow":["GET"]}}],"collection":[{"href":"https:\/\/www.innovae.com\/de\/wp-json\/wp\/v2\/pages"}],"about":[{"href":"https:\/\/www.innovae.com\/de\/wp-json\/wp\/v2\/types\/page"}],"author":[{"embeddable":true,"href":"https:\/\/www.innovae.com\/de\/wp-json\/wp\/v2\/users\/2"}],"replies":[{"embeddable":true,"href":"https:\/\/www.innovae.com\/de\/wp-json\/wp\/v2\/comments?post=73342"}],"version-history":[{"count":7,"href":"https:\/\/www.innovae.com\/de\/wp-json\/wp\/v2\/pages\/73342\/revisions"}],"predecessor-version":[{"id":95861,"href":"https:\/\/www.innovae.com\/de\/wp-json\/wp\/v2\/pages\/73342\/revisions\/95861"}],"wp:featuredmedia":[{"embeddable":true,"href":"https:\/\/www.innovae.com\/de\/wp-json\/wp\/v2\/media\/94445"}],"wp:attachment":[{"href":"https:\/\/www.innovae.com\/de\/wp-json\/wp\/v2\/media?parent=73342"}],"curies":[{"name":"wp","href":"https:\/\/api.w.org\/{rel}","templated":true}]}}