{"id":73330,"date":"2018-02-11T11:31:15","date_gmt":"2018-02-11T11:31:15","guid":{"rendered":"https:\/\/www.innovae.com\/?page_id=73330&#038;lang=de"},"modified":"2025-09-18T14:26:19","modified_gmt":"2025-09-18T12:26:19","slug":"marketing-und-vertrieb","status":"publish","type":"page","link":"https:\/\/www.innovae.com\/de\/marketing-und-vertrieb\/","title":{"rendered":"Marketing und Vertrieb"},"content":{"rendered":"<div class=\"wpb-content-wrapper\"><p>[vc_row full_width=&#8221;stretch_row&#8221; type=&#8221;container&#8221; padding_top=&#8221;&#8221; padding_bottom=&#8221;&#8221; css=&#8221;.vc_custom_1734343897529{margin-top: 0px !important;padding-top: 100px !important;padding-bottom: 100px !important;background-image: url(https:\/\/www.innovae.com\/wp-content\/uploads\/2024\/10\/MarketingyVentas.jpg?id=91116) !important;background-position: center !important;background-repeat: no-repeat !important;background-size: cover !important;}&#8221;][vc_column][vc_custom_heading text=&#8221;Marketing and Sales&#8221; font_container=&#8221;tag:h1|font_size:60px|text_align:center|color:%23ffffff|line_height:60px&#8221; google_fonts=&#8221;font_family:Lato%3A100%2C100italic%2C300%2C300italic%2Cregular%2Citalic%2C700%2C700italic%2C900%2C900italic|font_style:700%20bold%20regular%3A700%3Anormal&#8221; css_animation=&#8221;fadeInDown&#8221; css=&#8221;&#8221;][vc_empty_space][vc_custom_heading text=&#8221;Produkte, die zum Leben erwachen&#8221; font_container=&#8221;tag:p|font_size:26px|text_align:center|color:%23ffffff&#8221; google_fonts=&#8221;font_family:Lato%3A100%2C100italic%2C300%2C300italic%2Cregular%2Citalic%2C700%2C700italic%2C900%2C900italic|font_style:400%20regular%3A400%3Anormal&#8221; css_animation=&#8221;fadeInUp&#8221; css=&#8221;&#8221;][\/vc_column][\/vc_row][vc_row type=&#8221;container&#8221; padding_top=&#8221;&#8221; padding_bottom=&#8221;&#8221; css=&#8221;.vc_custom_1595504952566{padding-top: 40px !important;}&#8221;][vc_column css=&#8221;.vc_custom_1444994947036{margin-bottom: 35px !important;}&#8221;][vc_column_text css=&#8221;&#8221;]<\/p>\n<p style=\"color: #403c5f; text-align: center; font-size: 28px; line-height: 36px;\">Bei Innovae bringen wir technologische Kreativit\u00e4t in Ihre Ideen, indem wir Anwendungen f\u00fcr den Bereich Marketing und Vertrieb entwickeln<\/p>\n<p>[\/vc_column_text][vc_separator color=&#8221;#d1005c&#8221; border_width=&#8221;2&#8243; type=&#8221;small&#8221; position=&#8221;center&#8221; thickness=&#8221;3&#8243; up=&#8221;&#8221; down=&#8221;&#8221;][\/vc_column][\/vc_row][vc_row full_width=&#8221;stretch_row&#8221; type=&#8221;container&#8221; padding_top=&#8221;&#8221; padding_bottom=&#8221;&#8221; css=&#8221;.vc_custom_1620113241140{padding-top: 40px !important;}&#8221;][vc_column width=&#8221;1\/2&#8243; css=&#8221;.vc_custom_1444994947036{margin-bottom: 35px !important;}&#8221;][vc_single_image image=&#8221;79836&#8243; img_size=&#8221;full&#8221;][\/vc_column][vc_column width=&#8221;1\/2&#8243;][vc_custom_heading text=&#8221;Augmented Reality in Marketing and Sales&#8221; font_container=&#8221;tag:h2|font_size:38px|text_align:left|color:%23403c5f|line_height:38px&#8221; google_fonts=&#8221;font_family:Lato%3A100%2C100italic%2C300%2C300italic%2Cregular%2Citalic%2C700%2C700italic%2C900%2C900italic|font_style:700%20bold%20regular%3A700%3Anormal&#8221; css_animation=&#8221;fadeInRight&#8221; css=&#8221;&#8221;][vc_column_text]<\/p>\n<p style=\"color: #403c5f; font-size: 20px; line-height: 26px; text-align: left;\"><a href=\"https:\/\/www.innovae.com\/de\/erweiterte-realitat\/\">Augmented Reality<\/a> erm\u00f6glicht es, digitale Elemente in der realen Welt zu \u00fcberlagern. Ihre Anwendung in Marketing und Vertrieb darauf ausgerichtet, die physische Umgebung zu bereichern und damit bestens f\u00fcr Produkte zu werben.<\/p>\n<p style=\"color: #403c5f; font-size: 20px; line-height: 26px; text-align: left;\">Augmented Reality wird auch eingesetzt, um zus\u00e4tzliche Produktinformationen zu \u00fcberlagern, zum Beispiel auf Messen und Veranstaltungen, um erweiterte Kataloge zu erstellen, die den physischen Tr\u00e4ger aufwerten, oder um interaktive Produktkonfigurationen zu erstellen. Kurz gesagt, Augmented Reality hilft dabei, den kommerziellen Diskurs zu bereichern, die Aufmerksamkeit potenzieller Kunden zu gewinnen und interaktive und visuell eindrucksvolle Marketingaktionen zu schaffen.<\/p>\n<p>[\/vc_column_text][\/vc_column][\/vc_row][vc_row full_width=&#8221;stretch_row&#8221; type=&#8221;container&#8221; padding_top=&#8221;&#8221; padding_bottom=&#8221;&#8221; css=&#8221;.vc_custom_1620113245524{padding-top: 40px !important;background-color: #f7f7f7 !important;}&#8221;][vc_column width=&#8221;1\/2&#8243; css=&#8221;.vc_custom_1444994947036{margin-bottom: 35px !important;}&#8221;][vc_custom_heading text=&#8221;Virtual Reality in Marketing and Sales&#8221; font_container=&#8221;tag:h2|font_size:38px|text_align:left|color:%23403c5f|line_height:38px&#8221; google_fonts=&#8221;font_family:Lato%3A100%2C100italic%2C300%2C300italic%2Cregular%2Citalic%2C700%2C700italic%2C900%2C900italic|font_style:700%20bold%20regular%3A700%3Anormal&#8221; css_animation=&#8221;fadeInRight&#8221; css=&#8221;&#8221;][vc_column_text]<\/p>\n<p style=\"color: #403c5f; font-size: 20px; line-height: 26px; text-align: left;\">Die Anwendungen von <a href=\"https:\/\/www.innovae.com\/de\/technologie-der-virtuellen-realitat\/\">Virtual Reality<\/a> im Bereich Marketing und Vertrieb sind darauf ausgerichtet, potenziellen Kunden Produkte oder Projekte auf eine immersive, innovative und attraktive Weise zu zeigen.<\/p>\n<p style=\"color: #403c5f; font-size: 20px; line-height: 26px; text-align: left;\">Die virtuelle Realit\u00e4t erm\u00f6glicht es dem Benutzer, sich in eine vollst\u00e4ndig virtuelle Umgebung zu begeben, in der Sie mit dem Produkt interagieren, sich \u00fcber seine Funktionen informieren, Funktionen konfigurieren und es sogar aus der Ferne in Betrieb sehen k\u00f6nnen. Kurz gesagt, Virtual Reality ist ein sehr leistungsf\u00e4higes Werkzeug, um <a href=\"https:\/\/www.innovae.com\/de\/eravis-metaverse-fur-unternehmen\/\">virtuelle Austellungsr\u00e4ume<\/a> von Einrichtungen, Projekten oder Produkten zu erstellen, um die Aufmerksamkeit potenzieller Kunden zu gewinnen und ihr Verst\u00e4ndnis f\u00fcr das Produkt zu erh\u00f6hen.<\/p>\n<p>[\/vc_column_text][\/vc_column][vc_column width=&#8221;1\/2&#8243;][vc_single_image image=&#8221;79840&#8243; img_size=&#8221;full&#8221;][\/vc_column][\/vc_row][vc_row full_width=&#8221;stretch_row&#8221; type=&#8221;container&#8221; padding_top=&#8221;&#8221; padding_bottom=&#8221;&#8221; css=&#8221;.vc_custom_1595505323886{margin-bottom: -40px !important;padding-top: 50px !important;padding-bottom: 50px !important;background-color: #c20056 !important;}&#8221;][vc_column][vc_custom_heading text=&#8221;Sind Sie daran interessiert, mehr \u00fcber die Anwendung dieser Technologie in Marketing und Vertrieb zu erfahren?&#8221; font_container=&#8221;tag:h2|font_size:30px|text_align:center|color:%23ffffff&#8221; google_fonts=&#8221;font_family:Lato%3A100%2C100italic%2C300%2C300italic%2Cregular%2Citalic%2C700%2C700italic%2C900%2C900italic|font_style:700%20bold%20regular%3A700%3Anormal&#8221; css=&#8221;&#8221;][vc_column_text]<\/p>\n<p style=\"text-align: center;\"><span style=\"color: #ffffff;\">Wenn Sie mehr dar\u00fcber wissen wollen, how augmented reality and virtual reality im Bereich Marketing und Vertrieb eingesetzt werden, helfen wir Ihnen gerne weiter<\/span><\/p>\n<p>[\/vc_column_text][vc_btn title=&#8221;MEHR ERFAHREN&#8221; style=&#8221;gradient-custom&#8221; gradient_custom_color_1=&#8221;rgba(255,255,255,0.17)&#8221; gradient_custom_color_2=&#8221;rgba(255,255,255,0.38)&#8221; shape=&#8221;round&#8221; size=&#8221;lg&#8221; align=&#8221;center&#8221; css_animation=&#8221;none&#8221; link=&#8221;url:https%3A%2F%2Fwww.innovae.com%2Fkontakt%2F%3Flang%3Dde|||&#8221;][\/vc_column][\/vc_row]<\/p>\n<\/div>","protected":false},"excerpt":{"rendered":"<p>[vc_row full_width=&#8221;stretch_row&#8221; type=&#8221;container&#8221; padding_top=&#8221;&#8221; padding_bottom=&#8221;&#8221; css=&#8221;.vc_custom_1734343897529{margin-top: 0px !important;padding-top: 100px !important;padding-bottom: 100px !important;background-image: url(https:\/\/www.innovae.com\/wp-content\/uploads\/2024\/10\/MarketingyVentas.jpg?id=91116) !important;background-position: center !important;background-repeat: no-repeat !important;background-size: cover !important;}&#8221;][vc_column][vc_custom_heading text=&#8221;Marketing and Sales&#8221; font_container=&#8221;tag:h1|font_size:60px|text_align:center|color:%23ffffff|line_height:60px&#8221; google_fonts=&#8221;font_family:Lato%3A100%2C100italic%2C300%2C300italic%2Cregular%2Citalic%2C700%2C700italic%2C900%2C900italic|font_style:700%20bold%20regular%3A700%3Anormal&#8221; css_animation=&#8221;fadeInDown&#8221; css=&#8221;&#8221;][vc_empty_space][vc_custom_heading text=&#8221;Produkte, die zum Leben erwachen&#8221; font_container=&#8221;tag:p|font_size:26px|text_align:center|color:%23ffffff&#8221; google_fonts=&#8221;font_family:Lato%3A100%2C100italic%2C300%2C300italic%2Cregular%2Citalic%2C700%2C700italic%2C900%2C900italic|font_style:400%20regular%3A400%3Anormal&#8221; css_animation=&#8221;fadeInUp&#8221; css=&#8221;&#8221;][\/vc_column][\/vc_row][vc_row type=&#8221;container&#8221; padding_top=&#8221;&#8221; padding_bottom=&#8221;&#8221; css=&#8221;.vc_custom_1595504952566{padding-top: 40px !important;}&#8221;][vc_column css=&#8221;.vc_custom_1444994947036{margin-bottom: 35px !important;}&#8221;][vc_column_text css=&#8221;&#8221;] Bei Innovae bringen wir technologische Kreativit\u00e4t in Ihre Ideen, [&hellip;]<\/p>\n","protected":false},"author":2,"featured_media":91122,"parent":0,"menu_order":4,"comment_status":"closed","ping_status":"closed","template":"page-full-width.php","meta":{"content-type":"","_FSMCFIC_featured_image_caption":"","_FSMCFIC_featured_image_nocaption":"","_FSMCFIC_featured_image_hide":"","footnotes":""},"class_list":["post-73330","page","type-page","status-publish","has-post-thumbnail","hentry"],"acf":[],"_links":{"self":[{"href":"https:\/\/www.innovae.com\/de\/wp-json\/wp\/v2\/pages\/73330","targetHints":{"allow":["GET"]}}],"collection":[{"href":"https:\/\/www.innovae.com\/de\/wp-json\/wp\/v2\/pages"}],"about":[{"href":"https:\/\/www.innovae.com\/de\/wp-json\/wp\/v2\/types\/page"}],"author":[{"embeddable":true,"href":"https:\/\/www.innovae.com\/de\/wp-json\/wp\/v2\/users\/2"}],"replies":[{"embeddable":true,"href":"https:\/\/www.innovae.com\/de\/wp-json\/wp\/v2\/comments?post=73330"}],"version-history":[{"count":5,"href":"https:\/\/www.innovae.com\/de\/wp-json\/wp\/v2\/pages\/73330\/revisions"}],"predecessor-version":[{"id":95541,"href":"https:\/\/www.innovae.com\/de\/wp-json\/wp\/v2\/pages\/73330\/revisions\/95541"}],"wp:featuredmedia":[{"embeddable":true,"href":"https:\/\/www.innovae.com\/de\/wp-json\/wp\/v2\/media\/91122"}],"wp:attachment":[{"href":"https:\/\/www.innovae.com\/de\/wp-json\/wp\/v2\/media?parent=73330"}],"curies":[{"name":"wp","href":"https:\/\/api.w.org\/{rel}","templated":true}]}}