{"id":73326,"date":"2018-02-11T11:26:01","date_gmt":"2018-02-11T11:26:01","guid":{"rendered":"https:\/\/www.innovae.com\/?page_id=73326&#038;lang=de"},"modified":"2025-09-02T12:33:39","modified_gmt":"2025-09-02T10:33:39","slug":"industrie-40-erwiterte-und-virtuelle-realitat","status":"publish","type":"page","link":"https:\/\/www.innovae.com\/de\/industrie-40-erwiterte-und-virtuelle-realitat\/","title":{"rendered":"Industrie 4.0"},"content":{"rendered":"<div class=\"wpb-content-wrapper\"><p>[vc_row full_width=&#8221;stretch_row&#8221; type=&#8221;container&#8221; padding_top=&#8221;&#8221; padding_bottom=&#8221;&#8221; css=&#8221;.vc_custom_1734000080709{margin-top: 0px !important;padding-top: 100px !important;padding-bottom: 100px !important;background-image: url(https:\/\/www.innovae.com\/wp-content\/uploads\/2024\/10\/Industria40.jpg?id=91107) !important;background-position: center !important;background-repeat: no-repeat !important;background-size: cover !important;}&#8221;][vc_column][vc_custom_heading text=&#8221;Industrie 4.0&#8243; font_container=&#8221;tag:h1|font_size:60px|text_align:center|color:%23ffffff|line_height:60px&#8221; google_fonts=&#8221;font_family:Lato%3A100%2C100italic%2C300%2C300italic%2Cregular%2Citalic%2C700%2C700italic%2C900%2C900italic|font_style:700%20bold%20regular%3A700%3Anormal&#8221; css_animation=&#8221;fadeInDown&#8221; css=&#8221;&#8221;][vc_empty_space][vc_custom_heading text=&#8221;Augmented Reality und Virtual Reality f\u00fcr die Industrie 4.0&#8243; font_container=&#8221;tag:p|font_size:26px|text_align:center|color:%23ffffff&#8221; google_fonts=&#8221;font_family:Lato%3A100%2C100italic%2C300%2C300italic%2Cregular%2Citalic%2C700%2C700italic%2C900%2C900italic|font_style:400%20regular%3A400%3Anormal&#8221; css_animation=&#8221;fadeInUp&#8221; css=&#8221;&#8221;][\/vc_column][\/vc_row][vc_row type=&#8221;container&#8221; padding_top=&#8221;&#8221; padding_bottom=&#8221;&#8221; css=&#8221;.vc_custom_1646835649493{padding-top: 20px !important;}&#8221;][vc_column][vc_column_text css=&#8221;.vc_custom_1756809202629{margin-top: 20px !important;}&#8221;]<\/p>\n<p style=\"text-align: center; font-size: 28px; line-height: 36px;\"><span style=\"color: #403c5f;\">Die Industrie 4.0 hat in den letzten Jahren zugenommen und ist einer der wichtigsten Sektoren, in denen Technologien der erweiterten Realit\u00e4t und der virtuellen Realit\u00e4t eingesetzt werden.<\/span><\/p>\n<p>[\/vc_column_text][vc_separator color=&#8221;#d1005c&#8221; border_width=&#8221;2&#8243; type=&#8221;small&#8221; position=&#8221;center&#8221; thickness=&#8221;3&#8243; up=&#8221;&#8221; down=&#8221;&#8221;][vc_column_text css=&#8221;.vc_custom_1745397695762{padding-top: 50px !important;padding-bottom: 50px !important;}&#8221;]<\/p>\n<p style=\"color: #7a7a7a; font-size: 20px; line-height: 26px; text-align: center;\"><span style=\"color: #403c5f;\">Im Rahmen von<\/span> <a href=\"https:\/\/www.innovae.com\/de\/\">Industrie 4.0, arbeitet Innovae<\/a> <span style=\"color: #403c5f;\">mit<strong> Augmented Reality<\/strong> und <strong>Virtual Reality<\/strong> um die <strong>Belegschaft zu st\u00e4rken<\/strong> und die Mitarbeiter zu bef\u00e4higen, in immer komplexeren Produktionsprozessen effizienter zu arbeiten.<\/span><\/p>\n<p style=\"color: #7a7a7a; font-size: 20px; line-height: 26px; text-align: center;\"><span style=\"color: #403c5f;\">Letztendlich erm\u00f6glichen diese Technologien den Bedienern, wichtige Informationen auf einfache und visuelle Weise zu erhalten, wodurch die Aufgaben effizienter ausgef\u00fchrt werden k\u00f6nnen.<\/span><\/p>\n<p>[\/vc_column_text][\/vc_column][\/vc_row][vc_row full_width=&#8221;stretch_row&#8221; type=&#8221;container&#8221; padding_top=&#8221;&#8221; padding_bottom=&#8221;&#8221; css=&#8221;.vc_custom_1745397545413{padding-top: 40px !important;padding-bottom: 50px !important;background-color: #f7f7f7 !important;}&#8221;][vc_column width=&#8221;1\/2&#8243;][vc_custom_heading text=&#8221;Augmented Reality in der Industrie 4.0&#8243; font_container=&#8221;tag:h2|font_size:50px|text_align:left|color:%23403c5f|line_height:50px&#8221; google_fonts=&#8221;font_family:Lato%3A100%2C100italic%2C300%2C300italic%2Cregular%2Citalic%2C700%2C700italic%2C900%2C900italic|font_style:900%20bold%20regular%3A900%3Anormal&#8221; css_animation=&#8221;fadeInRight&#8221; css=&#8221;&#8221;][vc_column_text]<\/p>\n<p style=\"color: #7a7a7a; font-size: 20px; line-height: 26px; text-align: left;\"><span style=\"color: #403c5f;\">Die Anwendungen mit Augmented Reality in der Industrie 4.0 sind vielf\u00e4ltig und darauf ausgerichtet <strong>dar Techniker in ihrer<\/strong> realen Arbeitsumgebung zu unterst\u00fctzen.<\/span><\/p>\n<p style=\"color: #7a7a7a; font-size: 20px; line-height: 26px; text-align: left;\"><span style=\"color: #403c5f;\">Mithilfe von<\/span> <a href=\"https:\/\/www.innovae.com\/de\/erweiterte-realitat\/\">Augmented Reality<\/a><span style=\"color: #403c5f;\">, kann der Benutzer Schritt-f\u00fcr-Schritt-Anleitungen f\u00fcr die auszuf\u00fchrende Aufgabe anzeigen oder sogar visuelle Anweisungen in <strong>Echtzeit <\/strong>von Experten \u00fcber <strong>Fernunterst\u00fctzungssysteme erhalten<\/strong>.<\/span><\/p>\n<p style=\"color: #7a7a7a; font-size: 20px; line-height: 26px; text-align: left;\"><span style=\"color: #403c5f;\">Derzeit ist Augmented Reality in Bereichen wie Wartung, Montageprozesse oder Qualit\u00e4tskontrolle bereits gang und g\u00e4be, und f\u00fchrende Unternehmen aus verschiedenen Branchen implementieren <strong>Augmented-Reality<\/strong>-basierte Systeme, um ihre industriellen Prozesse zu revolutionieren.<\/span><\/p>\n<p>[\/vc_column_text][\/vc_column][vc_column width=&#8221;1\/2&#8243;][vc_single_image image=&#8221;76841&#8243; img_size=&#8221;full&#8221; css_animation=&#8221;fadeIn&#8221;][\/vc_column][\/vc_row][vc_row full_width=&#8221;stretch_row&#8221; type=&#8221;container&#8221; padding_top=&#8221;&#8221; padding_bottom=&#8221;&#8221; css=&#8221;.vc_custom_1698936663682{padding-top: 40px !important;}&#8221;][vc_column width=&#8221;1\/2&#8243;][\/vc_column][vc_column width=&#8221;1\/2&#8243;][vc_custom_heading text=&#8221;Virtual Reality in der Industrie 4.0&#8243; font_container=&#8221;tag:h2|font_size:50px|text_align:left|color:%23403c5f|line_height:50px&#8221; google_fonts=&#8221;font_family:Lato%3A100%2C100italic%2C300%2C300italic%2Cregular%2Citalic%2C700%2C700italic%2C900%2C900italic|font_style:900%20bold%20regular%3A900%3Anormal&#8221; css_animation=&#8221;fadeInLeft&#8221; css=&#8221;&#8221;][\/vc_column][\/vc_row][vc_row full_width=&#8221;stretch_row&#8221; type=&#8221;container&#8221; padding_top=&#8221;&#8221; padding_bottom=&#8221;&#8221; css=&#8221;.vc_custom_1698936671391{padding-top: 0px !important;padding-bottom: 20px !important;}&#8221;][vc_column width=&#8221;1\/2&#8243;][vc_single_image image=&#8221;76849&#8243; img_size=&#8221;512&#215;380&#8243; alignment=&#8221;center&#8221; css_animation=&#8221;none&#8221; css=&#8221;&#8221;][\/vc_column][vc_column width=&#8221;1\/2&#8243;][vc_column_text]<\/p>\n<p style=\"color: #7a7a7a; font-size: 20px; line-height: 26px; text-align: left;\"><span style=\"color: #403c5f;\">Die Anwendung der <strong>Virtuellen Realit\u00e4t<\/strong> in der <strong>Industrie 4.0<\/strong> hat aufgrund des Grades der Immersion, den sie dem Nutzer bietet, eine andere Ausrichtung.<\/span><\/p>\n<p style=\"color: #7a7a7a; font-size: 20px; line-height: 26px; text-align: left;\"><span style=\"color: #403c5f;\">Mithilfe der<\/span> <a href=\"https:\/\/www.innovae.com\/de\/technologie-der-virtuellen-realitat\/\">Virtuellen Realit\u00e4t<\/a><span style=\"color: #403c5f;\">, lassen sich exakte Simulationen von Produkten, Prozessen oder Produktionsanlagen erstellen, um deren Funktionsweise aus erster Hand und auf immersive Weise zu erleben.<\/span><\/p>\n<p style=\"color: #7a7a7a; font-size: 20px; line-height: 26px; text-align: left;\"><span style=\"color: #403c5f;\">Aus diesem Grund wird Virtual Reality beispielsweise in der Produkt- oder <strong>Prozessdesignphase<\/strong> und <strong>bei der Validierung von Prototypen eingesetzt<\/strong>, da Ingenieure die erzielten Fortschritte anhand einer virtuellen Simulation auf anschauliche und interaktive Weise \u00fcberpr\u00fcfen k\u00f6nnen. Auf diese Weise lassen sich Fehler in dieser Phase reduzieren und die Produktivit\u00e4t steigern. <\/span><\/p>\n<p>[\/vc_column_text][\/vc_column][\/vc_row][vc_row type=&#8221;container&#8221; padding_top=&#8221;&#8221; padding_bottom=&#8221;&#8221; css=&#8221;.vc_custom_1646836077186{margin-bottom: 40px !important;}&#8221;][vc_column][vc_custom_heading text=&#8221;Derzeit wird Virtual Reality im Rahmen der Industrie 4.0 am h\u00e4ufigsten in der Ausbildung von Fachkr\u00e4ften eingesetzt.&#8221; font_container=&#8221;tag:p|font_size:28px|text_align:left|color:%23403c5f|line_height:32px&#8221; google_fonts=&#8221;font_family:Lato%3A100%2C100italic%2C300%2C300italic%2Cregular%2Citalic%2C700%2C700italic%2C900%2C900italic|font_style:700%20bold%20regular%3A700%3Anormal&#8221; css_animation=&#8221;none&#8221; css=&#8221;&#8221;][vc_column_text]<\/p>\n<p style=\"color: #7a7a7a; font-size: 20px; line-height: 26px; text-align: left;\"><span style=\"color: #403c5f;\">Die<\/span> <a href=\"https:\/\/www.innovae.com\/de\/technologie-der-virtuellen-realitat\/\">Virtuelle Realit\u00e4t<\/a> <span style=\"color: #403c5f;\">erm\u00f6glicht die Schulung komplexer oder gef\u00e4hrlicher Aufgaben, bevor diese in der realen Situation ausgef\u00fchrt werden m\u00fcssen, wodurch jegliches Risiko vermieden und Kosten f\u00fcr Unternehmen eingespart werden.<\/span><\/p>\n<p style=\"color: #7a7a7a; font-size: 20px; line-height: 26px; text-align: left;\"><span style=\"color: #403c5f;\">Dar\u00fcber hinaus maximiert die virtuelle Realit\u00e4t aufgrund des hohen Immersionsgrades die Wissensaufnahme, optimiert den Lernprozess und erm\u00f6glicht eine personalisierte und autonome Schulung jedes einzelnen Nutzers.<\/span><\/p>\n<p>[\/vc_column_text][\/vc_column][\/vc_row][vc_row full_width=&#8221;stretch_row&#8221; type=&#8221;container&#8221; padding_top=&#8221;&#8221; padding_bottom=&#8221;&#8221; css=&#8221;.vc_custom_1595330201032{margin-bottom: 30px !important;padding-top: 50px !important;padding-bottom: 50px !important;background-color: #c20056 !important;}&#8221;][vc_column][vc_custom_heading text=&#8221;M\u00f6chten Sie mehr \u00fcber den Einsatz von Technologie in der Industrie erfahren?&#8221; font_container=&#8221;tag:h2|font_size:30px|text_align:center|color:%23ffffff&#8221; google_fonts=&#8221;font_family:Lato%3A100%2C100italic%2C300%2C300italic%2Cregular%2Citalic%2C700%2C700italic%2C900%2C900italic|font_style:700%20bold%20regular%3A700%3Anormal&#8221;][vc_column_text css=&#8221;&#8221;]<\/p>\n<p style=\"text-align: center;\"><span style=\"color: #ffffff;\">Wenn Sie mehr dar\u00fcber erfahren m\u00f6chten, wie Augmented Reality und Virtual Reality in der Industrie 4.0 eingesetzt werden, steht Ihnen unser Team gerne zur Verf\u00fcgung.<\/span><\/p>\n<p>[\/vc_column_text][vc_btn title=&#8221;Kontaktieren Sie uns&#8221; style=&#8221;gradient-custom&#8221; gradient_custom_color_1=&#8221;rgba(255,255,255,0.17)&#8221; gradient_custom_color_2=&#8221;rgba(255,255,255,0.38)&#8221; shape=&#8221;round&#8221; size=&#8221;lg&#8221; align=&#8221;center&#8221; css_animation=&#8221;bounceIn&#8221; css=&#8221;&#8221; link=&#8221;url:https%3A%2F%2Fwww.innovae.com%2Fde%2Fkontakt%2F|target:%20_blank|&#8221;][\/vc_column][\/vc_row][vc_section full_width=&#8221;stretch_row_content&#8221; css=&#8221;.vc_custom_1745392257166{margin-top: -40px !important;padding-top: 80px !important;padding-bottom: 80px !important;background-color: #20132C !important;}&#8221;][vc_row type=&#8221;container&#8221; padding_top=&#8221;&#8221; padding_bottom=&#8221;&#8221; css=&#8221;.vc_custom_1745397004491{margin-bottom: 50px !important;}&#8221;][vc_column][vc_custom_heading text=&#8221;INNOVAE UND DIE INDUSTRIE 4.0&#8243; font_container=&#8221;tag:h2|font_size:18px|text_align:center|color:%23D50057&#8243; google_fonts=&#8221;font_family:Montserrat%3Aregular%2C700|font_style:700%20bold%20regular%3A700%3Anormal&#8221; css=&#8221;&#8221;][\/vc_column][\/vc_row][vc_row css_animation=&#8221;fadeInUp&#8221; type=&#8221;container&#8221; padding_top=&#8221;&#8221; padding_bottom=&#8221;&#8221; css=&#8221;.vc_custom_1745397601754{margin-bottom: 100px !important;}&#8221; el_id=&#8221;Wartung&#8221;][vc_column width=&#8221;1\/2&#8243;][vc_single_image image=&#8221;94006&#8243; img_size=&#8221;512&#215;512&#8243; alignment=&#8221;center&#8221; style=&#8221;vc_box_rounded&#8221; css=&#8221;&#8221;][\/vc_column][vc_column width=&#8221;1\/2&#8243;][vc_custom_heading text=&#8221;Digitalisierung von Betriebsabl\u00e4ufen&#8221; font_container=&#8221;tag:h3|font_size:60px|text_align:left|color:%23FFFFFF|line_height:70px&#8221; google_fonts=&#8221;font_family:Lato%3A100%2C100italic%2C300%2C300italic%2Cregular%2Citalic%2C700%2C700italic%2C900%2C900italic|font_style:900%20bold%20regular%3A900%3Anormal&#8221; css=&#8221;&#8221;][vc_column_text css=&#8221;&#8221;]<\/p>\n<p style=\"text-align: left;\"><span style=\"color: #ffffff; font-size: 16px; line-height: 22px;\">Unsere L\u00f6sungen f\u00fcr die Digitalisierung von <strong>Betriebsabl\u00e4ufen wurden<\/strong> <strong>entwickelt<\/strong>, um die Arbeit der Au\u00dfendiensttechniker zu optimieren und Ineffizienzen aufgrund fehlender kritischer Kenntnisse \u00fcber den Betriebsablauf zu beseitigen.<\/span><\/p>\n<p style=\"color: #ffffff; font-size: 16px; line-height: 22px; text-align: left;\"><span style=\"color: #ffffff;\">Wir bieten zwei Produkte, mit denen sich Informationen auf einfache Weise <strong>digitalisieren<\/strong> und <strong>gef\u00fchrte Prozesse<\/strong> (<strong><a style=\"color: #ffffff;\" href=\"https:\/\/www.innovae.com\/de\/saam-wartung\/\">SAAM<\/a><\/strong>) <strong>teleasistencia<\/strong> (<strong><a style=\"color: #ffffff;\" href=\"https:\/\/www.innovae.com\/de\/atr-fernunterstutzung\/\">ATR<\/a><\/strong>) visualisieren lassen.<\/span><\/p>\n<p style=\"color: #ffffff; font-size: 16px; line-height: 22px; text-align: left;\"><span style=\"color: #ffffff;\">Diese L\u00f6sungen erm\u00f6glichen eine Verbesserung des Wissensmanagements, minimieren die Zeit f\u00fcr die Behebung von St\u00f6rungen und vermeiden die Entsendung von Experten.<\/span><\/p>\n<p style=\"color: #ffffff; font-size: 16px; line-height: 22px; text-align: left;\"><span style=\"color: #ffffff;\">Sie basieren auf modernsten Technologien wie Augmented Reality, Cloud Computing und k\u00fcnstlicher Intelligenz.<\/span><\/p>\n<p>[\/vc_column_text][\/vc_column][\/vc_row][vc_row css_animation=&#8221;fadeInUp&#8221; type=&#8221;container&#8221; padding_top=&#8221;&#8221; padding_bottom=&#8221;&#8221; css=&#8221;.vc_custom_1745397614452{margin-bottom: 100px !important;}&#8221;][vc_column width=&#8221;1\/2&#8243;][vc_custom_heading text=&#8221;Ausbildung&#8221; font_container=&#8221;tag:h3|font_size:60px|text_align:left|color:%23FFFFFF&#8221; google_fonts=&#8221;font_family:Lato%3A100%2C100italic%2C300%2C300italic%2Cregular%2Citalic%2C700%2C700italic%2C900%2C900italic|font_style:900%20bold%20regular%3A900%3Anormal&#8221; css=&#8221;&#8221;][vc_custom_heading text=&#8221;Virtuell&#8221; font_container=&#8221;tag:h3|font_size:60px|text_align:left|color:%23FFFFFF&#8221; google_fonts=&#8221;font_family:Lato%3A100%2C100italic%2C300%2C300italic%2Cregular%2Citalic%2C700%2C700italic%2C900%2C900italic|font_style:900%20bold%20regular%3A900%3Anormal&#8221; css=&#8221;.vc_custom_1752483175676{margin-top: -10px !important;}&#8221;][vc_column_text css=&#8221;&#8221;]<\/p>\n<p style=\"color: #ffffff; font-size: 16px; line-height: 22px; text-align: left;\">Die auf Virtual Reality basierende Ausbildung ist ein Werkzeug mit gro\u00dfem Potenzial in industriellen Umgebungen. Sie erm\u00f6glicht das Ein\u00fcben komplexer technischer Abl\u00e4ufe oder Risikosituationen in einer Umgebung mit hohem Realit\u00e4tsgrad. Die Interaktion in virtuellen Umgebungen erzeugt einen Lernprozess, der der realen Erfahrung am Arbeitsplatz \u00e4hnelt, wodurch eine hohe Effizienz bei der Schulung des Personals erreicht wird.<\/p>\n<p style=\"color: #ffffff; font-size: 16px; line-height: 22px; text-align: left;\">Wir verf\u00fcgen \u00fcber eine standardisierte Plattform,<strong> <a style=\"color: #ffffff;\" href=\"https:\/\/www.innovae.com\/de\/savi-losung-des-virtuellen-lernens\/\">SAVI<\/a><\/strong>, die eine umfassende Verwaltung der Ausbildungsprozesse durch immersive Erfahrungen erm\u00f6glicht und die Verfolgung der Fortschritte der Nutzer sowie die Kalibrierung von Zielen und Schwierigkeitsgraden erleichtert.<\/p>\n<p style=\"color: #ffffff; font-size: 16px; line-height: 22px; text-align: left;\">Dank unserer Erfahrung in diesem Bereich haben wir ein Angebot an standardisierten Schulungen entwickelt, um die Einf\u00fchrung dieser Art von Systemen in jedem Unternehmen zu erleichtern.<\/p>\n<p>[\/vc_column_text][\/vc_column][vc_column width=&#8221;1\/2&#8243;][vc_single_image image=&#8221;94012&#8243; img_size=&#8221;512&#215;512&#8243; alignment=&#8221;center&#8221; css=&#8221;&#8221;][\/vc_column][\/vc_row][vc_row css_animation=&#8221;fadeInUp&#8221; type=&#8221;container&#8221; padding_top=&#8221;&#8221; padding_bottom=&#8221;&#8221; css=&#8221;.vc_custom_1745397624236{margin-bottom: 100px !important;}&#8221;][vc_column width=&#8221;1\/2&#8243;][vc_single_image image=&#8221;94018&#8243; img_size=&#8221;512&#215;512&#8243; alignment=&#8221;center&#8221; style=&#8221;vc_box_rounded&#8221; css=&#8221;&#8221;][\/vc_column][vc_column width=&#8221;1\/2&#8243;][vc_custom_heading text=&#8221;Digital&#8221; font_container=&#8221;tag:h3|font_size:60px|text_align:left|color:%23FFFFFF&#8221; google_fonts=&#8221;font_family:Lato%3A100%2C100italic%2C300%2C300italic%2Cregular%2Citalic%2C700%2C700italic%2C900%2C900italic|font_style:900%20bold%20regular%3A900%3Anormal&#8221; css=&#8221;&#8221;][vc_custom_heading text=&#8221;Twin&#8221; font_container=&#8221;tag:h3|font_size:60px|text_align:left|color:%23FFFFFF&#8221; google_fonts=&#8221;font_family:Lato%3A100%2C100italic%2C300%2C300italic%2Cregular%2Citalic%2C700%2C700italic%2C900%2C900italic|font_style:900%20bold%20regular%3A900%3Anormal&#8221; css=&#8221;.vc_custom_1752483186845{margin-top: -10px !important;}&#8221;][vc_column_text css=&#8221;&#8221;]<\/p>\n<p style=\"color: #ffffff; font-size: 16px; line-height: 22px; text-align: left;\"><span style=\"color: #ffffff;\">Die Verbindung zu den Daten einer Anlage oder Maschine in Echtzeit erm\u00f6glicht die Implementierung fortschrittlicher L\u00f6sungen f\u00fcr die Informationsverarbeitung und digitale Zwillinge.<\/span><\/p>\n<p style=\"color: #ffffff; font-size: 16px; line-height: 22px; text-align: left;\"><span style=\"color: #ffffff;\">Diese Systeme sind eine virtuelle Darstellung des realen Elements, die es erm\u00f6glichen, die Produktionst\u00e4tigkeit zu verstehen, vorherzusagen und zu optimieren, um einen Wettbewerbsvorteil zu erzielen.<\/span><\/p>\n<p style=\"color: #ffffff; font-size: 16px; line-height: 22px; text-align: left;\"><span style=\"color: #ffffff;\">Die wichtigsten Funktionen, die wir auf Basis dieser Technologien implementieren, sind die \u00dcberwachung und der Betrieb von Anlagen in Mobilit\u00e4t oder <strong><a style=\"color: #ffffff;\" href=\"https:\/\/www.innovae.com\/de\/erweiterte-realitat\/\">Augmented Reality<\/a><\/strong>, die Vorhersage von Anomalien und die Optimierung der Betriebsparameter eines Prozesses oder die Simulation verschiedener Szenarien ohne Eingriff in die reale Umgebung, wodurch die Entscheidungsfindung, Zuverl\u00e4ssigkeit und Produktivit\u00e4t verbessert werden.<\/span><\/p>\n<p>[\/vc_column_text][\/vc_column][\/vc_row][vc_row css_animation=&#8221;fadeInUp&#8221; type=&#8221;container&#8221; padding_top=&#8221;&#8221; padding_bottom=&#8221;&#8221; css=&#8221;.vc_custom_1745397632922{margin-bottom: 100px !important;border-radius: 20px !important;}&#8221; el_id=&#8221;Montage&#8221;][vc_column width=&#8221;1\/2&#8243;][vc_custom_heading text=&#8221;L\u00f6sungen f\u00fcr die Montage und Qualit\u00e4tskontrolle&#8221; font_container=&#8221;tag:h3|font_size:60px|text_align:left|color:%23FFFFFF|line_height:70px&#8221; google_fonts=&#8221;font_family:Lato%3A100%2C100italic%2C300%2C300italic%2Cregular%2Citalic%2C700%2C700italic%2C900%2C900italic|font_style:900%20bold%20regular%3A900%3Anormal&#8221; css=&#8221;&#8221;][vc_column_text css=&#8221;&#8221;]<\/p>\n<p style=\"color: #ffffff; font-size: 16px; line-height: 22px; text-align: left;\">Wir implementieren Unterst\u00fctzungssysteme, um Bediener bei Montage- und Prozesskontrollaufgaben in Produktionsst\u00e4tten zu unterst\u00fctzen.<\/p>\n<p style=\"color: #ffffff; font-size: 16px; line-height: 22px; text-align: left;\">Basierend auf Mixed Reality reduzieren unsere L\u00f6sungen die Fehlerquote auf Null, indem sie Schritt-f\u00fcr-Schritt-Anweisungen auf der realen Maschine anzeigen.<\/p>\n<p style=\"color: #ffffff; font-size: 16px; line-height: 22px; text-align: left;\">Die Zeiten f\u00fcr Qualit\u00e4tskontrollen werden durch fortschrittliche \u00dcberpr\u00fcfungswerkzeuge verk\u00fcrzt und die Einarbeitungszeit neuer Mitarbeiter durch Echtzeit-Unterst\u00fctzung minimiert.<\/p>\n<p>[\/vc_column_text][\/vc_column][vc_column width=&#8221;1\/2&#8243;][vc_single_image image=&#8221;94000&#8243; img_size=&#8221;512&#215;512&#8243; style=&#8221;vc_box_rounded&#8221; css=&#8221;&#8221;][\/vc_column][\/vc_row][\/vc_section][vc_row full_width=&#8221;stretch_row&#8221; type=&#8221;container&#8221; padding_top=&#8221;&#8221; padding_bottom=&#8221;&#8221; css=&#8221;.vc_custom_1595331386359{margin-bottom: -40px !important;padding-top: 50px !important;padding-bottom: 50px !important;background-color: #c20056 !important;}&#8221;][vc_column][vc_custom_heading text=&#8221;M\u00f6chten Sie mehr \u00fcber Innovae und die Industrie 4.0 erfahren?&#8221; font_container=&#8221;tag:h2|font_size:30px|text_align:center|color:%23ffffff&#8221; google_fonts=&#8221;font_family:Lato%3A100%2C100italic%2C300%2C300italic%2Cregular%2Citalic%2C700%2C700italic%2C900%2C900italic|font_style:700%20bold%20regular%3A700%3Anormal&#8221;][vc_column_text css=&#8221;&#8221;]<\/p>\n<p style=\"text-align: center;\"><span style=\"color: #ffffff;\">Wenn Sie mehr \u00fcber uns und die Anwendung von Augmented Reality und Virtual Reality in der Industrie erfahren m\u00f6chten, steht Ihnen unser Team gerne zur Verf\u00fcgung.<\/span><\/p>\n<p>[\/vc_column_text][vc_btn title=&#8221;Kontaktieren Sie uns&#8221; style=&#8221;gradient-custom&#8221; gradient_custom_color_1=&#8221;rgba(255,255,255,0.17)&#8221; gradient_custom_color_2=&#8221;rgba(255,255,255,0.38)&#8221; shape=&#8221;round&#8221; size=&#8221;lg&#8221; align=&#8221;center&#8221; css_animation=&#8221;none&#8221; css=&#8221;&#8221; link=&#8221;url:https%3A%2F%2Fwww.innovae.com%2Fde%2Fkontakt%2F|&#8221;][\/vc_column][\/vc_row]<\/p>\n<\/div>","protected":false},"excerpt":{"rendered":"<p>[vc_row full_width=&#8221;stretch_row&#8221; type=&#8221;container&#8221; padding_top=&#8221;&#8221; padding_bottom=&#8221;&#8221; css=&#8221;.vc_custom_1734000080709{margin-top: 0px !important;padding-top: 100px !important;padding-bottom: 100px !important;background-image: url(https:\/\/www.innovae.com\/wp-content\/uploads\/2024\/10\/Industria40.jpg?id=91107) !important;background-position: center !important;background-repeat: no-repeat !important;background-size: cover !important;}&#8221;][vc_column][vc_custom_heading text=&#8221;Industrie 4.0&#8243; font_container=&#8221;tag:h1|font_size:60px|text_align:center|color:%23ffffff|line_height:60px&#8221; google_fonts=&#8221;font_family:Lato%3A100%2C100italic%2C300%2C300italic%2Cregular%2Citalic%2C700%2C700italic%2C900%2C900italic|font_style:700%20bold%20regular%3A700%3Anormal&#8221; css_animation=&#8221;fadeInDown&#8221; css=&#8221;&#8221;][vc_empty_space][vc_custom_heading text=&#8221;Augmented Reality und Virtual Reality f\u00fcr die Industrie 4.0&#8243; font_container=&#8221;tag:p|font_size:26px|text_align:center|color:%23ffffff&#8221; google_fonts=&#8221;font_family:Lato%3A100%2C100italic%2C300%2C300italic%2Cregular%2Citalic%2C700%2C700italic%2C900%2C900italic|font_style:400%20regular%3A400%3Anormal&#8221; css_animation=&#8221;fadeInUp&#8221; css=&#8221;&#8221;][\/vc_column][\/vc_row][vc_row type=&#8221;container&#8221; padding_top=&#8221;&#8221; padding_bottom=&#8221;&#8221; css=&#8221;.vc_custom_1646835649493{padding-top: 20px !important;}&#8221;][vc_column][vc_column_text css=&#8221;.vc_custom_1756809202629{margin-top: 20px !important;}&#8221;] Die Industrie 4.0 hat in den letzten [&hellip;]<\/p>\n","protected":false},"author":2,"featured_media":91110,"parent":0,"menu_order":2,"comment_status":"closed","ping_status":"closed","template":"page-full-width.php","meta":{"content-type":"","_FSMCFIC_featured_image_caption":"","_FSMCFIC_featured_image_nocaption":"","_FSMCFIC_featured_image_hide":"","footnotes":""},"class_list":["post-73326","page","type-page","status-publish","has-post-thumbnail","hentry"],"acf":[],"_links":{"self":[{"href":"https:\/\/www.innovae.com\/de\/wp-json\/wp\/v2\/pages\/73326","targetHints":{"allow":["GET"]}}],"collection":[{"href":"https:\/\/www.innovae.com\/de\/wp-json\/wp\/v2\/pages"}],"about":[{"href":"https:\/\/www.innovae.com\/de\/wp-json\/wp\/v2\/types\/page"}],"author":[{"embeddable":true,"href":"https:\/\/www.innovae.com\/de\/wp-json\/wp\/v2\/users\/2"}],"replies":[{"embeddable":true,"href":"https:\/\/www.innovae.com\/de\/wp-json\/wp\/v2\/comments?post=73326"}],"version-history":[{"count":12,"href":"https:\/\/www.innovae.com\/de\/wp-json\/wp\/v2\/pages\/73326\/revisions"}],"predecessor-version":[{"id":95910,"href":"https:\/\/www.innovae.com\/de\/wp-json\/wp\/v2\/pages\/73326\/revisions\/95910"}],"wp:featuredmedia":[{"embeddable":true,"href":"https:\/\/www.innovae.com\/de\/wp-json\/wp\/v2\/media\/91110"}],"wp:attachment":[{"href":"https:\/\/www.innovae.com\/de\/wp-json\/wp\/v2\/media?parent=73326"}],"curies":[{"name":"wp","href":"https:\/\/api.w.org\/{rel}","templated":true}]}}