{"id":73307,"date":"2018-02-09T17:25:06","date_gmt":"2018-02-09T17:25:06","guid":{"rendered":"https:\/\/www.innovae.com\/?page_id=73307&#038;lang=de"},"modified":"2025-07-04T12:21:47","modified_gmt":"2025-07-04T10:21:47","slug":"schliessen-sie-sich-uns-an","status":"publish","type":"page","link":"https:\/\/www.innovae.com\/de\/schliessen-sie-sich-uns-an\/","title":{"rendered":"Arbeiten Sie mit uns"},"content":{"rendered":"<div class=\"wpb-content-wrapper\"><p>[vc_row full_width=&#8221;stretch_row_content_no_spaces&#8221; type=&#8221;container&#8221; padding_top=&#8221;&#8221; padding_bottom=&#8221;&#8221; css=&#8221;.vc_custom_1746007631806{padding-top: 160px !important;padding-bottom: 160px !important;background: #0f0f19 url(https:\/\/www.innovae.com\/wp-content\/uploads\/2025\/04\/Cabecera-trabaja-con-nosotros.jpg?id=94405) !important;background-position: center !important;background-repeat: no-repeat !important;background-size: cover !important;}&#8221;][vc_column][vc_custom_heading text=&#8221;Arbeiten Sie mit uns&#8221; font_container=&#8221;tag:h2|font_size:50px|text_align:center|color:%23ffffff&#8221; google_fonts=&#8221;font_family:Lato%3A100%2C100italic%2C300%2C300italic%2Cregular%2Citalic%2C700%2C700italic%2C900%2C900italic|font_style:700%20bold%20regular%3A700%3Anormal&#8221; css_animation=&#8221;fadeInUp&#8221; css=&#8221;&#8221;][\/vc_column][\/vc_row][vc_section css=&#8221;.vc_custom_1585901388699{padding-top: 20px !important;padding-bottom: 20px !important;}&#8221;][vc_row type=&#8221;container&#8221; padding_top=&#8221;&#8221; padding_bottom=&#8221;&#8221;][vc_column][vc_column_text css=&#8221;&#8221;]<\/p>\n<h1 style=\"text-align: center; font-size: 28px; line-height: 32px;\">Wir sind ein schnell wachsendes Unternehmen, das sich auf modernste Technologien spezialisiert hat und sich klar der Innovation und kontinuierlichen Verbesserung verschrieben hat<\/h1>\n<p>[\/vc_column_text][vc_separator color=&#8221;#d1005c&#8221; border_width=&#8221;2&#8243; type=&#8221;small&#8221; position=&#8221;center&#8221; thickness=&#8221;3&#8243; up=&#8221;&#8221; down=&#8221;&#8221;][\/vc_column][\/vc_row][vc_row type=&#8221;container&#8221; padding_top=&#8221;&#8221; padding_bottom=&#8221;&#8221; css=&#8221;.vc_custom_1585901780062{margin-top: 50px !important;}&#8221;][vc_column][vc_column_text css=&#8221;&#8221;]<\/p>\n<h1 style=\"text-align: center; font-size: 22px; line-height: 30px;\">Wir sind immer auf der Suche nach talentierten Menschen, die unser Team und unsere Projekte verst\u00e4rken m\u00f6chten. Bei Innovae erwartet Sie eine entspannte Atmosph\u00e4re und Teamarbeit, in der wir gemeinsam auf der Grundlage von Respekt, Vielfalt und Exzellenz die Zukunft gestalten. <\/h1>\n<p>[\/vc_column_text][\/vc_column][\/vc_row][vc_row type=&#8221;container&#8221; padding_top=&#8221;&#8221; padding_bottom=&#8221;&#8221; css=&#8221;.vc_custom_1585902281232{margin-top: 50px !important;}&#8221;][vc_column width=&#8221;1\/2&#8243;][mvc_infobox info_opt=&#8221;show_icon&#8221; icon_size=&#8221;50&#8243; icon_height=&#8221;100&#8243; icon_radius=&#8221;50%&#8221; border_width=&#8221;2&#8243; title_color=&#8221;#000000&#8243; font_icon=&#8221;fas fa-graduation-cap&#8221; icon_color=&#8221;#d1005c&#8221; hoverclr=&#8221;#ffffff&#8221; hoverbg=&#8221;#d1005c&#8221; border_clr=&#8221;#d1005c&#8221; title_size=&#8221;0&#8243;]<\/p>\n<p style=\"color: #d1005c; font-size: 30px; line-height: 26px; text-align: center;\"><strong>Praktika<\/strong><\/p>\n<p style=\"color: #403c5f; font-size: 18px; line-height: 26px; text-align: center;\">Lernen und arbeiten Sie gemeinsam mit den Fachleuten von Innovae an innovativen Projekten. Eine einmalige Gelegenheit, sich in ein international ausgerichtetes Unternehmen zu integrieren und die neuesten Trends im Bereich der Informationstechnologien aus n\u00e4chster N\u00e4he kennenzulernen. <\/p>\n<p>[\/mvc_infobox][\/vc_column][vc_column width=&#8221;1\/2&#8243;][mvc_infobox info_opt=&#8221;show_icon&#8221; icon_size=&#8221;50&#8243; icon_height=&#8221;100&#8243; icon_radius=&#8221;50%&#8221; border_width=&#8221;2&#8243; title_color=&#8221;#000000&#8243; font_icon=&#8221;fas fa-briefcase&#8221; icon_color=&#8221;#d1005c&#8221; hoverclr=&#8221;#ffffff&#8221; hoverbg=&#8221;#d1005c&#8221; border_clr=&#8221;#d1005c&#8221; title_size=&#8221;0&#8243;]<\/p>\n<p style=\"color: #d1005c; font-size: 30px; line-height: 26px; text-align: center;\"><strong>Erste Arbeit<\/strong><\/p>\n<p style=\"color: #403c5f; font-size: 18px; line-height: 26px; text-align: center;\">Wenn Sie auf der Suche nach Ihrem ersten Arbeitsplatz sind, bieten wir Ihnen die M\u00f6glichkeit, Ihre berufliche Laufbahn entsprechend Ihren Interessen und pers\u00f6nlichen Motivationen in Richtung zukunftstr\u00e4chtiger Berufsfelder zu lenken. Wir setzen Ihrer beruflichen Entwicklung bei Innovae keine Grenzen, da wir Unternehmergeist und Eigeninitiative f\u00f6rdern. <\/p>\n<p>[\/mvc_infobox][\/vc_column][\/vc_row][vc_row type=&#8221;container&#8221; padding_top=&#8221;&#8221; padding_bottom=&#8221;&#8221; css=&#8221;.vc_custom_1585902275228{margin-top: 50px !important;}&#8221;][vc_column][mvc_infobox info_opt=&#8221;show_icon&#8221; icon_size=&#8221;50&#8243; icon_height=&#8221;100&#8243; icon_radius=&#8221;50%&#8221; border_width=&#8221;2&#8243; title_color=&#8221;#000000&#8243; font_icon=&#8221;fas fa-medal&#8221; icon_color=&#8221;#d1005c&#8221; hoverclr=&#8221;#ffffff&#8221; hoverbg=&#8221;#d1005c&#8221; border_clr=&#8221;#d1005c&#8221; title_size=&#8221;0&#8243;]<\/p>\n<p style=\"color: #d1005c; font-size: 30px; line-height: 26px; text-align: center;\"><strong>Fachleute<\/strong><\/p>\n<p style=\"color: #403c5f; font-size: 18px; line-height: 26px; text-align: center;\">Haben Sie Erfahrung mit Augmented-Reality-Technologien?<\/p>\n<p style=\"color: #403c5f; font-size: 18px; line-height: 26px; text-align: center;\">Glaubst du, dass Produkte auf Basis von Augmented Reality in deinem Netzwerk erfolgreich sein k\u00f6nnen?<\/p>\n<p style=\"color: #403c5f; font-size: 18px; line-height: 26px; text-align: center;\">Sind Sie ein Unternehmer mit einer Idee, die Sie umsetzen m\u00f6chten?<\/p>\n<p style=\"color: #403c5f; font-size: 18px; line-height: 26px; text-align: center;\">Kontaktieren Sie uns, wenn Sie Ihrer Karriere eine neue Richtung geben m\u00f6chten. Wir suchen Fachleute, die uns dabei helfen, unser Gesch\u00e4ft zu verbessern. Nehmen Sie an internationalen Projekten teil und lernen Sie die modernsten Technologien kennen.  <\/p>\n<p style=\"color: #403c5f; font-size: 18px; line-height: 26px; text-align: center;\">Wir suchen Fachleute aus den Bereichen Modellierung und Animation, Unity 3D- und C#-Programmierer mit Erfahrung in 3D-Kameras, Augmented Reality und Virtual Reality, Meinungsbildner und Unternehmensberater.<\/p>\n<p>[\/mvc_infobox][\/vc_column][\/vc_row][\/vc_section][vc_section full_width=&#8221;stretch_row_content&#8221; css=&#8221;.vc_custom_1585903859243{margin-top: 50px !important;margin-bottom: -50px !important;padding-top: 50px !important;padding-bottom: 50px !important;background-color: #d1005c !important;}&#8221;][vc_row type=&#8221;container&#8221; padding_top=&#8221;&#8221; padding_bottom=&#8221;&#8221;][vc_column][vc_custom_heading text=&#8221;\u00dcberlegen Sie nicht l\u00e4nger und senden Sie uns Ihren Lebenslauf.&#8221; font_container=&#8221;tag:h2|font_size:28px|text_align:center|color:%23ffffff&#8221; google_fonts=&#8221;font_family:Montserrat%3Aregular%2C700|font_style:400%20regular%3A400%3Anormal&#8221;][vc_btn title=&#8221;LEBENSHERUNGSABDRUCK SENDEN&#8221; style=&#8221;gradient-custom&#8221; gradient_custom_color_1=&#8221;rgba(255,255,255,0.17)&#8221; gradient_custom_color_2=&#8221;rgba(255,255,255,0.38)&#8221; shape=&#8221;round&#8221; size=&#8221;lg&#8221; align=&#8221;center&#8221; i_align=&#8221;right&#8221; i_icon_fontawesome=&#8221;fas fa-location-arrow&#8221; css_animation=&#8221;bounceIn&#8221; css=&#8221;.vc_custom_1707311020846{margin-top: 50px !important;}&#8221; add_icon=&#8221;true&#8221; link=&#8221;url:mailto%3Arrhh%40innovae.com|&#8221;][\/vc_column][\/vc_row][\/vc_section]<\/p>\n<\/div>","protected":false},"excerpt":{"rendered":"<p>[vc_row full_width=&#8221;stretch_row_content_no_spaces&#8221; type=&#8221;container&#8221; padding_top=&#8221;&#8221; padding_bottom=&#8221;&#8221; css=&#8221;.vc_custom_1746007631806{padding-top: 160px !important;padding-bottom: 160px !important;background: #0f0f19 url(https:\/\/www.innovae.com\/wp-content\/uploads\/2025\/04\/Cabecera-trabaja-con-nosotros.jpg?id=94405) !important;background-position: center !important;background-repeat: no-repeat !important;background-size: cover !important;}&#8221;][vc_column][vc_custom_heading text=&#8221;Arbeiten Sie mit uns&#8221; font_container=&#8221;tag:h2|font_size:50px|text_align:center|color:%23ffffff&#8221; google_fonts=&#8221;font_family:Lato%3A100%2C100italic%2C300%2C300italic%2Cregular%2Citalic%2C700%2C700italic%2C900%2C900italic|font_style:700%20bold%20regular%3A700%3Anormal&#8221; css_animation=&#8221;fadeInUp&#8221; css=&#8221;&#8221;][\/vc_column][\/vc_row][vc_section css=&#8221;.vc_custom_1585901388699{padding-top: 20px !important;padding-bottom: 20px !important;}&#8221;][vc_row type=&#8221;container&#8221; padding_top=&#8221;&#8221; padding_bottom=&#8221;&#8221;][vc_column][vc_column_text css=&#8221;&#8221;] Wir sind ein schnell wachsendes Unternehmen, das sich auf modernste Technologien spezialisiert hat und sich klar der Innovation und [&hellip;]<\/p>\n","protected":false},"author":2,"featured_media":0,"parent":0,"menu_order":5,"comment_status":"closed","ping_status":"closed","template":"page-full-width.php","meta":{"content-type":"","_FSMCFIC_featured_image_caption":"","_FSMCFIC_featured_image_nocaption":"","_FSMCFIC_featured_image_hide":"","footnotes":""},"class_list":["post-73307","page","type-page","status-publish","hentry"],"acf":[],"_links":{"self":[{"href":"https:\/\/www.innovae.com\/de\/wp-json\/wp\/v2\/pages\/73307","targetHints":{"allow":["GET"]}}],"collection":[{"href":"https:\/\/www.innovae.com\/de\/wp-json\/wp\/v2\/pages"}],"about":[{"href":"https:\/\/www.innovae.com\/de\/wp-json\/wp\/v2\/types\/page"}],"author":[{"embeddable":true,"href":"https:\/\/www.innovae.com\/de\/wp-json\/wp\/v2\/users\/2"}],"replies":[{"embeddable":true,"href":"https:\/\/www.innovae.com\/de\/wp-json\/wp\/v2\/comments?post=73307"}],"version-history":[{"count":4,"href":"https:\/\/www.innovae.com\/de\/wp-json\/wp\/v2\/pages\/73307\/revisions"}],"predecessor-version":[{"id":94686,"href":"https:\/\/www.innovae.com\/de\/wp-json\/wp\/v2\/pages\/73307\/revisions\/94686"}],"wp:attachment":[{"href":"https:\/\/www.innovae.com\/de\/wp-json\/wp\/v2\/media?parent=73307"}],"curies":[{"name":"wp","href":"https:\/\/api.w.org\/{rel}","templated":true}]}}