{"id":73287,"date":"2018-02-09T16:02:55","date_gmt":"2018-02-09T16:02:55","guid":{"rendered":"https:\/\/www.innovae.com\/?page_id=73287&#038;lang=de"},"modified":"2025-09-18T14:18:21","modified_gmt":"2025-09-18T12:18:21","slug":"ueber-innovae","status":"publish","type":"page","link":"https:\/\/www.innovae.com\/de\/ueber-innovae\/","title":{"rendered":"\u00dcber Innovae"},"content":{"rendered":"<div class=\"wpb-content-wrapper\"><p>[vc_row full_width=&#8221;stretch_row_content_no_spaces&#8221; type=&#8221;container&#8221; padding_top=&#8221;&#8221; padding_bottom=&#8221;&#8221; css=&#8221;.vc_custom_1746537451067{padding-top: 160px !important;padding-bottom: 160px !important;background-image: url(https:\/\/www.innovae.com\/wp-content\/uploads\/2023\/05\/sobre-nosotros.jpg?id=87760) !important;background-position: center !important;background-repeat: no-repeat !important;background-size: cover !important;}&#8221;][vc_column][vc_custom_heading text=&#8221;\u00dcber Innovae&#8221; font_container=&#8221;tag:h1|font_size:50px|text_align:center|color:%23ffffff&#8221; google_fonts=&#8221;font_family:Lato%3A100%2C100italic%2C300%2C300italic%2Cregular%2Citalic%2C700%2C700italic%2C900%2C900italic|font_style:700%20bold%20regular%3A700%3Anormal&#8221; css_animation=&#8221;fadeInUp&#8221; css=&#8221;&#8221;][\/vc_column][\/vc_row][vc_section css=&#8221;.vc_custom_1585740292732{padding-top: 20px !important;padding-bottom: 20px !important;}&#8221;][vc_row type=&#8221;container&#8221; padding_top=&#8221;&#8221; padding_bottom=&#8221;&#8221;][vc_column][vc_column_text css=&#8221;.vc_custom_1756806246902{margin-top: 20px !important;}&#8221;]<\/p>\n<p style=\"text-align: center; color: #403c5f; font-size: 28px; line-height: 40px;\">Wir sind Innovae, eine f\u00fchrende Unternehmensgruppe im Bereich der Anwendung von Technologien f\u00fcr Augmented Reality und Virtual Reality.<\/p>\n<p>[\/vc_column_text][vc_separator color=&#8221;#d1005c&#8221; border_width=&#8221;2&#8243; type=&#8221;small&#8221; position=&#8221;center&#8221; thickness=&#8221;3&#8243; up=&#8221;&#8221; down=&#8221;&#8221;][\/vc_column][\/vc_row][vc_row content_placement=&#8221;middle&#8221; type=&#8221;container&#8221; padding_top=&#8221;&#8221; padding_bottom=&#8221;&#8221; css=&#8221;.vc_custom_1745923452628{margin-top: 60px !important;padding-bottom: 40px !important;}&#8221;][vc_column][vc_column_text css=&#8221;&#8221;]<\/p>\n<p style=\"color: #403c5f; font-size: 22px; line-height: 30px; text-align: center;\">Bei Innovae verf\u00fcgen wir \u00fcber mehr als 20 Jahre Erfahrung in der Bereitstellung von L\u00f6sungen, die dazu beitragen, die Leistung der Arbeitnehmer im industriellen Sektor zu steigern, die Ausbildungsprozesse im Bildungsbereich zu verbessern und technologische Kreativit\u00e4t in Marketing- und Vertriebsma\u00dfnahmen einzubringen.<\/p>\n<p style=\"color: #403c5f; font-size: 22px; line-height: 30px; text-align: center;\">Wir haben \u00fcber 400 Projekte in den unterschiedlichsten Branchen und Bereichen erfolgreich durchgef\u00fchrt.<\/p>\n<p>[\/vc_column_text][\/vc_column][\/vc_row][\/vc_section][vc_section full_width=&#8221;stretch_row&#8221; css=&#8221;.vc_custom_1730986642367{padding-top: 40px !important;padding-bottom: 40px !important;background-color: #f7f7f7 !important;}&#8221;][vc_row content_placement=&#8221;middle&#8221; type=&#8221;container&#8221; padding_top=&#8221;&#8221; padding_bottom=&#8221;&#8221; css=&#8221;.vc_custom_1730814008024{margin-top: 40px !important;}&#8221;][vc_column width=&#8221;1\/4&#8243;][vc_single_image image=&#8221;92383&#8243; img_size=&#8221;150&#215;150&#8243; alignment=&#8221;center&#8221;][\/vc_column][vc_column width=&#8221;3\/4&#8243;][vc_column_text]<\/p>\n<p style=\"color: #403c5f; font-size: 18px; line-height: 26px; text-align: left;\">\u00dcber <a href=\"https:\/\/vrfp.es\/\" target=\"_blank\" rel=\"noopener\"><strong>VRFP<\/strong><\/a>, ein Unternehmen der Gruppe, das sich auf die <strong>Entwicklung von Simulatoren f\u00fcr die berufliche Bildung spezialisiert hat<\/strong>, arbeiten wir seit mehr als<strong> zehn Jahren<\/strong> mit zahlreichen Akteuren aus dem Bildungsbereich zusammen.<\/p>\n<p style=\"color: #403c5f; font-size: 18px; line-height: 26px; text-align: left;\">Dies und die Tatsache, dass wir<strong> bereits mit mehr als 200 Berufsbildungszentren<\/strong> zusammenarbeiten, unterstreicht unsere F\u00e4higkeit, die Bed\u00fcrfnisse der Branche zu verstehen und leicht umsetzbare L\u00f6sungen mit hohem p\u00e4dagogischem Wert zu entwickeln.<\/p>\n<p>[\/vc_column_text][\/vc_column][\/vc_row][\/vc_section][vc_section full_width=&#8221;stretch_row&#8221; css=&#8221;.vc_custom_1585559324351{padding-bottom: 40px !important;background-color: #d1005c !important;}&#8221;][vc_row type=&#8221;container&#8221; padding_top=&#8221;&#8221; padding_bottom=&#8221;&#8221;][vc_column css=&#8221;.vc_custom_1730813393223{margin-bottom: 0px !important;}&#8221;][vc_custom_heading text=&#8221;Unsere Kunden m\u00f6chten ihre Ausbildungs- und Gesch\u00e4ftsprozesse durch modernste L\u00f6sungen verbessern.&#8221; font_container=&#8221;tag:p|font_size:30px|text_align:center|color:%23ffffff|line_height:40px&#8221; google_fonts=&#8221;font_family:Lato%3A100%2C100italic%2C300%2C300italic%2Cregular%2Citalic%2C700%2C700italic%2C900%2C900italic|font_style:400%20regular%3A400%3Anormal&#8221; css_animation=&#8221;none&#8221; css=&#8221;&#8221;][\/vc_column][\/vc_row][\/vc_section][vc_section css=&#8221;.vc_custom_1745923502070{padding-bottom: 80px !important;}&#8221;][vc_row type=&#8221;container&#8221; padding_top=&#8221;&#8221; padding_bottom=&#8221;&#8221;][vc_column][vc_custom_heading text=&#8221;Unsere Werte&#8221; font_container=&#8221;tag:h2|font_size:38px|text_align:center|color:%23403c5f|line_height:46px&#8221; google_fonts=&#8221;font_family:Montserrat%3Aregular%2C700|font_style:400%20regular%3A400%3Anormal&#8221; css_animation=&#8221;none&#8221; css=&#8221;&#8221;][vc_separator color=&#8221;#d1005c&#8221; border_width=&#8221;2&#8243; type=&#8221;small&#8221; position=&#8221;center&#8221; thickness=&#8221;3&#8243; up=&#8221;&#8221; down=&#8221;&#8221;][\/vc_column][\/vc_row][vc_row type=&#8221;container&#8221; padding_top=&#8221;&#8221; padding_bottom=&#8221;&#8221; css=&#8221;.vc_custom_1585558671103{margin-top: 70px !important;}&#8221;][vc_column css_animation=&#8221;none&#8221; width=&#8221;1\/4&#8243;][mvc_infobox info_opt=&#8221;show_icon&#8221; icon_size=&#8221;50&#8243; icon_height=&#8221;100&#8243; icon_radius=&#8221;50%&#8221; border_width=&#8221;2&#8243; title_color=&#8221;#d50057&#8243; font_icon=&#8221;far fa-lightbulb&#8221; icon_color=&#8221;#d1005c&#8221; hoverclr=&#8221;#ffffff&#8221; hoverbg=&#8221;#d1005c&#8221; border_clr=&#8221;#d1005c&#8221; title_size=&#8221;0&#8243;]<\/p>\n<p style=\"color: #d1005c; font-size: 24px; line-height: 30px; text-align: center;\"><strong>Technologische Innovation und Kreativit\u00e4t<\/strong><\/p>\n<p style=\"color: #403c5f; font-size: 18px; line-height: 26px; text-align: center;\">Die technologische Entwicklung und die Originalit\u00e4t unserer Produkte und Dienstleistungen sind die wesentlichen Merkmale von Innovae.<\/p>\n<p>[\/mvc_infobox][\/vc_column][vc_column css_animation=&#8221;none&#8221; width=&#8221;1\/4&#8243;][mvc_infobox info_opt=&#8221;show_icon&#8221; icon_size=&#8221;50&#8243; icon_height=&#8221;100&#8243; icon_radius=&#8221;50%&#8221; border_width=&#8221;2&#8243; title_color=&#8221;#000000&#8243; font_icon=&#8221;fas fa-star&#8221; icon_color=&#8221;#d1005c&#8221; hoverclr=&#8221;#ffffff&#8221; hoverbg=&#8221;#d1005c&#8221; border_clr=&#8221;#d1005c&#8221; title_size=&#8221;0&#8243;]<\/p>\n<p style=\"color: #d1005c; font-size: 24px; line-height: 30px; text-align: center; padding-top: 27px;\"><strong>Excelencia<\/strong><\/p>\n<p style=\"color: #403c5f; font-size: 18px; line-height: 26px; text-align: center; padding-top: 25px;\">Wir streben nach h\u00f6chster Qualit\u00e4t in allem, was wir tun, um hervorragende Ergebnisse zu erzielen, die den Bed\u00fcrfnissen und Erwartungen unserer Kunden entsprechen.<\/p>\n<p>[\/mvc_infobox][\/vc_column][vc_column css_animation=&#8221;none&#8221; width=&#8221;1\/4&#8243;][mvc_infobox info_opt=&#8221;show_icon&#8221; icon_size=&#8221;50&#8243; icon_height=&#8221;100&#8243; icon_radius=&#8221;50%&#8221; border_width=&#8221;2&#8243; title_color=&#8221;#000000&#8243; font_icon=&#8221;fas fa-users&#8221; icon_color=&#8221;#d1005c&#8221; hoverclr=&#8221;#ffffff&#8221; hoverbg=&#8221;#d1005c&#8221; border_clr=&#8221;#d1005c&#8221; title_size=&#8221;0&#8243;]<\/p>\n<p style=\"color: #d1005c; font-size: 24px; line-height: 30px; text-align: center;\"><strong>Zusammenarbeit und Teamarbeit<\/strong><\/p>\n<p style=\"color: #403c5f; font-size: 18px; line-height: 26px; text-align: center;\">Wir legen Wert auf Teamarbeit und motivieren zum gemeinsamen Einsatz, um die Ziele jedes Projekts zu erreichen. Wir integrieren uns in die Teams unserer Kunden, um uns t\u00e4glich zu verbessern und ihre Bed\u00fcrfnisse zu erf\u00fcllen.<\/p>\n<p>[\/mvc_infobox][\/vc_column][vc_column css_animation=&#8221;none&#8221; width=&#8221;1\/4&#8243;][mvc_infobox info_opt=&#8221;show_icon&#8221; icon_size=&#8221;50&#8243; icon_height=&#8221;100&#8243; icon_radius=&#8221;50%&#8221; border_width=&#8221;2&#8243; title_color=&#8221;#000000&#8243; font_icon=&#8221;fas fa-handshake&#8221; icon_color=&#8221;#d1005c&#8221; hoverclr=&#8221;#ffffff&#8221; hoverbg=&#8221;#d1005c&#8221; border_clr=&#8221;#d1005c&#8221; title_size=&#8221;0&#8243;]<\/p>\n<p style=\"color: #d1005c; font-size: 24px; line-height: 30px; text-align: center; padding-top: 27px;\"><strong>Verpflichtung<\/strong><\/p>\n<p style=\"color: #403c5f; font-size: 18px; line-height: 26px; text-align: center; padding-top: 25px;\">Wir verstehen die Bed\u00fcrfnisse und Herausforderungen unserer Kunden und engagieren uns f\u00fcr das Ergebnis und ihre Ziele.<\/p>\n<p>[\/mvc_infobox][\/vc_column][\/vc_row][\/vc_section]<\/p>\n<\/div>","protected":false},"excerpt":{"rendered":"<p>[vc_row full_width=&#8221;stretch_row_content_no_spaces&#8221; type=&#8221;container&#8221; padding_top=&#8221;&#8221; padding_bottom=&#8221;&#8221; css=&#8221;.vc_custom_1746537451067{padding-top: 160px !important;padding-bottom: 160px !important;background-image: url(https:\/\/www.innovae.com\/wp-content\/uploads\/2023\/05\/sobre-nosotros.jpg?id=87760) !important;background-position: center !important;background-repeat: no-repeat !important;background-size: cover !important;}&#8221;][vc_column][vc_custom_heading text=&#8221;\u00dcber Innovae&#8221; font_container=&#8221;tag:h1|font_size:50px|text_align:center|color:%23ffffff&#8221; google_fonts=&#8221;font_family:Lato%3A100%2C100italic%2C300%2C300italic%2Cregular%2Citalic%2C700%2C700italic%2C900%2C900italic|font_style:700%20bold%20regular%3A700%3Anormal&#8221; css_animation=&#8221;fadeInUp&#8221; css=&#8221;&#8221;][\/vc_column][\/vc_row][vc_section css=&#8221;.vc_custom_1585740292732{padding-top: 20px !important;padding-bottom: 20px !important;}&#8221;][vc_row type=&#8221;container&#8221; padding_top=&#8221;&#8221; padding_bottom=&#8221;&#8221;][vc_column][vc_column_text css=&#8221;.vc_custom_1756806246902{margin-top: 20px !important;}&#8221;] Wir sind Innovae, eine f\u00fchrende Unternehmensgruppe im Bereich der Anwendung von Technologien f\u00fcr Augmented Reality und Virtual Reality. [\/vc_column_text][vc_separator color=&#8221;#d1005c&#8221; [&hellip;]<\/p>\n","protected":false},"author":2,"featured_media":87763,"parent":0,"menu_order":1,"comment_status":"closed","ping_status":"closed","template":"page-full-width.php","meta":{"content-type":"","_FSMCFIC_featured_image_caption":"","_FSMCFIC_featured_image_nocaption":"","_FSMCFIC_featured_image_hide":"","footnotes":""},"class_list":["post-73287","page","type-page","status-publish","has-post-thumbnail","hentry"],"acf":[],"_links":{"self":[{"href":"https:\/\/www.innovae.com\/de\/wp-json\/wp\/v2\/pages\/73287","targetHints":{"allow":["GET"]}}],"collection":[{"href":"https:\/\/www.innovae.com\/de\/wp-json\/wp\/v2\/pages"}],"about":[{"href":"https:\/\/www.innovae.com\/de\/wp-json\/wp\/v2\/types\/page"}],"author":[{"embeddable":true,"href":"https:\/\/www.innovae.com\/de\/wp-json\/wp\/v2\/users\/2"}],"replies":[{"embeddable":true,"href":"https:\/\/www.innovae.com\/de\/wp-json\/wp\/v2\/comments?post=73287"}],"version-history":[{"count":10,"href":"https:\/\/www.innovae.com\/de\/wp-json\/wp\/v2\/pages\/73287\/revisions"}],"predecessor-version":[{"id":95875,"href":"https:\/\/www.innovae.com\/de\/wp-json\/wp\/v2\/pages\/73287\/revisions\/95875"}],"wp:featuredmedia":[{"embeddable":true,"href":"https:\/\/www.innovae.com\/de\/wp-json\/wp\/v2\/media\/87763"}],"wp:attachment":[{"href":"https:\/\/www.innovae.com\/de\/wp-json\/wp\/v2\/media?parent=73287"}],"curies":[{"name":"wp","href":"https:\/\/api.w.org\/{rel}","templated":true}]}}